{"id":3672,"date":"2025-10-14T13:51:11","date_gmt":"2025-10-14T13:51:11","guid":{"rendered":"https:\/\/kineticcuttingsystems.eu\/fr\/?page_id=3672"},"modified":"2025-11-07T19:38:46","modified_gmt":"2025-11-07T19:38:46","slug":"systemes-combines-de-decoupe-plasma-laser-percage-et-fraisage","status":"publish","type":"page","link":"https:\/\/kineticcuttingsystems.eu\/fr\/machines-de-decoupe\/systemes-combines-de-decoupe-plasma-laser-percage-et-fraisage\/","title":{"rendered":"Syst\u00e8mes Combin\u00e9s de D\u00e9coupe Plasma, Laser, Per\u00e7age et Fraisage"},"content":{"rendered":"\n<h1 class=\"wp-block-heading\">K6000 <strong>Syst\u00e8me Plasma, Laser, Per\u00e7age et Fraisage<\/strong><\/h1>\n\n\n\n<p><strong>Le Summum en Mati\u00e8re de Productivit\u00e9 et de Flexibilit\u00e9<\/strong><br \/><strong>D\u00e9coupe au Plasma, au Laser et \u00e0 l&#8217;Oxycoupage<\/strong><br \/><strong>D\u00e9coupe Chanfrein\u00e9e et \u00e0 Torche Multiple<\/strong><br \/><strong>Per\u00e7age, Fraisage et Plus Encore<\/strong><\/p>\n\n\n\n<p>Forts de plusieurs d\u00e9cennies d&#8217;exp\u00e9rience dans la conception de syst\u00e8mes de d\u00e9coupe plasma ultra-performants, nous sommes heureux de vous pr\u00e9senter le nouveau Kinetic K6000, un syst\u00e8me r\u00e9volutionnaire qui combine notre l\u00e9gendaire syst\u00e8me de d\u00e9coupe, per\u00e7age et fraisage plasma XMC avec une t\u00eate de d\u00e9coupe laser d\u00e9di\u00e9e sur une seule table. Les fabricants ont d\u00e9sormais la possibilit\u00e9 de traiter le m\u00e9tal avec la plus large gamme d&#8217;options de d\u00e9coupe et de per\u00e7age sur une seule machine.<\/p>\n\n\n\n<p>De plus amples d\u00e9tails sur ce nouveau syst\u00e8me seront bient\u00f4t disponibles, mais les sp\u00e9cifications initiales sont pr\u00e9sent\u00e9es ci-dessous. Veuillez nous <a href=\"\/fr\/demandez-un-devis\/\">contacter d\u00e8s aujourd&#8217;hui<\/a> pour en savoir plus sur notre nouveau syst\u00e8me K6000 combinant plasma, laser, per\u00e7age et fraisage, et soyez inform\u00e9 d\u00e8s que de nouvelles informations seront disponibles.<\/p>\n\n\n\n<div class=\"wp-block-columns is-layout-flex wp-container-core-columns-is-layout-9d6595d7 wp-block-columns-is-layout-flex\">\n<div class=\"wp-block-column is-layout-flow wp-block-column-is-layout-flow\">\n<ul class=\"wp-block-list\">\n<li><strong>D\u00e9coupe Plasma, Laser et Oxycoupage avec une Seule Machine<\/strong><\/li>\n\n\n\n<li><strong>G\u00e9rez Facilement les Mat\u00e9riaux \u00e0 l&#8217;aide de n&#8217;Importe Quel Processus<\/strong><\/li>\n\n\n\n<li><strong>Fraisage, Per\u00e7age, Taraudage, Marquage et plus Encore, le Tout Int\u00e9gr\u00e9<\/strong><\/li>\n\n\n\n<li><strong>Traitez des Pi\u00e8ces Complexes en une Seule Configuration<\/strong><\/li>\n\n\n\n<li><strong>Portique Plasma Int\u00e9gr\u00e9 et Bo\u00eetier Laser<\/strong><\/li>\n\n\n\n<li><strong>D\u00e9coupe Plasma, Oxycoupage et D\u00e9coupe Laser Chanfrein\u00e9e<\/strong><\/li>\n\n\n\n<li><strong>Divers Syst\u00e8mes Laser et Plasma Disponibles<\/strong><\/li>\n<\/ul>\n<\/div>\n\n\n\n<div class=\"wp-block-column is-layout-flow wp-block-column-is-layout-flow\">\n<ul class=\"wp-block-list\">\n<li><strong>Commande \u00e0 \u00e9cran Tactile Facile \u00e0 Programmer<\/strong><\/li>\n\n\n\n<li><strong>S&#8217;int\u00e8gre Parfaitement au Logiciel Primecut<\/strong><\/li>\n\n\n\n<li><strong>Table \u00e0 Aspiration Descendante avec Bacs \u00e0 Scories Mobiles<\/strong><\/li>\n\n\n\n<li><strong>Conception Solide et de Haute Qualit\u00e9 des Machines<\/strong><\/li>\n\n\n\n<li><strong>Programmation Intelligente et Simple<\/strong><\/li>\n\n\n\n<li><strong>Durabilit\u00e9 et Fiabilit\u00e9 Kinetic<\/strong><\/li>\n\n\n\n<li><strong>Assistance Technique 24&nbsp;h\/24, 7&nbsp;j\/7, 365&nbsp;j\/an<\/strong><\/li>\n<\/ul>\n<\/div>\n<\/div>\n\n\n\n<figure class=\"wp-block-gallery has-nested-images columns-5 is-cropped wp-block-gallery-1 is-layout-flex wp-block-gallery-is-layout-flex\">\n<figure class=\"wp-block-image size-thumbnail\"><a href=\"https:\/\/kineticcuttingsystems.eu\/fr\/wp-content\/uploads\/sites\/4\/2025\/10\/kinetic-k6000-31-1100x734-e413af0.jpg\"><img loading=\"lazy\" decoding=\"async\" width=\"150\" height=\"150\" data-id=\"3688\" src=\"https:\/\/kineticcuttingsystems.eu\/fr\/wp-content\/uploads\/sites\/4\/2025\/10\/kinetic-k6000-31-1100x734-e413af0-150x150.jpg\" alt=\"\" class=\"wp-image-3688\"\/><\/a><\/figure>\n\n\n\n<figure class=\"wp-block-image size-thumbnail\"><a href=\"https:\/\/kineticcuttingsystems.eu\/fr\/wp-content\/uploads\/sites\/4\/2025\/10\/DSCF9375.jpg\"><img loading=\"lazy\" decoding=\"async\" width=\"150\" height=\"150\" data-id=\"3681\" src=\"https:\/\/kineticcuttingsystems.eu\/fr\/wp-content\/uploads\/sites\/4\/2025\/10\/DSCF9375-150x150.jpg\" alt=\"\" class=\"wp-image-3681\"\/><\/a><\/figure>\n\n\n\n<figure class=\"wp-block-image size-thumbnail\"><a href=\"https:\/\/kineticcuttingsystems.eu\/fr\/wp-content\/uploads\/sites\/4\/2025\/10\/kinetic-k6000-13-1100x734-94e17ae.jpg\"><img loading=\"lazy\" decoding=\"async\" width=\"150\" height=\"150\" data-id=\"3684\" src=\"https:\/\/kineticcuttingsystems.eu\/fr\/wp-content\/uploads\/sites\/4\/2025\/10\/kinetic-k6000-13-1100x734-94e17ae-150x150.jpg\" alt=\"\" class=\"wp-image-3684\"\/><\/a><\/figure>\n\n\n\n<figure class=\"wp-block-image size-thumbnail\"><a href=\"https:\/\/kineticcuttingsystems.eu\/fr\/wp-content\/uploads\/sites\/4\/2025\/10\/DSCF9330.jpg\"><img loading=\"lazy\" decoding=\"async\" width=\"150\" height=\"150\" data-id=\"3673\" src=\"https:\/\/kineticcuttingsystems.eu\/fr\/wp-content\/uploads\/sites\/4\/2025\/10\/DSCF9330-150x150.jpg\" alt=\"\" class=\"wp-image-3673\"\/><\/a><\/figure>\n\n\n\n<figure class=\"wp-block-image size-thumbnail\"><a href=\"https:\/\/kineticcuttingsystems.eu\/fr\/wp-content\/uploads\/sites\/4\/2025\/10\/DSCF9347.jpg\"><img loading=\"lazy\" decoding=\"async\" width=\"150\" height=\"150\" data-id=\"3675\" src=\"https:\/\/kineticcuttingsystems.eu\/fr\/wp-content\/uploads\/sites\/4\/2025\/10\/DSCF9347-150x150.jpg\" alt=\"\" class=\"wp-image-3675\"\/><\/a><\/figure>\n\n\n\n<figure class=\"wp-block-image size-thumbnail\"><a href=\"https:\/\/kineticcuttingsystems.eu\/fr\/wp-content\/uploads\/sites\/4\/2025\/10\/kinetic-k6000-34-489x733-baad9a5.jpg\"><img loading=\"lazy\" decoding=\"async\" width=\"150\" height=\"150\" data-id=\"3691\" src=\"https:\/\/kineticcuttingsystems.eu\/fr\/wp-content\/uploads\/sites\/4\/2025\/10\/kinetic-k6000-34-489x733-baad9a5-150x150.jpg\" alt=\"\" class=\"wp-image-3691\"\/><\/a><\/figure>\n\n\n\n<figure class=\"wp-block-image size-thumbnail\"><a href=\"https:\/\/kineticcuttingsystems.eu\/fr\/wp-content\/uploads\/sites\/4\/2025\/10\/DSCF9369.jpg\"><img loading=\"lazy\" decoding=\"async\" width=\"150\" height=\"150\" data-id=\"3679\" src=\"https:\/\/kineticcuttingsystems.eu\/fr\/wp-content\/uploads\/sites\/4\/2025\/10\/DSCF9369-150x150.jpg\" alt=\"\" class=\"wp-image-3679\"\/><\/a><\/figure>\n\n\n\n<figure class=\"wp-block-image size-thumbnail\"><a href=\"https:\/\/kineticcuttingsystems.eu\/fr\/wp-content\/uploads\/sites\/4\/2025\/10\/DSCF9340.jpg\"><img loading=\"lazy\" decoding=\"async\" width=\"150\" height=\"150\" data-id=\"3674\" src=\"https:\/\/kineticcuttingsystems.eu\/fr\/wp-content\/uploads\/sites\/4\/2025\/10\/DSCF9340-150x150.jpg\" alt=\"\" class=\"wp-image-3674\"\/><\/a><\/figure>\n\n\n\n<figure class=\"wp-block-image size-thumbnail\"><a href=\"https:\/\/kineticcuttingsystems.eu\/fr\/wp-content\/uploads\/sites\/4\/2025\/10\/DSCF9359.jpg\"><img loading=\"lazy\" decoding=\"async\" width=\"150\" height=\"150\" data-id=\"3677\" src=\"https:\/\/kineticcuttingsystems.eu\/fr\/wp-content\/uploads\/sites\/4\/2025\/10\/DSCF9359-150x150.jpg\" alt=\"\" class=\"wp-image-3677\"\/><\/a><\/figure>\n\n\n\n<figure class=\"wp-block-image size-thumbnail\"><a href=\"https:\/\/kineticcuttingsystems.eu\/fr\/wp-content\/uploads\/sites\/4\/2025\/10\/DSCF9352.jpg\"><img loading=\"lazy\" decoding=\"async\" width=\"150\" height=\"150\" data-id=\"3676\" src=\"https:\/\/kineticcuttingsystems.eu\/fr\/wp-content\/uploads\/sites\/4\/2025\/10\/DSCF9352-150x150.jpg\" alt=\"\" class=\"wp-image-3676\"\/><\/a><\/figure>\n\n\n\n<figure class=\"wp-block-image size-thumbnail\"><a href=\"https:\/\/kineticcuttingsystems.eu\/fr\/wp-content\/uploads\/sites\/4\/2025\/10\/kinetic-k6000-13-550x733-91dab4a.jpg\"><img loading=\"lazy\" decoding=\"async\" width=\"150\" height=\"150\" data-id=\"3683\" src=\"https:\/\/kineticcuttingsystems.eu\/fr\/wp-content\/uploads\/sites\/4\/2025\/10\/kinetic-k6000-13-550x733-91dab4a-150x150.jpg\" alt=\"\" class=\"wp-image-3683\"\/><\/a><\/figure>\n\n\n\n<figure class=\"wp-block-image size-thumbnail\"><a href=\"https:\/\/kineticcuttingsystems.eu\/fr\/wp-content\/uploads\/sites\/4\/2025\/10\/kinetic-k6000-42-489x733-91dab4a.jpg\"><img loading=\"lazy\" decoding=\"async\" width=\"150\" height=\"150\" data-id=\"3693\" src=\"https:\/\/kineticcuttingsystems.eu\/fr\/wp-content\/uploads\/sites\/4\/2025\/10\/kinetic-k6000-42-489x733-91dab4a-150x150.jpg\" alt=\"\" class=\"wp-image-3693\"\/><\/a><\/figure>\n\n\n\n<figure class=\"wp-block-image size-thumbnail\"><a href=\"https:\/\/kineticcuttingsystems.eu\/fr\/wp-content\/uploads\/sites\/4\/2025\/10\/kinetic-k6000-44-489x733-91dab4a.jpg\"><img loading=\"lazy\" decoding=\"async\" width=\"150\" height=\"150\" data-id=\"3694\" src=\"https:\/\/kineticcuttingsystems.eu\/fr\/wp-content\/uploads\/sites\/4\/2025\/10\/kinetic-k6000-44-489x733-91dab4a-150x150.jpg\" alt=\"\" class=\"wp-image-3694\"\/><\/a><\/figure>\n\n\n\n<figure class=\"wp-block-image size-thumbnail\"><a href=\"https:\/\/kineticcuttingsystems.eu\/fr\/wp-content\/uploads\/sites\/4\/2025\/10\/DSCF9379.jpg\"><img loading=\"lazy\" decoding=\"async\" width=\"150\" height=\"150\" data-id=\"3682\" src=\"https:\/\/kineticcuttingsystems.eu\/fr\/wp-content\/uploads\/sites\/4\/2025\/10\/DSCF9379-150x150.jpg\" alt=\"\" class=\"wp-image-3682\"\/><\/a><\/figure>\n\n\n\n<figure class=\"wp-block-image size-thumbnail\"><a href=\"https:\/\/kineticcuttingsystems.eu\/fr\/wp-content\/uploads\/sites\/4\/2025\/10\/kinetic-k6000-29-1100x734-e413af0.jpg\"><img loading=\"lazy\" decoding=\"async\" width=\"150\" height=\"150\" data-id=\"3687\" src=\"https:\/\/kineticcuttingsystems.eu\/fr\/wp-content\/uploads\/sites\/4\/2025\/10\/kinetic-k6000-29-1100x734-e413af0-150x150.jpg\" alt=\"\" class=\"wp-image-3687\"\/><\/a><\/figure>\n\n\n\n<figure class=\"wp-block-image size-thumbnail\"><a href=\"https:\/\/kineticcuttingsystems.eu\/fr\/wp-content\/uploads\/sites\/4\/2025\/10\/kinetic-k6000-41-1100x733-91dab4a.jpg\"><img loading=\"lazy\" decoding=\"async\" width=\"150\" height=\"150\" data-id=\"3692\" src=\"https:\/\/kineticcuttingsystems.eu\/fr\/wp-content\/uploads\/sites\/4\/2025\/10\/kinetic-k6000-41-1100x733-91dab4a-150x150.jpg\" alt=\"\" class=\"wp-image-3692\"\/><\/a><\/figure>\n\n\n\n<figure class=\"wp-block-image size-thumbnail\"><a href=\"https:\/\/kineticcuttingsystems.eu\/fr\/wp-content\/uploads\/sites\/4\/2025\/10\/kinetic-k6000-17-489x733-baad9a5.jpg\"><img loading=\"lazy\" decoding=\"async\" width=\"150\" height=\"150\" data-id=\"3685\" src=\"https:\/\/kineticcuttingsystems.eu\/fr\/wp-content\/uploads\/sites\/4\/2025\/10\/kinetic-k6000-17-489x733-baad9a5-150x150.jpg\" alt=\"\" class=\"wp-image-3685\"\/><\/a><\/figure>\n\n\n\n<figure class=\"wp-block-image size-thumbnail\"><a href=\"https:\/\/kineticcuttingsystems.eu\/fr\/wp-content\/uploads\/sites\/4\/2025\/10\/kinetic-k6000-17-550x733-5771873.jpg\"><img loading=\"lazy\" decoding=\"async\" width=\"150\" height=\"150\" data-id=\"3686\" src=\"https:\/\/kineticcuttingsystems.eu\/fr\/wp-content\/uploads\/sites\/4\/2025\/10\/kinetic-k6000-17-550x733-5771873-150x150.jpg\" alt=\"\" class=\"wp-image-3686\"\/><\/a><\/figure>\n\n\n\n<figure class=\"wp-block-image size-thumbnail\"><a href=\"https:\/\/kineticcuttingsystems.eu\/fr\/wp-content\/uploads\/sites\/4\/2025\/10\/DSCF9374.jpg\"><img loading=\"lazy\" decoding=\"async\" width=\"150\" height=\"150\" data-id=\"3680\" src=\"https:\/\/kineticcuttingsystems.eu\/fr\/wp-content\/uploads\/sites\/4\/2025\/10\/DSCF9374-150x150.jpg\" alt=\"\" class=\"wp-image-3680\"\/><\/a><\/figure>\n\n\n\n<figure class=\"wp-block-image size-thumbnail\"><a href=\"https:\/\/kineticcuttingsystems.eu\/fr\/wp-content\/uploads\/sites\/4\/2025\/10\/DSCF9363.jpg\"><img loading=\"lazy\" decoding=\"async\" width=\"150\" height=\"150\" data-id=\"3678\" src=\"https:\/\/kineticcuttingsystems.eu\/fr\/wp-content\/uploads\/sites\/4\/2025\/10\/DSCF9363-150x150.jpg\" alt=\"\" class=\"wp-image-3678\"\/><\/a><\/figure>\n\n\n\n<figure class=\"wp-block-image size-thumbnail\"><a href=\"https:\/\/kineticcuttingsystems.eu\/fr\/wp-content\/uploads\/sites\/4\/2025\/10\/kinetic-k6000-47-1100x734-e413af0.jpg\"><img loading=\"lazy\" decoding=\"async\" width=\"150\" height=\"150\" data-id=\"3695\" src=\"https:\/\/kineticcuttingsystems.eu\/fr\/wp-content\/uploads\/sites\/4\/2025\/10\/kinetic-k6000-47-1100x734-e413af0-150x150.jpg\" alt=\"\" class=\"wp-image-3695\"\/><\/a><\/figure>\n\n\n\n<figure class=\"wp-block-image size-thumbnail\"><a href=\"https:\/\/kineticcuttingsystems.eu\/fr\/wp-content\/uploads\/sites\/4\/2025\/10\/kinetic-k6000-48-1100x734-7844baf.jpg\"><img loading=\"lazy\" decoding=\"async\" width=\"150\" height=\"150\" data-id=\"3696\" src=\"https:\/\/kineticcuttingsystems.eu\/fr\/wp-content\/uploads\/sites\/4\/2025\/10\/kinetic-k6000-48-1100x734-7844baf-150x150.jpg\" alt=\"\" class=\"wp-image-3696\"\/><\/a><\/figure>\n\n\n\n<figure class=\"wp-block-image size-thumbnail\"><a href=\"https:\/\/kineticcuttingsystems.eu\/fr\/wp-content\/uploads\/sites\/4\/2025\/10\/kinetic-k6000-33-1100x734-e413af0.jpg\"><img loading=\"lazy\" decoding=\"async\" width=\"150\" height=\"150\" data-id=\"3690\" src=\"https:\/\/kineticcuttingsystems.eu\/fr\/wp-content\/uploads\/sites\/4\/2025\/10\/kinetic-k6000-33-1100x734-e413af0-150x150.jpg\" alt=\"\" class=\"wp-image-3690\"\/><\/a><\/figure>\n\n\n\n<figure class=\"wp-block-image size-thumbnail\"><a href=\"https:\/\/kineticcuttingsystems.eu\/fr\/wp-content\/uploads\/sites\/4\/2025\/10\/kinetic-k6000-49-1100x734-e413af0.jpg\"><img loading=\"lazy\" decoding=\"async\" width=\"150\" height=\"150\" data-id=\"3697\" src=\"https:\/\/kineticcuttingsystems.eu\/fr\/wp-content\/uploads\/sites\/4\/2025\/10\/kinetic-k6000-49-1100x734-e413af0-150x150.jpg\" alt=\"\" class=\"wp-image-3697\"\/><\/a><\/figure>\n\n\n\n<figure class=\"wp-block-image size-thumbnail\"><a href=\"https:\/\/kineticcuttingsystems.eu\/fr\/wp-content\/uploads\/sites\/4\/2025\/10\/kinetic-k6000-32-550x734-a32ebe9.jpg\"><img loading=\"lazy\" decoding=\"async\" width=\"150\" height=\"150\" data-id=\"3689\" src=\"https:\/\/kineticcuttingsystems.eu\/fr\/wp-content\/uploads\/sites\/4\/2025\/10\/kinetic-k6000-32-550x734-a32ebe9-150x150.jpg\" alt=\"\" class=\"wp-image-3689\"\/><\/a><\/figure>\n<\/figure>\n","protected":false},"excerpt":{"rendered":"<p>K6000 Syst\u00e8me Plasma, Laser, Per\u00e7age et Fraisage Le Summum en Mati\u00e8re de Productivit\u00e9 et de Flexibilit\u00e9D\u00e9coupe au Plasma, au Laser<a class=\"moretag\" href=\"https:\/\/kineticcuttingsystems.eu\/fr\/machines-de-decoupe\/systemes-combines-de-decoupe-plasma-laser-percage-et-fraisage\/\"> &#8230;continue reading<\/a><\/p>\n","protected":false},"author":2,"featured_media":0,"parent":16,"menu_order":0,"comment_status":"closed","ping_status":"closed","template":"","meta":{"_acf_changed":false,"inline_featured_image":false,"footnotes":""},"class_list":["post-3672","page","type-page","status-publish","hentry"],"acf":[],"yoast_head":"<!-- This site is optimized with the Yoast SEO plugin v27.2 - https:\/\/yoast.com\/product\/yoast-seo-wordpress\/ -->\n<title>Syst\u00e8mes Combin\u00e9s de D\u00e9coupe Plasma, Laser, Per\u00e7age et Fraisage - Kinetic Syst\u00e8mes de D\u00e9coupe de M\u00e9tal CNC<\/title>\n<meta name=\"robots\" content=\"index, follow, max-snippet:-1, max-image-preview:large, max-video-preview:-1\" \/>\n<link rel=\"canonical\" href=\"https:\/\/kineticcuttingsystems.eu\/fr\/machines-de-decoupe\/systemes-combines-de-decoupe-plasma-laser-percage-et-fraisage\/\" \/>\n<meta property=\"og:locale\" content=\"en_US\" \/>\n<meta property=\"og:type\" content=\"article\" \/>\n<meta property=\"og:title\" content=\"Syst\u00e8mes Combin\u00e9s de D\u00e9coupe Plasma, Laser, Per\u00e7age et Fraisage - Kinetic Syst\u00e8mes de D\u00e9coupe de M\u00e9tal CNC\" \/>\n<meta property=\"og:description\" content=\"K6000 Syst\u00e8me Plasma, Laser, Per\u00e7age et Fraisage Le Summum en Mati\u00e8re de Productivit\u00e9 et de Flexibilit\u00e9D\u00e9coupe au Plasma, au Laser ...continue reading\" \/>\n<meta property=\"og:url\" content=\"https:\/\/kineticcuttingsystems.eu\/fr\/machines-de-decoupe\/systemes-combines-de-decoupe-plasma-laser-percage-et-fraisage\/\" \/>\n<meta property=\"og:site_name\" content=\"Kinetic Syst\u00e8mes de D\u00e9coupe de M\u00e9tal CNC\" \/>\n<meta property=\"article:modified_time\" content=\"2025-11-07T19:38:46+00:00\" \/>\n<meta property=\"og:image\" content=\"https:\/\/kineticcuttingsystems.eu\/fr\/wp-content\/uploads\/sites\/4\/2025\/10\/kinetic-k6000-31-1100x734-e413af0.jpg\" \/>\n\t<meta property=\"og:image:width\" content=\"1100\" \/>\n\t<meta property=\"og:image:height\" content=\"733\" \/>\n\t<meta property=\"og:image:type\" content=\"image\/jpeg\" \/>\n<meta name=\"twitter:card\" content=\"summary_large_image\" \/>\n<meta name=\"twitter:label1\" content=\"Est. reading time\" \/>\n\t<meta name=\"twitter:data1\" content=\"7 minutes\" \/>\n<script type=\"application\/ld+json\" class=\"yoast-schema-graph\">{\"@context\":\"https:\/\/schema.org\",\"@graph\":[{\"@type\":\"WebPage\",\"@id\":\"https:\/\/kineticcuttingsystems.eu\/fr\/machines-de-decoupe\/systemes-combines-de-decoupe-plasma-laser-percage-et-fraisage\/\",\"url\":\"https:\/\/kineticcuttingsystems.eu\/fr\/machines-de-decoupe\/systemes-combines-de-decoupe-plasma-laser-percage-et-fraisage\/\",\"name\":\"Syst\u00e8mes Combin\u00e9s de D\u00e9coupe Plasma, Laser, Per\u00e7age et Fraisage - Kinetic Syst\u00e8mes de D\u00e9coupe de M\u00e9tal CNC\",\"isPartOf\":{\"@id\":\"https:\/\/kineticcuttingsystems.eu\/fr\/#website\"},\"primaryImageOfPage\":{\"@id\":\"https:\/\/kineticcuttingsystems.eu\/fr\/machines-de-decoupe\/systemes-combines-de-decoupe-plasma-laser-percage-et-fraisage\/#primaryimage\"},\"image\":{\"@id\":\"https:\/\/kineticcuttingsystems.eu\/fr\/machines-de-decoupe\/systemes-combines-de-decoupe-plasma-laser-percage-et-fraisage\/#primaryimage\"},\"thumbnailUrl\":\"https:\/\/kineticcuttingsystems.eu\/fr\/wp-content\/uploads\/sites\/4\/2025\/10\/kinetic-k6000-31-1100x734-e413af0-150x150.jpg\",\"datePublished\":\"2025-10-14T13:51:11+00:00\",\"dateModified\":\"2025-11-07T19:38:46+00:00\",\"breadcrumb\":{\"@id\":\"https:\/\/kineticcuttingsystems.eu\/fr\/machines-de-decoupe\/systemes-combines-de-decoupe-plasma-laser-percage-et-fraisage\/#breadcrumb\"},\"inLanguage\":\"en-US\",\"potentialAction\":[{\"@type\":\"ReadAction\",\"target\":[\"https:\/\/kineticcuttingsystems.eu\/fr\/machines-de-decoupe\/systemes-combines-de-decoupe-plasma-laser-percage-et-fraisage\/\"]}]},{\"@type\":\"ImageObject\",\"inLanguage\":\"en-US\",\"@id\":\"https:\/\/kineticcuttingsystems.eu\/fr\/machines-de-decoupe\/systemes-combines-de-decoupe-plasma-laser-percage-et-fraisage\/#primaryimage\",\"url\":\"https:\/\/kineticcuttingsystems.eu\/fr\/wp-content\/uploads\/sites\/4\/2025\/10\/kinetic-k6000-31-1100x734-e413af0.jpg\",\"contentUrl\":\"https:\/\/kineticcuttingsystems.eu\/fr\/wp-content\/uploads\/sites\/4\/2025\/10\/kinetic-k6000-31-1100x734-e413af0.jpg\",\"width\":1100,\"height\":733},{\"@type\":\"BreadcrumbList\",\"@id\":\"https:\/\/kineticcuttingsystems.eu\/fr\/machines-de-decoupe\/systemes-combines-de-decoupe-plasma-laser-percage-et-fraisage\/#breadcrumb\",\"itemListElement\":[{\"@type\":\"ListItem\",\"position\":1,\"name\":\"Home\",\"item\":\"https:\/\/kineticcuttingsystems.eu\/fr\/\"},{\"@type\":\"ListItem\",\"position\":2,\"name\":\"Machines de D\u00e9coupe\",\"item\":\"https:\/\/kineticcuttingsystems.eu\/fr\/machines-de-decoupe\/\"},{\"@type\":\"ListItem\",\"position\":3,\"name\":\"Syst\u00e8mes Combin\u00e9s de D\u00e9coupe Plasma, Laser, Per\u00e7age et Fraisage\"}]},{\"@type\":\"WebSite\",\"@id\":\"https:\/\/kineticcuttingsystems.eu\/fr\/#website\",\"url\":\"https:\/\/kineticcuttingsystems.eu\/fr\/\",\"name\":\"Kinetic Syst\u00e8mes de D\u00e9coupe de M\u00e9tal CNC\",\"description\":\"\",\"potentialAction\":[{\"@type\":\"SearchAction\",\"target\":{\"@type\":\"EntryPoint\",\"urlTemplate\":\"https:\/\/kineticcuttingsystems.eu\/fr\/?s={search_term_string}\"},\"query-input\":{\"@type\":\"PropertyValueSpecification\",\"valueRequired\":true,\"valueName\":\"search_term_string\"}}],\"inLanguage\":\"en-US\"}]}<\/script>\n<!-- \/ Yoast SEO plugin. -->","yoast_head_json":{"title":"Syst\u00e8mes Combin\u00e9s de D\u00e9coupe Plasma, Laser, Per\u00e7age et Fraisage - Kinetic Syst\u00e8mes de D\u00e9coupe de M\u00e9tal CNC","robots":{"index":"index","follow":"follow","max-snippet":"max-snippet:-1","max-image-preview":"max-image-preview:large","max-video-preview":"max-video-preview:-1"},"canonical":"https:\/\/kineticcuttingsystems.eu\/fr\/machines-de-decoupe\/systemes-combines-de-decoupe-plasma-laser-percage-et-fraisage\/","og_locale":"en_US","og_type":"article","og_title":"Syst\u00e8mes Combin\u00e9s de D\u00e9coupe Plasma, Laser, Per\u00e7age et Fraisage - Kinetic Syst\u00e8mes de D\u00e9coupe de M\u00e9tal CNC","og_description":"K6000 Syst\u00e8me Plasma, Laser, Per\u00e7age et Fraisage Le Summum en Mati\u00e8re de Productivit\u00e9 et de Flexibilit\u00e9D\u00e9coupe au Plasma, au Laser ...continue reading","og_url":"https:\/\/kineticcuttingsystems.eu\/fr\/machines-de-decoupe\/systemes-combines-de-decoupe-plasma-laser-percage-et-fraisage\/","og_site_name":"Kinetic Syst\u00e8mes de D\u00e9coupe de M\u00e9tal CNC","article_modified_time":"2025-11-07T19:38:46+00:00","og_image":[{"width":1100,"height":733,"url":"https:\/\/kineticcuttingsystems.eu\/fr\/wp-content\/uploads\/sites\/4\/2025\/10\/kinetic-k6000-31-1100x734-e413af0.jpg","type":"image\/jpeg"}],"twitter_card":"summary_large_image","twitter_misc":{"Est. reading time":"7 minutes"},"schema":{"@context":"https:\/\/schema.org","@graph":[{"@type":"WebPage","@id":"https:\/\/kineticcuttingsystems.eu\/fr\/machines-de-decoupe\/systemes-combines-de-decoupe-plasma-laser-percage-et-fraisage\/","url":"https:\/\/kineticcuttingsystems.eu\/fr\/machines-de-decoupe\/systemes-combines-de-decoupe-plasma-laser-percage-et-fraisage\/","name":"Syst\u00e8mes Combin\u00e9s de D\u00e9coupe Plasma, Laser, Per\u00e7age et Fraisage - Kinetic Syst\u00e8mes de D\u00e9coupe de M\u00e9tal CNC","isPartOf":{"@id":"https:\/\/kineticcuttingsystems.eu\/fr\/#website"},"primaryImageOfPage":{"@id":"https:\/\/kineticcuttingsystems.eu\/fr\/machines-de-decoupe\/systemes-combines-de-decoupe-plasma-laser-percage-et-fraisage\/#primaryimage"},"image":{"@id":"https:\/\/kineticcuttingsystems.eu\/fr\/machines-de-decoupe\/systemes-combines-de-decoupe-plasma-laser-percage-et-fraisage\/#primaryimage"},"thumbnailUrl":"https:\/\/kineticcuttingsystems.eu\/fr\/wp-content\/uploads\/sites\/4\/2025\/10\/kinetic-k6000-31-1100x734-e413af0-150x150.jpg","datePublished":"2025-10-14T13:51:11+00:00","dateModified":"2025-11-07T19:38:46+00:00","breadcrumb":{"@id":"https:\/\/kineticcuttingsystems.eu\/fr\/machines-de-decoupe\/systemes-combines-de-decoupe-plasma-laser-percage-et-fraisage\/#breadcrumb"},"inLanguage":"en-US","potentialAction":[{"@type":"ReadAction","target":["https:\/\/kineticcuttingsystems.eu\/fr\/machines-de-decoupe\/systemes-combines-de-decoupe-plasma-laser-percage-et-fraisage\/"]}]},{"@type":"ImageObject","inLanguage":"en-US","@id":"https:\/\/kineticcuttingsystems.eu\/fr\/machines-de-decoupe\/systemes-combines-de-decoupe-plasma-laser-percage-et-fraisage\/#primaryimage","url":"https:\/\/kineticcuttingsystems.eu\/fr\/wp-content\/uploads\/sites\/4\/2025\/10\/kinetic-k6000-31-1100x734-e413af0.jpg","contentUrl":"https:\/\/kineticcuttingsystems.eu\/fr\/wp-content\/uploads\/sites\/4\/2025\/10\/kinetic-k6000-31-1100x734-e413af0.jpg","width":1100,"height":733},{"@type":"BreadcrumbList","@id":"https:\/\/kineticcuttingsystems.eu\/fr\/machines-de-decoupe\/systemes-combines-de-decoupe-plasma-laser-percage-et-fraisage\/#breadcrumb","itemListElement":[{"@type":"ListItem","position":1,"name":"Home","item":"https:\/\/kineticcuttingsystems.eu\/fr\/"},{"@type":"ListItem","position":2,"name":"Machines de D\u00e9coupe","item":"https:\/\/kineticcuttingsystems.eu\/fr\/machines-de-decoupe\/"},{"@type":"ListItem","position":3,"name":"Syst\u00e8mes Combin\u00e9s de D\u00e9coupe Plasma, Laser, Per\u00e7age et Fraisage"}]},{"@type":"WebSite","@id":"https:\/\/kineticcuttingsystems.eu\/fr\/#website","url":"https:\/\/kineticcuttingsystems.eu\/fr\/","name":"Kinetic Syst\u00e8mes de D\u00e9coupe de M\u00e9tal CNC","description":"","potentialAction":[{"@type":"SearchAction","target":{"@type":"EntryPoint","urlTemplate":"https:\/\/kineticcuttingsystems.eu\/fr\/?s={search_term_string}"},"query-input":{"@type":"PropertyValueSpecification","valueRequired":true,"valueName":"search_term_string"}}],"inLanguage":"en-US"}]}},"_links":{"self":[{"href":"https:\/\/kineticcuttingsystems.eu\/fr\/wp-json\/wp\/v2\/pages\/3672","targetHints":{"allow":["GET"]}}],"collection":[{"href":"https:\/\/kineticcuttingsystems.eu\/fr\/wp-json\/wp\/v2\/pages"}],"about":[{"href":"https:\/\/kineticcuttingsystems.eu\/fr\/wp-json\/wp\/v2\/types\/page"}],"author":[{"embeddable":true,"href":"https:\/\/kineticcuttingsystems.eu\/fr\/wp-json\/wp\/v2\/users\/2"}],"replies":[{"embeddable":true,"href":"https:\/\/kineticcuttingsystems.eu\/fr\/wp-json\/wp\/v2\/comments?post=3672"}],"version-history":[{"count":6,"href":"https:\/\/kineticcuttingsystems.eu\/fr\/wp-json\/wp\/v2\/pages\/3672\/revisions"}],"predecessor-version":[{"id":3922,"href":"https:\/\/kineticcuttingsystems.eu\/fr\/wp-json\/wp\/v2\/pages\/3672\/revisions\/3922"}],"up":[{"embeddable":true,"href":"https:\/\/kineticcuttingsystems.eu\/fr\/wp-json\/wp\/v2\/pages\/16"}],"wp:attachment":[{"href":"https:\/\/kineticcuttingsystems.eu\/fr\/wp-json\/wp\/v2\/media?parent=3672"}],"curies":[{"name":"wp","href":"https:\/\/api.w.org\/{rel}","templated":true}]}}