{"id":3533,"date":"2025-03-28T12:39:01","date_gmt":"2025-03-28T16:39:01","guid":{"rendered":"https:\/\/kineticcuttingsystems.eu\/?page_id=3466"},"modified":"2025-11-07T19:39:46","modified_gmt":"2025-11-07T19:39:46","slug":"laser-pour-plaques-grand-format","status":"publish","type":"page","link":"https:\/\/kineticcuttingsystems.eu\/fr\/machines-de-decoupe\/laser-pour-plaques-grand-format\/","title":{"rendered":"Laser Pour Plaques Grand Format"},"content":{"rendered":"\n<h1 class=\"wp-block-heading\">Laser Pour Plaques Grand Format<\/h1>\n\n\n\n<p>Nous sommes ravis d\u2019annoncer que la conception innovante des machines KINETIC, qui optimise la productivit\u00e9, est d\u00e9sormais disponible dans un syst\u00e8me de d\u00e9coupe laser grand format. Gr\u00e2ce \u00e0 la conception robuste et intelligente qui a fait la renomm\u00e9e des machines KINETIC, ce nouveau syst\u00e8me constitue une r\u00e9elle avanc\u00e9e pour les \u00e9quipementiers et ateliers souhaitant usiner des pi\u00e8ces rapidement et avec une pr\u00e9cision optimale.<\/p>\n\n\n\n<figure class=\"wp-block-image size-large\"><img loading=\"lazy\" decoding=\"async\" width=\"1024\" height=\"682\" src=\"https:\/\/kineticcuttingsystems.eu\/fr\/wp-content\/uploads\/sites\/4\/2025\/10\/kinetic-laser-gallery-11-1024x682.jpg\" alt=\"\" class=\"wp-image-3715\" srcset=\"https:\/\/kineticcuttingsystems.eu\/fr\/wp-content\/uploads\/sites\/4\/2025\/10\/kinetic-laser-gallery-11-1024x682.jpg 1024w, https:\/\/kineticcuttingsystems.eu\/fr\/wp-content\/uploads\/sites\/4\/2025\/10\/kinetic-laser-gallery-11-300x200.jpg 300w, https:\/\/kineticcuttingsystems.eu\/fr\/wp-content\/uploads\/sites\/4\/2025\/10\/kinetic-laser-gallery-11-768x512.jpg 768w, https:\/\/kineticcuttingsystems.eu\/fr\/wp-content\/uploads\/sites\/4\/2025\/10\/kinetic-laser-gallery-11.jpg 1100w\" sizes=\"auto, (max-width: 1024px) 100vw, 1024px\" \/><\/figure>\n\n\n\n<div style=\"height:37px\" aria-hidden=\"true\" class=\"wp-block-spacer\"><\/div>\n\n\n\n<p>De plus amples d\u00e9tails sur ce nouveau syst\u00e8me seront bient\u00f4t disponibles, mais les sp\u00e9cifications initiales sont pr\u00e9sent\u00e9es ci-dessous. <a href=\"\/fr\/demandez-un-devis\/\">Contactez-nous d\u00e8s aujourd&#8217;hui<\/a> pour en savoir plus sur notre nouveau laser pour plaques grand format d\u00e8s que de plus amples informations seront disponibles.<\/p>\n\n\n\n<div class=\"wp-block-columns is-layout-flex wp-container-core-columns-is-layout-9d6595d7 wp-block-columns-is-layout-flex\">\n<div class=\"wp-block-column is-layout-flow wp-block-column-is-layout-flow\">\n<ul class=\"wp-block-list\">\n<li><strong>Conception Solide et de Haute Qualit\u00e9 des Machines<\/strong><\/li>\n\n\n\n<li><strong>Programmation Intelligente et Simple<\/strong><\/li>\n\n\n\n<li><strong>Durabilit\u00e9 et Fiabilit\u00e9 Kinetic<\/strong><\/li>\n\n\n\n<li><strong>Portique \u00e0 Grande Vitesse \u00e0 L&#8217;Int\u00e9rieur d&#8217;un Bo\u00eetier \u00e0 D\u00e9placement Lent<\/strong><\/li>\n\n\n\n<li><strong>Table \u00e0 Aspiration Descendante avec Bacs \u00e0 Scories Mobiles<\/strong><\/li>\n\n\n\n<li><strong>Dimensions de la Table&nbsp;: 10&nbsp;Pieds (3&nbsp;m) de Largeur avec Longueurs Personnalis\u00e9es<\/strong><\/li>\n<\/ul>\n<\/div>\n\n\n\n<div class=\"wp-block-column is-layout-flow wp-block-column-is-layout-flow\">\n<ul class=\"wp-block-list\">\n<li><strong>D\u00e9coupe de L\u2019acier, de L\u2019inox ou de l\u2019Aluminium Jusqu\u2019\u00e0 2 Pouces (50,8 mm)<\/strong><\/li>\n\n\n\n<li><strong><\/strong><strong>T\u00eate Laser pour D\u00e9coupe Chanfrein\u00e9e Disponible<\/strong><\/li>\n\n\n\n<li><strong>Source Laser 12&nbsp;kW Disponible<\/strong><\/li>\n\n\n\n<li><strong>Source Laser 20&nbsp;kW Disponible<\/strong><\/li>\n\n\n\n<li><strong>Source Laser 30&nbsp;kW Disponible<\/strong><\/li>\n\n\n\n<li><strong>Assistance Technique 24&nbsp;h\/24, 7&nbsp;j\/7, 365&nbsp;j\/an<\/strong><\/li>\n<\/ul>\n<\/div>\n<\/div>\n\n\n\n<figure class=\"wp-block-gallery has-nested-images columns-4 is-cropped wp-block-gallery-1 is-layout-flex wp-block-gallery-is-layout-flex\">\n<figure class=\"wp-block-image size-full\"><a href=\"https:\/\/kineticcuttingsystems.eu\/fr\/wp-content\/uploads\/sites\/4\/2025\/10\/kinetic-laser-gallery-10.jpg\"><img loading=\"lazy\" decoding=\"async\" width=\"1100\" height=\"733\" data-id=\"3714\" src=\"https:\/\/kineticcuttingsystems.eu\/fr\/wp-content\/uploads\/sites\/4\/2025\/10\/kinetic-laser-gallery-10.jpg\" alt=\"\" class=\"wp-image-3714\" srcset=\"https:\/\/kineticcuttingsystems.eu\/fr\/wp-content\/uploads\/sites\/4\/2025\/10\/kinetic-laser-gallery-10.jpg 1100w, https:\/\/kineticcuttingsystems.eu\/fr\/wp-content\/uploads\/sites\/4\/2025\/10\/kinetic-laser-gallery-10-300x200.jpg 300w, https:\/\/kineticcuttingsystems.eu\/fr\/wp-content\/uploads\/sites\/4\/2025\/10\/kinetic-laser-gallery-10-1024x682.jpg 1024w, https:\/\/kineticcuttingsystems.eu\/fr\/wp-content\/uploads\/sites\/4\/2025\/10\/kinetic-laser-gallery-10-768x512.jpg 768w\" sizes=\"auto, (max-width: 1100px) 100vw, 1100px\" \/><\/a><\/figure>\n\n\n\n<figure class=\"wp-block-image size-full\"><a href=\"https:\/\/kineticcuttingsystems.eu\/fr\/wp-content\/uploads\/sites\/4\/2025\/10\/kinetic-laser-gallery-11.jpg\"><img loading=\"lazy\" decoding=\"async\" width=\"1100\" height=\"733\" data-id=\"3715\" src=\"https:\/\/kineticcuttingsystems.eu\/fr\/wp-content\/uploads\/sites\/4\/2025\/10\/kinetic-laser-gallery-11.jpg\" alt=\"\" class=\"wp-image-3715\" srcset=\"https:\/\/kineticcuttingsystems.eu\/fr\/wp-content\/uploads\/sites\/4\/2025\/10\/kinetic-laser-gallery-11.jpg 1100w, https:\/\/kineticcuttingsystems.eu\/fr\/wp-content\/uploads\/sites\/4\/2025\/10\/kinetic-laser-gallery-11-300x200.jpg 300w, https:\/\/kineticcuttingsystems.eu\/fr\/wp-content\/uploads\/sites\/4\/2025\/10\/kinetic-laser-gallery-11-1024x682.jpg 1024w, https:\/\/kineticcuttingsystems.eu\/fr\/wp-content\/uploads\/sites\/4\/2025\/10\/kinetic-laser-gallery-11-768x512.jpg 768w\" sizes=\"auto, (max-width: 1100px) 100vw, 1100px\" \/><\/a><\/figure>\n\n\n\n<figure class=\"wp-block-image size-full\"><a href=\"https:\/\/kineticcuttingsystems.eu\/fr\/wp-content\/uploads\/sites\/4\/2025\/10\/kinetic-laser-gallery-7.jpg\"><img loading=\"lazy\" decoding=\"async\" width=\"1100\" height=\"733\" data-id=\"3712\" src=\"https:\/\/kineticcuttingsystems.eu\/fr\/wp-content\/uploads\/sites\/4\/2025\/10\/kinetic-laser-gallery-7.jpg\" alt=\"\" class=\"wp-image-3712\" srcset=\"https:\/\/kineticcuttingsystems.eu\/fr\/wp-content\/uploads\/sites\/4\/2025\/10\/kinetic-laser-gallery-7.jpg 1100w, https:\/\/kineticcuttingsystems.eu\/fr\/wp-content\/uploads\/sites\/4\/2025\/10\/kinetic-laser-gallery-7-300x200.jpg 300w, https:\/\/kineticcuttingsystems.eu\/fr\/wp-content\/uploads\/sites\/4\/2025\/10\/kinetic-laser-gallery-7-1024x682.jpg 1024w, https:\/\/kineticcuttingsystems.eu\/fr\/wp-content\/uploads\/sites\/4\/2025\/10\/kinetic-laser-gallery-7-768x512.jpg 768w\" sizes=\"auto, (max-width: 1100px) 100vw, 1100px\" \/><\/a><\/figure>\n\n\n\n<figure class=\"wp-block-image size-full\"><a href=\"https:\/\/kineticcuttingsystems.eu\/fr\/wp-content\/uploads\/sites\/4\/2025\/10\/kinetic-laser-gallery-4-1.jpg\"><img loading=\"lazy\" decoding=\"async\" width=\"1100\" height=\"733\" data-id=\"3709\" src=\"https:\/\/kineticcuttingsystems.eu\/fr\/wp-content\/uploads\/sites\/4\/2025\/10\/kinetic-laser-gallery-4-1.jpg\" alt=\"\" class=\"wp-image-3709\" srcset=\"https:\/\/kineticcuttingsystems.eu\/fr\/wp-content\/uploads\/sites\/4\/2025\/10\/kinetic-laser-gallery-4-1.jpg 1100w, https:\/\/kineticcuttingsystems.eu\/fr\/wp-content\/uploads\/sites\/4\/2025\/10\/kinetic-laser-gallery-4-1-300x200.jpg 300w, https:\/\/kineticcuttingsystems.eu\/fr\/wp-content\/uploads\/sites\/4\/2025\/10\/kinetic-laser-gallery-4-1-1024x682.jpg 1024w, https:\/\/kineticcuttingsystems.eu\/fr\/wp-content\/uploads\/sites\/4\/2025\/10\/kinetic-laser-gallery-4-1-768x512.jpg 768w\" sizes=\"auto, (max-width: 1100px) 100vw, 1100px\" \/><\/a><\/figure>\n\n\n\n<figure class=\"wp-block-image size-full\"><a href=\"https:\/\/kineticcuttingsystems.eu\/fr\/wp-content\/uploads\/sites\/4\/2025\/10\/kinetic-laser-gallery-1.jpg\"><img loading=\"lazy\" decoding=\"async\" width=\"1100\" height=\"733\" data-id=\"3706\" src=\"https:\/\/kineticcuttingsystems.eu\/fr\/wp-content\/uploads\/sites\/4\/2025\/10\/kinetic-laser-gallery-1.jpg\" alt=\"\" class=\"wp-image-3706\" srcset=\"https:\/\/kineticcuttingsystems.eu\/fr\/wp-content\/uploads\/sites\/4\/2025\/10\/kinetic-laser-gallery-1.jpg 1100w, https:\/\/kineticcuttingsystems.eu\/fr\/wp-content\/uploads\/sites\/4\/2025\/10\/kinetic-laser-gallery-1-300x200.jpg 300w, https:\/\/kineticcuttingsystems.eu\/fr\/wp-content\/uploads\/sites\/4\/2025\/10\/kinetic-laser-gallery-1-1024x682.jpg 1024w, https:\/\/kineticcuttingsystems.eu\/fr\/wp-content\/uploads\/sites\/4\/2025\/10\/kinetic-laser-gallery-1-768x512.jpg 768w\" sizes=\"auto, (max-width: 1100px) 100vw, 1100px\" \/><\/a><\/figure>\n\n\n\n<figure class=\"wp-block-image size-full\"><a href=\"https:\/\/kineticcuttingsystems.eu\/fr\/wp-content\/uploads\/sites\/4\/2025\/10\/kinetic-laser-gallery-3.jpg\"><img loading=\"lazy\" decoding=\"async\" width=\"1100\" height=\"733\" data-id=\"3708\" src=\"https:\/\/kineticcuttingsystems.eu\/fr\/wp-content\/uploads\/sites\/4\/2025\/10\/kinetic-laser-gallery-3.jpg\" alt=\"\" class=\"wp-image-3708\" srcset=\"https:\/\/kineticcuttingsystems.eu\/fr\/wp-content\/uploads\/sites\/4\/2025\/10\/kinetic-laser-gallery-3.jpg 1100w, https:\/\/kineticcuttingsystems.eu\/fr\/wp-content\/uploads\/sites\/4\/2025\/10\/kinetic-laser-gallery-3-300x200.jpg 300w, https:\/\/kineticcuttingsystems.eu\/fr\/wp-content\/uploads\/sites\/4\/2025\/10\/kinetic-laser-gallery-3-1024x682.jpg 1024w, https:\/\/kineticcuttingsystems.eu\/fr\/wp-content\/uploads\/sites\/4\/2025\/10\/kinetic-laser-gallery-3-768x512.jpg 768w\" sizes=\"auto, (max-width: 1100px) 100vw, 1100px\" \/><\/a><\/figure>\n\n\n\n<figure class=\"wp-block-image size-full\"><a href=\"https:\/\/kineticcuttingsystems.eu\/fr\/wp-content\/uploads\/sites\/4\/2025\/10\/kinetic-laser-gallery-2.jpg\"><img loading=\"lazy\" decoding=\"async\" width=\"1100\" height=\"733\" data-id=\"3707\" src=\"https:\/\/kineticcuttingsystems.eu\/fr\/wp-content\/uploads\/sites\/4\/2025\/10\/kinetic-laser-gallery-2.jpg\" alt=\"\" class=\"wp-image-3707\" srcset=\"https:\/\/kineticcuttingsystems.eu\/fr\/wp-content\/uploads\/sites\/4\/2025\/10\/kinetic-laser-gallery-2.jpg 1100w, https:\/\/kineticcuttingsystems.eu\/fr\/wp-content\/uploads\/sites\/4\/2025\/10\/kinetic-laser-gallery-2-300x200.jpg 300w, https:\/\/kineticcuttingsystems.eu\/fr\/wp-content\/uploads\/sites\/4\/2025\/10\/kinetic-laser-gallery-2-1024x682.jpg 1024w, https:\/\/kineticcuttingsystems.eu\/fr\/wp-content\/uploads\/sites\/4\/2025\/10\/kinetic-laser-gallery-2-768x512.jpg 768w\" sizes=\"auto, (max-width: 1100px) 100vw, 1100px\" \/><\/a><\/figure>\n\n\n\n<figure class=\"wp-block-image size-full\"><a href=\"https:\/\/kineticcuttingsystems.eu\/fr\/wp-content\/uploads\/sites\/4\/2025\/10\/kinetic-laser-gallery-6.jpg\"><img loading=\"lazy\" decoding=\"async\" width=\"1100\" height=\"733\" data-id=\"3711\" src=\"https:\/\/kineticcuttingsystems.eu\/fr\/wp-content\/uploads\/sites\/4\/2025\/10\/kinetic-laser-gallery-6.jpg\" alt=\"\" class=\"wp-image-3711\" srcset=\"https:\/\/kineticcuttingsystems.eu\/fr\/wp-content\/uploads\/sites\/4\/2025\/10\/kinetic-laser-gallery-6.jpg 1100w, https:\/\/kineticcuttingsystems.eu\/fr\/wp-content\/uploads\/sites\/4\/2025\/10\/kinetic-laser-gallery-6-300x200.jpg 300w, https:\/\/kineticcuttingsystems.eu\/fr\/wp-content\/uploads\/sites\/4\/2025\/10\/kinetic-laser-gallery-6-1024x682.jpg 1024w, https:\/\/kineticcuttingsystems.eu\/fr\/wp-content\/uploads\/sites\/4\/2025\/10\/kinetic-laser-gallery-6-768x512.jpg 768w\" sizes=\"auto, (max-width: 1100px) 100vw, 1100px\" \/><\/a><\/figure>\n\n\n\n<figure class=\"wp-block-image size-full\"><a href=\"https:\/\/kineticcuttingsystems.eu\/fr\/wp-content\/uploads\/sites\/4\/2025\/10\/kinetic-laser-gallery-8.jpg\"><img loading=\"lazy\" decoding=\"async\" width=\"1100\" height=\"733\" data-id=\"3713\" src=\"https:\/\/kineticcuttingsystems.eu\/fr\/wp-content\/uploads\/sites\/4\/2025\/10\/kinetic-laser-gallery-8.jpg\" alt=\"\" class=\"wp-image-3713\" srcset=\"https:\/\/kineticcuttingsystems.eu\/fr\/wp-content\/uploads\/sites\/4\/2025\/10\/kinetic-laser-gallery-8.jpg 1100w, https:\/\/kineticcuttingsystems.eu\/fr\/wp-content\/uploads\/sites\/4\/2025\/10\/kinetic-laser-gallery-8-300x200.jpg 300w, https:\/\/kineticcuttingsystems.eu\/fr\/wp-content\/uploads\/sites\/4\/2025\/10\/kinetic-laser-gallery-8-1024x682.jpg 1024w, https:\/\/kineticcuttingsystems.eu\/fr\/wp-content\/uploads\/sites\/4\/2025\/10\/kinetic-laser-gallery-8-768x512.jpg 768w\" sizes=\"auto, (max-width: 1100px) 100vw, 1100px\" \/><\/a><\/figure>\n\n\n\n<figure class=\"wp-block-image size-full\"><a href=\"https:\/\/kineticcuttingsystems.eu\/fr\/wp-content\/uploads\/sites\/4\/2025\/10\/kinetic-laser-part-01.jpg\"><img loading=\"lazy\" decoding=\"async\" width=\"1100\" height=\"733\" data-id=\"3717\" src=\"https:\/\/kineticcuttingsystems.eu\/fr\/wp-content\/uploads\/sites\/4\/2025\/10\/kinetic-laser-part-01.jpg\" alt=\"\" class=\"wp-image-3717\" srcset=\"https:\/\/kineticcuttingsystems.eu\/fr\/wp-content\/uploads\/sites\/4\/2025\/10\/kinetic-laser-part-01.jpg 1100w, https:\/\/kineticcuttingsystems.eu\/fr\/wp-content\/uploads\/sites\/4\/2025\/10\/kinetic-laser-part-01-300x200.jpg 300w, https:\/\/kineticcuttingsystems.eu\/fr\/wp-content\/uploads\/sites\/4\/2025\/10\/kinetic-laser-part-01-1024x682.jpg 1024w, https:\/\/kineticcuttingsystems.eu\/fr\/wp-content\/uploads\/sites\/4\/2025\/10\/kinetic-laser-part-01-768x512.jpg 768w\" sizes=\"auto, (max-width: 1100px) 100vw, 1100px\" \/><\/a><\/figure>\n\n\n\n<figure class=\"wp-block-image size-full\"><a href=\"https:\/\/kineticcuttingsystems.eu\/fr\/wp-content\/uploads\/sites\/4\/2025\/10\/kinetic-laser-part-02.jpg\"><img loading=\"lazy\" decoding=\"async\" width=\"1100\" height=\"733\" data-id=\"3718\" src=\"https:\/\/kineticcuttingsystems.eu\/fr\/wp-content\/uploads\/sites\/4\/2025\/10\/kinetic-laser-part-02.jpg\" alt=\"\" class=\"wp-image-3718\" srcset=\"https:\/\/kineticcuttingsystems.eu\/fr\/wp-content\/uploads\/sites\/4\/2025\/10\/kinetic-laser-part-02.jpg 1100w, https:\/\/kineticcuttingsystems.eu\/fr\/wp-content\/uploads\/sites\/4\/2025\/10\/kinetic-laser-part-02-300x200.jpg 300w, https:\/\/kineticcuttingsystems.eu\/fr\/wp-content\/uploads\/sites\/4\/2025\/10\/kinetic-laser-part-02-1024x682.jpg 1024w, https:\/\/kineticcuttingsystems.eu\/fr\/wp-content\/uploads\/sites\/4\/2025\/10\/kinetic-laser-part-02-768x512.jpg 768w\" sizes=\"auto, (max-width: 1100px) 100vw, 1100px\" \/><\/a><\/figure>\n\n\n\n<figure class=\"wp-block-image size-full\"><a href=\"https:\/\/kineticcuttingsystems.eu\/fr\/wp-content\/uploads\/sites\/4\/2025\/10\/kinetic-laser-part-1.jpg\"><img loading=\"lazy\" decoding=\"async\" width=\"1100\" height=\"733\" data-id=\"3716\" src=\"https:\/\/kineticcuttingsystems.eu\/fr\/wp-content\/uploads\/sites\/4\/2025\/10\/kinetic-laser-part-1.jpg\" alt=\"\" class=\"wp-image-3716\" srcset=\"https:\/\/kineticcuttingsystems.eu\/fr\/wp-content\/uploads\/sites\/4\/2025\/10\/kinetic-laser-part-1.jpg 1100w, https:\/\/kineticcuttingsystems.eu\/fr\/wp-content\/uploads\/sites\/4\/2025\/10\/kinetic-laser-part-1-300x200.jpg 300w, https:\/\/kineticcuttingsystems.eu\/fr\/wp-content\/uploads\/sites\/4\/2025\/10\/kinetic-laser-part-1-1024x682.jpg 1024w, https:\/\/kineticcuttingsystems.eu\/fr\/wp-content\/uploads\/sites\/4\/2025\/10\/kinetic-laser-part-1-768x512.jpg 768w\" sizes=\"auto, (max-width: 1100px) 100vw, 1100px\" \/><\/a><\/figure>\n<\/figure>\n\n\n\n<p>Veuillez noter que les caract\u00e9ristiques et sp\u00e9cifications de nos machines peuvent \u00eatre modifi\u00e9es afin d\u2019int\u00e9grer les derni\u00e8res avanc\u00e9es techniques.\u00a0<a href=\"\/fr\/demandez-un-devis\/\">Contactez-nous d\u00e8s aujourd&#8217;hui <\/a>si vous avez des questions sur des machines sp\u00e9cifiques et sur le syst\u00e8me Kinetic le mieux adapt\u00e9 \u00e0 votre application.<\/p>\n\n\n\n<p><\/p>\n","protected":false},"excerpt":{"rendered":"<p>Laser Pour Plaques Grand Format Nous sommes ravis d\u2019annoncer que la conception innovante des machines KINETIC, qui optimise la productivit\u00e9,<a class=\"moretag\" href=\"https:\/\/kineticcuttingsystems.eu\/fr\/machines-de-decoupe\/laser-pour-plaques-grand-format\/\"> &#8230;continue reading<\/a><\/p>\n","protected":false},"author":2,"featured_media":0,"parent":16,"menu_order":4,"comment_status":"closed","ping_status":"closed","template":"page-product.php","meta":{"_acf_changed":false,"inline_featured_image":false,"footnotes":""},"class_list":["post-3533","page","type-page","status-publish","hentry"],"acf":[],"yoast_head":"<!-- This site is optimized with the Yoast SEO plugin v27.2 - https:\/\/yoast.com\/product\/yoast-seo-wordpress\/ -->\n<title>Laser Pour Plaques Grand Format - Kinetic Syst\u00e8mes de D\u00e9coupe de M\u00e9tal CNC<\/title>\n<meta name=\"robots\" content=\"index, follow, max-snippet:-1, max-image-preview:large, max-video-preview:-1\" \/>\n<link rel=\"canonical\" href=\"https:\/\/kineticcuttingsystems.eu\/fr\/machines-de-decoupe\/laser-pour-plaques-grand-format\/\" \/>\n<meta property=\"og:locale\" content=\"en_US\" \/>\n<meta property=\"og:type\" content=\"article\" \/>\n<meta property=\"og:title\" content=\"Laser Pour Plaques Grand Format - Kinetic Syst\u00e8mes de D\u00e9coupe de M\u00e9tal CNC\" \/>\n<meta property=\"og:description\" content=\"Laser Pour Plaques Grand Format Nous sommes ravis d\u2019annoncer que la conception innovante des machines KINETIC, qui optimise la productivit\u00e9, ...continue reading\" \/>\n<meta property=\"og:url\" content=\"https:\/\/kineticcuttingsystems.eu\/fr\/machines-de-decoupe\/laser-pour-plaques-grand-format\/\" \/>\n<meta property=\"og:site_name\" content=\"Kinetic Syst\u00e8mes de D\u00e9coupe de M\u00e9tal CNC\" \/>\n<meta property=\"article:modified_time\" content=\"2025-11-07T19:39:46+00:00\" \/>\n<meta property=\"og:image\" content=\"https:\/\/kineticcuttingsystems.eu\/fr\/wp-content\/uploads\/sites\/4\/2025\/10\/kinetic-laser-gallery-11.jpg\" \/>\n\t<meta property=\"og:image:width\" content=\"1100\" \/>\n\t<meta property=\"og:image:height\" content=\"733\" \/>\n\t<meta property=\"og:image:type\" content=\"image\/jpeg\" \/>\n<meta name=\"twitter:card\" content=\"summary_large_image\" \/>\n<meta name=\"twitter:label1\" content=\"Est. reading time\" \/>\n\t<meta name=\"twitter:data1\" content=\"4 minutes\" \/>\n<script type=\"application\/ld+json\" class=\"yoast-schema-graph\">{\"@context\":\"https:\/\/schema.org\",\"@graph\":[{\"@type\":\"WebPage\",\"@id\":\"https:\/\/kineticcuttingsystems.eu\/fr\/machines-de-decoupe\/laser-pour-plaques-grand-format\/\",\"url\":\"https:\/\/kineticcuttingsystems.eu\/fr\/machines-de-decoupe\/laser-pour-plaques-grand-format\/\",\"name\":\"Laser Pour Plaques Grand Format - Kinetic Syst\u00e8mes de D\u00e9coupe de M\u00e9tal CNC\",\"isPartOf\":{\"@id\":\"https:\/\/kineticcuttingsystems.eu\/fr\/#website\"},\"primaryImageOfPage\":{\"@id\":\"https:\/\/kineticcuttingsystems.eu\/fr\/machines-de-decoupe\/laser-pour-plaques-grand-format\/#primaryimage\"},\"image\":{\"@id\":\"https:\/\/kineticcuttingsystems.eu\/fr\/machines-de-decoupe\/laser-pour-plaques-grand-format\/#primaryimage\"},\"thumbnailUrl\":\"https:\/\/kineticcuttingsystems.eu\/fr\/wp-content\/uploads\/sites\/4\/2025\/10\/kinetic-laser-gallery-11-1024x682.jpg\",\"datePublished\":\"2025-03-28T16:39:01+00:00\",\"dateModified\":\"2025-11-07T19:39:46+00:00\",\"breadcrumb\":{\"@id\":\"https:\/\/kineticcuttingsystems.eu\/fr\/machines-de-decoupe\/laser-pour-plaques-grand-format\/#breadcrumb\"},\"inLanguage\":\"en-US\",\"potentialAction\":[{\"@type\":\"ReadAction\",\"target\":[\"https:\/\/kineticcuttingsystems.eu\/fr\/machines-de-decoupe\/laser-pour-plaques-grand-format\/\"]}]},{\"@type\":\"ImageObject\",\"inLanguage\":\"en-US\",\"@id\":\"https:\/\/kineticcuttingsystems.eu\/fr\/machines-de-decoupe\/laser-pour-plaques-grand-format\/#primaryimage\",\"url\":\"https:\/\/kineticcuttingsystems.eu\/fr\/wp-content\/uploads\/sites\/4\/2025\/10\/kinetic-laser-gallery-11.jpg\",\"contentUrl\":\"https:\/\/kineticcuttingsystems.eu\/fr\/wp-content\/uploads\/sites\/4\/2025\/10\/kinetic-laser-gallery-11.jpg\",\"width\":1100,\"height\":733},{\"@type\":\"BreadcrumbList\",\"@id\":\"https:\/\/kineticcuttingsystems.eu\/fr\/machines-de-decoupe\/laser-pour-plaques-grand-format\/#breadcrumb\",\"itemListElement\":[{\"@type\":\"ListItem\",\"position\":1,\"name\":\"Home\",\"item\":\"https:\/\/kineticcuttingsystems.eu\/fr\/\"},{\"@type\":\"ListItem\",\"position\":2,\"name\":\"Machines de D\u00e9coupe\",\"item\":\"https:\/\/kineticcuttingsystems.eu\/fr\/machines-de-decoupe\/\"},{\"@type\":\"ListItem\",\"position\":3,\"name\":\"Laser Pour Plaques Grand Format\"}]},{\"@type\":\"WebSite\",\"@id\":\"https:\/\/kineticcuttingsystems.eu\/fr\/#website\",\"url\":\"https:\/\/kineticcuttingsystems.eu\/fr\/\",\"name\":\"Kinetic Syst\u00e8mes de D\u00e9coupe de M\u00e9tal CNC\",\"description\":\"\",\"potentialAction\":[{\"@type\":\"SearchAction\",\"target\":{\"@type\":\"EntryPoint\",\"urlTemplate\":\"https:\/\/kineticcuttingsystems.eu\/fr\/?s={search_term_string}\"},\"query-input\":{\"@type\":\"PropertyValueSpecification\",\"valueRequired\":true,\"valueName\":\"search_term_string\"}}],\"inLanguage\":\"en-US\"}]}<\/script>\n<!-- \/ Yoast SEO plugin. -->","yoast_head_json":{"title":"Laser Pour Plaques Grand Format - Kinetic Syst\u00e8mes de D\u00e9coupe de M\u00e9tal CNC","robots":{"index":"index","follow":"follow","max-snippet":"max-snippet:-1","max-image-preview":"max-image-preview:large","max-video-preview":"max-video-preview:-1"},"canonical":"https:\/\/kineticcuttingsystems.eu\/fr\/machines-de-decoupe\/laser-pour-plaques-grand-format\/","og_locale":"en_US","og_type":"article","og_title":"Laser Pour Plaques Grand Format - Kinetic Syst\u00e8mes de D\u00e9coupe de M\u00e9tal CNC","og_description":"Laser Pour Plaques Grand Format Nous sommes ravis d\u2019annoncer que la conception innovante des machines KINETIC, qui optimise la productivit\u00e9, ...continue reading","og_url":"https:\/\/kineticcuttingsystems.eu\/fr\/machines-de-decoupe\/laser-pour-plaques-grand-format\/","og_site_name":"Kinetic Syst\u00e8mes de D\u00e9coupe de M\u00e9tal CNC","article_modified_time":"2025-11-07T19:39:46+00:00","og_image":[{"width":1100,"height":733,"url":"https:\/\/kineticcuttingsystems.eu\/fr\/wp-content\/uploads\/sites\/4\/2025\/10\/kinetic-laser-gallery-11.jpg","type":"image\/jpeg"}],"twitter_card":"summary_large_image","twitter_misc":{"Est. reading time":"4 minutes"},"schema":{"@context":"https:\/\/schema.org","@graph":[{"@type":"WebPage","@id":"https:\/\/kineticcuttingsystems.eu\/fr\/machines-de-decoupe\/laser-pour-plaques-grand-format\/","url":"https:\/\/kineticcuttingsystems.eu\/fr\/machines-de-decoupe\/laser-pour-plaques-grand-format\/","name":"Laser Pour Plaques Grand Format - Kinetic Syst\u00e8mes de D\u00e9coupe de M\u00e9tal CNC","isPartOf":{"@id":"https:\/\/kineticcuttingsystems.eu\/fr\/#website"},"primaryImageOfPage":{"@id":"https:\/\/kineticcuttingsystems.eu\/fr\/machines-de-decoupe\/laser-pour-plaques-grand-format\/#primaryimage"},"image":{"@id":"https:\/\/kineticcuttingsystems.eu\/fr\/machines-de-decoupe\/laser-pour-plaques-grand-format\/#primaryimage"},"thumbnailUrl":"https:\/\/kineticcuttingsystems.eu\/fr\/wp-content\/uploads\/sites\/4\/2025\/10\/kinetic-laser-gallery-11-1024x682.jpg","datePublished":"2025-03-28T16:39:01+00:00","dateModified":"2025-11-07T19:39:46+00:00","breadcrumb":{"@id":"https:\/\/kineticcuttingsystems.eu\/fr\/machines-de-decoupe\/laser-pour-plaques-grand-format\/#breadcrumb"},"inLanguage":"en-US","potentialAction":[{"@type":"ReadAction","target":["https:\/\/kineticcuttingsystems.eu\/fr\/machines-de-decoupe\/laser-pour-plaques-grand-format\/"]}]},{"@type":"ImageObject","inLanguage":"en-US","@id":"https:\/\/kineticcuttingsystems.eu\/fr\/machines-de-decoupe\/laser-pour-plaques-grand-format\/#primaryimage","url":"https:\/\/kineticcuttingsystems.eu\/fr\/wp-content\/uploads\/sites\/4\/2025\/10\/kinetic-laser-gallery-11.jpg","contentUrl":"https:\/\/kineticcuttingsystems.eu\/fr\/wp-content\/uploads\/sites\/4\/2025\/10\/kinetic-laser-gallery-11.jpg","width":1100,"height":733},{"@type":"BreadcrumbList","@id":"https:\/\/kineticcuttingsystems.eu\/fr\/machines-de-decoupe\/laser-pour-plaques-grand-format\/#breadcrumb","itemListElement":[{"@type":"ListItem","position":1,"name":"Home","item":"https:\/\/kineticcuttingsystems.eu\/fr\/"},{"@type":"ListItem","position":2,"name":"Machines de D\u00e9coupe","item":"https:\/\/kineticcuttingsystems.eu\/fr\/machines-de-decoupe\/"},{"@type":"ListItem","position":3,"name":"Laser Pour Plaques Grand Format"}]},{"@type":"WebSite","@id":"https:\/\/kineticcuttingsystems.eu\/fr\/#website","url":"https:\/\/kineticcuttingsystems.eu\/fr\/","name":"Kinetic Syst\u00e8mes de D\u00e9coupe de M\u00e9tal CNC","description":"","potentialAction":[{"@type":"SearchAction","target":{"@type":"EntryPoint","urlTemplate":"https:\/\/kineticcuttingsystems.eu\/fr\/?s={search_term_string}"},"query-input":{"@type":"PropertyValueSpecification","valueRequired":true,"valueName":"search_term_string"}}],"inLanguage":"en-US"}]}},"_links":{"self":[{"href":"https:\/\/kineticcuttingsystems.eu\/fr\/wp-json\/wp\/v2\/pages\/3533","targetHints":{"allow":["GET"]}}],"collection":[{"href":"https:\/\/kineticcuttingsystems.eu\/fr\/wp-json\/wp\/v2\/pages"}],"about":[{"href":"https:\/\/kineticcuttingsystems.eu\/fr\/wp-json\/wp\/v2\/types\/page"}],"author":[{"embeddable":true,"href":"https:\/\/kineticcuttingsystems.eu\/fr\/wp-json\/wp\/v2\/users\/2"}],"replies":[{"embeddable":true,"href":"https:\/\/kineticcuttingsystems.eu\/fr\/wp-json\/wp\/v2\/comments?post=3533"}],"version-history":[{"count":6,"href":"https:\/\/kineticcuttingsystems.eu\/fr\/wp-json\/wp\/v2\/pages\/3533\/revisions"}],"predecessor-version":[{"id":3923,"href":"https:\/\/kineticcuttingsystems.eu\/fr\/wp-json\/wp\/v2\/pages\/3533\/revisions\/3923"}],"up":[{"embeddable":true,"href":"https:\/\/kineticcuttingsystems.eu\/fr\/wp-json\/wp\/v2\/pages\/16"}],"wp:attachment":[{"href":"https:\/\/kineticcuttingsystems.eu\/fr\/wp-json\/wp\/v2\/media?parent=3533"}],"curies":[{"name":"wp","href":"https:\/\/api.w.org\/{rel}","templated":true}]}}