{"id":322,"date":"2018-04-30T18:45:23","date_gmt":"2018-04-30T18:45:23","guid":{"rendered":"https:\/\/kineticcuttingsystems.eu\/?page_id=322"},"modified":"2025-11-07T20:02:16","modified_gmt":"2025-11-07T20:02:16","slug":"marquage-par-percussion","status":"publish","type":"page","link":"https:\/\/kineticcuttingsystems.eu\/fr\/machines-de-decoupe\/options-et-accessoires-plasma\/marquage-par-percussion\/","title":{"rendered":"Marquage par Percussion"},"content":{"rendered":"\n<h1 class=\"wp-block-heading\">MARQUAGE PAR PERCUSSION<\/h1>\n\n\n\n<p>Notre option de marquage par percussion vous permet d&#8217;ajouter facilement divers marquages \u00e0 vos pi\u00e8ces et projets. Des num\u00e9ros de pi\u00e8ce aux rep\u00e8res d&#8217;alignement, en passant par les logos et bien plus encore, regardez la vid\u00e9o ci-dessous pour d\u00e9couvrir cette option en action.<\/p>\n\n\n\n<figure class=\"wp-block-embed is-type-video is-provider-youtube wp-block-embed-youtube\"><div style=\"display: contents;\">\n\n<div data-mode=\"normal\" data-oembed=\"1\" data-provider=\"youtube\" id=\"arve-youtube-baamxkz5w2s\" class=\"arve\">\n\t<div class=\"arve-inner\">\n\t\t<div class=\"arve-embed arve-embed--has-aspect-ratio\">\n\t\t\t<div class=\"arve-ar\" style=\"padding-top:56.250000%\"><\/div>\n\t\t\t<iframe allow=\"accelerometer &#039;none&#039;;autoplay &#039;none&#039;;camera &#039;none&#039;;ch-ua &#039;none&#039;;clipboard-read &#039;none&#039;;clipboard-write;display-capture &#039;none&#039;;encrypted-media &#039;none&#039;;gamepad &#039;none&#039;;geolocation &#039;none&#039;;gyroscope &#039;none&#039;;hid &#039;none&#039;;identity-credentials-get &#039;none&#039;;idle-detection &#039;none&#039;;keyboard-map &#039;none&#039;;local-fonts &#039;none&#039;;magnetometer &#039;none&#039;;microphone &#039;none&#039;;midi &#039;none&#039;;payment &#039;none&#039;;picture-in-picture;publickey-credentials-create &#039;none&#039;;publickey-credentials-get &#039;none&#039;;screen-wake-lock &#039;none&#039;;serial &#039;none&#039;;sync-xhr;usb &#039;none&#039;;window-management &#039;none&#039;;xr-spatial-tracking &#039;none&#039;;\" allowfullscreen=\"\" class=\"arve-iframe fitvidsignore\" credentialless data-arve=\"arve-youtube-baamxkz5w2s\" data-lenis-prevent=\"\" data-src-no-ap=\"https:\/\/www.youtube-nocookie.com\/embed\/bAamxKZ5w2s?start=2&amp;feature=oembed&amp;iv_load_policy=3&amp;modestbranding=1&amp;rel=0&amp;autohide=1&amp;playsinline=0&amp;autoplay=0\" frameborder=\"0\" height=\"0\" loading=\"lazy\" name=\"\" referrerpolicy=\"strict-origin-when-cross-origin\" sandbox=\"allow-scripts allow-same-origin allow-presentation allow-popups allow-popups-to-escape-sandbox\" scrolling=\"no\" src=\"https:\/\/www.youtube-nocookie.com\/embed\/bAamxKZ5w2s?start=2&#038;feature=oembed&#038;iv_load_policy=3&#038;modestbranding=1&#038;rel=0&#038;autohide=1&#038;playsinline=0&#038;autoplay=0\" title=\"\" width=\"0\"><\/iframe>\n\t\t\t\n\t\t<\/div>\n\t\t\n\t<\/div>\n\t\n\t\n\t<script type=\"application\/ld+json\">{\"@context\":\"http:\\\/\\\/schema.org\\\/\",\"@id\":\"https:\\\/\\\/kineticcuttingsystems.eu\\\/fr\\\/machines-de-decoupe\\\/options-et-accessoires-plasma\\\/marquage-par-percussion\\\/#arve-youtube-baamxkz5w2s\",\"type\":\"VideoObject\",\"embedURL\":\"https:\\\/\\\/www.youtube-nocookie.com\\\/embed\\\/bAamxKZ5w2s?start=2&feature=oembed&iv_load_policy=3&modestbranding=1&rel=0&autohide=1&playsinline=0&autoplay=0\"}<\/script>\n<\/div>\n<\/div><\/figure>\n\n\n\n<p>Le marquage de vos pi\u00e8ces vous aiderait-il \u00e0 travailler plus rapidement ou plus intelligemment\u00a0?\u00a0<a href=\"\/fr\/demandez-un-devis\/\">Contactez-nous d\u00e8s aujourd&#8217;hui<\/a> pour en savoir plus. Au plaisir de recevoir vos messages!<\/p>\n","protected":false},"excerpt":{"rendered":"<p>MARQUAGE PAR PERCUSSION Notre option de marquage par percussion vous permet d&#8217;ajouter facilement divers marquages \u00e0 vos pi\u00e8ces et projets.<a class=\"moretag\" href=\"https:\/\/kineticcuttingsystems.eu\/fr\/machines-de-decoupe\/options-et-accessoires-plasma\/marquage-par-percussion\/\"> &#8230;continue reading<\/a><\/p>\n","protected":false},"author":2,"featured_media":0,"parent":195,"menu_order":8,"comment_status":"closed","ping_status":"closed","template":"page-product.php","meta":{"_acf_changed":false,"inline_featured_image":false,"footnotes":""},"class_list":["post-322","page","type-page","status-publish","hentry"],"acf":[],"yoast_head":"<!-- This site is optimized with the Yoast SEO plugin v27.2 - https:\/\/yoast.com\/product\/yoast-seo-wordpress\/ -->\n<title>Marquage par Percussion - Kinetic Syst\u00e8mes de D\u00e9coupe de M\u00e9tal CNC<\/title>\n<meta name=\"robots\" content=\"index, follow, max-snippet:-1, max-image-preview:large, max-video-preview:-1\" \/>\n<link rel=\"canonical\" href=\"https:\/\/kineticcuttingsystems.eu\/fr\/machines-de-decoupe\/options-et-accessoires-plasma\/marquage-par-percussion\/\" \/>\n<meta property=\"og:locale\" content=\"en_US\" \/>\n<meta property=\"og:type\" content=\"article\" \/>\n<meta property=\"og:title\" content=\"Marquage par Percussion - Kinetic Syst\u00e8mes de D\u00e9coupe de M\u00e9tal CNC\" \/>\n<meta property=\"og:description\" content=\"MARQUAGE PAR PERCUSSION Notre option de marquage par percussion vous permet d&#8217;ajouter facilement divers marquages \u00e0 vos pi\u00e8ces et projets. ...continue reading\" \/>\n<meta property=\"og:url\" content=\"https:\/\/kineticcuttingsystems.eu\/fr\/machines-de-decoupe\/options-et-accessoires-plasma\/marquage-par-percussion\/\" \/>\n<meta property=\"og:site_name\" content=\"Kinetic Syst\u00e8mes de D\u00e9coupe de M\u00e9tal CNC\" \/>\n<meta property=\"article:modified_time\" content=\"2025-11-07T20:02:16+00:00\" \/>\n<meta name=\"twitter:card\" content=\"summary_large_image\" \/>\n<meta name=\"twitter:label1\" content=\"Est. reading time\" \/>\n\t<meta name=\"twitter:data1\" content=\"1 minute\" \/>\n<script type=\"application\/ld+json\" class=\"yoast-schema-graph\">{\"@context\":\"https:\/\/schema.org\",\"@graph\":[{\"@type\":\"WebPage\",\"@id\":\"https:\/\/kineticcuttingsystems.eu\/fr\/machines-de-decoupe\/options-et-accessoires-plasma\/marquage-par-percussion\/\",\"url\":\"https:\/\/kineticcuttingsystems.eu\/fr\/machines-de-decoupe\/options-et-accessoires-plasma\/marquage-par-percussion\/\",\"name\":\"Marquage par Percussion - Kinetic Syst\u00e8mes de D\u00e9coupe de M\u00e9tal CNC\",\"isPartOf\":{\"@id\":\"https:\/\/kineticcuttingsystems.eu\/fr\/#website\"},\"datePublished\":\"2018-04-30T18:45:23+00:00\",\"dateModified\":\"2025-11-07T20:02:16+00:00\",\"breadcrumb\":{\"@id\":\"https:\/\/kineticcuttingsystems.eu\/fr\/machines-de-decoupe\/options-et-accessoires-plasma\/marquage-par-percussion\/#breadcrumb\"},\"inLanguage\":\"en-US\",\"potentialAction\":[{\"@type\":\"ReadAction\",\"target\":[\"https:\/\/kineticcuttingsystems.eu\/fr\/machines-de-decoupe\/options-et-accessoires-plasma\/marquage-par-percussion\/\"]}]},{\"@type\":\"BreadcrumbList\",\"@id\":\"https:\/\/kineticcuttingsystems.eu\/fr\/machines-de-decoupe\/options-et-accessoires-plasma\/marquage-par-percussion\/#breadcrumb\",\"itemListElement\":[{\"@type\":\"ListItem\",\"position\":1,\"name\":\"Home\",\"item\":\"https:\/\/kineticcuttingsystems.eu\/fr\/\"},{\"@type\":\"ListItem\",\"position\":2,\"name\":\"Machines de D\u00e9coupe\",\"item\":\"https:\/\/kineticcuttingsystems.eu\/fr\/machines-de-decoupe\/\"},{\"@type\":\"ListItem\",\"position\":3,\"name\":\"Options et Accessoires Plasma\",\"item\":\"https:\/\/kineticcuttingsystems.eu\/fr\/machines-de-decoupe\/options-et-accessoires-plasma\/\"},{\"@type\":\"ListItem\",\"position\":4,\"name\":\"Marquage par Percussion\"}]},{\"@type\":\"WebSite\",\"@id\":\"https:\/\/kineticcuttingsystems.eu\/fr\/#website\",\"url\":\"https:\/\/kineticcuttingsystems.eu\/fr\/\",\"name\":\"Kinetic Syst\u00e8mes de D\u00e9coupe de M\u00e9tal CNC\",\"description\":\"\",\"potentialAction\":[{\"@type\":\"SearchAction\",\"target\":{\"@type\":\"EntryPoint\",\"urlTemplate\":\"https:\/\/kineticcuttingsystems.eu\/fr\/?s={search_term_string}\"},\"query-input\":{\"@type\":\"PropertyValueSpecification\",\"valueRequired\":true,\"valueName\":\"search_term_string\"}}],\"inLanguage\":\"en-US\"}]}<\/script>\n<!-- \/ Yoast SEO plugin. -->","yoast_head_json":{"title":"Marquage par Percussion - Kinetic Syst\u00e8mes de D\u00e9coupe de M\u00e9tal CNC","robots":{"index":"index","follow":"follow","max-snippet":"max-snippet:-1","max-image-preview":"max-image-preview:large","max-video-preview":"max-video-preview:-1"},"canonical":"https:\/\/kineticcuttingsystems.eu\/fr\/machines-de-decoupe\/options-et-accessoires-plasma\/marquage-par-percussion\/","og_locale":"en_US","og_type":"article","og_title":"Marquage par Percussion - Kinetic Syst\u00e8mes de D\u00e9coupe de M\u00e9tal CNC","og_description":"MARQUAGE PAR PERCUSSION Notre option de marquage par percussion vous permet d&#8217;ajouter facilement divers marquages \u00e0 vos pi\u00e8ces et projets. ...continue reading","og_url":"https:\/\/kineticcuttingsystems.eu\/fr\/machines-de-decoupe\/options-et-accessoires-plasma\/marquage-par-percussion\/","og_site_name":"Kinetic Syst\u00e8mes de D\u00e9coupe de M\u00e9tal CNC","article_modified_time":"2025-11-07T20:02:16+00:00","twitter_card":"summary_large_image","twitter_misc":{"Est. reading time":"1 minute"},"schema":{"@context":"https:\/\/schema.org","@graph":[{"@type":"WebPage","@id":"https:\/\/kineticcuttingsystems.eu\/fr\/machines-de-decoupe\/options-et-accessoires-plasma\/marquage-par-percussion\/","url":"https:\/\/kineticcuttingsystems.eu\/fr\/machines-de-decoupe\/options-et-accessoires-plasma\/marquage-par-percussion\/","name":"Marquage par Percussion - Kinetic Syst\u00e8mes de D\u00e9coupe de M\u00e9tal CNC","isPartOf":{"@id":"https:\/\/kineticcuttingsystems.eu\/fr\/#website"},"datePublished":"2018-04-30T18:45:23+00:00","dateModified":"2025-11-07T20:02:16+00:00","breadcrumb":{"@id":"https:\/\/kineticcuttingsystems.eu\/fr\/machines-de-decoupe\/options-et-accessoires-plasma\/marquage-par-percussion\/#breadcrumb"},"inLanguage":"en-US","potentialAction":[{"@type":"ReadAction","target":["https:\/\/kineticcuttingsystems.eu\/fr\/machines-de-decoupe\/options-et-accessoires-plasma\/marquage-par-percussion\/"]}]},{"@type":"BreadcrumbList","@id":"https:\/\/kineticcuttingsystems.eu\/fr\/machines-de-decoupe\/options-et-accessoires-plasma\/marquage-par-percussion\/#breadcrumb","itemListElement":[{"@type":"ListItem","position":1,"name":"Home","item":"https:\/\/kineticcuttingsystems.eu\/fr\/"},{"@type":"ListItem","position":2,"name":"Machines de D\u00e9coupe","item":"https:\/\/kineticcuttingsystems.eu\/fr\/machines-de-decoupe\/"},{"@type":"ListItem","position":3,"name":"Options et Accessoires Plasma","item":"https:\/\/kineticcuttingsystems.eu\/fr\/machines-de-decoupe\/options-et-accessoires-plasma\/"},{"@type":"ListItem","position":4,"name":"Marquage par Percussion"}]},{"@type":"WebSite","@id":"https:\/\/kineticcuttingsystems.eu\/fr\/#website","url":"https:\/\/kineticcuttingsystems.eu\/fr\/","name":"Kinetic Syst\u00e8mes de D\u00e9coupe de M\u00e9tal CNC","description":"","potentialAction":[{"@type":"SearchAction","target":{"@type":"EntryPoint","urlTemplate":"https:\/\/kineticcuttingsystems.eu\/fr\/?s={search_term_string}"},"query-input":{"@type":"PropertyValueSpecification","valueRequired":true,"valueName":"search_term_string"}}],"inLanguage":"en-US"}]}},"_links":{"self":[{"href":"https:\/\/kineticcuttingsystems.eu\/fr\/wp-json\/wp\/v2\/pages\/322","targetHints":{"allow":["GET"]}}],"collection":[{"href":"https:\/\/kineticcuttingsystems.eu\/fr\/wp-json\/wp\/v2\/pages"}],"about":[{"href":"https:\/\/kineticcuttingsystems.eu\/fr\/wp-json\/wp\/v2\/types\/page"}],"author":[{"embeddable":true,"href":"https:\/\/kineticcuttingsystems.eu\/fr\/wp-json\/wp\/v2\/users\/2"}],"replies":[{"embeddable":true,"href":"https:\/\/kineticcuttingsystems.eu\/fr\/wp-json\/wp\/v2\/comments?post=322"}],"version-history":[{"count":4,"href":"https:\/\/kineticcuttingsystems.eu\/fr\/wp-json\/wp\/v2\/pages\/322\/revisions"}],"predecessor-version":[{"id":3936,"href":"https:\/\/kineticcuttingsystems.eu\/fr\/wp-json\/wp\/v2\/pages\/322\/revisions\/3936"}],"up":[{"embeddable":true,"href":"https:\/\/kineticcuttingsystems.eu\/fr\/wp-json\/wp\/v2\/pages\/195"}],"wp:attachment":[{"href":"https:\/\/kineticcuttingsystems.eu\/fr\/wp-json\/wp\/v2\/media?parent=322"}],"curies":[{"name":"wp","href":"https:\/\/api.w.org\/{rel}","templated":true}]}}