{"id":319,"date":"2018-04-30T18:42:26","date_gmt":"2018-04-30T18:42:26","guid":{"rendered":"https:\/\/kineticcuttingsystems.eu\/?page_id=319"},"modified":"2025-11-07T20:01:37","modified_gmt":"2025-11-07T20:01:37","slug":"accessoire-pour-decouper-les-tuyaux","status":"publish","type":"page","link":"https:\/\/kineticcuttingsystems.eu\/fr\/machines-de-decoupe\/options-et-accessoires-plasma\/accessoire-pour-decouper-les-tuyaux\/","title":{"rendered":"Accessoire Pour D\u00e9couper les Tuyaux"},"content":{"rendered":"\n<h1 class=\"wp-block-heading\">Accessoire pour d\u00e9couper les tuyaux<\/h1>\n\n\n\n<p>Les machines de d\u00e9coupe plasma Kinetic peuvent b\u00e9n\u00e9ficier de notre syst\u00e8me optionnel de d\u00e9coupe de tuyaux. Ce syst\u00e8me utilise un mandrin entra\u00een\u00e9 par un servomoteur pour faire tourner le tuyau pendant la d\u00e9coupe.<\/p>\n\n\n<div class=\"wp-block-image\">\n<figure class=\"aligncenter\"><img loading=\"lazy\" decoding=\"async\" width=\"1199\" height=\"684\" src=\"https:\/\/kineticcuttingsystems.eu\/fr\/wp-content\/uploads\/sites\/4\/2021\/06\/Pipe.cutting.attachment.png\" alt=\"\" class=\"wp-image-2304\" srcset=\"https:\/\/kineticcuttingsystems.eu\/fr\/wp-content\/uploads\/sites\/4\/2021\/06\/Pipe.cutting.attachment.png 1199w, https:\/\/kineticcuttingsystems.eu\/fr\/wp-content\/uploads\/sites\/4\/2021\/06\/Pipe.cutting.attachment-300x171.png 300w, https:\/\/kineticcuttingsystems.eu\/fr\/wp-content\/uploads\/sites\/4\/2021\/06\/Pipe.cutting.attachment-1024x584.png 1024w, https:\/\/kineticcuttingsystems.eu\/fr\/wp-content\/uploads\/sites\/4\/2021\/06\/Pipe.cutting.attachment-768x438.png 768w\" sizes=\"auto, (max-width: 1199px) 100vw, 1199px\" \/><\/figure><\/div>\n\n\n<p>L&#8217;unit\u00e9 de d\u00e9coupe de tuyaux est capable de couper des tuyaux de 90 mm \u00e0 600 NB et jusqu&#8217;\u00e0 40 pieds (12,2 m) de long.&nbsp; Cinq supports de tuyau sont inclus. Ils sont espac\u00e9s manuellement sur une longueur de tuyau de 40 pieds (12,2 m) et ajust\u00e9s manuellement pour soutenir le tuyau.<\/p>\n\n\n\n<p>Si vous avez des questions concernant la d\u00e9coupe plasma CNC pour les mat\u00e9riaux tubulaires, <a href=\"\/fr\/demandez-un-devis\/\">contactez-nous d\u00e8s aujourd&#8217;hui<\/a>. Nos experts sont \u00e0 votre disposition pour r\u00e9pondre \u00e0 toutes vos questions.<\/p>\n","protected":false},"excerpt":{"rendered":"<p>Accessoire pour d\u00e9couper les tuyaux Les machines de d\u00e9coupe plasma Kinetic peuvent b\u00e9n\u00e9ficier de notre syst\u00e8me optionnel de d\u00e9coupe de<a class=\"moretag\" href=\"https:\/\/kineticcuttingsystems.eu\/fr\/machines-de-decoupe\/options-et-accessoires-plasma\/accessoire-pour-decouper-les-tuyaux\/\"> &#8230;continue reading<\/a><\/p>\n","protected":false},"author":2,"featured_media":0,"parent":195,"menu_order":5,"comment_status":"closed","ping_status":"closed","template":"page-product.php","meta":{"_acf_changed":false,"inline_featured_image":false,"footnotes":""},"class_list":["post-319","page","type-page","status-publish","hentry"],"acf":[],"yoast_head":"<!-- This site is optimized with the Yoast SEO plugin v27.2 - https:\/\/yoast.com\/product\/yoast-seo-wordpress\/ -->\n<title>Accessoire Pour D\u00e9couper les Tuyaux - Kinetic Syst\u00e8mes de D\u00e9coupe de M\u00e9tal CNC<\/title>\n<meta name=\"robots\" content=\"index, follow, max-snippet:-1, max-image-preview:large, max-video-preview:-1\" \/>\n<link rel=\"canonical\" href=\"https:\/\/kineticcuttingsystems.eu\/fr\/machines-de-decoupe\/options-et-accessoires-plasma\/accessoire-pour-decouper-les-tuyaux\/\" \/>\n<meta property=\"og:locale\" content=\"en_US\" \/>\n<meta property=\"og:type\" content=\"article\" \/>\n<meta property=\"og:title\" content=\"Accessoire Pour D\u00e9couper les Tuyaux - Kinetic Syst\u00e8mes de D\u00e9coupe de M\u00e9tal CNC\" \/>\n<meta property=\"og:description\" content=\"Accessoire pour d\u00e9couper les tuyaux Les machines de d\u00e9coupe plasma Kinetic peuvent b\u00e9n\u00e9ficier de notre syst\u00e8me optionnel de d\u00e9coupe de ...continue reading\" \/>\n<meta property=\"og:url\" content=\"https:\/\/kineticcuttingsystems.eu\/fr\/machines-de-decoupe\/options-et-accessoires-plasma\/accessoire-pour-decouper-les-tuyaux\/\" \/>\n<meta property=\"og:site_name\" content=\"Kinetic Syst\u00e8mes de D\u00e9coupe de M\u00e9tal CNC\" \/>\n<meta property=\"article:modified_time\" content=\"2025-11-07T20:01:37+00:00\" \/>\n<meta property=\"og:image\" content=\"https:\/\/kineticcuttingsystems.eu\/fr\/wp-content\/uploads\/sites\/4\/2021\/06\/Pipe.cutting.attachment.png\" \/>\n\t<meta property=\"og:image:width\" content=\"1199\" \/>\n\t<meta property=\"og:image:height\" content=\"684\" \/>\n\t<meta property=\"og:image:type\" content=\"image\/png\" \/>\n<meta name=\"twitter:card\" content=\"summary_large_image\" \/>\n<meta name=\"twitter:label1\" content=\"Est. reading time\" \/>\n\t<meta name=\"twitter:data1\" content=\"1 minute\" \/>\n<script type=\"application\/ld+json\" class=\"yoast-schema-graph\">{\"@context\":\"https:\/\/schema.org\",\"@graph\":[{\"@type\":\"WebPage\",\"@id\":\"https:\/\/kineticcuttingsystems.eu\/fr\/machines-de-decoupe\/options-et-accessoires-plasma\/accessoire-pour-decouper-les-tuyaux\/\",\"url\":\"https:\/\/kineticcuttingsystems.eu\/fr\/machines-de-decoupe\/options-et-accessoires-plasma\/accessoire-pour-decouper-les-tuyaux\/\",\"name\":\"Accessoire Pour D\u00e9couper les Tuyaux - Kinetic Syst\u00e8mes de D\u00e9coupe de M\u00e9tal CNC\",\"isPartOf\":{\"@id\":\"https:\/\/kineticcuttingsystems.eu\/fr\/#website\"},\"primaryImageOfPage\":{\"@id\":\"https:\/\/kineticcuttingsystems.eu\/fr\/machines-de-decoupe\/options-et-accessoires-plasma\/accessoire-pour-decouper-les-tuyaux\/#primaryimage\"},\"image\":{\"@id\":\"https:\/\/kineticcuttingsystems.eu\/fr\/machines-de-decoupe\/options-et-accessoires-plasma\/accessoire-pour-decouper-les-tuyaux\/#primaryimage\"},\"thumbnailUrl\":\"https:\/\/kineticcuttingsystems.eu\/fr\/wp-content\/uploads\/sites\/4\/2021\/06\/Pipe.cutting.attachment.png\",\"datePublished\":\"2018-04-30T18:42:26+00:00\",\"dateModified\":\"2025-11-07T20:01:37+00:00\",\"breadcrumb\":{\"@id\":\"https:\/\/kineticcuttingsystems.eu\/fr\/machines-de-decoupe\/options-et-accessoires-plasma\/accessoire-pour-decouper-les-tuyaux\/#breadcrumb\"},\"inLanguage\":\"en-US\",\"potentialAction\":[{\"@type\":\"ReadAction\",\"target\":[\"https:\/\/kineticcuttingsystems.eu\/fr\/machines-de-decoupe\/options-et-accessoires-plasma\/accessoire-pour-decouper-les-tuyaux\/\"]}]},{\"@type\":\"ImageObject\",\"inLanguage\":\"en-US\",\"@id\":\"https:\/\/kineticcuttingsystems.eu\/fr\/machines-de-decoupe\/options-et-accessoires-plasma\/accessoire-pour-decouper-les-tuyaux\/#primaryimage\",\"url\":\"https:\/\/kineticcuttingsystems.eu\/fr\/wp-content\/uploads\/sites\/4\/2021\/06\/Pipe.cutting.attachment.png\",\"contentUrl\":\"https:\/\/kineticcuttingsystems.eu\/fr\/wp-content\/uploads\/sites\/4\/2021\/06\/Pipe.cutting.attachment.png\",\"width\":1199,\"height\":684},{\"@type\":\"BreadcrumbList\",\"@id\":\"https:\/\/kineticcuttingsystems.eu\/fr\/machines-de-decoupe\/options-et-accessoires-plasma\/accessoire-pour-decouper-les-tuyaux\/#breadcrumb\",\"itemListElement\":[{\"@type\":\"ListItem\",\"position\":1,\"name\":\"Home\",\"item\":\"https:\/\/kineticcuttingsystems.eu\/fr\/\"},{\"@type\":\"ListItem\",\"position\":2,\"name\":\"Machines de D\u00e9coupe\",\"item\":\"https:\/\/kineticcuttingsystems.eu\/fr\/machines-de-decoupe\/\"},{\"@type\":\"ListItem\",\"position\":3,\"name\":\"Options et Accessoires Plasma\",\"item\":\"https:\/\/kineticcuttingsystems.eu\/fr\/machines-de-decoupe\/options-et-accessoires-plasma\/\"},{\"@type\":\"ListItem\",\"position\":4,\"name\":\"Accessoire Pour D\u00e9couper les Tuyaux\"}]},{\"@type\":\"WebSite\",\"@id\":\"https:\/\/kineticcuttingsystems.eu\/fr\/#website\",\"url\":\"https:\/\/kineticcuttingsystems.eu\/fr\/\",\"name\":\"Kinetic Syst\u00e8mes de D\u00e9coupe de M\u00e9tal CNC\",\"description\":\"\",\"potentialAction\":[{\"@type\":\"SearchAction\",\"target\":{\"@type\":\"EntryPoint\",\"urlTemplate\":\"https:\/\/kineticcuttingsystems.eu\/fr\/?s={search_term_string}\"},\"query-input\":{\"@type\":\"PropertyValueSpecification\",\"valueRequired\":true,\"valueName\":\"search_term_string\"}}],\"inLanguage\":\"en-US\"}]}<\/script>\n<!-- \/ Yoast SEO plugin. -->","yoast_head_json":{"title":"Accessoire Pour D\u00e9couper les Tuyaux - Kinetic Syst\u00e8mes de D\u00e9coupe de M\u00e9tal CNC","robots":{"index":"index","follow":"follow","max-snippet":"max-snippet:-1","max-image-preview":"max-image-preview:large","max-video-preview":"max-video-preview:-1"},"canonical":"https:\/\/kineticcuttingsystems.eu\/fr\/machines-de-decoupe\/options-et-accessoires-plasma\/accessoire-pour-decouper-les-tuyaux\/","og_locale":"en_US","og_type":"article","og_title":"Accessoire Pour D\u00e9couper les Tuyaux - Kinetic Syst\u00e8mes de D\u00e9coupe de M\u00e9tal CNC","og_description":"Accessoire pour d\u00e9couper les tuyaux Les machines de d\u00e9coupe plasma Kinetic peuvent b\u00e9n\u00e9ficier de notre syst\u00e8me optionnel de d\u00e9coupe de ...continue reading","og_url":"https:\/\/kineticcuttingsystems.eu\/fr\/machines-de-decoupe\/options-et-accessoires-plasma\/accessoire-pour-decouper-les-tuyaux\/","og_site_name":"Kinetic Syst\u00e8mes de D\u00e9coupe de M\u00e9tal CNC","article_modified_time":"2025-11-07T20:01:37+00:00","og_image":[{"width":1199,"height":684,"url":"https:\/\/kineticcuttingsystems.eu\/fr\/wp-content\/uploads\/sites\/4\/2021\/06\/Pipe.cutting.attachment.png","type":"image\/png"}],"twitter_card":"summary_large_image","twitter_misc":{"Est. reading time":"1 minute"},"schema":{"@context":"https:\/\/schema.org","@graph":[{"@type":"WebPage","@id":"https:\/\/kineticcuttingsystems.eu\/fr\/machines-de-decoupe\/options-et-accessoires-plasma\/accessoire-pour-decouper-les-tuyaux\/","url":"https:\/\/kineticcuttingsystems.eu\/fr\/machines-de-decoupe\/options-et-accessoires-plasma\/accessoire-pour-decouper-les-tuyaux\/","name":"Accessoire Pour D\u00e9couper les Tuyaux - Kinetic Syst\u00e8mes de D\u00e9coupe de M\u00e9tal CNC","isPartOf":{"@id":"https:\/\/kineticcuttingsystems.eu\/fr\/#website"},"primaryImageOfPage":{"@id":"https:\/\/kineticcuttingsystems.eu\/fr\/machines-de-decoupe\/options-et-accessoires-plasma\/accessoire-pour-decouper-les-tuyaux\/#primaryimage"},"image":{"@id":"https:\/\/kineticcuttingsystems.eu\/fr\/machines-de-decoupe\/options-et-accessoires-plasma\/accessoire-pour-decouper-les-tuyaux\/#primaryimage"},"thumbnailUrl":"https:\/\/kineticcuttingsystems.eu\/fr\/wp-content\/uploads\/sites\/4\/2021\/06\/Pipe.cutting.attachment.png","datePublished":"2018-04-30T18:42:26+00:00","dateModified":"2025-11-07T20:01:37+00:00","breadcrumb":{"@id":"https:\/\/kineticcuttingsystems.eu\/fr\/machines-de-decoupe\/options-et-accessoires-plasma\/accessoire-pour-decouper-les-tuyaux\/#breadcrumb"},"inLanguage":"en-US","potentialAction":[{"@type":"ReadAction","target":["https:\/\/kineticcuttingsystems.eu\/fr\/machines-de-decoupe\/options-et-accessoires-plasma\/accessoire-pour-decouper-les-tuyaux\/"]}]},{"@type":"ImageObject","inLanguage":"en-US","@id":"https:\/\/kineticcuttingsystems.eu\/fr\/machines-de-decoupe\/options-et-accessoires-plasma\/accessoire-pour-decouper-les-tuyaux\/#primaryimage","url":"https:\/\/kineticcuttingsystems.eu\/fr\/wp-content\/uploads\/sites\/4\/2021\/06\/Pipe.cutting.attachment.png","contentUrl":"https:\/\/kineticcuttingsystems.eu\/fr\/wp-content\/uploads\/sites\/4\/2021\/06\/Pipe.cutting.attachment.png","width":1199,"height":684},{"@type":"BreadcrumbList","@id":"https:\/\/kineticcuttingsystems.eu\/fr\/machines-de-decoupe\/options-et-accessoires-plasma\/accessoire-pour-decouper-les-tuyaux\/#breadcrumb","itemListElement":[{"@type":"ListItem","position":1,"name":"Home","item":"https:\/\/kineticcuttingsystems.eu\/fr\/"},{"@type":"ListItem","position":2,"name":"Machines de D\u00e9coupe","item":"https:\/\/kineticcuttingsystems.eu\/fr\/machines-de-decoupe\/"},{"@type":"ListItem","position":3,"name":"Options et Accessoires Plasma","item":"https:\/\/kineticcuttingsystems.eu\/fr\/machines-de-decoupe\/options-et-accessoires-plasma\/"},{"@type":"ListItem","position":4,"name":"Accessoire Pour D\u00e9couper les Tuyaux"}]},{"@type":"WebSite","@id":"https:\/\/kineticcuttingsystems.eu\/fr\/#website","url":"https:\/\/kineticcuttingsystems.eu\/fr\/","name":"Kinetic Syst\u00e8mes de D\u00e9coupe de M\u00e9tal CNC","description":"","potentialAction":[{"@type":"SearchAction","target":{"@type":"EntryPoint","urlTemplate":"https:\/\/kineticcuttingsystems.eu\/fr\/?s={search_term_string}"},"query-input":{"@type":"PropertyValueSpecification","valueRequired":true,"valueName":"search_term_string"}}],"inLanguage":"en-US"}]}},"_links":{"self":[{"href":"https:\/\/kineticcuttingsystems.eu\/fr\/wp-json\/wp\/v2\/pages\/319","targetHints":{"allow":["GET"]}}],"collection":[{"href":"https:\/\/kineticcuttingsystems.eu\/fr\/wp-json\/wp\/v2\/pages"}],"about":[{"href":"https:\/\/kineticcuttingsystems.eu\/fr\/wp-json\/wp\/v2\/types\/page"}],"author":[{"embeddable":true,"href":"https:\/\/kineticcuttingsystems.eu\/fr\/wp-json\/wp\/v2\/users\/2"}],"replies":[{"embeddable":true,"href":"https:\/\/kineticcuttingsystems.eu\/fr\/wp-json\/wp\/v2\/comments?post=319"}],"version-history":[{"count":3,"href":"https:\/\/kineticcuttingsystems.eu\/fr\/wp-json\/wp\/v2\/pages\/319\/revisions"}],"predecessor-version":[{"id":3935,"href":"https:\/\/kineticcuttingsystems.eu\/fr\/wp-json\/wp\/v2\/pages\/319\/revisions\/3935"}],"up":[{"embeddable":true,"href":"https:\/\/kineticcuttingsystems.eu\/fr\/wp-json\/wp\/v2\/pages\/195"}],"wp:attachment":[{"href":"https:\/\/kineticcuttingsystems.eu\/fr\/wp-json\/wp\/v2\/media?parent=319"}],"curies":[{"name":"wp","href":"https:\/\/api.w.org\/{rel}","templated":true}]}}