{"id":318,"date":"2018-04-30T18:41:43","date_gmt":"2018-04-30T18:41:43","guid":{"rendered":"https:\/\/kineticcuttingsystems.eu\/?page_id=318"},"modified":"2025-11-07T20:01:03","modified_gmt":"2025-11-07T20:01:03","slug":"systeme-automatise-denlevement-de-pieces","status":"publish","type":"page","link":"https:\/\/kineticcuttingsystems.eu\/fr\/machines-de-decoupe\/options-et-accessoires-plasma\/systeme-automatise-denlevement-de-pieces\/","title":{"rendered":"Syst\u00e8me Automatis\u00e9 D&#8217;enl\u00e8vement de Pi\u00e8ces"},"content":{"rendered":"\n<h1 class=\"wp-block-heading\">Syst\u00e8me Automatis\u00e9 D&#8217;enl\u00e8vement de Pi\u00e8ces<\/h1>\n\n\n\n<figure class=\"wp-block-video\"><video controls src=\"https:\/\/kineticcuttingsystems.eu\/fr\/wp-content\/uploads\/sites\/4\/2018\/06\/K5200-Unloader-2017-hbc2-2.mp4\"><\/video><\/figure>\n\n\n\n<p>Gr\u00e2ce \u00e0 notre robot automatis\u00e9 d&#8217;enl\u00e8vement des pi\u00e8ces, nos syst\u00e8mes de d\u00e9coupe plasma K3200xmc, K4200xmc et K5200xmc peuvent \u00eatre configur\u00e9s pour enlever les pi\u00e8ces de la machine et les empiler par num\u00e9ro de pi\u00e8ce ou num\u00e9ro d&#8217;ordre de travail pendant que la machine continue \u00e0 d\u00e9couper.<\/p>\n\n\n\n<p>Le robot peut m\u00eame se d\u00e9placer sous le portique de d\u00e9coupe afin d&#8217;utiliser pleinement la table de d\u00e9coupe, quelle que soit sa taille. Cette option est un moyen s\u00fbr d\u2019acc\u00e9l\u00e9rer la production, de faire gagner du temps \u00e0 l\u2019op\u00e9rateur et de maximiser le temps de fonctionnement de la machine.<\/p>\n\n\n\n<figure class=\"wp-block-gallery has-nested-images columns-4 is-cropped wp-block-gallery-1 is-layout-flex wp-block-gallery-is-layout-flex\">\n<figure class=\"wp-block-image size-full\"><a href=\"https:\/\/kineticcuttingsystems.eu\/fr\/wp-content\/uploads\/sites\/4\/2018\/06\/kinetic-removal-1.jpg\"><img loading=\"lazy\" decoding=\"async\" width=\"1000\" height=\"667\" data-id=\"610\" src=\"https:\/\/kineticcuttingsystems.eu\/fr\/wp-content\/uploads\/sites\/4\/2018\/06\/kinetic-removal-1.jpg\" alt=\"\" class=\"wp-image-610\" srcset=\"https:\/\/kineticcuttingsystems.eu\/fr\/wp-content\/uploads\/sites\/4\/2018\/06\/kinetic-removal-1.jpg 1000w, https:\/\/kineticcuttingsystems.eu\/fr\/wp-content\/uploads\/sites\/4\/2018\/06\/kinetic-removal-1-300x200.jpg 300w, https:\/\/kineticcuttingsystems.eu\/fr\/wp-content\/uploads\/sites\/4\/2018\/06\/kinetic-removal-1-768x512.jpg 768w\" sizes=\"auto, (max-width: 1000px) 100vw, 1000px\" \/><\/a><\/figure>\n\n\n\n<figure class=\"wp-block-image size-full\"><a href=\"https:\/\/kineticcuttingsystems.eu\/fr\/wp-content\/uploads\/sites\/4\/2018\/06\/kinetic-removal-2.jpg\"><img loading=\"lazy\" decoding=\"async\" width=\"1000\" height=\"667\" data-id=\"611\" src=\"https:\/\/kineticcuttingsystems.eu\/fr\/wp-content\/uploads\/sites\/4\/2018\/06\/kinetic-removal-2.jpg\" alt=\"\" class=\"wp-image-611\" srcset=\"https:\/\/kineticcuttingsystems.eu\/fr\/wp-content\/uploads\/sites\/4\/2018\/06\/kinetic-removal-2.jpg 1000w, https:\/\/kineticcuttingsystems.eu\/fr\/wp-content\/uploads\/sites\/4\/2018\/06\/kinetic-removal-2-300x200.jpg 300w, https:\/\/kineticcuttingsystems.eu\/fr\/wp-content\/uploads\/sites\/4\/2018\/06\/kinetic-removal-2-768x512.jpg 768w\" sizes=\"auto, (max-width: 1000px) 100vw, 1000px\" \/><\/a><\/figure>\n\n\n\n<figure class=\"wp-block-image size-full\"><a href=\"https:\/\/kineticcuttingsystems.eu\/fr\/wp-content\/uploads\/sites\/4\/2018\/06\/kinetic-removal-3.jpg\"><img loading=\"lazy\" decoding=\"async\" width=\"1000\" height=\"667\" data-id=\"612\" src=\"https:\/\/kineticcuttingsystems.eu\/fr\/wp-content\/uploads\/sites\/4\/2018\/06\/kinetic-removal-3.jpg\" alt=\"\" class=\"wp-image-612\" srcset=\"https:\/\/kineticcuttingsystems.eu\/fr\/wp-content\/uploads\/sites\/4\/2018\/06\/kinetic-removal-3.jpg 1000w, https:\/\/kineticcuttingsystems.eu\/fr\/wp-content\/uploads\/sites\/4\/2018\/06\/kinetic-removal-3-300x200.jpg 300w, https:\/\/kineticcuttingsystems.eu\/fr\/wp-content\/uploads\/sites\/4\/2018\/06\/kinetic-removal-3-768x512.jpg 768w\" sizes=\"auto, (max-width: 1000px) 100vw, 1000px\" \/><\/a><\/figure>\n\n\n\n<figure class=\"wp-block-image size-full\"><a href=\"https:\/\/kineticcuttingsystems.eu\/fr\/wp-content\/uploads\/sites\/4\/2018\/06\/kinetic-removal-9.jpg\"><img loading=\"lazy\" decoding=\"async\" width=\"1000\" height=\"667\" data-id=\"619\" src=\"https:\/\/kineticcuttingsystems.eu\/fr\/wp-content\/uploads\/sites\/4\/2018\/06\/kinetic-removal-9.jpg\" alt=\"\" class=\"wp-image-619\" srcset=\"https:\/\/kineticcuttingsystems.eu\/fr\/wp-content\/uploads\/sites\/4\/2018\/06\/kinetic-removal-9.jpg 1000w, https:\/\/kineticcuttingsystems.eu\/fr\/wp-content\/uploads\/sites\/4\/2018\/06\/kinetic-removal-9-300x200.jpg 300w, https:\/\/kineticcuttingsystems.eu\/fr\/wp-content\/uploads\/sites\/4\/2018\/06\/kinetic-removal-9-768x512.jpg 768w\" sizes=\"auto, (max-width: 1000px) 100vw, 1000px\" \/><\/a><\/figure>\n\n\n\n<figure class=\"wp-block-image size-full\"><a href=\"https:\/\/kineticcuttingsystems.eu\/fr\/wp-content\/uploads\/sites\/4\/2018\/06\/kinetic-removal-7.jpg\"><img loading=\"lazy\" decoding=\"async\" width=\"1000\" height=\"667\" data-id=\"616\" src=\"https:\/\/kineticcuttingsystems.eu\/fr\/wp-content\/uploads\/sites\/4\/2018\/06\/kinetic-removal-7.jpg\" alt=\"\" class=\"wp-image-616\" srcset=\"https:\/\/kineticcuttingsystems.eu\/fr\/wp-content\/uploads\/sites\/4\/2018\/06\/kinetic-removal-7.jpg 1000w, https:\/\/kineticcuttingsystems.eu\/fr\/wp-content\/uploads\/sites\/4\/2018\/06\/kinetic-removal-7-300x200.jpg 300w, https:\/\/kineticcuttingsystems.eu\/fr\/wp-content\/uploads\/sites\/4\/2018\/06\/kinetic-removal-7-768x512.jpg 768w\" sizes=\"auto, (max-width: 1000px) 100vw, 1000px\" \/><\/a><\/figure>\n\n\n\n<figure class=\"wp-block-image size-full\"><a href=\"https:\/\/kineticcuttingsystems.eu\/fr\/wp-content\/uploads\/sites\/4\/2018\/06\/kinetic-removal-4-1-1.jpg\"><img loading=\"lazy\" decoding=\"async\" width=\"1000\" height=\"667\" data-id=\"618\" src=\"https:\/\/kineticcuttingsystems.eu\/fr\/wp-content\/uploads\/sites\/4\/2018\/06\/kinetic-removal-4-1-1.jpg\" alt=\"\" class=\"wp-image-618\" srcset=\"https:\/\/kineticcuttingsystems.eu\/fr\/wp-content\/uploads\/sites\/4\/2018\/06\/kinetic-removal-4-1-1.jpg 1000w, https:\/\/kineticcuttingsystems.eu\/fr\/wp-content\/uploads\/sites\/4\/2018\/06\/kinetic-removal-4-1-1-300x200.jpg 300w, https:\/\/kineticcuttingsystems.eu\/fr\/wp-content\/uploads\/sites\/4\/2018\/06\/kinetic-removal-4-1-1-768x512.jpg 768w\" sizes=\"auto, (max-width: 1000px) 100vw, 1000px\" \/><\/a><\/figure>\n\n\n\n<figure class=\"wp-block-image size-full\"><a href=\"https:\/\/kineticcuttingsystems.eu\/fr\/wp-content\/uploads\/sites\/4\/2018\/06\/kinetic-removal-8.jpg\"><img loading=\"lazy\" decoding=\"async\" width=\"1000\" height=\"667\" data-id=\"617\" src=\"https:\/\/kineticcuttingsystems.eu\/fr\/wp-content\/uploads\/sites\/4\/2018\/06\/kinetic-removal-8.jpg\" alt=\"\" class=\"wp-image-617\" srcset=\"https:\/\/kineticcuttingsystems.eu\/fr\/wp-content\/uploads\/sites\/4\/2018\/06\/kinetic-removal-8.jpg 1000w, https:\/\/kineticcuttingsystems.eu\/fr\/wp-content\/uploads\/sites\/4\/2018\/06\/kinetic-removal-8-300x200.jpg 300w, https:\/\/kineticcuttingsystems.eu\/fr\/wp-content\/uploads\/sites\/4\/2018\/06\/kinetic-removal-8-768x512.jpg 768w\" sizes=\"auto, (max-width: 1000px) 100vw, 1000px\" \/><\/a><\/figure>\n\n\n\n<figure class=\"wp-block-image size-full\"><a href=\"https:\/\/kineticcuttingsystems.eu\/fr\/wp-content\/uploads\/sites\/4\/2018\/06\/kinetic-removal-10.jpg\"><img loading=\"lazy\" decoding=\"async\" width=\"1000\" height=\"667\" data-id=\"620\" src=\"https:\/\/kineticcuttingsystems.eu\/fr\/wp-content\/uploads\/sites\/4\/2018\/06\/kinetic-removal-10.jpg\" alt=\"\" class=\"wp-image-620\" srcset=\"https:\/\/kineticcuttingsystems.eu\/fr\/wp-content\/uploads\/sites\/4\/2018\/06\/kinetic-removal-10.jpg 1000w, https:\/\/kineticcuttingsystems.eu\/fr\/wp-content\/uploads\/sites\/4\/2018\/06\/kinetic-removal-10-300x200.jpg 300w, https:\/\/kineticcuttingsystems.eu\/fr\/wp-content\/uploads\/sites\/4\/2018\/06\/kinetic-removal-10-768x512.jpg 768w\" sizes=\"auto, (max-width: 1000px) 100vw, 1000px\" \/><\/a><\/figure>\n<\/figure>\n","protected":false},"excerpt":{"rendered":"<p>Syst\u00e8me Automatis\u00e9 D&#8217;enl\u00e8vement de Pi\u00e8ces Gr\u00e2ce \u00e0 notre robot automatis\u00e9 d&#8217;enl\u00e8vement des pi\u00e8ces, nos syst\u00e8mes de d\u00e9coupe plasma K3200xmc, K4200xmc<a class=\"moretag\" href=\"https:\/\/kineticcuttingsystems.eu\/fr\/machines-de-decoupe\/options-et-accessoires-plasma\/systeme-automatise-denlevement-de-pieces\/\"> &#8230;continue reading<\/a><\/p>\n","protected":false},"author":2,"featured_media":0,"parent":195,"menu_order":4,"comment_status":"closed","ping_status":"closed","template":"page-product.php","meta":{"_acf_changed":false,"inline_featured_image":false,"footnotes":""},"class_list":["post-318","page","type-page","status-publish","hentry"],"acf":[],"yoast_head":"<!-- This site is optimized with the Yoast SEO plugin v27.2 - https:\/\/yoast.com\/product\/yoast-seo-wordpress\/ -->\n<title>Syst\u00e8me Automatis\u00e9 D&#039;enl\u00e8vement de Pi\u00e8ces - Kinetic Syst\u00e8mes de D\u00e9coupe de M\u00e9tal CNC<\/title>\n<meta name=\"robots\" content=\"index, follow, max-snippet:-1, max-image-preview:large, max-video-preview:-1\" \/>\n<link rel=\"canonical\" href=\"https:\/\/kineticcuttingsystems.eu\/fr\/machines-de-decoupe\/options-et-accessoires-plasma\/systeme-automatise-denlevement-de-pieces\/\" \/>\n<meta property=\"og:locale\" content=\"en_US\" \/>\n<meta property=\"og:type\" content=\"article\" \/>\n<meta property=\"og:title\" content=\"Syst\u00e8me Automatis\u00e9 D&#039;enl\u00e8vement de Pi\u00e8ces - Kinetic Syst\u00e8mes de D\u00e9coupe de M\u00e9tal CNC\" \/>\n<meta property=\"og:description\" content=\"Syst\u00e8me Automatis\u00e9 D&#8217;enl\u00e8vement de Pi\u00e8ces Gr\u00e2ce \u00e0 notre robot automatis\u00e9 d&#8217;enl\u00e8vement des pi\u00e8ces, nos syst\u00e8mes de d\u00e9coupe plasma K3200xmc, K4200xmc ...continue reading\" \/>\n<meta property=\"og:url\" content=\"https:\/\/kineticcuttingsystems.eu\/fr\/machines-de-decoupe\/options-et-accessoires-plasma\/systeme-automatise-denlevement-de-pieces\/\" \/>\n<meta property=\"og:site_name\" content=\"Kinetic Syst\u00e8mes de D\u00e9coupe de M\u00e9tal CNC\" \/>\n<meta property=\"article:modified_time\" content=\"2025-11-07T20:01:03+00:00\" \/>\n<meta property=\"og:image\" content=\"https:\/\/kineticcuttingsystems.eu\/fr\/wp-content\/uploads\/sites\/4\/2018\/06\/kinetic-removal-1.jpg\" \/>\n\t<meta property=\"og:image:width\" content=\"1000\" \/>\n\t<meta property=\"og:image:height\" content=\"667\" \/>\n\t<meta property=\"og:image:type\" content=\"image\/jpeg\" \/>\n<meta name=\"twitter:card\" content=\"summary_large_image\" \/>\n<meta name=\"twitter:label1\" content=\"Est. reading time\" \/>\n\t<meta name=\"twitter:data1\" content=\"3 minutes\" \/>\n<script type=\"application\/ld+json\" class=\"yoast-schema-graph\">{\"@context\":\"https:\/\/schema.org\",\"@graph\":[{\"@type\":\"WebPage\",\"@id\":\"https:\/\/kineticcuttingsystems.eu\/fr\/machines-de-decoupe\/options-et-accessoires-plasma\/systeme-automatise-denlevement-de-pieces\/\",\"url\":\"https:\/\/kineticcuttingsystems.eu\/fr\/machines-de-decoupe\/options-et-accessoires-plasma\/systeme-automatise-denlevement-de-pieces\/\",\"name\":\"Syst\u00e8me Automatis\u00e9 D'enl\u00e8vement de Pi\u00e8ces - Kinetic Syst\u00e8mes de D\u00e9coupe de M\u00e9tal CNC\",\"isPartOf\":{\"@id\":\"https:\/\/kineticcuttingsystems.eu\/fr\/#website\"},\"primaryImageOfPage\":{\"@id\":\"https:\/\/kineticcuttingsystems.eu\/fr\/machines-de-decoupe\/options-et-accessoires-plasma\/systeme-automatise-denlevement-de-pieces\/#primaryimage\"},\"image\":{\"@id\":\"https:\/\/kineticcuttingsystems.eu\/fr\/machines-de-decoupe\/options-et-accessoires-plasma\/systeme-automatise-denlevement-de-pieces\/#primaryimage\"},\"thumbnailUrl\":\"https:\/\/kineticcuttingsystems.eu\/fr\/wp-content\/uploads\/sites\/4\/2018\/06\/kinetic-removal-1.jpg\",\"datePublished\":\"2018-04-30T18:41:43+00:00\",\"dateModified\":\"2025-11-07T20:01:03+00:00\",\"breadcrumb\":{\"@id\":\"https:\/\/kineticcuttingsystems.eu\/fr\/machines-de-decoupe\/options-et-accessoires-plasma\/systeme-automatise-denlevement-de-pieces\/#breadcrumb\"},\"inLanguage\":\"en-US\",\"potentialAction\":[{\"@type\":\"ReadAction\",\"target\":[\"https:\/\/kineticcuttingsystems.eu\/fr\/machines-de-decoupe\/options-et-accessoires-plasma\/systeme-automatise-denlevement-de-pieces\/\"]}]},{\"@type\":\"ImageObject\",\"inLanguage\":\"en-US\",\"@id\":\"https:\/\/kineticcuttingsystems.eu\/fr\/machines-de-decoupe\/options-et-accessoires-plasma\/systeme-automatise-denlevement-de-pieces\/#primaryimage\",\"url\":\"https:\/\/kineticcuttingsystems.eu\/fr\/wp-content\/uploads\/sites\/4\/2018\/06\/kinetic-removal-1.jpg\",\"contentUrl\":\"https:\/\/kineticcuttingsystems.eu\/fr\/wp-content\/uploads\/sites\/4\/2018\/06\/kinetic-removal-1.jpg\"},{\"@type\":\"BreadcrumbList\",\"@id\":\"https:\/\/kineticcuttingsystems.eu\/fr\/machines-de-decoupe\/options-et-accessoires-plasma\/systeme-automatise-denlevement-de-pieces\/#breadcrumb\",\"itemListElement\":[{\"@type\":\"ListItem\",\"position\":1,\"name\":\"Home\",\"item\":\"https:\/\/kineticcuttingsystems.eu\/fr\/\"},{\"@type\":\"ListItem\",\"position\":2,\"name\":\"Machines de D\u00e9coupe\",\"item\":\"https:\/\/kineticcuttingsystems.eu\/fr\/machines-de-decoupe\/\"},{\"@type\":\"ListItem\",\"position\":3,\"name\":\"Options et Accessoires Plasma\",\"item\":\"https:\/\/kineticcuttingsystems.eu\/fr\/machines-de-decoupe\/options-et-accessoires-plasma\/\"},{\"@type\":\"ListItem\",\"position\":4,\"name\":\"Syst\u00e8me Automatis\u00e9 D&#8217;enl\u00e8vement de Pi\u00e8ces\"}]},{\"@type\":\"WebSite\",\"@id\":\"https:\/\/kineticcuttingsystems.eu\/fr\/#website\",\"url\":\"https:\/\/kineticcuttingsystems.eu\/fr\/\",\"name\":\"Kinetic Syst\u00e8mes de D\u00e9coupe de M\u00e9tal CNC\",\"description\":\"\",\"potentialAction\":[{\"@type\":\"SearchAction\",\"target\":{\"@type\":\"EntryPoint\",\"urlTemplate\":\"https:\/\/kineticcuttingsystems.eu\/fr\/?s={search_term_string}\"},\"query-input\":{\"@type\":\"PropertyValueSpecification\",\"valueRequired\":true,\"valueName\":\"search_term_string\"}}],\"inLanguage\":\"en-US\"}]}<\/script>\n<!-- \/ Yoast SEO plugin. -->","yoast_head_json":{"title":"Syst\u00e8me Automatis\u00e9 D'enl\u00e8vement de Pi\u00e8ces - Kinetic Syst\u00e8mes de D\u00e9coupe de M\u00e9tal CNC","robots":{"index":"index","follow":"follow","max-snippet":"max-snippet:-1","max-image-preview":"max-image-preview:large","max-video-preview":"max-video-preview:-1"},"canonical":"https:\/\/kineticcuttingsystems.eu\/fr\/machines-de-decoupe\/options-et-accessoires-plasma\/systeme-automatise-denlevement-de-pieces\/","og_locale":"en_US","og_type":"article","og_title":"Syst\u00e8me Automatis\u00e9 D'enl\u00e8vement de Pi\u00e8ces - Kinetic Syst\u00e8mes de D\u00e9coupe de M\u00e9tal CNC","og_description":"Syst\u00e8me Automatis\u00e9 D&#8217;enl\u00e8vement de Pi\u00e8ces Gr\u00e2ce \u00e0 notre robot automatis\u00e9 d&#8217;enl\u00e8vement des pi\u00e8ces, nos syst\u00e8mes de d\u00e9coupe plasma K3200xmc, K4200xmc ...continue reading","og_url":"https:\/\/kineticcuttingsystems.eu\/fr\/machines-de-decoupe\/options-et-accessoires-plasma\/systeme-automatise-denlevement-de-pieces\/","og_site_name":"Kinetic Syst\u00e8mes de D\u00e9coupe de M\u00e9tal CNC","article_modified_time":"2025-11-07T20:01:03+00:00","og_image":[{"width":1000,"height":667,"url":"https:\/\/kineticcuttingsystems.eu\/fr\/wp-content\/uploads\/sites\/4\/2018\/06\/kinetic-removal-1.jpg","type":"image\/jpeg"}],"twitter_card":"summary_large_image","twitter_misc":{"Est. reading time":"3 minutes"},"schema":{"@context":"https:\/\/schema.org","@graph":[{"@type":"WebPage","@id":"https:\/\/kineticcuttingsystems.eu\/fr\/machines-de-decoupe\/options-et-accessoires-plasma\/systeme-automatise-denlevement-de-pieces\/","url":"https:\/\/kineticcuttingsystems.eu\/fr\/machines-de-decoupe\/options-et-accessoires-plasma\/systeme-automatise-denlevement-de-pieces\/","name":"Syst\u00e8me Automatis\u00e9 D'enl\u00e8vement de Pi\u00e8ces - Kinetic Syst\u00e8mes de D\u00e9coupe de M\u00e9tal CNC","isPartOf":{"@id":"https:\/\/kineticcuttingsystems.eu\/fr\/#website"},"primaryImageOfPage":{"@id":"https:\/\/kineticcuttingsystems.eu\/fr\/machines-de-decoupe\/options-et-accessoires-plasma\/systeme-automatise-denlevement-de-pieces\/#primaryimage"},"image":{"@id":"https:\/\/kineticcuttingsystems.eu\/fr\/machines-de-decoupe\/options-et-accessoires-plasma\/systeme-automatise-denlevement-de-pieces\/#primaryimage"},"thumbnailUrl":"https:\/\/kineticcuttingsystems.eu\/fr\/wp-content\/uploads\/sites\/4\/2018\/06\/kinetic-removal-1.jpg","datePublished":"2018-04-30T18:41:43+00:00","dateModified":"2025-11-07T20:01:03+00:00","breadcrumb":{"@id":"https:\/\/kineticcuttingsystems.eu\/fr\/machines-de-decoupe\/options-et-accessoires-plasma\/systeme-automatise-denlevement-de-pieces\/#breadcrumb"},"inLanguage":"en-US","potentialAction":[{"@type":"ReadAction","target":["https:\/\/kineticcuttingsystems.eu\/fr\/machines-de-decoupe\/options-et-accessoires-plasma\/systeme-automatise-denlevement-de-pieces\/"]}]},{"@type":"ImageObject","inLanguage":"en-US","@id":"https:\/\/kineticcuttingsystems.eu\/fr\/machines-de-decoupe\/options-et-accessoires-plasma\/systeme-automatise-denlevement-de-pieces\/#primaryimage","url":"https:\/\/kineticcuttingsystems.eu\/fr\/wp-content\/uploads\/sites\/4\/2018\/06\/kinetic-removal-1.jpg","contentUrl":"https:\/\/kineticcuttingsystems.eu\/fr\/wp-content\/uploads\/sites\/4\/2018\/06\/kinetic-removal-1.jpg"},{"@type":"BreadcrumbList","@id":"https:\/\/kineticcuttingsystems.eu\/fr\/machines-de-decoupe\/options-et-accessoires-plasma\/systeme-automatise-denlevement-de-pieces\/#breadcrumb","itemListElement":[{"@type":"ListItem","position":1,"name":"Home","item":"https:\/\/kineticcuttingsystems.eu\/fr\/"},{"@type":"ListItem","position":2,"name":"Machines de D\u00e9coupe","item":"https:\/\/kineticcuttingsystems.eu\/fr\/machines-de-decoupe\/"},{"@type":"ListItem","position":3,"name":"Options et Accessoires Plasma","item":"https:\/\/kineticcuttingsystems.eu\/fr\/machines-de-decoupe\/options-et-accessoires-plasma\/"},{"@type":"ListItem","position":4,"name":"Syst\u00e8me Automatis\u00e9 D&#8217;enl\u00e8vement de Pi\u00e8ces"}]},{"@type":"WebSite","@id":"https:\/\/kineticcuttingsystems.eu\/fr\/#website","url":"https:\/\/kineticcuttingsystems.eu\/fr\/","name":"Kinetic Syst\u00e8mes de D\u00e9coupe de M\u00e9tal CNC","description":"","potentialAction":[{"@type":"SearchAction","target":{"@type":"EntryPoint","urlTemplate":"https:\/\/kineticcuttingsystems.eu\/fr\/?s={search_term_string}"},"query-input":{"@type":"PropertyValueSpecification","valueRequired":true,"valueName":"search_term_string"}}],"inLanguage":"en-US"}]}},"_links":{"self":[{"href":"https:\/\/kineticcuttingsystems.eu\/fr\/wp-json\/wp\/v2\/pages\/318","targetHints":{"allow":["GET"]}}],"collection":[{"href":"https:\/\/kineticcuttingsystems.eu\/fr\/wp-json\/wp\/v2\/pages"}],"about":[{"href":"https:\/\/kineticcuttingsystems.eu\/fr\/wp-json\/wp\/v2\/types\/page"}],"author":[{"embeddable":true,"href":"https:\/\/kineticcuttingsystems.eu\/fr\/wp-json\/wp\/v2\/users\/2"}],"replies":[{"embeddable":true,"href":"https:\/\/kineticcuttingsystems.eu\/fr\/wp-json\/wp\/v2\/comments?post=318"}],"version-history":[{"count":5,"href":"https:\/\/kineticcuttingsystems.eu\/fr\/wp-json\/wp\/v2\/pages\/318\/revisions"}],"predecessor-version":[{"id":3934,"href":"https:\/\/kineticcuttingsystems.eu\/fr\/wp-json\/wp\/v2\/pages\/318\/revisions\/3934"}],"up":[{"embeddable":true,"href":"https:\/\/kineticcuttingsystems.eu\/fr\/wp-json\/wp\/v2\/pages\/195"}],"wp:attachment":[{"href":"https:\/\/kineticcuttingsystems.eu\/fr\/wp-json\/wp\/v2\/media?parent=318"}],"curies":[{"name":"wp","href":"https:\/\/api.w.org\/{rel}","templated":true}]}}