{"id":317,"date":"2018-04-30T18:41:13","date_gmt":"2018-04-30T18:41:13","guid":{"rendered":"https:\/\/kineticcuttingsystems.eu\/?page_id=317"},"modified":"2025-11-07T19:59:49","modified_gmt":"2025-11-07T19:59:49","slug":"fraisage-percage-taraudage-alesage-et-plus-encore","status":"publish","type":"page","link":"https:\/\/kineticcuttingsystems.eu\/fr\/machines-de-decoupe\/options-et-accessoires-plasma\/fraisage-percage-taraudage-alesage-et-plus-encore\/","title":{"rendered":"Fraisage, Per\u00e7age, Taraudage, Al\u00e9sage et Plus Encore"},"content":{"rendered":"<h1>FRAISAGE, PER\u00c7AGE, TARAUDAGE, AL\u00c9SAGE ET PLUS ENCORE<\/h1>\n<p><img loading=\"lazy\" decoding=\"async\" class=\"aligncenter size-large wp-image-352\" src=\"https:\/\/kineticcuttingsystems.eu\/fr\/wp-content\/uploads\/sites\/4\/2018\/05\/Drilling-1024x683.jpg\" alt=\"\" width=\"640\" height=\"427\" srcset=\"https:\/\/kineticcuttingsystems.eu\/fr\/wp-content\/uploads\/sites\/4\/2018\/05\/Drilling-1024x683.jpg 1024w, https:\/\/kineticcuttingsystems.eu\/fr\/wp-content\/uploads\/sites\/4\/2018\/05\/Drilling-300x200.jpg 300w, https:\/\/kineticcuttingsystems.eu\/fr\/wp-content\/uploads\/sites\/4\/2018\/05\/Drilling-768x512.jpg 768w, https:\/\/kineticcuttingsystems.eu\/fr\/wp-content\/uploads\/sites\/4\/2018\/05\/Drilling-1536x1024.jpg 1536w, https:\/\/kineticcuttingsystems.eu\/fr\/wp-content\/uploads\/sites\/4\/2018\/05\/Drilling.jpg 2048w\" sizes=\"auto, (max-width: 640px) 100vw, 640px\" \/><\/p>\n<p>Avec une capacit\u00e9 pouvant atteindre 24 outils dans le changeur d&#8217;outils automatique, les pi\u00e8ces peuvent \u00eatre retir\u00e9es de la table avec tous les trous perc\u00e9s et taraud\u00e9s.<\/p>\n<ul>\n<li>Broches \u00e0 grande vitesse de 17 CV \u00e0 48 CV<\/li>\n<li>Pour le per\u00e7age, le taraudage, le fraisage, le lamage, le fraisage, l&#8217;al\u00e9sage<\/li>\n<li>C\u00f4nes morse 40 et 50 pour utilisation avec outils universels<\/li>\n<li>Pied de serrage motoris\u00e9 pour faciliter le maintien de la plaque pendant les op\u00e9rations d\u2019usinage.<\/li>\n<li>Refroidissement haute pression par la broche<\/li>\n<li>Syst\u00e8me d&#8217;\u00e9limination des copeaux pour nettoyer les copeaux de la surface de la plaque<\/li>\n<\/ul>\n<p>Vous souhaitez en savoir plus sur nos capacit\u00e9s en mati\u00e8re de per\u00e7age, fraisage, al\u00e9sage et taraudage? <a href=\"\/fr\/demandez-un-devis\/\">Contactez-nous d\u00e8s aujourd&#8217;hui.<\/a><\/p>\n\n\n<p><\/p>\n","protected":false},"excerpt":{"rendered":"<p>FRAISAGE, PER\u00c7AGE, TARAUDAGE, AL\u00c9SAGE ET PLUS ENCORE Avec une capacit\u00e9 pouvant atteindre 24 outils dans le changeur d&#8217;outils automatique, les<a class=\"moretag\" href=\"https:\/\/kineticcuttingsystems.eu\/fr\/machines-de-decoupe\/options-et-accessoires-plasma\/fraisage-percage-taraudage-alesage-et-plus-encore\/\"> &#8230;continue reading<\/a><\/p>\n","protected":false},"author":2,"featured_media":0,"parent":195,"menu_order":3,"comment_status":"closed","ping_status":"closed","template":"page-product.php","meta":{"_acf_changed":false,"inline_featured_image":false,"footnotes":""},"class_list":["post-317","page","type-page","status-publish","hentry"],"acf":[],"yoast_head":"<!-- This site is optimized with the Yoast SEO plugin v27.2 - https:\/\/yoast.com\/product\/yoast-seo-wordpress\/ -->\n<title>Fraisage, Per\u00e7age, Taraudage, Al\u00e9sage et Plus Encore - Kinetic Syst\u00e8mes de D\u00e9coupe de M\u00e9tal CNC<\/title>\n<meta name=\"robots\" content=\"index, follow, max-snippet:-1, max-image-preview:large, max-video-preview:-1\" \/>\n<link rel=\"canonical\" href=\"https:\/\/kineticcuttingsystems.eu\/fr\/machines-de-decoupe\/options-et-accessoires-plasma\/fraisage-percage-taraudage-alesage-et-plus-encore\/\" \/>\n<meta property=\"og:locale\" content=\"en_US\" \/>\n<meta property=\"og:type\" content=\"article\" \/>\n<meta property=\"og:title\" content=\"Fraisage, Per\u00e7age, Taraudage, Al\u00e9sage et Plus Encore - Kinetic Syst\u00e8mes de D\u00e9coupe de M\u00e9tal CNC\" \/>\n<meta property=\"og:description\" content=\"FRAISAGE, PER\u00c7AGE, TARAUDAGE, AL\u00c9SAGE ET PLUS ENCORE Avec une capacit\u00e9 pouvant atteindre 24 outils dans le changeur d&#8217;outils automatique, les ...continue reading\" \/>\n<meta property=\"og:url\" content=\"https:\/\/kineticcuttingsystems.eu\/fr\/machines-de-decoupe\/options-et-accessoires-plasma\/fraisage-percage-taraudage-alesage-et-plus-encore\/\" \/>\n<meta property=\"og:site_name\" content=\"Kinetic Syst\u00e8mes de D\u00e9coupe de M\u00e9tal CNC\" \/>\n<meta property=\"article:modified_time\" content=\"2025-11-07T19:59:49+00:00\" \/>\n<meta property=\"og:image\" content=\"https:\/\/kineticcuttingsystems.eu\/fr\/wp-content\/uploads\/sites\/4\/2018\/05\/Drilling.jpg\" \/>\n\t<meta property=\"og:image:width\" content=\"2048\" \/>\n\t<meta property=\"og:image:height\" content=\"1365\" \/>\n\t<meta property=\"og:image:type\" content=\"image\/jpeg\" \/>\n<meta name=\"twitter:card\" content=\"summary_large_image\" \/>\n<meta name=\"twitter:label1\" content=\"Est. reading time\" \/>\n\t<meta name=\"twitter:data1\" content=\"1 minute\" \/>\n<script type=\"application\/ld+json\" class=\"yoast-schema-graph\">{\"@context\":\"https:\/\/schema.org\",\"@graph\":[{\"@type\":\"WebPage\",\"@id\":\"https:\/\/kineticcuttingsystems.eu\/fr\/machines-de-decoupe\/options-et-accessoires-plasma\/fraisage-percage-taraudage-alesage-et-plus-encore\/\",\"url\":\"https:\/\/kineticcuttingsystems.eu\/fr\/machines-de-decoupe\/options-et-accessoires-plasma\/fraisage-percage-taraudage-alesage-et-plus-encore\/\",\"name\":\"Fraisage, Per\u00e7age, Taraudage, Al\u00e9sage et Plus Encore - Kinetic Syst\u00e8mes de D\u00e9coupe de M\u00e9tal CNC\",\"isPartOf\":{\"@id\":\"https:\/\/kineticcuttingsystems.eu\/fr\/#website\"},\"primaryImageOfPage\":{\"@id\":\"https:\/\/kineticcuttingsystems.eu\/fr\/machines-de-decoupe\/options-et-accessoires-plasma\/fraisage-percage-taraudage-alesage-et-plus-encore\/#primaryimage\"},\"image\":{\"@id\":\"https:\/\/kineticcuttingsystems.eu\/fr\/machines-de-decoupe\/options-et-accessoires-plasma\/fraisage-percage-taraudage-alesage-et-plus-encore\/#primaryimage\"},\"thumbnailUrl\":\"https:\/\/kineticcuttingsystems.eu\/fr\/wp-content\/uploads\/sites\/4\/2018\/05\/Drilling-1024x683.jpg\",\"datePublished\":\"2018-04-30T18:41:13+00:00\",\"dateModified\":\"2025-11-07T19:59:49+00:00\",\"breadcrumb\":{\"@id\":\"https:\/\/kineticcuttingsystems.eu\/fr\/machines-de-decoupe\/options-et-accessoires-plasma\/fraisage-percage-taraudage-alesage-et-plus-encore\/#breadcrumb\"},\"inLanguage\":\"en-US\",\"potentialAction\":[{\"@type\":\"ReadAction\",\"target\":[\"https:\/\/kineticcuttingsystems.eu\/fr\/machines-de-decoupe\/options-et-accessoires-plasma\/fraisage-percage-taraudage-alesage-et-plus-encore\/\"]}]},{\"@type\":\"ImageObject\",\"inLanguage\":\"en-US\",\"@id\":\"https:\/\/kineticcuttingsystems.eu\/fr\/machines-de-decoupe\/options-et-accessoires-plasma\/fraisage-percage-taraudage-alesage-et-plus-encore\/#primaryimage\",\"url\":\"https:\/\/kineticcuttingsystems.eu\/fr\/wp-content\/uploads\/sites\/4\/2018\/05\/Drilling.jpg\",\"contentUrl\":\"https:\/\/kineticcuttingsystems.eu\/fr\/wp-content\/uploads\/sites\/4\/2018\/05\/Drilling.jpg\",\"width\":2048,\"height\":1365},{\"@type\":\"BreadcrumbList\",\"@id\":\"https:\/\/kineticcuttingsystems.eu\/fr\/machines-de-decoupe\/options-et-accessoires-plasma\/fraisage-percage-taraudage-alesage-et-plus-encore\/#breadcrumb\",\"itemListElement\":[{\"@type\":\"ListItem\",\"position\":1,\"name\":\"Home\",\"item\":\"https:\/\/kineticcuttingsystems.eu\/fr\/\"},{\"@type\":\"ListItem\",\"position\":2,\"name\":\"Machines de D\u00e9coupe\",\"item\":\"https:\/\/kineticcuttingsystems.eu\/fr\/machines-de-decoupe\/\"},{\"@type\":\"ListItem\",\"position\":3,\"name\":\"Options et Accessoires Plasma\",\"item\":\"https:\/\/kineticcuttingsystems.eu\/fr\/machines-de-decoupe\/options-et-accessoires-plasma\/\"},{\"@type\":\"ListItem\",\"position\":4,\"name\":\"Fraisage, Per\u00e7age, Taraudage, Al\u00e9sage et Plus Encore\"}]},{\"@type\":\"WebSite\",\"@id\":\"https:\/\/kineticcuttingsystems.eu\/fr\/#website\",\"url\":\"https:\/\/kineticcuttingsystems.eu\/fr\/\",\"name\":\"Kinetic Syst\u00e8mes de D\u00e9coupe de M\u00e9tal CNC\",\"description\":\"\",\"potentialAction\":[{\"@type\":\"SearchAction\",\"target\":{\"@type\":\"EntryPoint\",\"urlTemplate\":\"https:\/\/kineticcuttingsystems.eu\/fr\/?s={search_term_string}\"},\"query-input\":{\"@type\":\"PropertyValueSpecification\",\"valueRequired\":true,\"valueName\":\"search_term_string\"}}],\"inLanguage\":\"en-US\"}]}<\/script>\n<!-- \/ Yoast SEO plugin. -->","yoast_head_json":{"title":"Fraisage, Per\u00e7age, Taraudage, Al\u00e9sage et Plus Encore - Kinetic Syst\u00e8mes de D\u00e9coupe de M\u00e9tal CNC","robots":{"index":"index","follow":"follow","max-snippet":"max-snippet:-1","max-image-preview":"max-image-preview:large","max-video-preview":"max-video-preview:-1"},"canonical":"https:\/\/kineticcuttingsystems.eu\/fr\/machines-de-decoupe\/options-et-accessoires-plasma\/fraisage-percage-taraudage-alesage-et-plus-encore\/","og_locale":"en_US","og_type":"article","og_title":"Fraisage, Per\u00e7age, Taraudage, Al\u00e9sage et Plus Encore - Kinetic Syst\u00e8mes de D\u00e9coupe de M\u00e9tal CNC","og_description":"FRAISAGE, PER\u00c7AGE, TARAUDAGE, AL\u00c9SAGE ET PLUS ENCORE Avec une capacit\u00e9 pouvant atteindre 24 outils dans le changeur d&#8217;outils automatique, les ...continue reading","og_url":"https:\/\/kineticcuttingsystems.eu\/fr\/machines-de-decoupe\/options-et-accessoires-plasma\/fraisage-percage-taraudage-alesage-et-plus-encore\/","og_site_name":"Kinetic Syst\u00e8mes de D\u00e9coupe de M\u00e9tal CNC","article_modified_time":"2025-11-07T19:59:49+00:00","og_image":[{"width":2048,"height":1365,"url":"https:\/\/kineticcuttingsystems.eu\/fr\/wp-content\/uploads\/sites\/4\/2018\/05\/Drilling.jpg","type":"image\/jpeg"}],"twitter_card":"summary_large_image","twitter_misc":{"Est. reading time":"1 minute"},"schema":{"@context":"https:\/\/schema.org","@graph":[{"@type":"WebPage","@id":"https:\/\/kineticcuttingsystems.eu\/fr\/machines-de-decoupe\/options-et-accessoires-plasma\/fraisage-percage-taraudage-alesage-et-plus-encore\/","url":"https:\/\/kineticcuttingsystems.eu\/fr\/machines-de-decoupe\/options-et-accessoires-plasma\/fraisage-percage-taraudage-alesage-et-plus-encore\/","name":"Fraisage, Per\u00e7age, Taraudage, Al\u00e9sage et Plus Encore - Kinetic Syst\u00e8mes de D\u00e9coupe de M\u00e9tal CNC","isPartOf":{"@id":"https:\/\/kineticcuttingsystems.eu\/fr\/#website"},"primaryImageOfPage":{"@id":"https:\/\/kineticcuttingsystems.eu\/fr\/machines-de-decoupe\/options-et-accessoires-plasma\/fraisage-percage-taraudage-alesage-et-plus-encore\/#primaryimage"},"image":{"@id":"https:\/\/kineticcuttingsystems.eu\/fr\/machines-de-decoupe\/options-et-accessoires-plasma\/fraisage-percage-taraudage-alesage-et-plus-encore\/#primaryimage"},"thumbnailUrl":"https:\/\/kineticcuttingsystems.eu\/fr\/wp-content\/uploads\/sites\/4\/2018\/05\/Drilling-1024x683.jpg","datePublished":"2018-04-30T18:41:13+00:00","dateModified":"2025-11-07T19:59:49+00:00","breadcrumb":{"@id":"https:\/\/kineticcuttingsystems.eu\/fr\/machines-de-decoupe\/options-et-accessoires-plasma\/fraisage-percage-taraudage-alesage-et-plus-encore\/#breadcrumb"},"inLanguage":"en-US","potentialAction":[{"@type":"ReadAction","target":["https:\/\/kineticcuttingsystems.eu\/fr\/machines-de-decoupe\/options-et-accessoires-plasma\/fraisage-percage-taraudage-alesage-et-plus-encore\/"]}]},{"@type":"ImageObject","inLanguage":"en-US","@id":"https:\/\/kineticcuttingsystems.eu\/fr\/machines-de-decoupe\/options-et-accessoires-plasma\/fraisage-percage-taraudage-alesage-et-plus-encore\/#primaryimage","url":"https:\/\/kineticcuttingsystems.eu\/fr\/wp-content\/uploads\/sites\/4\/2018\/05\/Drilling.jpg","contentUrl":"https:\/\/kineticcuttingsystems.eu\/fr\/wp-content\/uploads\/sites\/4\/2018\/05\/Drilling.jpg","width":2048,"height":1365},{"@type":"BreadcrumbList","@id":"https:\/\/kineticcuttingsystems.eu\/fr\/machines-de-decoupe\/options-et-accessoires-plasma\/fraisage-percage-taraudage-alesage-et-plus-encore\/#breadcrumb","itemListElement":[{"@type":"ListItem","position":1,"name":"Home","item":"https:\/\/kineticcuttingsystems.eu\/fr\/"},{"@type":"ListItem","position":2,"name":"Machines de D\u00e9coupe","item":"https:\/\/kineticcuttingsystems.eu\/fr\/machines-de-decoupe\/"},{"@type":"ListItem","position":3,"name":"Options et Accessoires Plasma","item":"https:\/\/kineticcuttingsystems.eu\/fr\/machines-de-decoupe\/options-et-accessoires-plasma\/"},{"@type":"ListItem","position":4,"name":"Fraisage, Per\u00e7age, Taraudage, Al\u00e9sage et Plus Encore"}]},{"@type":"WebSite","@id":"https:\/\/kineticcuttingsystems.eu\/fr\/#website","url":"https:\/\/kineticcuttingsystems.eu\/fr\/","name":"Kinetic Syst\u00e8mes de D\u00e9coupe de M\u00e9tal CNC","description":"","potentialAction":[{"@type":"SearchAction","target":{"@type":"EntryPoint","urlTemplate":"https:\/\/kineticcuttingsystems.eu\/fr\/?s={search_term_string}"},"query-input":{"@type":"PropertyValueSpecification","valueRequired":true,"valueName":"search_term_string"}}],"inLanguage":"en-US"}]}},"_links":{"self":[{"href":"https:\/\/kineticcuttingsystems.eu\/fr\/wp-json\/wp\/v2\/pages\/317","targetHints":{"allow":["GET"]}}],"collection":[{"href":"https:\/\/kineticcuttingsystems.eu\/fr\/wp-json\/wp\/v2\/pages"}],"about":[{"href":"https:\/\/kineticcuttingsystems.eu\/fr\/wp-json\/wp\/v2\/types\/page"}],"author":[{"embeddable":true,"href":"https:\/\/kineticcuttingsystems.eu\/fr\/wp-json\/wp\/v2\/users\/2"}],"replies":[{"embeddable":true,"href":"https:\/\/kineticcuttingsystems.eu\/fr\/wp-json\/wp\/v2\/comments?post=317"}],"version-history":[{"count":3,"href":"https:\/\/kineticcuttingsystems.eu\/fr\/wp-json\/wp\/v2\/pages\/317\/revisions"}],"predecessor-version":[{"id":3932,"href":"https:\/\/kineticcuttingsystems.eu\/fr\/wp-json\/wp\/v2\/pages\/317\/revisions\/3932"}],"up":[{"embeddable":true,"href":"https:\/\/kineticcuttingsystems.eu\/fr\/wp-json\/wp\/v2\/pages\/195"}],"wp:attachment":[{"href":"https:\/\/kineticcuttingsystems.eu\/fr\/wp-json\/wp\/v2\/media?parent=317"}],"curies":[{"name":"wp","href":"https:\/\/api.w.org\/{rel}","templated":true}]}}