{"id":312,"date":"2018-04-30T18:39:01","date_gmt":"2018-04-30T18:39:01","guid":{"rendered":"https:\/\/kineticcuttingsystems.eu\/?page_id=312"},"modified":"2025-11-07T19:58:57","modified_gmt":"2025-11-07T19:58:57","slug":"systemes-plasma-hypertherm","status":"publish","type":"page","link":"https:\/\/kineticcuttingsystems.eu\/fr\/machines-de-decoupe\/options-et-accessoires-plasma\/systemes-plasma-hypertherm\/","title":{"rendered":"Syst\u00e8mes Plasma Hypertherm"},"content":{"rendered":"\n<h1 class=\"wp-block-heading\">Syst\u00e8mes Plasma Hypertherm<\/h1>\n\n\n<div class=\"wp-block-image\">\n<figure class=\"aligncenter\"><img loading=\"lazy\" decoding=\"async\" width=\"150\" height=\"300\" src=\"https:\/\/kineticcuttingsystems.eu\/fr\/wp-content\/uploads\/sites\/4\/2018\/05\/plasma-torch-150x300-1.jpg\" alt=\"\" class=\"wp-image-350\"\/><\/figure><\/div>\n\n\n<p>Les machines Kinetic int\u00e8grent la toute derni\u00e8re technologie de d\u00e9coupe plasma Hypertherm. Gr\u00e2ce \u00e0 l&#8217;automatisation compl\u00e8te des r\u00e9glages du plasma, le contr\u00f4leur Kinetic est in\u00e9gal\u00e9 en termes de facilit\u00e9 d&#8217;utilisation et de qualit\u00e9 de d\u00e9coupe plasma.<\/p>\n\n\n\n<p><strong>Faites votre choix parmi les syst\u00e8mes Hypertherm suivants&nbsp;<\/strong><\/p>\n\n\n\n<ul class=\"wp-block-list\">\n<li>Hypertherm HPR800XD, pour les applications sur l&#8217;acier inoxydable<\/li>\n\n\n\n<li>Hypertherm HPR400XD<\/li>\n\n\n\n<li>Hypertherm XPR460<\/li>\n\n\n\n<li>Hypertherm XPR300<\/li>\n\n\n\n<li>Hypertherm XPR170<\/li>\n<\/ul>\n\n\n\n<p><strong>Kinetic Utilise les Syst\u00e8mes Plasma Suivants&nbsp;:<\/strong><\/p>\n\n\n\n<ul class=\"wp-block-list\">\n<li>Applications de d\u00e9coupe plasma haute pr\u00e9cision Hypertherm<\/li>\n\n\n\n<li>Technologie plasma Hypertherm pour une d\u00e9coupe rapide et \u00e9conomique<\/li>\n\n\n\n<li>Autres options plasma disponibles sur demande<\/li>\n<\/ul>\n\n\n\n<p><strong>Caract\u00e9ristiques incluses avec le syst\u00e8me Plasma Kinetic&nbsp;:<\/strong><\/p>\n\n\n\n<ul class=\"wp-block-list\">\n<li>R\u00e9glage automatique de la tension et du courant<\/li>\n\n\n\n<li>R\u00e9glage automatique de la hauteur de per\u00e7age<\/li>\n\n\n\n<li>Contr\u00f4le de la hauteur de tension pendant la d\u00e9coupe<\/li>\n\n\n\n<li>D\u00e9tection de la hauteur initiale de la plaque<\/li>\n\n\n\n<li>R\u00e9glage automatique des gaz plasma (en option, le cas \u00e9ch\u00e9ant)<\/li>\n<\/ul>\n\n\n\n<p>Vous souhaitez en savoir plus\u00a0?\u00a0<a href=\"\/fr\/demandez-un-devis\/\">Contactez-nous d\u00e8s aujourd&#8217;hui<\/a> pour en savoir plus sur les syst\u00e8mes de d\u00e9coupe plasma et les options que nous proposons\u00a0!<\/p>\n","protected":false},"excerpt":{"rendered":"<p>Syst\u00e8mes Plasma Hypertherm Les machines Kinetic int\u00e8grent la toute derni\u00e8re technologie de d\u00e9coupe plasma Hypertherm. Gr\u00e2ce \u00e0 l&#8217;automatisation compl\u00e8te des<a class=\"moretag\" href=\"https:\/\/kineticcuttingsystems.eu\/fr\/machines-de-decoupe\/options-et-accessoires-plasma\/systemes-plasma-hypertherm\/\"> &#8230;continue reading<\/a><\/p>\n","protected":false},"author":2,"featured_media":0,"parent":195,"menu_order":0,"comment_status":"closed","ping_status":"closed","template":"page-product.php","meta":{"_acf_changed":false,"inline_featured_image":false,"footnotes":""},"class_list":["post-312","page","type-page","status-publish","hentry"],"acf":[],"yoast_head":"<!-- This site is optimized with the Yoast SEO plugin v27.2 - https:\/\/yoast.com\/product\/yoast-seo-wordpress\/ -->\n<title>Syst\u00e8mes Plasma Hypertherm - Kinetic Syst\u00e8mes de D\u00e9coupe de M\u00e9tal CNC<\/title>\n<meta name=\"robots\" content=\"index, follow, max-snippet:-1, max-image-preview:large, max-video-preview:-1\" \/>\n<link rel=\"canonical\" href=\"https:\/\/kineticcuttingsystems.eu\/fr\/machines-de-decoupe\/options-et-accessoires-plasma\/systemes-plasma-hypertherm\/\" \/>\n<meta property=\"og:locale\" content=\"en_US\" \/>\n<meta property=\"og:type\" content=\"article\" \/>\n<meta property=\"og:title\" content=\"Syst\u00e8mes Plasma Hypertherm - Kinetic Syst\u00e8mes de D\u00e9coupe de M\u00e9tal CNC\" \/>\n<meta property=\"og:description\" content=\"Syst\u00e8mes Plasma Hypertherm Les machines Kinetic int\u00e8grent la toute derni\u00e8re technologie de d\u00e9coupe plasma Hypertherm. Gr\u00e2ce \u00e0 l&#8217;automatisation compl\u00e8te des ...continue reading\" \/>\n<meta property=\"og:url\" content=\"https:\/\/kineticcuttingsystems.eu\/fr\/machines-de-decoupe\/options-et-accessoires-plasma\/systemes-plasma-hypertherm\/\" \/>\n<meta property=\"og:site_name\" content=\"Kinetic Syst\u00e8mes de D\u00e9coupe de M\u00e9tal CNC\" \/>\n<meta property=\"article:modified_time\" content=\"2025-11-07T19:58:57+00:00\" \/>\n<meta property=\"og:image\" content=\"https:\/\/kineticcuttingsystems.eu\/fr\/wp-content\/uploads\/sites\/4\/2018\/05\/plasma-torch-150x300-1.jpg\" \/>\n\t<meta property=\"og:image:width\" content=\"150\" \/>\n\t<meta property=\"og:image:height\" content=\"300\" \/>\n\t<meta property=\"og:image:type\" content=\"image\/jpeg\" \/>\n<meta name=\"twitter:card\" content=\"summary_large_image\" \/>\n<meta name=\"twitter:label1\" content=\"Est. reading time\" \/>\n\t<meta name=\"twitter:data1\" content=\"1 minute\" \/>\n<script type=\"application\/ld+json\" class=\"yoast-schema-graph\">{\"@context\":\"https:\/\/schema.org\",\"@graph\":[{\"@type\":\"WebPage\",\"@id\":\"https:\/\/kineticcuttingsystems.eu\/fr\/machines-de-decoupe\/options-et-accessoires-plasma\/systemes-plasma-hypertherm\/\",\"url\":\"https:\/\/kineticcuttingsystems.eu\/fr\/machines-de-decoupe\/options-et-accessoires-plasma\/systemes-plasma-hypertherm\/\",\"name\":\"Syst\u00e8mes Plasma Hypertherm - Kinetic Syst\u00e8mes de D\u00e9coupe de M\u00e9tal CNC\",\"isPartOf\":{\"@id\":\"https:\/\/kineticcuttingsystems.eu\/fr\/#website\"},\"primaryImageOfPage\":{\"@id\":\"https:\/\/kineticcuttingsystems.eu\/fr\/machines-de-decoupe\/options-et-accessoires-plasma\/systemes-plasma-hypertherm\/#primaryimage\"},\"image\":{\"@id\":\"https:\/\/kineticcuttingsystems.eu\/fr\/machines-de-decoupe\/options-et-accessoires-plasma\/systemes-plasma-hypertherm\/#primaryimage\"},\"thumbnailUrl\":\"https:\/\/kineticcuttingsystems.eu\/fr\/wp-content\/uploads\/sites\/4\/2018\/05\/plasma-torch-150x300-1.jpg\",\"datePublished\":\"2018-04-30T18:39:01+00:00\",\"dateModified\":\"2025-11-07T19:58:57+00:00\",\"breadcrumb\":{\"@id\":\"https:\/\/kineticcuttingsystems.eu\/fr\/machines-de-decoupe\/options-et-accessoires-plasma\/systemes-plasma-hypertherm\/#breadcrumb\"},\"inLanguage\":\"en-US\",\"potentialAction\":[{\"@type\":\"ReadAction\",\"target\":[\"https:\/\/kineticcuttingsystems.eu\/fr\/machines-de-decoupe\/options-et-accessoires-plasma\/systemes-plasma-hypertherm\/\"]}]},{\"@type\":\"ImageObject\",\"inLanguage\":\"en-US\",\"@id\":\"https:\/\/kineticcuttingsystems.eu\/fr\/machines-de-decoupe\/options-et-accessoires-plasma\/systemes-plasma-hypertherm\/#primaryimage\",\"url\":\"https:\/\/kineticcuttingsystems.eu\/fr\/wp-content\/uploads\/sites\/4\/2018\/05\/plasma-torch-150x300-1.jpg\",\"contentUrl\":\"https:\/\/kineticcuttingsystems.eu\/fr\/wp-content\/uploads\/sites\/4\/2018\/05\/plasma-torch-150x300-1.jpg\",\"width\":150,\"height\":300},{\"@type\":\"BreadcrumbList\",\"@id\":\"https:\/\/kineticcuttingsystems.eu\/fr\/machines-de-decoupe\/options-et-accessoires-plasma\/systemes-plasma-hypertherm\/#breadcrumb\",\"itemListElement\":[{\"@type\":\"ListItem\",\"position\":1,\"name\":\"Home\",\"item\":\"https:\/\/kineticcuttingsystems.eu\/fr\/\"},{\"@type\":\"ListItem\",\"position\":2,\"name\":\"Machines de D\u00e9coupe\",\"item\":\"https:\/\/kineticcuttingsystems.eu\/fr\/machines-de-decoupe\/\"},{\"@type\":\"ListItem\",\"position\":3,\"name\":\"Options et Accessoires Plasma\",\"item\":\"https:\/\/kineticcuttingsystems.eu\/fr\/machines-de-decoupe\/options-et-accessoires-plasma\/\"},{\"@type\":\"ListItem\",\"position\":4,\"name\":\"Syst\u00e8mes Plasma Hypertherm\"}]},{\"@type\":\"WebSite\",\"@id\":\"https:\/\/kineticcuttingsystems.eu\/fr\/#website\",\"url\":\"https:\/\/kineticcuttingsystems.eu\/fr\/\",\"name\":\"Kinetic Syst\u00e8mes de D\u00e9coupe de M\u00e9tal CNC\",\"description\":\"\",\"potentialAction\":[{\"@type\":\"SearchAction\",\"target\":{\"@type\":\"EntryPoint\",\"urlTemplate\":\"https:\/\/kineticcuttingsystems.eu\/fr\/?s={search_term_string}\"},\"query-input\":{\"@type\":\"PropertyValueSpecification\",\"valueRequired\":true,\"valueName\":\"search_term_string\"}}],\"inLanguage\":\"en-US\"}]}<\/script>\n<!-- \/ Yoast SEO plugin. -->","yoast_head_json":{"title":"Syst\u00e8mes Plasma Hypertherm - Kinetic Syst\u00e8mes de D\u00e9coupe de M\u00e9tal CNC","robots":{"index":"index","follow":"follow","max-snippet":"max-snippet:-1","max-image-preview":"max-image-preview:large","max-video-preview":"max-video-preview:-1"},"canonical":"https:\/\/kineticcuttingsystems.eu\/fr\/machines-de-decoupe\/options-et-accessoires-plasma\/systemes-plasma-hypertherm\/","og_locale":"en_US","og_type":"article","og_title":"Syst\u00e8mes Plasma Hypertherm - Kinetic Syst\u00e8mes de D\u00e9coupe de M\u00e9tal CNC","og_description":"Syst\u00e8mes Plasma Hypertherm Les machines Kinetic int\u00e8grent la toute derni\u00e8re technologie de d\u00e9coupe plasma Hypertherm. Gr\u00e2ce \u00e0 l&#8217;automatisation compl\u00e8te des ...continue reading","og_url":"https:\/\/kineticcuttingsystems.eu\/fr\/machines-de-decoupe\/options-et-accessoires-plasma\/systemes-plasma-hypertherm\/","og_site_name":"Kinetic Syst\u00e8mes de D\u00e9coupe de M\u00e9tal CNC","article_modified_time":"2025-11-07T19:58:57+00:00","og_image":[{"width":150,"height":300,"url":"https:\/\/kineticcuttingsystems.eu\/fr\/wp-content\/uploads\/sites\/4\/2018\/05\/plasma-torch-150x300-1.jpg","type":"image\/jpeg"}],"twitter_card":"summary_large_image","twitter_misc":{"Est. reading time":"1 minute"},"schema":{"@context":"https:\/\/schema.org","@graph":[{"@type":"WebPage","@id":"https:\/\/kineticcuttingsystems.eu\/fr\/machines-de-decoupe\/options-et-accessoires-plasma\/systemes-plasma-hypertherm\/","url":"https:\/\/kineticcuttingsystems.eu\/fr\/machines-de-decoupe\/options-et-accessoires-plasma\/systemes-plasma-hypertherm\/","name":"Syst\u00e8mes Plasma Hypertherm - Kinetic Syst\u00e8mes de D\u00e9coupe de M\u00e9tal CNC","isPartOf":{"@id":"https:\/\/kineticcuttingsystems.eu\/fr\/#website"},"primaryImageOfPage":{"@id":"https:\/\/kineticcuttingsystems.eu\/fr\/machines-de-decoupe\/options-et-accessoires-plasma\/systemes-plasma-hypertherm\/#primaryimage"},"image":{"@id":"https:\/\/kineticcuttingsystems.eu\/fr\/machines-de-decoupe\/options-et-accessoires-plasma\/systemes-plasma-hypertherm\/#primaryimage"},"thumbnailUrl":"https:\/\/kineticcuttingsystems.eu\/fr\/wp-content\/uploads\/sites\/4\/2018\/05\/plasma-torch-150x300-1.jpg","datePublished":"2018-04-30T18:39:01+00:00","dateModified":"2025-11-07T19:58:57+00:00","breadcrumb":{"@id":"https:\/\/kineticcuttingsystems.eu\/fr\/machines-de-decoupe\/options-et-accessoires-plasma\/systemes-plasma-hypertherm\/#breadcrumb"},"inLanguage":"en-US","potentialAction":[{"@type":"ReadAction","target":["https:\/\/kineticcuttingsystems.eu\/fr\/machines-de-decoupe\/options-et-accessoires-plasma\/systemes-plasma-hypertherm\/"]}]},{"@type":"ImageObject","inLanguage":"en-US","@id":"https:\/\/kineticcuttingsystems.eu\/fr\/machines-de-decoupe\/options-et-accessoires-plasma\/systemes-plasma-hypertherm\/#primaryimage","url":"https:\/\/kineticcuttingsystems.eu\/fr\/wp-content\/uploads\/sites\/4\/2018\/05\/plasma-torch-150x300-1.jpg","contentUrl":"https:\/\/kineticcuttingsystems.eu\/fr\/wp-content\/uploads\/sites\/4\/2018\/05\/plasma-torch-150x300-1.jpg","width":150,"height":300},{"@type":"BreadcrumbList","@id":"https:\/\/kineticcuttingsystems.eu\/fr\/machines-de-decoupe\/options-et-accessoires-plasma\/systemes-plasma-hypertherm\/#breadcrumb","itemListElement":[{"@type":"ListItem","position":1,"name":"Home","item":"https:\/\/kineticcuttingsystems.eu\/fr\/"},{"@type":"ListItem","position":2,"name":"Machines de D\u00e9coupe","item":"https:\/\/kineticcuttingsystems.eu\/fr\/machines-de-decoupe\/"},{"@type":"ListItem","position":3,"name":"Options et Accessoires Plasma","item":"https:\/\/kineticcuttingsystems.eu\/fr\/machines-de-decoupe\/options-et-accessoires-plasma\/"},{"@type":"ListItem","position":4,"name":"Syst\u00e8mes Plasma Hypertherm"}]},{"@type":"WebSite","@id":"https:\/\/kineticcuttingsystems.eu\/fr\/#website","url":"https:\/\/kineticcuttingsystems.eu\/fr\/","name":"Kinetic Syst\u00e8mes de D\u00e9coupe de M\u00e9tal CNC","description":"","potentialAction":[{"@type":"SearchAction","target":{"@type":"EntryPoint","urlTemplate":"https:\/\/kineticcuttingsystems.eu\/fr\/?s={search_term_string}"},"query-input":{"@type":"PropertyValueSpecification","valueRequired":true,"valueName":"search_term_string"}}],"inLanguage":"en-US"}]}},"_links":{"self":[{"href":"https:\/\/kineticcuttingsystems.eu\/fr\/wp-json\/wp\/v2\/pages\/312","targetHints":{"allow":["GET"]}}],"collection":[{"href":"https:\/\/kineticcuttingsystems.eu\/fr\/wp-json\/wp\/v2\/pages"}],"about":[{"href":"https:\/\/kineticcuttingsystems.eu\/fr\/wp-json\/wp\/v2\/types\/page"}],"author":[{"embeddable":true,"href":"https:\/\/kineticcuttingsystems.eu\/fr\/wp-json\/wp\/v2\/users\/2"}],"replies":[{"embeddable":true,"href":"https:\/\/kineticcuttingsystems.eu\/fr\/wp-json\/wp\/v2\/comments?post=312"}],"version-history":[{"count":3,"href":"https:\/\/kineticcuttingsystems.eu\/fr\/wp-json\/wp\/v2\/pages\/312\/revisions"}],"predecessor-version":[{"id":3930,"href":"https:\/\/kineticcuttingsystems.eu\/fr\/wp-json\/wp\/v2\/pages\/312\/revisions\/3930"}],"up":[{"embeddable":true,"href":"https:\/\/kineticcuttingsystems.eu\/fr\/wp-json\/wp\/v2\/pages\/195"}],"wp:attachment":[{"href":"https:\/\/kineticcuttingsystems.eu\/fr\/wp-json\/wp\/v2\/media?parent=312"}],"curies":[{"name":"wp","href":"https:\/\/api.w.org\/{rel}","templated":true}]}}