{"id":3014,"date":"2022-06-06T14:54:06","date_gmt":"2022-06-06T18:54:06","guid":{"rendered":"https:\/\/kineticcuttingsystems.eu\/?page_id=3014"},"modified":"2025-11-07T20:55:55","modified_gmt":"2025-11-07T20:55:55","slug":"percage","status":"publish","type":"page","link":"https:\/\/kineticcuttingsystems.eu\/fr\/galeries-video\/percage\/","title":{"rendered":"Per\u00e7age"},"content":{"rendered":"\n<h1 class=\"wp-block-heading has-text-align-center\" id=\"kinetic-video-galleries\">Per\u00e7age<\/h1>\n\n\n<div class=\"page-menu-block\"><div class=\"page-menu-block-links\"><div class=\"page-menu-block-inner\"><a href=\"\/fr\/galeries-video\/\">Pr\u00e9sentation<\/a><a href=\"\/fr\/galeries-video\/machines\/\">Machines<\/a><a href=\"\/fr\/galeries-video\/decoupe-et-chanfreinage\/\">D\u00e9coupe et Chanfreinage <\/a><a href=\"\/fr\/galeries-video\/marquage-des-pieces\/\">Marquage des Pi\u00e8ces<\/a><a href=\"\/fr\/galeries-video\/percage\/\">Per\u00e7age<\/a><a href=\"\/fr\/galeries-video\/dechargement\/\">D\u00e9chargement<\/a><a href=\"\/fr\/galeries-video\/extraction-de-puces\/\">Extraction de puces<\/a><a href=\"\/fr\/galeries-video\/table-a-aspiration-descendante\/\">Table \u00e0 aspiration descendante<\/a><a href=\"\/fr\/galeries-video\/programmation\/\">Programmation<\/a><\/div><\/div><\/div><script>\n\njQuery(document).ready(function( $ ) {\n\t\/\/$('.sidebar-nav-collapse .menu-top-menu-container').slideToggle();\n\t$('.page-menu-block-title').on(\"click touch\", function () {\n\t\t\n\t\t$('.page-menu-block-links').slideToggle();\n\t\t\/\/$('.page-menu-block-links').toggle();\n\t\t$('.page-menu-block-title i').toggleClass('fa-chevron-down');\n\t\t\/\/$('.page-menu-block-title i').toggleClass('fa-chevron-up');\n\t});\n\t\n\tvar menuitems = $('.page-menu-block a').length;\n\tvar middle = Math.ceil(menuitems \/ 2);\n\t$('.page-menu-block a').eq(middle).addClass(\"first-of-column\");\n\tif (Number.isInteger(menuitems \/ 2 ) == false) {\n\t\t$('.page-menu-block a').eq(menuitems - 1).addClass(\"last-of-column\");\n\t}\n\t\n});\n<\/script>\n\n<style>\n.page-menu-block {\n\t\/\/background: #242424;\n\t\/\/box-shadow: 0px 0px 4px #00000036;\n\t\/\/border: 1px solid #B0B0B0;\n\t\/\/padding: 15px 20px;\n\tmargin-top: 50px;\n\tmargin-bottom: 50px;\n}\n\n.page-menu-block .page-menu-block-inner {\n\tdisplay: flex;\n\tflex-wrap: wrap;\n\tgap: 20px;\n\tjustify-content: center;\n}\n.page-menu-block h4{\n\tfont-size: 20px;\n}\n.page-menu-block a {\n\t\/\/border-right: 1px solid #707070;\n\tpadding-right: 20px;\n\tfont: normal normal normal 16px\/1em Sansation;\n\tcolor: #D7D7D7 !important;\n\ttext-transform: uppercase;\n\ttext-decoration: none;\n\tbackground: #242424;\n\tpadding: 15px 20px;\n}\n.page-menu-block a:hover{\n\t\/\/color: #D02935 !important;\n\ttext-decoration: none;\n\tbackground: #D02935;\n}\n\n\/*\n.page-menu-block a:last-of-type {\n\tborder-right: 0;\n\tpadding-right: 0;\n}\n*\/\n\n.page-menu-block a:active, .page-menu-block a.current-page {\n\t\/\/color: #D02935 !important;\n\tbackground: #D02935;\n}\n\n.page-menu-block-title {\n\tcursor: pointer;\n\tdisplay: flex;\n\tjustify-content: space-between;\n\talign-items: center;\n\tmargin: 0;\n\tdisplay: none;\n\tcolor: #848383;\n}\n\n.page-menu-block-title i {\n\tfont-size: 30px;\n\t\/\/margin-right: -15px;\n}\n\n\n\/*\n@media screen and (max-width: 940px) {\n\t.page-menu-block-title {\n\t\tdisplay: flex;\n\t}\n\t\n\t.page-menu-block {\n\t\tpadding-left: 16px;\n\t\tpadding-right: 16px;\n\t}\n\t\n\t.page-menu-block-links {\n\t\tdisplay: none;\n\t\tmargin-top: 20px;\n\t}\n\t\n\t.page-menu-block .page-menu-block-inner  {\n\t\tflex-direction: column;\n\t\t\n\t\tcolumns: 2;\n\t\tdisplay: block;\n\t\tpadding-top: 20px;\n\t\t\/\/padding-bottom: 20px;\n\t\tborder-top: 1px solid #707070;\n\t\t\/\/margin-top: 20px;\n\t}\n\t\n\t.page-menu-block a {\n\t\tborder-right: 0;\n\t\t\/\/border-bottom: 1px solid #707070;\n\t\tborder-top: 1px solid #707070;\n\t\tpadding-right: 0;\n\t\t\/\/padding-bottom: 20px;\n\t\tpadding-top: 20px;\n\t\tmargin-bottom: 18px;\n\t\tdisplay: block;\n\t}\n\t\n\t.page-menu-block a:first-of-type {\n\t\t\/\/border-top: 1px solid #707070;\n\t\tborder-top: 0;\n\t\tpadding-top: 0;\n\t\t\/\/padding-top: 20px;\n\t\t\/\/margin-top: 20px;\n\t}\n\t\n\t\n\t.page-menu-block a.last-of-column {\n\t\t\/\/border-bottom: 0;\n\t\t\/\/padding-bottom: 0;\n\t\tborder-bottom: 1px solid #707070;\n\t\tpadding-bottom: 20px;\n\t}\n}\n*\/\n\/*\n@media screen and (max-width: 768px) {\n\t.page-menu-block .page-menu-block-inner  {\n\t\tcolumns: 1;\n\t}\n}\n\n@media screen and (min-width: 768.5px) {\n.page-menu-block a.first-of-column {\n\t\tborder-top: 0;\n\t\tpadding-top: 0;\n\t}\n}\n*\/\n<\/style>\n\n<div class=\"video-block\"><div class=\"video-block-item\">\t<a href=\"https:\/\/www.youtube.com\/watch?v=N_K8hq7KxsI\" title=\"Interpolated Surface Milling\" class=\"thumb thumb-video\">\n\t<img decoding=\"async\" src=\"https:\/\/img.youtube.com\/vi\/N_K8hq7KxsI\/hqdefault.jpg\" \/>\n\t<h4 class=\"video-title\">Interpolated Surface Milling<\/h4>\n\t<\/a>\n\n\t<\/div><div class=\"video-block-item\">\t<a href=\"https:\/\/www.youtube.com\/watch?v=cuU7K35ht0I\" title=\"Drilling Speed &amp; Performance\" class=\"thumb thumb-video\">\n\t<img decoding=\"async\" src=\"https:\/\/img.youtube.com\/vi\/cuU7K35ht0I\/hqdefault.jpg\" \/>\n\t<h4 class=\"video-title\">Drilling Speed &amp; Performance<\/h4>\n\t<\/a>\n\n\t<\/div><style>\n.video-block {\n    display: grid;\n    flex-wrap: wrap;\n    justify-content: center;\n    grid-template-columns: repeat(auto-fill, 250px); \/* see notes below *\/\n    grid-gap: 20px;\n}\n.video-block-item {\n    margin: 0;\n}\n\n.video-block-item img {\n    height: 140px;\n    width: 250px;\n    object-fit: cover;\n    border: 1px solid #ccc;\n}\n\n.entry-content .video-block-item a, a h4.video-title {\n\tfont: normal normal normal 16px\/18px 'Sansation', sans-serif;\n\ttext-decoration: none !important;\n}\n.entry-content .video-block-item a:hover, a:hover h4.video-title {\n\tcolor: #D02935;\n\ttext-decoration: none !important;\n}\n.inline-popup {\n\ttext-align: center;\n}\n\n.mfp-iframe-scaler {\n\tposition: static;\n}\n\n.mfp-title {\n\tposition: absolute;\n\tpadding-top: 10px;\n\tfont-family: 'droid_sansregular', sans-serif;\n}\n\n.videopopuptitle {\n\tcolor: #F3F3F3;\n}\n\n<\/style>\n<script>\njQuery(document).ready(function( $ ) {\n\n\nfunction init_magnificPopup() {\n\t$('.thumb-video').magnificPopup({\n\t  type: 'iframe',\n\t  gallery: {\n\t\tenabled:true\n\t  },\n\t  iframe: {\n\t\t markup: '<div class=\"mfp-iframe-scaler\">'+\n\t\t\t\t\t'<div class=\"mfp-close\"><\/div>'+\n\t\t\t\t\t'<iframe class=\"mfp-iframe\" frameborder=\"0\" allowfullscreen><\/iframe>'+\n\t\t\t\t\t'<div class=\"mfp-title\">Some caption<\/div>'+\n\t\t\t\t  '<\/div>'\n\t  },\n\t  callbacks: {\n\t\t markupParse: function(template, values, item) {\n\t\t\t values.title = item.el.attr('title');\n\t\t\t},\n\t\tclose: function () {\n                    \/\/ Call pause() here instead of load()\n                    $(\".videoslide\").each(function() {\n\t\t\t\t\t\tthis.pause();\n\t\t\t\t\t\tthis.currentTime = 0;\n\t\t\t\t\t});\n                }\n\t\t\n\t\t\n\t\t}\n\n\t\n\n\t});\n\t\n\t}\n\tinit_magnificPopup();\n});\n<\/script>\n\n<\/div>\n\n\n<div style=\"height:173px\" aria-hidden=\"true\" class=\"wp-block-spacer\"><\/div>\n","protected":false},"excerpt":{"rendered":"<p>Per\u00e7age<\/p>\n","protected":false},"author":2,"featured_media":0,"parent":2626,"menu_order":0,"comment_status":"closed","ping_status":"closed","template":"page-full.php","meta":{"_acf_changed":false,"inline_featured_image":false,"footnotes":""},"class_list":["post-3014","page","type-page","status-publish","hentry"],"acf":[],"yoast_head":"<!-- This site is optimized with the Yoast SEO plugin v27.2 - https:\/\/yoast.com\/product\/yoast-seo-wordpress\/ -->\n<title>Vid\u00e9os de Per\u00e7age - Kinetic Syst\u00e8mes de D\u00e9coupe de M\u00e9tal CNC<\/title>\n<meta name=\"robots\" content=\"index, follow, max-snippet:-1, max-image-preview:large, max-video-preview:-1\" \/>\n<link rel=\"canonical\" href=\"https:\/\/kineticcuttingsystems.eu\/fr\/galeries-video\/percage\/\" \/>\n<meta property=\"og:locale\" content=\"en_US\" \/>\n<meta property=\"og:type\" content=\"article\" \/>\n<meta property=\"og:title\" content=\"Vid\u00e9os de Per\u00e7age - Kinetic Syst\u00e8mes de D\u00e9coupe de M\u00e9tal CNC\" \/>\n<meta property=\"og:description\" content=\"Per\u00e7age\" \/>\n<meta property=\"og:url\" content=\"https:\/\/kineticcuttingsystems.eu\/fr\/galeries-video\/percage\/\" \/>\n<meta property=\"og:site_name\" content=\"Kinetic Syst\u00e8mes de D\u00e9coupe de M\u00e9tal CNC\" \/>\n<meta property=\"article:modified_time\" content=\"2025-11-07T20:55:55+00:00\" \/>\n<meta name=\"twitter:card\" content=\"summary_large_image\" \/>\n<meta name=\"twitter:label1\" content=\"Est. reading time\" \/>\n\t<meta name=\"twitter:data1\" content=\"1 minute\" \/>\n<script type=\"application\/ld+json\" class=\"yoast-schema-graph\">{\"@context\":\"https:\/\/schema.org\",\"@graph\":[{\"@type\":\"WebPage\",\"@id\":\"https:\/\/kineticcuttingsystems.eu\/fr\/galeries-video\/percage\/\",\"url\":\"https:\/\/kineticcuttingsystems.eu\/fr\/galeries-video\/percage\/\",\"name\":\"Vid\u00e9os de Per\u00e7age - Kinetic Syst\u00e8mes de D\u00e9coupe de M\u00e9tal CNC\",\"isPartOf\":{\"@id\":\"https:\/\/kineticcuttingsystems.eu\/fr\/#website\"},\"datePublished\":\"2022-06-06T18:54:06+00:00\",\"dateModified\":\"2025-11-07T20:55:55+00:00\",\"breadcrumb\":{\"@id\":\"https:\/\/kineticcuttingsystems.eu\/fr\/galeries-video\/percage\/#breadcrumb\"},\"inLanguage\":\"en-US\",\"potentialAction\":[{\"@type\":\"ReadAction\",\"target\":[\"https:\/\/kineticcuttingsystems.eu\/fr\/galeries-video\/percage\/\"]}]},{\"@type\":\"BreadcrumbList\",\"@id\":\"https:\/\/kineticcuttingsystems.eu\/fr\/galeries-video\/percage\/#breadcrumb\",\"itemListElement\":[{\"@type\":\"ListItem\",\"position\":1,\"name\":\"Home\",\"item\":\"https:\/\/kineticcuttingsystems.eu\/fr\/\"},{\"@type\":\"ListItem\",\"position\":2,\"name\":\"Galeries Vid\u00e9o\",\"item\":\"https:\/\/kineticcuttingsystems.eu\/fr\/galeries-video\/\"},{\"@type\":\"ListItem\",\"position\":3,\"name\":\"Per\u00e7age\"}]},{\"@type\":\"WebSite\",\"@id\":\"https:\/\/kineticcuttingsystems.eu\/fr\/#website\",\"url\":\"https:\/\/kineticcuttingsystems.eu\/fr\/\",\"name\":\"Kinetic Syst\u00e8mes de D\u00e9coupe de M\u00e9tal CNC\",\"description\":\"\",\"potentialAction\":[{\"@type\":\"SearchAction\",\"target\":{\"@type\":\"EntryPoint\",\"urlTemplate\":\"https:\/\/kineticcuttingsystems.eu\/fr\/?s={search_term_string}\"},\"query-input\":{\"@type\":\"PropertyValueSpecification\",\"valueRequired\":true,\"valueName\":\"search_term_string\"}}],\"inLanguage\":\"en-US\"}]}<\/script>\n<!-- \/ Yoast SEO plugin. -->","yoast_head_json":{"title":"Vid\u00e9os de Per\u00e7age - Kinetic Syst\u00e8mes de D\u00e9coupe de M\u00e9tal CNC","robots":{"index":"index","follow":"follow","max-snippet":"max-snippet:-1","max-image-preview":"max-image-preview:large","max-video-preview":"max-video-preview:-1"},"canonical":"https:\/\/kineticcuttingsystems.eu\/fr\/galeries-video\/percage\/","og_locale":"en_US","og_type":"article","og_title":"Vid\u00e9os de Per\u00e7age - Kinetic Syst\u00e8mes de D\u00e9coupe de M\u00e9tal CNC","og_description":"Per\u00e7age","og_url":"https:\/\/kineticcuttingsystems.eu\/fr\/galeries-video\/percage\/","og_site_name":"Kinetic Syst\u00e8mes de D\u00e9coupe de M\u00e9tal CNC","article_modified_time":"2025-11-07T20:55:55+00:00","twitter_card":"summary_large_image","twitter_misc":{"Est. reading time":"1 minute"},"schema":{"@context":"https:\/\/schema.org","@graph":[{"@type":"WebPage","@id":"https:\/\/kineticcuttingsystems.eu\/fr\/galeries-video\/percage\/","url":"https:\/\/kineticcuttingsystems.eu\/fr\/galeries-video\/percage\/","name":"Vid\u00e9os de Per\u00e7age - Kinetic Syst\u00e8mes de D\u00e9coupe de M\u00e9tal CNC","isPartOf":{"@id":"https:\/\/kineticcuttingsystems.eu\/fr\/#website"},"datePublished":"2022-06-06T18:54:06+00:00","dateModified":"2025-11-07T20:55:55+00:00","breadcrumb":{"@id":"https:\/\/kineticcuttingsystems.eu\/fr\/galeries-video\/percage\/#breadcrumb"},"inLanguage":"en-US","potentialAction":[{"@type":"ReadAction","target":["https:\/\/kineticcuttingsystems.eu\/fr\/galeries-video\/percage\/"]}]},{"@type":"BreadcrumbList","@id":"https:\/\/kineticcuttingsystems.eu\/fr\/galeries-video\/percage\/#breadcrumb","itemListElement":[{"@type":"ListItem","position":1,"name":"Home","item":"https:\/\/kineticcuttingsystems.eu\/fr\/"},{"@type":"ListItem","position":2,"name":"Galeries Vid\u00e9o","item":"https:\/\/kineticcuttingsystems.eu\/fr\/galeries-video\/"},{"@type":"ListItem","position":3,"name":"Per\u00e7age"}]},{"@type":"WebSite","@id":"https:\/\/kineticcuttingsystems.eu\/fr\/#website","url":"https:\/\/kineticcuttingsystems.eu\/fr\/","name":"Kinetic Syst\u00e8mes de D\u00e9coupe de M\u00e9tal CNC","description":"","potentialAction":[{"@type":"SearchAction","target":{"@type":"EntryPoint","urlTemplate":"https:\/\/kineticcuttingsystems.eu\/fr\/?s={search_term_string}"},"query-input":{"@type":"PropertyValueSpecification","valueRequired":true,"valueName":"search_term_string"}}],"inLanguage":"en-US"}]}},"_links":{"self":[{"href":"https:\/\/kineticcuttingsystems.eu\/fr\/wp-json\/wp\/v2\/pages\/3014","targetHints":{"allow":["GET"]}}],"collection":[{"href":"https:\/\/kineticcuttingsystems.eu\/fr\/wp-json\/wp\/v2\/pages"}],"about":[{"href":"https:\/\/kineticcuttingsystems.eu\/fr\/wp-json\/wp\/v2\/types\/page"}],"author":[{"embeddable":true,"href":"https:\/\/kineticcuttingsystems.eu\/fr\/wp-json\/wp\/v2\/users\/2"}],"replies":[{"embeddable":true,"href":"https:\/\/kineticcuttingsystems.eu\/fr\/wp-json\/wp\/v2\/comments?post=3014"}],"version-history":[{"count":1,"href":"https:\/\/kineticcuttingsystems.eu\/fr\/wp-json\/wp\/v2\/pages\/3014\/revisions"}],"predecessor-version":[{"id":3946,"href":"https:\/\/kineticcuttingsystems.eu\/fr\/wp-json\/wp\/v2\/pages\/3014\/revisions\/3946"}],"up":[{"embeddable":true,"href":"https:\/\/kineticcuttingsystems.eu\/fr\/wp-json\/wp\/v2\/pages\/2626"}],"wp:attachment":[{"href":"https:\/\/kineticcuttingsystems.eu\/fr\/wp-json\/wp\/v2\/media?parent=3014"}],"curies":[{"name":"wp","href":"https:\/\/api.w.org\/{rel}","templated":true}]}}