{"id":221,"date":"2018-04-24T18:21:03","date_gmt":"2018-04-24T18:21:03","guid":{"rendered":"https:\/\/kineticcuttingsystems.eu\/?page_id=221"},"modified":"2025-11-07T20:33:49","modified_gmt":"2025-11-07T20:33:49","slug":"k2500","status":"publish","type":"page","link":"https:\/\/kineticcuttingsystems.eu\/fr\/machines-de-decoupe\/machines-de-decoupe-au-plasma\/k2500\/","title":{"rendered":"K2500"},"content":{"rendered":"\n<h1 class=\"wp-block-heading\">Syst\u00e8me de D\u00e9coupe K2500<\/h1>\n\n\n\n<p><em><strong>D\u00e9coupe au Plasma et \u00e0 L&#8217;oxycoupage<\/strong><\/em><br \/><em><strong>D\u00e9coupe Chanfrein\u00e9e et \u00e0 Torche Multiple<\/strong><\/em><br \/><em><strong>Per\u00e7age Am\u00e9lior\u00e9<\/strong><\/em><\/p>\n\n\n\n<p>La K2500 est notre machine de d\u00e9coupe industrielle haut de gamme, capable d&#8217;effectuer des d\u00e9coupes au plasma, \u00e0 l&#8217;oxycoupage, chanfrein\u00e9e et \u00e0 torches multiples.<\/p>\n\n\n\n<p>Les \u00e9quipements standards comprennent \u00e9galement une tourelle de per\u00e7age \u00e0 6 postes ainsi que quatre postes configurables sur le chariot principal de la torche. Cette machine offre la pr\u00e9cision et l&#8217;efficacit\u00e9 reconnues de Kinetic dans un syst\u00e8me de d\u00e9coupe plasma \u00e0 usage moyen, id\u00e9al pour une grande vari\u00e9t\u00e9 d&#8217;applications de traitement de t\u00f4les.<\/p>\n\n\n\n<figure class=\"wp-block-gallery has-nested-images columns-4 is-cropped wp-block-gallery-1 is-layout-flex wp-block-gallery-is-layout-flex\">\n<figure class=\"wp-block-image size-large\"><a href=\"https:\/\/kineticcuttingsystems.eu\/fr\/cutting-machines\/production-plasma-cutting\/k2500-plasma-cutting-system\/k2500-1\/\"><img loading=\"lazy\" decoding=\"async\" width=\"1000\" height=\"667\" data-id=\"636\" src=\"https:\/\/kineticcuttingsystems.eu\/fr\/wp-content\/uploads\/sites\/4\/2018\/06\/K2500-1.jpg\" alt=\"\" class=\"wp-image-636\" srcset=\"https:\/\/kineticcuttingsystems.eu\/fr\/wp-content\/uploads\/sites\/4\/2018\/06\/K2500-1.jpg 1000w, https:\/\/kineticcuttingsystems.eu\/fr\/wp-content\/uploads\/sites\/4\/2018\/06\/K2500-1-300x200.jpg 300w, https:\/\/kineticcuttingsystems.eu\/fr\/wp-content\/uploads\/sites\/4\/2018\/06\/K2500-1-768x512.jpg 768w\" sizes=\"auto, (max-width: 1000px) 100vw, 1000px\" \/><\/a><\/figure>\n\n\n\n<figure class=\"wp-block-image size-large\"><a href=\"https:\/\/kineticcuttingsystems.eu\/fr\/cutting-machines\/production-plasma-cutting\/k2500-plasma-cutting-system\/k2500-2\/\"><img loading=\"lazy\" decoding=\"async\" width=\"1000\" height=\"667\" data-id=\"637\" src=\"https:\/\/kineticcuttingsystems.eu\/fr\/wp-content\/uploads\/sites\/4\/2018\/06\/K2500-2.jpg\" alt=\"\" class=\"wp-image-637\" srcset=\"https:\/\/kineticcuttingsystems.eu\/fr\/wp-content\/uploads\/sites\/4\/2018\/06\/K2500-2.jpg 1000w, https:\/\/kineticcuttingsystems.eu\/fr\/wp-content\/uploads\/sites\/4\/2018\/06\/K2500-2-300x200.jpg 300w, https:\/\/kineticcuttingsystems.eu\/fr\/wp-content\/uploads\/sites\/4\/2018\/06\/K2500-2-768x512.jpg 768w\" sizes=\"auto, (max-width: 1000px) 100vw, 1000px\" \/><\/a><\/figure>\n\n\n\n<figure class=\"wp-block-image size-large\"><a href=\"https:\/\/kineticcuttingsystems.eu\/fr\/cutting-machines\/production-plasma-cutting\/k2500-plasma-cutting-system\/k2500-3\/\"><img loading=\"lazy\" decoding=\"async\" width=\"1000\" height=\"667\" data-id=\"638\" src=\"https:\/\/kineticcuttingsystems.eu\/fr\/wp-content\/uploads\/sites\/4\/2018\/06\/K2500-3.jpg\" alt=\"\" class=\"wp-image-638\" srcset=\"https:\/\/kineticcuttingsystems.eu\/fr\/wp-content\/uploads\/sites\/4\/2018\/06\/K2500-3.jpg 1000w, https:\/\/kineticcuttingsystems.eu\/fr\/wp-content\/uploads\/sites\/4\/2018\/06\/K2500-3-300x200.jpg 300w, https:\/\/kineticcuttingsystems.eu\/fr\/wp-content\/uploads\/sites\/4\/2018\/06\/K2500-3-768x512.jpg 768w\" sizes=\"auto, (max-width: 1000px) 100vw, 1000px\" \/><\/a><\/figure>\n\n\n\n<figure class=\"wp-block-image size-large\"><a href=\"https:\/\/kineticcuttingsystems.eu\/fr\/cutting-machines\/combination-cutting-drilling\/k3000xmc-plasma-cutting-system-with-integrated-drilling\/blockhouse-parts-gallery\/\"><img loading=\"lazy\" decoding=\"async\" width=\"1000\" height=\"667\" data-id=\"514\" src=\"https:\/\/kineticcuttingsystems.eu\/fr\/wp-content\/uploads\/sites\/4\/2018\/05\/blockhouse-parts-gallery.jpg\" alt=\"\" class=\"wp-image-514\" srcset=\"https:\/\/kineticcuttingsystems.eu\/fr\/wp-content\/uploads\/sites\/4\/2018\/05\/blockhouse-parts-gallery.jpg 1000w, https:\/\/kineticcuttingsystems.eu\/fr\/wp-content\/uploads\/sites\/4\/2018\/05\/blockhouse-parts-gallery-300x200.jpg 300w, https:\/\/kineticcuttingsystems.eu\/fr\/wp-content\/uploads\/sites\/4\/2018\/05\/blockhouse-parts-gallery-768x512.jpg 768w\" sizes=\"auto, (max-width: 1000px) 100vw, 1000px\" \/><\/a><\/figure>\n<\/figure>\n\n\n\n<p><strong>Capacit\u00e9s de D\u00e9coupe<\/strong><\/p>\n\n\n\n<ul class=\"wp-block-list\">\n<li>D\u00e9coupe Plasma jusqu\u2019\u00e0 4 pouces (101,6 mm)<\/li>\n\n\n\n<li>D\u00e9coupe Oxycoupage jusqu\u2019\u00e0 8 pouces (203,2 mm)<\/li>\n\n\n\n<li>Chanfreinage au Plasma<\/li>\n\n\n\n<li>Chanfreinage \u00e0 L&#8217;oxycoupage<\/li>\n\n\n\n<li>Chanfreinage Oxycoupage Triple<\/li>\n\n\n\n<li>D\u00e9coupe de Tuyaux<\/li>\n<\/ul>\n\n\n\n<p><strong>Capacit\u00e9s D&#8217;usinage<\/strong><\/p>\n\n\n\n<ul class=\"wp-block-list\">\n<li>Per\u00e7age jusqu\u2019\u00e0 des trous de \u00be pouces (19 mm)<\/li>\n\n\n\n<li>Taraudage jusqu\u2019\u00e0 des trous de \u00bd pouce (12,7 mm)<\/li>\n\n\n\n<li>Chanfreinage<\/li>\n<\/ul>\n\n\n\n<p><strong>Taille de la Table<\/strong><\/p>\n\n\n\n<ul class=\"wp-block-list\">\n<li>Jusqu&#8217;\u00e0 18&nbsp;pieds de large (5,5&nbsp;m)<\/li>\n\n\n\n<li>Jusqu&#8217;\u00e0 100&nbsp;pieds (30,5&nbsp;m) de long<\/li>\n\n\n\n<li>Longueurs personnalis\u00e9es disponibles<\/li>\n<\/ul>\n\n\n\n<p><strong>Optimisation de la Productivit\u00e9<\/strong><\/p>\n\n\n\n<ul class=\"wp-block-list\">\n<li>D\u00e9coupe et per\u00e7age en une seule \u00e9tape<\/li>\n\n\n\n<li>Postes \u00e0 plusieurs dispositifs de levage pouvant accueillir jusqu&#8217;\u00e0 2 torches \u00e0 plasma \u00e0 entra\u00eenement ind\u00e9pendant<\/li>\n\n\n\n<li>Tourelle de per\u00e7age \u00e0 6 postes<\/li>\n\n\n\n<li>Marquage des pi\u00e8ces par marquage au plasma, marquage par percussion, jet d&#8217;encre ou estampage<\/li>\n<\/ul>\n\n\n\n<p><strong>R\u00e9duction des Temps D&#8217;arr\u00eat<\/strong><\/p>\n\n\n\n<ul class=\"wp-block-list\">\n<li>Table \u00e0 aspiration descendante haute performance minimisant la fum\u00e9e et les \u00e9manations<\/li>\n\n\n\n<li>Tiroirs \u00e0 scories amovibles pour faciliter le nettoyage du ch\u00e2ssis<\/li>\n\n\n\n<li>Lames de table modulaires pour un remplacement rapide<\/li>\n\n\n\n<li>Pi\u00e8ces de rechange standardis\u00e9es, livr\u00e9es rapidement<\/li>\n<\/ul>\n\n\n\n<p><strong>Rapidit\u00e9 et Pr\u00e9cision<\/strong><\/p>\n\n\n\n<ul class=\"wp-block-list\">\n<li>La meilleure pr\u00e9cision plasma de sa cat\u00e9gorie<\/li>\n\n\n\n<li>Vitesse de d\u00e9placement de 800 pouces\/min (20,3 m\/min)<\/li>\n\n\n\n<li>Syst\u00e8me d&#8217;entra\u00eenement double \u00e0 pignon avec suiveurs de came et roulements lin\u00e9aires<\/li>\n\n\n\n<li>\u00c9cran tactile LCD 19 pouces pour une configuration rapide et un contr\u00f4le facile<\/li>\n\n\n\n<li>Liaison par fibre optique pour charger rapidement les programmes<\/li>\n<\/ul>\n\n\n\n<p><strong>Durabilit\u00e9<\/strong><\/p>\n\n\n\n<ul class=\"wp-block-list\">\n<li>Con\u00e7u pour r\u00e9pondre aux exigences rigoureuses de la fabrication moderne<\/li>\n\n\n\n<li>Ch\u00e2ssis et composants r\u00e9sistants<\/li>\n\n\n\n<li>Rails au sol avec protection<\/li>\n\n\n\n<li>Pulv\u00e9risation de liquide de refroidissement pour prolonger la dur\u00e9e de vie des outils<\/li>\n<\/ul>\n\n\n\n<p><strong>Options et Accessoires<\/strong><\/p>\n\n\n\n<ul class=\"wp-block-list\">\n<li>Foret Pilote<\/li>\n\n\n\n<li>Marquage des pi\u00e8ces par jet d&#8217;encre ou percussion<\/li>\n\n\n\n<li>Table \u00e0 eau pour grandes dimensions<\/li>\n\n\n\n<li>Syst\u00e8me automatis\u00e9 d&#8217;enl\u00e8vement de pi\u00e8ces<\/li>\n<\/ul>\n\n\n\n<p><strong>T\u00eates de D\u00e9coupe Disponibles<\/strong><\/p>\n\n\n\n<ul class=\"wp-block-list\">\n<li>Hypertherm HPR800XD, pour les applications sur l&#8217;acier inoxydable<\/li>\n\n\n\n<li>Hypertherm HPR400XD<\/li>\n\n\n\n<li>Hypertherm XPR460<\/li>\n\n\n\n<li>Hypertherm XPR300<\/li>\n\n\n\n<li>Hypertherm XPR170<\/li>\n\n\n\n<li>Oxycoupage<\/li>\n\n\n\n<li>D\u00e9coupe plasma avec chanfrein<\/li>\n\n\n\n<li>Chanfreinage par oxycoupage<\/li>\n\n\n\n<li>D\u00e9coupe multi-torches<\/li>\n<\/ul>\n\n\n\n<p>Veuillez noter que les caract\u00e9ristiques et sp\u00e9cifications de nos machines peuvent \u00eatre modifi\u00e9es afin d\u2019int\u00e9grer les derni\u00e8res avanc\u00e9es techniques.\u00a0<a href=\"\/fr\/demandez-un-devis\/\">Contactez-nous d\u00e8s aujourd&#8217;hui<\/a><a href=\"https:\/\/kineticcuttingsystems.eu\/request-pricing\/\"> <\/a>si vous avez des questions sur des machines sp\u00e9cifiques et sur le syst\u00e8me Kinetic le mieux adapt\u00e9 \u00e0 votre application.<\/p>\n\n\n\n<p><\/p>\n","protected":false},"excerpt":{"rendered":"<p>Syst\u00e8me de D\u00e9coupe K2500 D\u00e9coupe au Plasma et \u00e0 L&#8217;oxycoupageD\u00e9coupe Chanfrein\u00e9e et \u00e0 Torche MultiplePer\u00e7age Am\u00e9lior\u00e9 La K2500 est notre<a class=\"moretag\" href=\"https:\/\/kineticcuttingsystems.eu\/fr\/machines-de-decoupe\/machines-de-decoupe-au-plasma\/k2500\/\"> &#8230;continue reading<\/a><\/p>\n","protected":false},"author":2,"featured_media":0,"parent":194,"menu_order":0,"comment_status":"closed","ping_status":"closed","template":"page-product.php","meta":{"_acf_changed":false,"inline_featured_image":false,"footnotes":""},"class_list":["post-221","page","type-page","status-publish","hentry"],"acf":[],"yoast_head":"<!-- This site is optimized with the Yoast SEO plugin v27.2 - https:\/\/yoast.com\/product\/yoast-seo-wordpress\/ -->\n<title>K2500 - Kinetic Syst\u00e8mes de D\u00e9coupe de M\u00e9tal CNC<\/title>\n<meta name=\"robots\" content=\"index, follow, max-snippet:-1, max-image-preview:large, max-video-preview:-1\" \/>\n<link rel=\"canonical\" href=\"https:\/\/kineticcuttingsystems.eu\/fr\/machines-de-decoupe\/machines-de-decoupe-au-plasma\/k2500\/\" \/>\n<meta property=\"og:locale\" content=\"en_US\" \/>\n<meta property=\"og:type\" content=\"article\" \/>\n<meta property=\"og:title\" content=\"K2500 - Kinetic Syst\u00e8mes de D\u00e9coupe de M\u00e9tal CNC\" \/>\n<meta property=\"og:description\" content=\"Syst\u00e8me de D\u00e9coupe K2500 D\u00e9coupe au Plasma et \u00e0 L&#8217;oxycoupageD\u00e9coupe Chanfrein\u00e9e et \u00e0 Torche MultiplePer\u00e7age Am\u00e9lior\u00e9 La K2500 est notre ...continue reading\" \/>\n<meta property=\"og:url\" content=\"https:\/\/kineticcuttingsystems.eu\/fr\/machines-de-decoupe\/machines-de-decoupe-au-plasma\/k2500\/\" \/>\n<meta property=\"og:site_name\" content=\"Kinetic Syst\u00e8mes de D\u00e9coupe de M\u00e9tal CNC\" \/>\n<meta property=\"article:modified_time\" content=\"2025-11-07T20:33:49+00:00\" \/>\n<meta property=\"og:image\" content=\"https:\/\/kineticcuttingsystems.eu\/fr\/wp-content\/uploads\/sites\/4\/2018\/06\/K2500-1.jpg\" \/>\n\t<meta property=\"og:image:width\" content=\"1000\" \/>\n\t<meta property=\"og:image:height\" content=\"667\" \/>\n\t<meta property=\"og:image:type\" content=\"image\/jpeg\" \/>\n<meta name=\"twitter:card\" content=\"summary_large_image\" \/>\n<meta name=\"twitter:label1\" content=\"Est. reading time\" \/>\n\t<meta name=\"twitter:data1\" content=\"3 minutes\" \/>\n<script type=\"application\/ld+json\" class=\"yoast-schema-graph\">{\"@context\":\"https:\/\/schema.org\",\"@graph\":[{\"@type\":\"WebPage\",\"@id\":\"https:\/\/kineticcuttingsystems.eu\/fr\/machines-de-decoupe\/machines-de-decoupe-au-plasma\/k2500\/\",\"url\":\"https:\/\/kineticcuttingsystems.eu\/fr\/machines-de-decoupe\/machines-de-decoupe-au-plasma\/k2500\/\",\"name\":\"K2500 - Kinetic Syst\u00e8mes de D\u00e9coupe de M\u00e9tal CNC\",\"isPartOf\":{\"@id\":\"https:\/\/kineticcuttingsystems.eu\/fr\/#website\"},\"primaryImageOfPage\":{\"@id\":\"https:\/\/kineticcuttingsystems.eu\/fr\/machines-de-decoupe\/machines-de-decoupe-au-plasma\/k2500\/#primaryimage\"},\"image\":{\"@id\":\"https:\/\/kineticcuttingsystems.eu\/fr\/machines-de-decoupe\/machines-de-decoupe-au-plasma\/k2500\/#primaryimage\"},\"thumbnailUrl\":\"https:\/\/kineticcuttingsystems.eu\/fr\/wp-content\/uploads\/sites\/4\/2018\/06\/K2500-1.jpg\",\"datePublished\":\"2018-04-24T18:21:03+00:00\",\"dateModified\":\"2025-11-07T20:33:49+00:00\",\"breadcrumb\":{\"@id\":\"https:\/\/kineticcuttingsystems.eu\/fr\/machines-de-decoupe\/machines-de-decoupe-au-plasma\/k2500\/#breadcrumb\"},\"inLanguage\":\"en-US\",\"potentialAction\":[{\"@type\":\"ReadAction\",\"target\":[\"https:\/\/kineticcuttingsystems.eu\/fr\/machines-de-decoupe\/machines-de-decoupe-au-plasma\/k2500\/\"]}]},{\"@type\":\"ImageObject\",\"inLanguage\":\"en-US\",\"@id\":\"https:\/\/kineticcuttingsystems.eu\/fr\/machines-de-decoupe\/machines-de-decoupe-au-plasma\/k2500\/#primaryimage\",\"url\":\"https:\/\/kineticcuttingsystems.eu\/fr\/wp-content\/uploads\/sites\/4\/2018\/06\/K2500-1.jpg\",\"contentUrl\":\"https:\/\/kineticcuttingsystems.eu\/fr\/wp-content\/uploads\/sites\/4\/2018\/06\/K2500-1.jpg\",\"width\":1000,\"height\":667},{\"@type\":\"BreadcrumbList\",\"@id\":\"https:\/\/kineticcuttingsystems.eu\/fr\/machines-de-decoupe\/machines-de-decoupe-au-plasma\/k2500\/#breadcrumb\",\"itemListElement\":[{\"@type\":\"ListItem\",\"position\":1,\"name\":\"Home\",\"item\":\"https:\/\/kineticcuttingsystems.eu\/fr\/\"},{\"@type\":\"ListItem\",\"position\":2,\"name\":\"Machines de D\u00e9coupe\",\"item\":\"https:\/\/kineticcuttingsystems.eu\/fr\/machines-de-decoupe\/\"},{\"@type\":\"ListItem\",\"position\":3,\"name\":\"Machines de D\u00e9coupe au Plasma\",\"item\":\"https:\/\/kineticcuttingsystems.eu\/fr\/machines-de-decoupe\/machines-de-decoupe-au-plasma\/\"},{\"@type\":\"ListItem\",\"position\":4,\"name\":\"K2500\"}]},{\"@type\":\"WebSite\",\"@id\":\"https:\/\/kineticcuttingsystems.eu\/fr\/#website\",\"url\":\"https:\/\/kineticcuttingsystems.eu\/fr\/\",\"name\":\"Kinetic Syst\u00e8mes de D\u00e9coupe de M\u00e9tal CNC\",\"description\":\"\",\"potentialAction\":[{\"@type\":\"SearchAction\",\"target\":{\"@type\":\"EntryPoint\",\"urlTemplate\":\"https:\/\/kineticcuttingsystems.eu\/fr\/?s={search_term_string}\"},\"query-input\":{\"@type\":\"PropertyValueSpecification\",\"valueRequired\":true,\"valueName\":\"search_term_string\"}}],\"inLanguage\":\"en-US\"}]}<\/script>\n<!-- \/ Yoast SEO plugin. -->","yoast_head_json":{"title":"K2500 - Kinetic Syst\u00e8mes de D\u00e9coupe de M\u00e9tal CNC","robots":{"index":"index","follow":"follow","max-snippet":"max-snippet:-1","max-image-preview":"max-image-preview:large","max-video-preview":"max-video-preview:-1"},"canonical":"https:\/\/kineticcuttingsystems.eu\/fr\/machines-de-decoupe\/machines-de-decoupe-au-plasma\/k2500\/","og_locale":"en_US","og_type":"article","og_title":"K2500 - Kinetic Syst\u00e8mes de D\u00e9coupe de M\u00e9tal CNC","og_description":"Syst\u00e8me de D\u00e9coupe K2500 D\u00e9coupe au Plasma et \u00e0 L&#8217;oxycoupageD\u00e9coupe Chanfrein\u00e9e et \u00e0 Torche MultiplePer\u00e7age Am\u00e9lior\u00e9 La K2500 est notre ...continue reading","og_url":"https:\/\/kineticcuttingsystems.eu\/fr\/machines-de-decoupe\/machines-de-decoupe-au-plasma\/k2500\/","og_site_name":"Kinetic Syst\u00e8mes de D\u00e9coupe de M\u00e9tal CNC","article_modified_time":"2025-11-07T20:33:49+00:00","og_image":[{"width":1000,"height":667,"url":"https:\/\/kineticcuttingsystems.eu\/fr\/wp-content\/uploads\/sites\/4\/2018\/06\/K2500-1.jpg","type":"image\/jpeg"}],"twitter_card":"summary_large_image","twitter_misc":{"Est. reading time":"3 minutes"},"schema":{"@context":"https:\/\/schema.org","@graph":[{"@type":"WebPage","@id":"https:\/\/kineticcuttingsystems.eu\/fr\/machines-de-decoupe\/machines-de-decoupe-au-plasma\/k2500\/","url":"https:\/\/kineticcuttingsystems.eu\/fr\/machines-de-decoupe\/machines-de-decoupe-au-plasma\/k2500\/","name":"K2500 - Kinetic Syst\u00e8mes de D\u00e9coupe de M\u00e9tal CNC","isPartOf":{"@id":"https:\/\/kineticcuttingsystems.eu\/fr\/#website"},"primaryImageOfPage":{"@id":"https:\/\/kineticcuttingsystems.eu\/fr\/machines-de-decoupe\/machines-de-decoupe-au-plasma\/k2500\/#primaryimage"},"image":{"@id":"https:\/\/kineticcuttingsystems.eu\/fr\/machines-de-decoupe\/machines-de-decoupe-au-plasma\/k2500\/#primaryimage"},"thumbnailUrl":"https:\/\/kineticcuttingsystems.eu\/fr\/wp-content\/uploads\/sites\/4\/2018\/06\/K2500-1.jpg","datePublished":"2018-04-24T18:21:03+00:00","dateModified":"2025-11-07T20:33:49+00:00","breadcrumb":{"@id":"https:\/\/kineticcuttingsystems.eu\/fr\/machines-de-decoupe\/machines-de-decoupe-au-plasma\/k2500\/#breadcrumb"},"inLanguage":"en-US","potentialAction":[{"@type":"ReadAction","target":["https:\/\/kineticcuttingsystems.eu\/fr\/machines-de-decoupe\/machines-de-decoupe-au-plasma\/k2500\/"]}]},{"@type":"ImageObject","inLanguage":"en-US","@id":"https:\/\/kineticcuttingsystems.eu\/fr\/machines-de-decoupe\/machines-de-decoupe-au-plasma\/k2500\/#primaryimage","url":"https:\/\/kineticcuttingsystems.eu\/fr\/wp-content\/uploads\/sites\/4\/2018\/06\/K2500-1.jpg","contentUrl":"https:\/\/kineticcuttingsystems.eu\/fr\/wp-content\/uploads\/sites\/4\/2018\/06\/K2500-1.jpg","width":1000,"height":667},{"@type":"BreadcrumbList","@id":"https:\/\/kineticcuttingsystems.eu\/fr\/machines-de-decoupe\/machines-de-decoupe-au-plasma\/k2500\/#breadcrumb","itemListElement":[{"@type":"ListItem","position":1,"name":"Home","item":"https:\/\/kineticcuttingsystems.eu\/fr\/"},{"@type":"ListItem","position":2,"name":"Machines de D\u00e9coupe","item":"https:\/\/kineticcuttingsystems.eu\/fr\/machines-de-decoupe\/"},{"@type":"ListItem","position":3,"name":"Machines de D\u00e9coupe au Plasma","item":"https:\/\/kineticcuttingsystems.eu\/fr\/machines-de-decoupe\/machines-de-decoupe-au-plasma\/"},{"@type":"ListItem","position":4,"name":"K2500"}]},{"@type":"WebSite","@id":"https:\/\/kineticcuttingsystems.eu\/fr\/#website","url":"https:\/\/kineticcuttingsystems.eu\/fr\/","name":"Kinetic Syst\u00e8mes de D\u00e9coupe de M\u00e9tal CNC","description":"","potentialAction":[{"@type":"SearchAction","target":{"@type":"EntryPoint","urlTemplate":"https:\/\/kineticcuttingsystems.eu\/fr\/?s={search_term_string}"},"query-input":{"@type":"PropertyValueSpecification","valueRequired":true,"valueName":"search_term_string"}}],"inLanguage":"en-US"}]}},"_links":{"self":[{"href":"https:\/\/kineticcuttingsystems.eu\/fr\/wp-json\/wp\/v2\/pages\/221","targetHints":{"allow":["GET"]}}],"collection":[{"href":"https:\/\/kineticcuttingsystems.eu\/fr\/wp-json\/wp\/v2\/pages"}],"about":[{"href":"https:\/\/kineticcuttingsystems.eu\/fr\/wp-json\/wp\/v2\/types\/page"}],"author":[{"embeddable":true,"href":"https:\/\/kineticcuttingsystems.eu\/fr\/wp-json\/wp\/v2\/users\/2"}],"replies":[{"embeddable":true,"href":"https:\/\/kineticcuttingsystems.eu\/fr\/wp-json\/wp\/v2\/comments?post=221"}],"version-history":[{"count":3,"href":"https:\/\/kineticcuttingsystems.eu\/fr\/wp-json\/wp\/v2\/pages\/221\/revisions"}],"predecessor-version":[{"id":3965,"href":"https:\/\/kineticcuttingsystems.eu\/fr\/wp-json\/wp\/v2\/pages\/221\/revisions\/3965"}],"up":[{"embeddable":true,"href":"https:\/\/kineticcuttingsystems.eu\/fr\/wp-json\/wp\/v2\/pages\/194"}],"wp:attachment":[{"href":"https:\/\/kineticcuttingsystems.eu\/fr\/wp-json\/wp\/v2\/media?parent=221"}],"curies":[{"name":"wp","href":"https:\/\/api.w.org\/{rel}","templated":true}]}}