{"id":195,"date":"2018-04-18T19:01:36","date_gmt":"2018-04-18T19:01:36","guid":{"rendered":"https:\/\/kineticcuttingsystems.eu\/cutting-machines\/options-accessories\/"},"modified":"2025-11-07T19:58:25","modified_gmt":"2025-11-07T19:58:25","slug":"options-et-accessoires-plasma","status":"publish","type":"page","link":"https:\/\/kineticcuttingsystems.eu\/fr\/machines-de-decoupe\/options-et-accessoires-plasma\/","title":{"rendered":"Options et Accessoires Plasma"},"content":{"rendered":"\n<h1 class=\"wp-block-heading\">T\u00caTES DE D\u00c9COUPE, OPTIONS ET ACCESSOIRES<\/h1>\n\n\n\n<p>Chez Kinetic, nos machines peuvent accueillir une grande vari\u00e9t\u00e9 de t\u00eates de d\u00e9coupe, d&#8217;options et d&#8217;accessoires afin d&#8217;aider votre atelier \u00e0 cr\u00e9er le syst\u00e8me parfait pour votre application sp\u00e9cifique. Des derni\u00e8res t\u00eates de d\u00e9coupe plasma Hypertherm au chanfreinage oxycoupage triple, et bien plus encore, nous proposons une large gamme d\u2019options personnalisables. <\/p>\n\n\n\n<p>Explorez les liens ci-dessous et <a href=\"\/fr\/demandez-un-devis\/\">contactez-nous d\u00e8s aujourd\u2019hui <\/a>pour d\u00e9couvrir comment nous pouvons vous aider \u00e0 mettre en place un syst\u00e8me combin\u00e9 de d\u00e9coupe, fraisage et per\u00e7age au plasma, afin d\u2019optimiser votre efficacit\u00e9 et d\u2019accro\u00eetre votre rentabilit\u00e9.<\/p>\n\n\n<div class=\"productcenter\"><div class=\"product\"><a href=\" \/fr\/machines-de-decoupe\/options-et-accessoires-plasma\/systemes-plasma-hypertherm\/\"><div class=\"productinfo\"><h3>Syst\u00e8mes Plasma Hypertherm<\/h3><div class=\"productcol\"> <\/div><\/div><\/a><\/div><div class=\"product\"><a href=\" \/fr\/machines-de-decoupe\/options-et-accessoires-plasma\/systemes-de-decoupe-oxycombustible\/\"><div class=\"productinfo\"><h3>Syst\u00e8mes de D\u00e9coupe Oxycoupage<\/h3><div class=\"productcol\"> <\/div><\/div><\/a><\/div><div class=\"product\"><a href=\" \/fr\/machines-de-decoupe\/options-et-accessoires-plasma\/decoupe-en-chanfrein-plasma-et-oxycombustible\/\"><div class=\"productinfo\"><h3>Chanfreinage au Plasma et \u00e0 L\u2019oxycoupage<\/h3><div class=\"productcol\"> <\/div><\/div><\/a><\/div><div class=\"product\"><a href=\" \/fr\/machines-de-decoupe\/options-et-accessoires-plasma\/fraisage-percage-taraudage-alesage-et-plus-encore\/\"><div class=\"productinfo\"><h3>Fraisage, Per\u00e7age, Taraudage et Plus Encore<\/h3><div class=\"productcol\"> <\/div><\/div><\/a><\/div><div class=\"product\"><a href=\" \/fr\/machines-de-decoupe\/options-et-accessoires-plasma\/systeme-automatise-denlevement-de-pieces\/\"><div class=\"productinfo\"><h3>Enl\u00e8vement Automatis\u00e9 des Pi\u00e8ces<\/h3><div class=\"productcol\"> <\/div><\/div><\/a><\/div><div class=\"product\"><a href=\" \/fr\/machines-de-decoupe\/options-et-accessoires-plasma\/accessoire-pour-decouper-les-tuyaux\/\"><div class=\"productinfo\"><h3>D\u00e9coupe de Tuyaux<\/h3><div class=\"productcol\"> <\/div><\/div><\/a><\/div><div class=\"product\"><a href=\" \/fr\/machines-de-decoupe\/options-et-accessoires-plasma\/decoupe-au-chalumeau-oxyacetylenique-triply\/\"><div class=\"productinfo\"><h3>D\u00e9coupe Oxycoupage Triple Torche<\/h3><div class=\"productcol\"> <\/div><\/div><\/a><\/div><div class=\"product\"><a href=\" \/fr\/machines-de-decoupe\/options-et-accessoires-plasma\/tourelle-de-percage-et-de-taraudage-a-six-postes\/\"><div class=\"productinfo\"><h3>Per\u00e7age et Taraudage \u00e0 6 Postes<\/h3><div class=\"productcol\"> <\/div><\/div><\/a><\/div><div class=\"product\"><a href=\" \/fr\/machines-de-decoupe\/options-et-accessoires-plasma\/marquage-par-percussion\/\"><div class=\"productinfo\"><h3>Marquage Par Percussion<\/h3><div class=\"productcol\"> <\/div><\/div><\/a><\/div><div class=\"product\"><a href=\" \/fr\/machines-de-decoupe\/options-et-accessoires-plasma\/marquage-par-roue-daisy\/\"><div class=\"productinfo\"><h3>Estampage \u00e0 Roue Daisy<\/h3><div class=\"productcol\"> <\/div><\/div><\/a><\/div><\/div>","protected":false},"excerpt":{"rendered":"<p>T\u00caTES DE D\u00c9COUPE, OPTIONS ET ACCESSOIRES Chez Kinetic, nos machines peuvent accueillir une grande vari\u00e9t\u00e9 de t\u00eates de d\u00e9coupe, d&#8217;options<a class=\"moretag\" href=\"https:\/\/kineticcuttingsystems.eu\/fr\/machines-de-decoupe\/options-et-accessoires-plasma\/\"> &#8230;continue reading<\/a><\/p>\n","protected":false},"author":2,"featured_media":0,"parent":16,"menu_order":13,"comment_status":"closed","ping_status":"closed","template":"","meta":{"_acf_changed":false,"inline_featured_image":false,"footnotes":""},"class_list":["post-195","page","type-page","status-publish","hentry"],"acf":[],"yoast_head":"<!-- This site is optimized with the Yoast SEO plugin v27.2 - https:\/\/yoast.com\/product\/yoast-seo-wordpress\/ -->\n<title>Options et Accessoires Plasma - Kinetic Syst\u00e8mes de D\u00e9coupe de M\u00e9tal CNC<\/title>\n<meta name=\"robots\" content=\"index, follow, max-snippet:-1, max-image-preview:large, max-video-preview:-1\" \/>\n<link rel=\"canonical\" href=\"https:\/\/kineticcuttingsystems.eu\/fr\/machines-de-decoupe\/options-et-accessoires-plasma\/\" \/>\n<meta property=\"og:locale\" content=\"en_US\" \/>\n<meta property=\"og:type\" content=\"article\" \/>\n<meta property=\"og:title\" content=\"Options et Accessoires Plasma - Kinetic Syst\u00e8mes de D\u00e9coupe de M\u00e9tal CNC\" \/>\n<meta property=\"og:description\" content=\"T\u00caTES DE D\u00c9COUPE, OPTIONS ET ACCESSOIRES Chez Kinetic, nos machines peuvent accueillir une grande vari\u00e9t\u00e9 de t\u00eates de d\u00e9coupe, d&#8217;options ...continue reading\" \/>\n<meta property=\"og:url\" content=\"https:\/\/kineticcuttingsystems.eu\/fr\/machines-de-decoupe\/options-et-accessoires-plasma\/\" \/>\n<meta property=\"og:site_name\" content=\"Kinetic Syst\u00e8mes de D\u00e9coupe de M\u00e9tal CNC\" \/>\n<meta property=\"article:modified_time\" content=\"2025-11-07T19:58:25+00:00\" \/>\n<meta name=\"twitter:card\" content=\"summary_large_image\" \/>\n<meta name=\"twitter:label1\" content=\"Est. reading time\" \/>\n\t<meta name=\"twitter:data1\" content=\"1 minute\" \/>\n<script type=\"application\/ld+json\" class=\"yoast-schema-graph\">{\"@context\":\"https:\/\/schema.org\",\"@graph\":[{\"@type\":\"WebPage\",\"@id\":\"https:\/\/kineticcuttingsystems.eu\/fr\/machines-de-decoupe\/options-et-accessoires-plasma\/\",\"url\":\"https:\/\/kineticcuttingsystems.eu\/fr\/machines-de-decoupe\/options-et-accessoires-plasma\/\",\"name\":\"Options et Accessoires Plasma - Kinetic Syst\u00e8mes de D\u00e9coupe de M\u00e9tal CNC\",\"isPartOf\":{\"@id\":\"https:\/\/kineticcuttingsystems.eu\/fr\/#website\"},\"datePublished\":\"2018-04-18T19:01:36+00:00\",\"dateModified\":\"2025-11-07T19:58:25+00:00\",\"breadcrumb\":{\"@id\":\"https:\/\/kineticcuttingsystems.eu\/fr\/machines-de-decoupe\/options-et-accessoires-plasma\/#breadcrumb\"},\"inLanguage\":\"en-US\",\"potentialAction\":[{\"@type\":\"ReadAction\",\"target\":[\"https:\/\/kineticcuttingsystems.eu\/fr\/machines-de-decoupe\/options-et-accessoires-plasma\/\"]}]},{\"@type\":\"BreadcrumbList\",\"@id\":\"https:\/\/kineticcuttingsystems.eu\/fr\/machines-de-decoupe\/options-et-accessoires-plasma\/#breadcrumb\",\"itemListElement\":[{\"@type\":\"ListItem\",\"position\":1,\"name\":\"Home\",\"item\":\"https:\/\/kineticcuttingsystems.eu\/fr\/\"},{\"@type\":\"ListItem\",\"position\":2,\"name\":\"Machines de D\u00e9coupe\",\"item\":\"https:\/\/kineticcuttingsystems.eu\/fr\/machines-de-decoupe\/\"},{\"@type\":\"ListItem\",\"position\":3,\"name\":\"Options et Accessoires Plasma\"}]},{\"@type\":\"WebSite\",\"@id\":\"https:\/\/kineticcuttingsystems.eu\/fr\/#website\",\"url\":\"https:\/\/kineticcuttingsystems.eu\/fr\/\",\"name\":\"Kinetic Syst\u00e8mes de D\u00e9coupe de M\u00e9tal CNC\",\"description\":\"\",\"potentialAction\":[{\"@type\":\"SearchAction\",\"target\":{\"@type\":\"EntryPoint\",\"urlTemplate\":\"https:\/\/kineticcuttingsystems.eu\/fr\/?s={search_term_string}\"},\"query-input\":{\"@type\":\"PropertyValueSpecification\",\"valueRequired\":true,\"valueName\":\"search_term_string\"}}],\"inLanguage\":\"en-US\"}]}<\/script>\n<!-- \/ Yoast SEO plugin. -->","yoast_head_json":{"title":"Options et Accessoires Plasma - Kinetic Syst\u00e8mes de D\u00e9coupe de M\u00e9tal CNC","robots":{"index":"index","follow":"follow","max-snippet":"max-snippet:-1","max-image-preview":"max-image-preview:large","max-video-preview":"max-video-preview:-1"},"canonical":"https:\/\/kineticcuttingsystems.eu\/fr\/machines-de-decoupe\/options-et-accessoires-plasma\/","og_locale":"en_US","og_type":"article","og_title":"Options et Accessoires Plasma - Kinetic Syst\u00e8mes de D\u00e9coupe de M\u00e9tal CNC","og_description":"T\u00caTES DE D\u00c9COUPE, OPTIONS ET ACCESSOIRES Chez Kinetic, nos machines peuvent accueillir une grande vari\u00e9t\u00e9 de t\u00eates de d\u00e9coupe, d&#8217;options ...continue reading","og_url":"https:\/\/kineticcuttingsystems.eu\/fr\/machines-de-decoupe\/options-et-accessoires-plasma\/","og_site_name":"Kinetic Syst\u00e8mes de D\u00e9coupe de M\u00e9tal CNC","article_modified_time":"2025-11-07T19:58:25+00:00","twitter_card":"summary_large_image","twitter_misc":{"Est. reading time":"1 minute"},"schema":{"@context":"https:\/\/schema.org","@graph":[{"@type":"WebPage","@id":"https:\/\/kineticcuttingsystems.eu\/fr\/machines-de-decoupe\/options-et-accessoires-plasma\/","url":"https:\/\/kineticcuttingsystems.eu\/fr\/machines-de-decoupe\/options-et-accessoires-plasma\/","name":"Options et Accessoires Plasma - Kinetic Syst\u00e8mes de D\u00e9coupe de M\u00e9tal CNC","isPartOf":{"@id":"https:\/\/kineticcuttingsystems.eu\/fr\/#website"},"datePublished":"2018-04-18T19:01:36+00:00","dateModified":"2025-11-07T19:58:25+00:00","breadcrumb":{"@id":"https:\/\/kineticcuttingsystems.eu\/fr\/machines-de-decoupe\/options-et-accessoires-plasma\/#breadcrumb"},"inLanguage":"en-US","potentialAction":[{"@type":"ReadAction","target":["https:\/\/kineticcuttingsystems.eu\/fr\/machines-de-decoupe\/options-et-accessoires-plasma\/"]}]},{"@type":"BreadcrumbList","@id":"https:\/\/kineticcuttingsystems.eu\/fr\/machines-de-decoupe\/options-et-accessoires-plasma\/#breadcrumb","itemListElement":[{"@type":"ListItem","position":1,"name":"Home","item":"https:\/\/kineticcuttingsystems.eu\/fr\/"},{"@type":"ListItem","position":2,"name":"Machines de D\u00e9coupe","item":"https:\/\/kineticcuttingsystems.eu\/fr\/machines-de-decoupe\/"},{"@type":"ListItem","position":3,"name":"Options et Accessoires Plasma"}]},{"@type":"WebSite","@id":"https:\/\/kineticcuttingsystems.eu\/fr\/#website","url":"https:\/\/kineticcuttingsystems.eu\/fr\/","name":"Kinetic Syst\u00e8mes de D\u00e9coupe de M\u00e9tal CNC","description":"","potentialAction":[{"@type":"SearchAction","target":{"@type":"EntryPoint","urlTemplate":"https:\/\/kineticcuttingsystems.eu\/fr\/?s={search_term_string}"},"query-input":{"@type":"PropertyValueSpecification","valueRequired":true,"valueName":"search_term_string"}}],"inLanguage":"en-US"}]}},"_links":{"self":[{"href":"https:\/\/kineticcuttingsystems.eu\/fr\/wp-json\/wp\/v2\/pages\/195","targetHints":{"allow":["GET"]}}],"collection":[{"href":"https:\/\/kineticcuttingsystems.eu\/fr\/wp-json\/wp\/v2\/pages"}],"about":[{"href":"https:\/\/kineticcuttingsystems.eu\/fr\/wp-json\/wp\/v2\/types\/page"}],"author":[{"embeddable":true,"href":"https:\/\/kineticcuttingsystems.eu\/fr\/wp-json\/wp\/v2\/users\/2"}],"replies":[{"embeddable":true,"href":"https:\/\/kineticcuttingsystems.eu\/fr\/wp-json\/wp\/v2\/comments?post=195"}],"version-history":[{"count":5,"href":"https:\/\/kineticcuttingsystems.eu\/fr\/wp-json\/wp\/v2\/pages\/195\/revisions"}],"predecessor-version":[{"id":3929,"href":"https:\/\/kineticcuttingsystems.eu\/fr\/wp-json\/wp\/v2\/pages\/195\/revisions\/3929"}],"up":[{"embeddable":true,"href":"https:\/\/kineticcuttingsystems.eu\/fr\/wp-json\/wp\/v2\/pages\/16"}],"wp:attachment":[{"href":"https:\/\/kineticcuttingsystems.eu\/fr\/wp-json\/wp\/v2\/media?parent=195"}],"curies":[{"name":"wp","href":"https:\/\/api.w.org\/{rel}","templated":true}]}}