{"id":19,"date":"2018-03-21T02:34:27","date_gmt":"2018-03-21T02:34:27","guid":{"rendered":"https:\/\/kineticcuttingsystems.eu\/about\/"},"modified":"2025-11-07T19:23:34","modified_gmt":"2025-11-07T19:23:34","slug":"a-propos","status":"publish","type":"page","link":"https:\/\/kineticcuttingsystems.eu\/fr\/a-propos\/","title":{"rendered":"\u00c0 Propos"},"content":{"rendered":"\n<h1 class=\"wp-block-heading\">\u00c0 Propos de Kinetic<\/h1>\n\n\n\n<p>Kinetic est un leader mondial reconnu dans le domaine des syst\u00e8mes de d\u00e9coupe des m\u00e9taux. Depuis nos d\u00e9buts en 1993 en Nouvelle-Z\u00e9lande, nous avons d\u00e9velopp\u00e9 de nombreuses innovations brevet\u00e9es qui ont repouss\u00e9 les limites de la vitesse, de la pr\u00e9cision et de la productivit\u00e9 dans le traitement des t\u00f4les.<\/p>\n\n\n\n<p>Nos machines ne se contentent pas de d\u00e9couper des t\u00f4les, elles permettent aux entreprises d&#8217;optimiser leur productivit\u00e9. En combinant la technologie classique d\u2019usinage des t\u00f4les avec des fonctions d\u2019usinage verticales pour percer, fraiser, tarauder, al\u00e9ser et bien plus, nous permettons aux transformateurs de t\u00f4les de supprimer les multiples configurations, d\u2019\u00e9viter le transfert des pi\u00e8ces entre postes et, au final, de gagner du temps et r\u00e9duire les co\u00fbts.<\/p>\n\n\n\n<p>Gr\u00e2ce \u00e0 leur conception intelligente, nos syst\u00e8mes de d\u00e9coupe r\u00e9sistent aux rigueurs de la fabrication moderne, sont faciles \u00e0 entretenir et minimisent les temps d&#8217;arr\u00eat. Cela signifie qu&#8217;une machine Kinetic fonctionnera plus rapidement, plus longtemps et plus efficacement que n&#8217;importe quelle autre.<\/p>\n\n\n\n<figure class=\"wp-block-gallery has-nested-images columns-4 is-cropped wp-block-gallery-1 is-layout-flex wp-block-gallery-is-layout-flex\">\n<figure class=\"wp-block-image size-full\"><a href=\"https:\/\/kineticcuttingsystems.eu\/fr\/wp-content\/uploads\/sites\/4\/2018\/05\/kinetic-software.jpg\"><img loading=\"lazy\" decoding=\"async\" width=\"1000\" height=\"667\" data-id=\"566\" src=\"https:\/\/kineticcuttingsystems.eu\/fr\/wp-content\/uploads\/sites\/4\/2018\/05\/kinetic-software.jpg\" alt=\"\" class=\"wp-image-566\" srcset=\"https:\/\/kineticcuttingsystems.eu\/fr\/wp-content\/uploads\/sites\/4\/2018\/05\/kinetic-software.jpg 1000w, https:\/\/kineticcuttingsystems.eu\/fr\/wp-content\/uploads\/sites\/4\/2018\/05\/kinetic-software-300x200.jpg 300w, https:\/\/kineticcuttingsystems.eu\/fr\/wp-content\/uploads\/sites\/4\/2018\/05\/kinetic-software-768x512.jpg 768w\" sizes=\"auto, (max-width: 1000px) 100vw, 1000px\" \/><\/a><\/figure>\n\n\n\n<figure class=\"wp-block-image size-full\"><a href=\"https:\/\/kineticcuttingsystems.eu\/fr\/wp-content\/uploads\/sites\/4\/2018\/05\/kinetic-about-gallery-4.jpg\"><img loading=\"lazy\" decoding=\"async\" width=\"1000\" height=\"667\" data-id=\"533\" src=\"https:\/\/kineticcuttingsystems.eu\/fr\/wp-content\/uploads\/sites\/4\/2018\/05\/kinetic-about-gallery-4.jpg\" alt=\"\" class=\"wp-image-533\" srcset=\"https:\/\/kineticcuttingsystems.eu\/fr\/wp-content\/uploads\/sites\/4\/2018\/05\/kinetic-about-gallery-4.jpg 1000w, https:\/\/kineticcuttingsystems.eu\/fr\/wp-content\/uploads\/sites\/4\/2018\/05\/kinetic-about-gallery-4-300x200.jpg 300w, https:\/\/kineticcuttingsystems.eu\/fr\/wp-content\/uploads\/sites\/4\/2018\/05\/kinetic-about-gallery-4-768x512.jpg 768w\" sizes=\"auto, (max-width: 1000px) 100vw, 1000px\" \/><\/a><\/figure>\n\n\n\n<figure class=\"wp-block-image size-full\"><a href=\"https:\/\/kineticcuttingsystems.eu\/fr\/wp-content\/uploads\/sites\/4\/2018\/05\/kinetic-about-gallery-5.jpg\"><img loading=\"lazy\" decoding=\"async\" width=\"1000\" height=\"667\" data-id=\"534\" src=\"https:\/\/kineticcuttingsystems.eu\/fr\/wp-content\/uploads\/sites\/4\/2018\/05\/kinetic-about-gallery-5.jpg\" alt=\"\" class=\"wp-image-534\" srcset=\"https:\/\/kineticcuttingsystems.eu\/fr\/wp-content\/uploads\/sites\/4\/2018\/05\/kinetic-about-gallery-5.jpg 1000w, https:\/\/kineticcuttingsystems.eu\/fr\/wp-content\/uploads\/sites\/4\/2018\/05\/kinetic-about-gallery-5-300x200.jpg 300w, https:\/\/kineticcuttingsystems.eu\/fr\/wp-content\/uploads\/sites\/4\/2018\/05\/kinetic-about-gallery-5-768x512.jpg 768w\" sizes=\"auto, (max-width: 1000px) 100vw, 1000px\" \/><\/a><\/figure>\n\n\n\n<figure class=\"wp-block-image size-full\"><a href=\"https:\/\/kineticcuttingsystems.eu\/fr\/wp-content\/uploads\/sites\/4\/2018\/05\/kinetic-about-gallery-8.jpg\"><img loading=\"lazy\" decoding=\"async\" width=\"1000\" height=\"667\" data-id=\"537\" src=\"https:\/\/kineticcuttingsystems.eu\/fr\/wp-content\/uploads\/sites\/4\/2018\/05\/kinetic-about-gallery-8.jpg\" alt=\"\" class=\"wp-image-537\" srcset=\"https:\/\/kineticcuttingsystems.eu\/fr\/wp-content\/uploads\/sites\/4\/2018\/05\/kinetic-about-gallery-8.jpg 1000w, https:\/\/kineticcuttingsystems.eu\/fr\/wp-content\/uploads\/sites\/4\/2018\/05\/kinetic-about-gallery-8-300x200.jpg 300w, https:\/\/kineticcuttingsystems.eu\/fr\/wp-content\/uploads\/sites\/4\/2018\/05\/kinetic-about-gallery-8-768x512.jpg 768w\" sizes=\"auto, (max-width: 1000px) 100vw, 1000px\" \/><\/a><\/figure>\n\n\n\n<figure class=\"wp-block-image size-full\"><a href=\"https:\/\/kineticcuttingsystems.eu\/fr\/wp-content\/uploads\/sites\/4\/2018\/05\/kinetic-about-gallery-3.jpg\"><img loading=\"lazy\" decoding=\"async\" width=\"1000\" height=\"667\" data-id=\"532\" src=\"https:\/\/kineticcuttingsystems.eu\/fr\/wp-content\/uploads\/sites\/4\/2018\/05\/kinetic-about-gallery-3.jpg\" alt=\"\" class=\"wp-image-532\" srcset=\"https:\/\/kineticcuttingsystems.eu\/fr\/wp-content\/uploads\/sites\/4\/2018\/05\/kinetic-about-gallery-3.jpg 1000w, https:\/\/kineticcuttingsystems.eu\/fr\/wp-content\/uploads\/sites\/4\/2018\/05\/kinetic-about-gallery-3-300x200.jpg 300w, https:\/\/kineticcuttingsystems.eu\/fr\/wp-content\/uploads\/sites\/4\/2018\/05\/kinetic-about-gallery-3-768x512.jpg 768w\" sizes=\"auto, (max-width: 1000px) 100vw, 1000px\" \/><\/a><\/figure>\n\n\n\n<figure class=\"wp-block-image size-full\"><a href=\"https:\/\/kineticcuttingsystems.eu\/fr\/wp-content\/uploads\/sites\/4\/2018\/05\/kinetic-about-gallery-6.jpg\"><img loading=\"lazy\" decoding=\"async\" width=\"1000\" height=\"667\" data-id=\"535\" src=\"https:\/\/kineticcuttingsystems.eu\/fr\/wp-content\/uploads\/sites\/4\/2018\/05\/kinetic-about-gallery-6.jpg\" alt=\"\" class=\"wp-image-535\" srcset=\"https:\/\/kineticcuttingsystems.eu\/fr\/wp-content\/uploads\/sites\/4\/2018\/05\/kinetic-about-gallery-6.jpg 1000w, https:\/\/kineticcuttingsystems.eu\/fr\/wp-content\/uploads\/sites\/4\/2018\/05\/kinetic-about-gallery-6-300x200.jpg 300w, https:\/\/kineticcuttingsystems.eu\/fr\/wp-content\/uploads\/sites\/4\/2018\/05\/kinetic-about-gallery-6-768x512.jpg 768w\" sizes=\"auto, (max-width: 1000px) 100vw, 1000px\" \/><\/a><\/figure>\n\n\n\n<figure class=\"wp-block-image size-full\"><a href=\"https:\/\/kineticcuttingsystems.eu\/fr\/wp-content\/uploads\/sites\/4\/2018\/05\/kinetic-about-gallery-7.jpg\"><img loading=\"lazy\" decoding=\"async\" width=\"1000\" height=\"667\" data-id=\"536\" src=\"https:\/\/kineticcuttingsystems.eu\/fr\/wp-content\/uploads\/sites\/4\/2018\/05\/kinetic-about-gallery-7.jpg\" alt=\"\" class=\"wp-image-536\" srcset=\"https:\/\/kineticcuttingsystems.eu\/fr\/wp-content\/uploads\/sites\/4\/2018\/05\/kinetic-about-gallery-7.jpg 1000w, https:\/\/kineticcuttingsystems.eu\/fr\/wp-content\/uploads\/sites\/4\/2018\/05\/kinetic-about-gallery-7-300x200.jpg 300w, https:\/\/kineticcuttingsystems.eu\/fr\/wp-content\/uploads\/sites\/4\/2018\/05\/kinetic-about-gallery-7-768x512.jpg 768w\" sizes=\"auto, (max-width: 1000px) 100vw, 1000px\" \/><\/a><\/figure>\n\n\n\n<figure class=\"wp-block-image size-full\"><a href=\"https:\/\/kineticcuttingsystems.eu\/fr\/wp-content\/uploads\/sites\/4\/2018\/05\/kinetic-about-gallery-1.jpg\"><img loading=\"lazy\" decoding=\"async\" width=\"1000\" height=\"667\" data-id=\"530\" src=\"https:\/\/kineticcuttingsystems.eu\/fr\/wp-content\/uploads\/sites\/4\/2018\/05\/kinetic-about-gallery-1.jpg\" alt=\"\" class=\"wp-image-530\" srcset=\"https:\/\/kineticcuttingsystems.eu\/fr\/wp-content\/uploads\/sites\/4\/2018\/05\/kinetic-about-gallery-1.jpg 1000w, https:\/\/kineticcuttingsystems.eu\/fr\/wp-content\/uploads\/sites\/4\/2018\/05\/kinetic-about-gallery-1-300x200.jpg 300w, https:\/\/kineticcuttingsystems.eu\/fr\/wp-content\/uploads\/sites\/4\/2018\/05\/kinetic-about-gallery-1-768x512.jpg 768w\" sizes=\"auto, (max-width: 1000px) 100vw, 1000px\" \/><\/a><\/figure>\n<\/figure>\n\n\n\n<p>Aujourd&#8217;hui, nous desservons l&#8217;h\u00e9misph\u00e8re nord depuis notre bureau aux \u00c9tats-Unis, tandis que nous desservons l&#8217;h\u00e9misph\u00e8re sud depuis notre bureau en Nouvelle-Z\u00e9lande. Cela nous permet de fournir un service 24h\/24 et de garantir une r\u00e9activit\u00e9 maximale partout dans le monde.<\/p>\n\n\n\n<p>D\u00e9couvrez ci-dessous nos diff\u00e9rentes machines, logiciels et accessoires, et contactez-nous d\u00e8s aujourd&#8217;hui pour en savoir plus. Nous sommes impatients d&#8217;aider votre entreprise \u00e0 b\u00e9n\u00e9ficier de l\u2019avantage concurrentiel unique que seule Kinetic peut offrir.<\/p>\n\n\n\n<div style=\"height:20px\" aria-hidden=\"true\" class=\"wp-block-spacer\"><\/div>\n\n\n<div class=\"productcenter\"><div class=\"product\"><a href=\" https:\/\/kineticcuttingsystems.eu\/fr\/machines-de-decoupe\/systemes-combines-de-decoupe-plasma-laser-percage-et-fraisage\/\"><img decoding=\"async\" src=\" https:\/\/kineticcuttingsystems.eu\/fr\/wp-content\/uploads\/sites\/4\/2025\/10\/K6000.thumb_.jpg\"\/><div class=\"productinfo\"><h3>Syst\u00e8mes Plasma, Laser, de Per\u00e7age et de Fraisage<\/h3><div class=\"productcol\"> <\/div><\/div><\/a><\/div><div class=\"product\"><a href=\" https:\/\/kineticcuttingsystems.eu\/fr\/machines-de-decoupe\/combines-de-decoupe-plasma-fraisage-et-percage\/\"><img decoding=\"async\" src=\" https:\/\/kineticcuttingsystems.eu\/fr\/wp-content\/uploads\/sites\/4\/2018\/04\/kinetic-k5000xmcsc.jpg\"\/><div class=\"productinfo\"><h3>D\u00e9coupe au Plasma avec Per\u00e7age et Fraisage<\/h3><div class=\"productcol\"> <\/div><\/div><\/a><\/div><div class=\"product\"><a href=\" https:\/\/kineticcuttingsystems.eu\/fr\/machines-de-decoupe\/machines-de-decoupe-au-plasma\/\"><img decoding=\"async\" src=\" https:\/\/kineticcuttingsystems.eu\/fr\/wp-content\/uploads\/sites\/4\/2018\/04\/kinetic-k2500sc.jpg\"\/><div class=\"productinfo\"><h3>D\u00e9coupe Plasma Industrielle<\/h3><div class=\"productcol\"> <\/div><\/div><\/a><\/div><div class=\"product\"><a href=\" https:\/\/kineticcuttingsystems.eu\/fr\/machines-de-decoupe\/laser-pour-plaques-grand-format\/\"><img decoding=\"async\" src=\" https:\/\/kineticcuttingsystems.eu\/fr\/wp-content\/uploads\/sites\/4\/2025\/01\/kinetic-cutting-machines-fsl.jpg\"\/><div class=\"productinfo\"><h3>Laser pour Plaques Grand Format<\/h3><div class=\"productcol\"> <\/div><\/div><\/a><\/div><div class=\"product\"><a href=\" https:\/\/kineticcuttingsystems.eu\/fr\/machines-de-decoupe\/options-et-accessoires-plasma\/\"><img decoding=\"async\" src=\" https:\/\/kineticcuttingsystems.eu\/fr\/wp-content\/uploads\/sites\/4\/2018\/05\/kinetic-accessories-new.jpg\"\/><div class=\"productinfo\"><h3>Options et Accessoires Plasma<\/h3><div class=\"productcol\"> <\/div><\/div><\/a><\/div><\/div>","protected":false},"excerpt":{"rendered":"<p>\u00c0 Propos de Kinetic Kinetic est un leader mondial reconnu dans le domaine des syst\u00e8mes de d\u00e9coupe des m\u00e9taux. Depuis<a class=\"moretag\" href=\"https:\/\/kineticcuttingsystems.eu\/fr\/a-propos\/\"> &#8230;continue reading<\/a><\/p>\n","protected":false},"author":2,"featured_media":213,"parent":0,"menu_order":5,"comment_status":"closed","ping_status":"closed","template":"","meta":{"_acf_changed":false,"inline_featured_image":false,"footnotes":""},"class_list":["post-19","page","type-page","status-publish","has-post-thumbnail","hentry"],"acf":[],"yoast_head":"<!-- This site is optimized with the Yoast SEO plugin v27.2 - https:\/\/yoast.com\/product\/yoast-seo-wordpress\/ -->\n<title>\u00c0 Propos - Kinetic Syst\u00e8mes de D\u00e9coupe de M\u00e9tal CNC<\/title>\n<meta name=\"robots\" content=\"index, follow, max-snippet:-1, max-image-preview:large, max-video-preview:-1\" \/>\n<link rel=\"canonical\" href=\"https:\/\/kineticcuttingsystems.eu\/fr\/a-propos\/\" \/>\n<meta property=\"og:locale\" content=\"en_US\" \/>\n<meta property=\"og:type\" content=\"article\" \/>\n<meta property=\"og:title\" content=\"\u00c0 Propos - Kinetic Syst\u00e8mes de D\u00e9coupe de M\u00e9tal CNC\" \/>\n<meta property=\"og:description\" content=\"\u00c0 Propos de Kinetic Kinetic est un leader mondial reconnu dans le domaine des syst\u00e8mes de d\u00e9coupe des m\u00e9taux. Depuis ...continue reading\" \/>\n<meta property=\"og:url\" content=\"https:\/\/kineticcuttingsystems.eu\/fr\/a-propos\/\" \/>\n<meta property=\"og:site_name\" content=\"Kinetic Syst\u00e8mes de D\u00e9coupe de M\u00e9tal CNC\" \/>\n<meta property=\"article:modified_time\" content=\"2025-11-07T19:23:34+00:00\" \/>\n<meta property=\"og:image\" content=\"https:\/\/kineticcuttingsystems.eu\/fr\/wp-content\/uploads\/sites\/4\/2018\/04\/kinetic-default-feature.jpg\" \/>\n\t<meta property=\"og:image:width\" content=\"1600\" \/>\n\t<meta property=\"og:image:height\" content=\"600\" \/>\n\t<meta property=\"og:image:type\" content=\"image\/jpeg\" \/>\n<meta name=\"twitter:card\" content=\"summary_large_image\" \/>\n<meta name=\"twitter:label1\" content=\"Est. reading time\" \/>\n\t<meta name=\"twitter:data1\" content=\"3 minutes\" \/>\n<script type=\"application\/ld+json\" class=\"yoast-schema-graph\">{\"@context\":\"https:\/\/schema.org\",\"@graph\":[{\"@type\":\"WebPage\",\"@id\":\"https:\/\/kineticcuttingsystems.eu\/fr\/a-propos\/\",\"url\":\"https:\/\/kineticcuttingsystems.eu\/fr\/a-propos\/\",\"name\":\"\u00c0 Propos - Kinetic Syst\u00e8mes de D\u00e9coupe de M\u00e9tal CNC\",\"isPartOf\":{\"@id\":\"https:\/\/kineticcuttingsystems.eu\/fr\/#website\"},\"primaryImageOfPage\":{\"@id\":\"https:\/\/kineticcuttingsystems.eu\/fr\/a-propos\/#primaryimage\"},\"image\":{\"@id\":\"https:\/\/kineticcuttingsystems.eu\/fr\/a-propos\/#primaryimage\"},\"thumbnailUrl\":\"https:\/\/kineticcuttingsystems.eu\/fr\/wp-content\/uploads\/sites\/4\/2018\/04\/kinetic-default-feature.jpg\",\"datePublished\":\"2018-03-21T02:34:27+00:00\",\"dateModified\":\"2025-11-07T19:23:34+00:00\",\"breadcrumb\":{\"@id\":\"https:\/\/kineticcuttingsystems.eu\/fr\/a-propos\/#breadcrumb\"},\"inLanguage\":\"en-US\",\"potentialAction\":[{\"@type\":\"ReadAction\",\"target\":[\"https:\/\/kineticcuttingsystems.eu\/fr\/a-propos\/\"]}]},{\"@type\":\"ImageObject\",\"inLanguage\":\"en-US\",\"@id\":\"https:\/\/kineticcuttingsystems.eu\/fr\/a-propos\/#primaryimage\",\"url\":\"https:\/\/kineticcuttingsystems.eu\/fr\/wp-content\/uploads\/sites\/4\/2018\/04\/kinetic-default-feature.jpg\",\"contentUrl\":\"https:\/\/kineticcuttingsystems.eu\/fr\/wp-content\/uploads\/sites\/4\/2018\/04\/kinetic-default-feature.jpg\",\"width\":1600,\"height\":600},{\"@type\":\"BreadcrumbList\",\"@id\":\"https:\/\/kineticcuttingsystems.eu\/fr\/a-propos\/#breadcrumb\",\"itemListElement\":[{\"@type\":\"ListItem\",\"position\":1,\"name\":\"Home\",\"item\":\"https:\/\/kineticcuttingsystems.eu\/fr\/\"},{\"@type\":\"ListItem\",\"position\":2,\"name\":\"\u00c0 Propos\"}]},{\"@type\":\"WebSite\",\"@id\":\"https:\/\/kineticcuttingsystems.eu\/fr\/#website\",\"url\":\"https:\/\/kineticcuttingsystems.eu\/fr\/\",\"name\":\"Kinetic Syst\u00e8mes de D\u00e9coupe de M\u00e9tal CNC\",\"description\":\"\",\"potentialAction\":[{\"@type\":\"SearchAction\",\"target\":{\"@type\":\"EntryPoint\",\"urlTemplate\":\"https:\/\/kineticcuttingsystems.eu\/fr\/?s={search_term_string}\"},\"query-input\":{\"@type\":\"PropertyValueSpecification\",\"valueRequired\":true,\"valueName\":\"search_term_string\"}}],\"inLanguage\":\"en-US\"}]}<\/script>\n<!-- \/ Yoast SEO plugin. -->","yoast_head_json":{"title":"\u00c0 Propos - Kinetic Syst\u00e8mes de D\u00e9coupe de M\u00e9tal CNC","robots":{"index":"index","follow":"follow","max-snippet":"max-snippet:-1","max-image-preview":"max-image-preview:large","max-video-preview":"max-video-preview:-1"},"canonical":"https:\/\/kineticcuttingsystems.eu\/fr\/a-propos\/","og_locale":"en_US","og_type":"article","og_title":"\u00c0 Propos - Kinetic Syst\u00e8mes de D\u00e9coupe de M\u00e9tal CNC","og_description":"\u00c0 Propos de Kinetic Kinetic est un leader mondial reconnu dans le domaine des syst\u00e8mes de d\u00e9coupe des m\u00e9taux. Depuis ...continue reading","og_url":"https:\/\/kineticcuttingsystems.eu\/fr\/a-propos\/","og_site_name":"Kinetic Syst\u00e8mes de D\u00e9coupe de M\u00e9tal CNC","article_modified_time":"2025-11-07T19:23:34+00:00","og_image":[{"width":1600,"height":600,"url":"https:\/\/kineticcuttingsystems.eu\/fr\/wp-content\/uploads\/sites\/4\/2018\/04\/kinetic-default-feature.jpg","type":"image\/jpeg"}],"twitter_card":"summary_large_image","twitter_misc":{"Est. reading time":"3 minutes"},"schema":{"@context":"https:\/\/schema.org","@graph":[{"@type":"WebPage","@id":"https:\/\/kineticcuttingsystems.eu\/fr\/a-propos\/","url":"https:\/\/kineticcuttingsystems.eu\/fr\/a-propos\/","name":"\u00c0 Propos - Kinetic Syst\u00e8mes de D\u00e9coupe de M\u00e9tal CNC","isPartOf":{"@id":"https:\/\/kineticcuttingsystems.eu\/fr\/#website"},"primaryImageOfPage":{"@id":"https:\/\/kineticcuttingsystems.eu\/fr\/a-propos\/#primaryimage"},"image":{"@id":"https:\/\/kineticcuttingsystems.eu\/fr\/a-propos\/#primaryimage"},"thumbnailUrl":"https:\/\/kineticcuttingsystems.eu\/fr\/wp-content\/uploads\/sites\/4\/2018\/04\/kinetic-default-feature.jpg","datePublished":"2018-03-21T02:34:27+00:00","dateModified":"2025-11-07T19:23:34+00:00","breadcrumb":{"@id":"https:\/\/kineticcuttingsystems.eu\/fr\/a-propos\/#breadcrumb"},"inLanguage":"en-US","potentialAction":[{"@type":"ReadAction","target":["https:\/\/kineticcuttingsystems.eu\/fr\/a-propos\/"]}]},{"@type":"ImageObject","inLanguage":"en-US","@id":"https:\/\/kineticcuttingsystems.eu\/fr\/a-propos\/#primaryimage","url":"https:\/\/kineticcuttingsystems.eu\/fr\/wp-content\/uploads\/sites\/4\/2018\/04\/kinetic-default-feature.jpg","contentUrl":"https:\/\/kineticcuttingsystems.eu\/fr\/wp-content\/uploads\/sites\/4\/2018\/04\/kinetic-default-feature.jpg","width":1600,"height":600},{"@type":"BreadcrumbList","@id":"https:\/\/kineticcuttingsystems.eu\/fr\/a-propos\/#breadcrumb","itemListElement":[{"@type":"ListItem","position":1,"name":"Home","item":"https:\/\/kineticcuttingsystems.eu\/fr\/"},{"@type":"ListItem","position":2,"name":"\u00c0 Propos"}]},{"@type":"WebSite","@id":"https:\/\/kineticcuttingsystems.eu\/fr\/#website","url":"https:\/\/kineticcuttingsystems.eu\/fr\/","name":"Kinetic Syst\u00e8mes de D\u00e9coupe de M\u00e9tal CNC","description":"","potentialAction":[{"@type":"SearchAction","target":{"@type":"EntryPoint","urlTemplate":"https:\/\/kineticcuttingsystems.eu\/fr\/?s={search_term_string}"},"query-input":{"@type":"PropertyValueSpecification","valueRequired":true,"valueName":"search_term_string"}}],"inLanguage":"en-US"}]}},"_links":{"self":[{"href":"https:\/\/kineticcuttingsystems.eu\/fr\/wp-json\/wp\/v2\/pages\/19","targetHints":{"allow":["GET"]}}],"collection":[{"href":"https:\/\/kineticcuttingsystems.eu\/fr\/wp-json\/wp\/v2\/pages"}],"about":[{"href":"https:\/\/kineticcuttingsystems.eu\/fr\/wp-json\/wp\/v2\/types\/page"}],"author":[{"embeddable":true,"href":"https:\/\/kineticcuttingsystems.eu\/fr\/wp-json\/wp\/v2\/users\/2"}],"replies":[{"embeddable":true,"href":"https:\/\/kineticcuttingsystems.eu\/fr\/wp-json\/wp\/v2\/comments?post=19"}],"version-history":[{"count":5,"href":"https:\/\/kineticcuttingsystems.eu\/fr\/wp-json\/wp\/v2\/pages\/19\/revisions"}],"predecessor-version":[{"id":3837,"href":"https:\/\/kineticcuttingsystems.eu\/fr\/wp-json\/wp\/v2\/pages\/19\/revisions\/3837"}],"wp:featuredmedia":[{"embeddable":true,"href":"https:\/\/kineticcuttingsystems.eu\/fr\/wp-json\/wp\/v2\/media\/213"}],"wp:attachment":[{"href":"https:\/\/kineticcuttingsystems.eu\/fr\/wp-json\/wp\/v2\/media?parent=19"}],"curies":[{"name":"wp","href":"https:\/\/api.w.org\/{rel}","templated":true}]}}