{"id":17,"date":"2018-03-21T02:34:27","date_gmt":"2018-03-21T02:34:27","guid":{"rendered":"https:\/\/kineticcuttingsystems.eu\/why-kinetic\/"},"modified":"2025-11-07T20:53:07","modified_gmt":"2025-11-07T20:53:07","slug":"pourquoi-choisir-kinetic","status":"publish","type":"page","link":"https:\/\/kineticcuttingsystems.eu\/fr\/pourquoi-choisir-kinetic\/","title":{"rendered":"Pourquoi Choisir Kinetic\u00a0"},"content":{"rendered":"\n<h1 class=\"wp-block-heading\">Productivit\u00e9, Service et Valeur Ajout\u00e9e<\/h1>\n\n\n\n<p>Kinetic est bien plus qu&#8217;un simple fabricant de <a href=\"\/fr\/machines-de-decoupe\/\">machines de d\u00e9coupe des m\u00e9taux<\/a> innovantes. Nous aidons les transformateurs de t\u00f4les de toutes tailles \u00e0 augmenter leur productivit\u00e9, \u00e0 optimiser leur rendement et \u00e0 tirer le meilleur parti de leur investissement en \u00e9quipements.<\/p>\n\n\n\n<p>Nous avons enti\u00e8rement repens\u00e9 la d\u00e9coupe plasma et la d\u00e9coupe laser, en pla\u00e7ant la vitesse, la pr\u00e9cision et la durabilit\u00e9 au c\u0153ur de nos innovations. Et parce qu\u2019une machine d\u2019exception m\u00e9rite un accompagnement \u00e0 la hauteur, nous offrons un service et une assistance technique de premier plan.<\/p>\n\n\n\n<p>Vous envisagez de faire appel \u00e0 Kinetic pour votre prochain investissement dans une machine&nbsp;? D\u00e9couvrez pourquoi nos machines devraient figurer en t\u00eate de votre liste.<\/p>\n\n\n\n<figure class=\"wp-block-gallery has-nested-images columns-4 is-cropped wp-block-gallery-1 is-layout-flex wp-block-gallery-is-layout-flex\">\n<figure class=\"wp-block-image size-full\"><a href=\"https:\/\/kineticcuttingsystems.eu\/fr\/wp-content\/uploads\/sites\/4\/2018\/05\/kinetic-why-1-1.jpg\"><img decoding=\"async\" data-id=\"520\" src=\"https:\/\/kineticcuttingsystems.eu\/fr\/wp-content\/uploads\/sites\/4\/2018\/05\/kinetic-why-1-1.jpg\" alt=\"\" class=\"wp-image-520\"\/><\/a><\/figure>\n\n\n\n<figure class=\"wp-block-image size-full\"><a href=\"https:\/\/kineticcuttingsystems.eu\/fr\/wp-content\/uploads\/sites\/4\/2018\/05\/kinetic-why-2.jpg\"><img loading=\"lazy\" decoding=\"async\" width=\"1000\" height=\"667\" data-id=\"521\" src=\"https:\/\/kineticcuttingsystems.eu\/fr\/wp-content\/uploads\/sites\/4\/2018\/05\/kinetic-why-2.jpg\" alt=\"\" class=\"wp-image-521\" srcset=\"https:\/\/kineticcuttingsystems.eu\/fr\/wp-content\/uploads\/sites\/4\/2018\/05\/kinetic-why-2.jpg 1000w, https:\/\/kineticcuttingsystems.eu\/fr\/wp-content\/uploads\/sites\/4\/2018\/05\/kinetic-why-2-300x200.jpg 300w, https:\/\/kineticcuttingsystems.eu\/fr\/wp-content\/uploads\/sites\/4\/2018\/05\/kinetic-why-2-768x512.jpg 768w\" sizes=\"auto, (max-width: 1000px) 100vw, 1000px\" \/><\/a><\/figure>\n\n\n\n<figure class=\"wp-block-image size-full\"><a href=\"https:\/\/kineticcuttingsystems.eu\/fr\/wp-content\/uploads\/sites\/4\/2018\/05\/kinetic-why-3.5.jpg\"><img loading=\"lazy\" decoding=\"async\" width=\"1000\" height=\"667\" data-id=\"522\" src=\"https:\/\/kineticcuttingsystems.eu\/fr\/wp-content\/uploads\/sites\/4\/2018\/05\/kinetic-why-3.5.jpg\" alt=\"\" class=\"wp-image-522\" srcset=\"https:\/\/kineticcuttingsystems.eu\/fr\/wp-content\/uploads\/sites\/4\/2018\/05\/kinetic-why-3.5.jpg 1000w, https:\/\/kineticcuttingsystems.eu\/fr\/wp-content\/uploads\/sites\/4\/2018\/05\/kinetic-why-3.5-300x200.jpg 300w, https:\/\/kineticcuttingsystems.eu\/fr\/wp-content\/uploads\/sites\/4\/2018\/05\/kinetic-why-3.5-768x512.jpg 768w\" sizes=\"auto, (max-width: 1000px) 100vw, 1000px\" \/><\/a><\/figure>\n\n\n\n<figure class=\"wp-block-image size-full\"><a href=\"https:\/\/kineticcuttingsystems.eu\/fr\/wp-content\/uploads\/sites\/4\/2018\/05\/kinetic-why-3.6.jpg\"><img loading=\"lazy\" decoding=\"async\" width=\"1000\" height=\"667\" data-id=\"523\" src=\"https:\/\/kineticcuttingsystems.eu\/fr\/wp-content\/uploads\/sites\/4\/2018\/05\/kinetic-why-3.6.jpg\" alt=\"\" class=\"wp-image-523\" srcset=\"https:\/\/kineticcuttingsystems.eu\/fr\/wp-content\/uploads\/sites\/4\/2018\/05\/kinetic-why-3.6.jpg 1000w, https:\/\/kineticcuttingsystems.eu\/fr\/wp-content\/uploads\/sites\/4\/2018\/05\/kinetic-why-3.6-300x200.jpg 300w, https:\/\/kineticcuttingsystems.eu\/fr\/wp-content\/uploads\/sites\/4\/2018\/05\/kinetic-why-3.6-768x512.jpg 768w\" sizes=\"auto, (max-width: 1000px) 100vw, 1000px\" \/><\/a><\/figure>\n\n\n\n<figure class=\"wp-block-image size-full\"><a href=\"https:\/\/kineticcuttingsystems.eu\/fr\/wp-content\/uploads\/sites\/4\/2018\/05\/kinetic-why-3.jpg\"><img loading=\"lazy\" decoding=\"async\" width=\"1000\" height=\"667\" data-id=\"524\" src=\"https:\/\/kineticcuttingsystems.eu\/fr\/wp-content\/uploads\/sites\/4\/2018\/05\/kinetic-why-3.jpg\" alt=\"\" class=\"wp-image-524\" srcset=\"https:\/\/kineticcuttingsystems.eu\/fr\/wp-content\/uploads\/sites\/4\/2018\/05\/kinetic-why-3.jpg 1000w, https:\/\/kineticcuttingsystems.eu\/fr\/wp-content\/uploads\/sites\/4\/2018\/05\/kinetic-why-3-300x200.jpg 300w, https:\/\/kineticcuttingsystems.eu\/fr\/wp-content\/uploads\/sites\/4\/2018\/05\/kinetic-why-3-768x512.jpg 768w\" sizes=\"auto, (max-width: 1000px) 100vw, 1000px\" \/><\/a><\/figure>\n\n\n\n<figure class=\"wp-block-image size-full\"><a href=\"https:\/\/kineticcuttingsystems.eu\/fr\/wp-content\/uploads\/sites\/4\/2018\/05\/kinetic-why-4.jpg\"><img loading=\"lazy\" decoding=\"async\" width=\"1000\" height=\"667\" data-id=\"525\" src=\"https:\/\/kineticcuttingsystems.eu\/fr\/wp-content\/uploads\/sites\/4\/2018\/05\/kinetic-why-4.jpg\" alt=\"\" class=\"wp-image-525\" srcset=\"https:\/\/kineticcuttingsystems.eu\/fr\/wp-content\/uploads\/sites\/4\/2018\/05\/kinetic-why-4.jpg 1000w, https:\/\/kineticcuttingsystems.eu\/fr\/wp-content\/uploads\/sites\/4\/2018\/05\/kinetic-why-4-300x200.jpg 300w, https:\/\/kineticcuttingsystems.eu\/fr\/wp-content\/uploads\/sites\/4\/2018\/05\/kinetic-why-4-768x512.jpg 768w\" sizes=\"auto, (max-width: 1000px) 100vw, 1000px\" \/><\/a><\/figure>\n\n\n\n<figure class=\"wp-block-image size-full\"><a href=\"https:\/\/kineticcuttingsystems.eu\/fr\/wp-content\/uploads\/sites\/4\/2018\/05\/kinetic-why-5.jpg\"><img loading=\"lazy\" decoding=\"async\" width=\"1000\" height=\"667\" data-id=\"526\" src=\"https:\/\/kineticcuttingsystems.eu\/fr\/wp-content\/uploads\/sites\/4\/2018\/05\/kinetic-why-5.jpg\" alt=\"\" class=\"wp-image-526\" srcset=\"https:\/\/kineticcuttingsystems.eu\/fr\/wp-content\/uploads\/sites\/4\/2018\/05\/kinetic-why-5.jpg 1000w, https:\/\/kineticcuttingsystems.eu\/fr\/wp-content\/uploads\/sites\/4\/2018\/05\/kinetic-why-5-300x200.jpg 300w, https:\/\/kineticcuttingsystems.eu\/fr\/wp-content\/uploads\/sites\/4\/2018\/05\/kinetic-why-5-768x512.jpg 768w\" sizes=\"auto, (max-width: 1000px) 100vw, 1000px\" \/><\/a><\/figure>\n\n\n\n<figure class=\"wp-block-image size-full\"><a href=\"https:\/\/kineticcuttingsystems.eu\/fr\/wp-content\/uploads\/sites\/4\/2018\/05\/kinetic-tooling.jpg\"><img loading=\"lazy\" decoding=\"async\" width=\"1000\" height=\"667\" data-id=\"568\" src=\"https:\/\/kineticcuttingsystems.eu\/fr\/wp-content\/uploads\/sites\/4\/2018\/05\/kinetic-tooling.jpg\" alt=\"\" class=\"wp-image-568\" srcset=\"https:\/\/kineticcuttingsystems.eu\/fr\/wp-content\/uploads\/sites\/4\/2018\/05\/kinetic-tooling.jpg 1000w, https:\/\/kineticcuttingsystems.eu\/fr\/wp-content\/uploads\/sites\/4\/2018\/05\/kinetic-tooling-300x200.jpg 300w, https:\/\/kineticcuttingsystems.eu\/fr\/wp-content\/uploads\/sites\/4\/2018\/05\/kinetic-tooling-768x512.jpg 768w\" sizes=\"auto, (max-width: 1000px) 100vw, 1000px\" \/><\/a><\/figure>\n<\/figure>\n\n\n\n<h3 class=\"wp-block-heading\">Productivit\u00e9 Maximale<\/h3>\n\n\n\n<p>Nos machines ont \u00e9t\u00e9 con\u00e7ues dans un seul but&nbsp;: aider les petits ateliers et les grands \u00e9quipementiers \u00e0 maximiser leur rendement. Nos machines combin\u00e9es de d\u00e9coupe, per\u00e7age et fraisage permettent d&#8217;augmenter la capacit\u00e9 de production et d&#8217;obtenir un retour sur investissement rapide en minimisant les r\u00e9glages, en r\u00e9duisant les travaux en cours et en diminuant consid\u00e9rablement le temps n\u00e9cessaire \u00e0 la fabrication des pi\u00e8ces. Gr\u00e2ce \u00e0 plusieurs innovations brevet\u00e9es, nos clients ont constat\u00e9 que les machines Kinetic permettent de r\u00e9duire le temps de traitement jusqu&#8217;\u00e0 95&nbsp;%.<\/p>\n\n\n\n<h3 class=\"wp-block-heading\">Rapidit\u00e9 et Pr\u00e9cision<\/h3>\n\n\n\n<p>Pour une vitesse et une pr\u00e9cision in\u00e9gal\u00e9es dans leur cat\u00e9gorie, ne cherchez pas plus loin. Nous avons optimis\u00e9 nos machines afin d&#8217;offrir une d\u00e9coupe de haute pr\u00e9cision ainsi que des op\u00e9rations de fraisage et de per\u00e7age r\u00e9alis\u00e9es avec des tol\u00e9rances extr\u00eamement serr\u00e9es. Cela signifie que les pi\u00e8ces sortent de nos machines plus rapidement et avec plus de pr\u00e9cision, ce qui r\u00e9duit le temps de rectification et d&#8217;ajustement lors des processus ult\u00e9rieurs ou de l&#8217;assemblage final. Les pi\u00e8ces produites sur une machine Kinetic n\u00e9cessitent moins de travail sur le terrain pour garantir un ajustement parfait et permettent de r\u00e9duire consid\u00e9rablement les d\u00e9lais de fabrication en aval du processus de d\u00e9coupe.<\/p>\n\n\n\n<h3 class=\"wp-block-heading\">Durabilit\u00e9 \u00e0 Long Terme<\/h3>\n\n\n\n<p>En mati\u00e8re de performances durables, Kinetic est \u00e0 la pointe du progr\u00e8s. Nos machines sont optimis\u00e9es avec des composants robustes afin de garantir une longue dur\u00e9e de vie et un retour sur investissement maximal. Tous les syst\u00e8mes d&#8217;entra\u00eenement, roulements et rails lin\u00e9aires sont recouverts afin d&#8217;\u00eatre prot\u00e9g\u00e9s des d\u00e9bris de fabrication, le liquide de refroidissement \u00e0 travers la broche maximise la dur\u00e9e de vie des outils, et les composants essentiels sont con\u00e7us pour une utilisation intensive, trois quarts par jour, 365&nbsp;jours par an.<\/p>\n\n\n\n<h3 class=\"wp-block-heading\">Temps D&#8217;arr\u00eat Minimal<\/h3>\n\n\n\n<p>Toute machine a besoin d&#8217;entretien \u00e0 un moment ou \u00e0 un autre, mais gr\u00e2ce \u00e0 leur conception intelligente, nos machines minimisent les temps d&#8217;arr\u00eat afin de maximiser la production. Gr\u00e2ce \u00e0 leurs lattes modulaires facilement rempla\u00e7ables, \u00e0 un syst\u00e8me d\u2019extraction des copeaux et des scories qui simplifie et acc\u00e9l\u00e8re le nettoyage, ainsi qu\u2019\u00e0 des composants standardis\u00e9s disponibles partout dans le monde en moins d\u2019une journ\u00e9e, les machines Kinetic demandent moins de temps d\u2019entretien. R\u00e9sultat&nbsp;: un temps de fonctionnement maximal et une productivit\u00e9 accrue pour votre entreprise.<\/p>\n\n\n\n<h3 class=\"wp-block-heading\">Assistance R\u00e9active et \u00e0 L\u2019\u00e9coute<\/h3>\n\n\n\n<p>Lorsqu\u2019il s\u2019agit de choisir une machine, la technologie ne fait pas tout. Notre \u00e9quipe est \u00e0 votre disposition jour apr\u00e8s jour pour r\u00e9pondre \u00e0 vos questions, r\u00e9soudre vos probl\u00e8mes et soutenir votre entreprise. Chez nous, chaque client b\u00e9n\u00e9ficie d\u2019une approche personnelle et attentive, un avantage que les grandes entreprises ne peuvent \u00e9galer. Nous r\u00e9pondons au t\u00e9l\u00e9phone 24h\/24, traitons rapidement vos e-mails et intervenons sur nos machines d\u00e8s que vous en avez besoin.<\/p>\n\n\n\n<p><a href=\"\/fr\/demandez-un-devis\/\">Si vous souhaitez en savoir plus sur les syst\u00e8mes de d\u00e9coupe plasma et laser Kinetic, contactez-nous d\u00e8s aujourd&#8217;hui<\/a>. Nous sommes impatients de discuter de vos besoins et d&#8217;aider votre entreprise \u00e0 tirer parti des avantages offerts par Kinetic.<\/p>\n\n\n\n<p><\/p>\n","protected":false},"excerpt":{"rendered":"<p>Productivit\u00e9, Service et Valeur Ajout\u00e9e Kinetic est bien plus qu&#8217;un simple fabricant de machines de d\u00e9coupe des m\u00e9taux innovantes. Nous<a class=\"moretag\" href=\"https:\/\/kineticcuttingsystems.eu\/fr\/pourquoi-choisir-kinetic\/\"> &#8230;continue reading<\/a><\/p>\n","protected":false},"author":2,"featured_media":0,"parent":0,"menu_order":3,"comment_status":"closed","ping_status":"closed","template":"","meta":{"_acf_changed":false,"inline_featured_image":false,"footnotes":""},"class_list":["post-17","page","type-page","status-publish","hentry"],"acf":[],"yoast_head":"<!-- This site is optimized with the Yoast SEO plugin v27.2 - https:\/\/yoast.com\/product\/yoast-seo-wordpress\/ -->\n<title>Pourquoi Choisir Kinetic\u00a0 - Syst\u00e8mes de D\u00e9coupe de M\u00e9tal CNC<\/title>\n<meta name=\"robots\" content=\"index, follow, max-snippet:-1, max-image-preview:large, max-video-preview:-1\" \/>\n<link rel=\"canonical\" href=\"https:\/\/kineticcuttingsystems.eu\/fr\/pourquoi-choisir-kinetic\/\" \/>\n<meta property=\"og:locale\" content=\"en_US\" \/>\n<meta property=\"og:type\" content=\"article\" \/>\n<meta property=\"og:title\" content=\"Pourquoi Choisir Kinetic\u00a0 - Syst\u00e8mes de D\u00e9coupe de M\u00e9tal CNC\" \/>\n<meta property=\"og:description\" content=\"Productivit\u00e9, Service et Valeur Ajout\u00e9e Kinetic est bien plus qu&#8217;un simple fabricant de machines de d\u00e9coupe des m\u00e9taux innovantes. Nous ...continue reading\" \/>\n<meta property=\"og:url\" content=\"https:\/\/kineticcuttingsystems.eu\/fr\/pourquoi-choisir-kinetic\/\" \/>\n<meta property=\"og:site_name\" content=\"Kinetic Syst\u00e8mes de D\u00e9coupe de M\u00e9tal CNC\" \/>\n<meta property=\"article:modified_time\" content=\"2025-11-07T20:53:07+00:00\" \/>\n<meta property=\"og:image\" content=\"https:\/\/kineticcuttingsystems.eu\/fr\/wp-content\/uploads\/sites\/4\/2018\/05\/kinetic-why-1.jpg\" \/>\n\t<meta property=\"og:image:width\" content=\"1000\" \/>\n\t<meta property=\"og:image:height\" content=\"667\" \/>\n\t<meta property=\"og:image:type\" content=\"image\/jpeg\" \/>\n<meta name=\"twitter:card\" content=\"summary_large_image\" \/>\n<meta name=\"twitter:label1\" content=\"Est. reading time\" \/>\n\t<meta name=\"twitter:data1\" content=\"5 minutes\" \/>\n<script type=\"application\/ld+json\" class=\"yoast-schema-graph\">{\"@context\":\"https:\/\/schema.org\",\"@graph\":[{\"@type\":\"WebPage\",\"@id\":\"https:\/\/kineticcuttingsystems.eu\/fr\/pourquoi-choisir-kinetic\/\",\"url\":\"https:\/\/kineticcuttingsystems.eu\/fr\/pourquoi-choisir-kinetic\/\",\"name\":\"Pourquoi Choisir Kinetic\u00a0 - Syst\u00e8mes de D\u00e9coupe de M\u00e9tal CNC\",\"isPartOf\":{\"@id\":\"https:\/\/kineticcuttingsystems.eu\/fr\/#website\"},\"primaryImageOfPage\":{\"@id\":\"https:\/\/kineticcuttingsystems.eu\/fr\/pourquoi-choisir-kinetic\/#primaryimage\"},\"image\":{\"@id\":\"https:\/\/kineticcuttingsystems.eu\/fr\/pourquoi-choisir-kinetic\/#primaryimage\"},\"thumbnailUrl\":\"https:\/\/kineticcuttingsystems.eu\/fr\/wp-content\/uploads\/sites\/4\/2018\/05\/kinetic-why-1-1.jpg\",\"datePublished\":\"2018-03-21T02:34:27+00:00\",\"dateModified\":\"2025-11-07T20:53:07+00:00\",\"breadcrumb\":{\"@id\":\"https:\/\/kineticcuttingsystems.eu\/fr\/pourquoi-choisir-kinetic\/#breadcrumb\"},\"inLanguage\":\"en-US\",\"potentialAction\":[{\"@type\":\"ReadAction\",\"target\":[\"https:\/\/kineticcuttingsystems.eu\/fr\/pourquoi-choisir-kinetic\/\"]}]},{\"@type\":\"ImageObject\",\"inLanguage\":\"en-US\",\"@id\":\"https:\/\/kineticcuttingsystems.eu\/fr\/pourquoi-choisir-kinetic\/#primaryimage\",\"url\":\"https:\/\/kineticcuttingsystems.eu\/fr\/wp-content\/uploads\/sites\/4\/2018\/05\/kinetic-why-1-1.jpg\",\"contentUrl\":\"https:\/\/kineticcuttingsystems.eu\/fr\/wp-content\/uploads\/sites\/4\/2018\/05\/kinetic-why-1-1.jpg\"},{\"@type\":\"BreadcrumbList\",\"@id\":\"https:\/\/kineticcuttingsystems.eu\/fr\/pourquoi-choisir-kinetic\/#breadcrumb\",\"itemListElement\":[{\"@type\":\"ListItem\",\"position\":1,\"name\":\"Home\",\"item\":\"https:\/\/kineticcuttingsystems.eu\/fr\/\"},{\"@type\":\"ListItem\",\"position\":2,\"name\":\"Pourquoi Choisir Kinetic\u00a0\"}]},{\"@type\":\"WebSite\",\"@id\":\"https:\/\/kineticcuttingsystems.eu\/fr\/#website\",\"url\":\"https:\/\/kineticcuttingsystems.eu\/fr\/\",\"name\":\"Kinetic Syst\u00e8mes de D\u00e9coupe de M\u00e9tal CNC\",\"description\":\"\",\"potentialAction\":[{\"@type\":\"SearchAction\",\"target\":{\"@type\":\"EntryPoint\",\"urlTemplate\":\"https:\/\/kineticcuttingsystems.eu\/fr\/?s={search_term_string}\"},\"query-input\":{\"@type\":\"PropertyValueSpecification\",\"valueRequired\":true,\"valueName\":\"search_term_string\"}}],\"inLanguage\":\"en-US\"}]}<\/script>\n<!-- \/ Yoast SEO plugin. -->","yoast_head_json":{"title":"Pourquoi Choisir Kinetic\u00a0 - Syst\u00e8mes de D\u00e9coupe de M\u00e9tal CNC","robots":{"index":"index","follow":"follow","max-snippet":"max-snippet:-1","max-image-preview":"max-image-preview:large","max-video-preview":"max-video-preview:-1"},"canonical":"https:\/\/kineticcuttingsystems.eu\/fr\/pourquoi-choisir-kinetic\/","og_locale":"en_US","og_type":"article","og_title":"Pourquoi Choisir Kinetic\u00a0 - Syst\u00e8mes de D\u00e9coupe de M\u00e9tal CNC","og_description":"Productivit\u00e9, Service et Valeur Ajout\u00e9e Kinetic est bien plus qu&#8217;un simple fabricant de machines de d\u00e9coupe des m\u00e9taux innovantes. Nous ...continue reading","og_url":"https:\/\/kineticcuttingsystems.eu\/fr\/pourquoi-choisir-kinetic\/","og_site_name":"Kinetic Syst\u00e8mes de D\u00e9coupe de M\u00e9tal CNC","article_modified_time":"2025-11-07T20:53:07+00:00","og_image":[{"width":1000,"height":667,"url":"https:\/\/kineticcuttingsystems.eu\/fr\/wp-content\/uploads\/sites\/4\/2018\/05\/kinetic-why-1.jpg","type":"image\/jpeg"}],"twitter_card":"summary_large_image","twitter_misc":{"Est. reading time":"5 minutes"},"schema":{"@context":"https:\/\/schema.org","@graph":[{"@type":"WebPage","@id":"https:\/\/kineticcuttingsystems.eu\/fr\/pourquoi-choisir-kinetic\/","url":"https:\/\/kineticcuttingsystems.eu\/fr\/pourquoi-choisir-kinetic\/","name":"Pourquoi Choisir Kinetic\u00a0 - Syst\u00e8mes de D\u00e9coupe de M\u00e9tal CNC","isPartOf":{"@id":"https:\/\/kineticcuttingsystems.eu\/fr\/#website"},"primaryImageOfPage":{"@id":"https:\/\/kineticcuttingsystems.eu\/fr\/pourquoi-choisir-kinetic\/#primaryimage"},"image":{"@id":"https:\/\/kineticcuttingsystems.eu\/fr\/pourquoi-choisir-kinetic\/#primaryimage"},"thumbnailUrl":"https:\/\/kineticcuttingsystems.eu\/fr\/wp-content\/uploads\/sites\/4\/2018\/05\/kinetic-why-1-1.jpg","datePublished":"2018-03-21T02:34:27+00:00","dateModified":"2025-11-07T20:53:07+00:00","breadcrumb":{"@id":"https:\/\/kineticcuttingsystems.eu\/fr\/pourquoi-choisir-kinetic\/#breadcrumb"},"inLanguage":"en-US","potentialAction":[{"@type":"ReadAction","target":["https:\/\/kineticcuttingsystems.eu\/fr\/pourquoi-choisir-kinetic\/"]}]},{"@type":"ImageObject","inLanguage":"en-US","@id":"https:\/\/kineticcuttingsystems.eu\/fr\/pourquoi-choisir-kinetic\/#primaryimage","url":"https:\/\/kineticcuttingsystems.eu\/fr\/wp-content\/uploads\/sites\/4\/2018\/05\/kinetic-why-1-1.jpg","contentUrl":"https:\/\/kineticcuttingsystems.eu\/fr\/wp-content\/uploads\/sites\/4\/2018\/05\/kinetic-why-1-1.jpg"},{"@type":"BreadcrumbList","@id":"https:\/\/kineticcuttingsystems.eu\/fr\/pourquoi-choisir-kinetic\/#breadcrumb","itemListElement":[{"@type":"ListItem","position":1,"name":"Home","item":"https:\/\/kineticcuttingsystems.eu\/fr\/"},{"@type":"ListItem","position":2,"name":"Pourquoi Choisir Kinetic\u00a0"}]},{"@type":"WebSite","@id":"https:\/\/kineticcuttingsystems.eu\/fr\/#website","url":"https:\/\/kineticcuttingsystems.eu\/fr\/","name":"Kinetic Syst\u00e8mes de D\u00e9coupe de M\u00e9tal CNC","description":"","potentialAction":[{"@type":"SearchAction","target":{"@type":"EntryPoint","urlTemplate":"https:\/\/kineticcuttingsystems.eu\/fr\/?s={search_term_string}"},"query-input":{"@type":"PropertyValueSpecification","valueRequired":true,"valueName":"search_term_string"}}],"inLanguage":"en-US"}]}},"_links":{"self":[{"href":"https:\/\/kineticcuttingsystems.eu\/fr\/wp-json\/wp\/v2\/pages\/17","targetHints":{"allow":["GET"]}}],"collection":[{"href":"https:\/\/kineticcuttingsystems.eu\/fr\/wp-json\/wp\/v2\/pages"}],"about":[{"href":"https:\/\/kineticcuttingsystems.eu\/fr\/wp-json\/wp\/v2\/types\/page"}],"author":[{"embeddable":true,"href":"https:\/\/kineticcuttingsystems.eu\/fr\/wp-json\/wp\/v2\/users\/2"}],"replies":[{"embeddable":true,"href":"https:\/\/kineticcuttingsystems.eu\/fr\/wp-json\/wp\/v2\/comments?post=17"}],"version-history":[{"count":2,"href":"https:\/\/kineticcuttingsystems.eu\/fr\/wp-json\/wp\/v2\/pages\/17\/revisions"}],"predecessor-version":[{"id":3938,"href":"https:\/\/kineticcuttingsystems.eu\/fr\/wp-json\/wp\/v2\/pages\/17\/revisions\/3938"}],"wp:attachment":[{"href":"https:\/\/kineticcuttingsystems.eu\/fr\/wp-json\/wp\/v2\/media?parent=17"}],"curies":[{"name":"wp","href":"https:\/\/api.w.org\/{rel}","templated":true}]}}