{"id":16,"date":"2018-03-21T02:34:27","date_gmt":"2018-03-21T02:34:27","guid":{"rendered":"https:\/\/kineticcuttingsystems.eu\/cutting-machines\/"},"modified":"2025-11-07T20:58:36","modified_gmt":"2025-11-07T20:58:36","slug":"machines-de-decoupe","status":"publish","type":"page","link":"https:\/\/kineticcuttingsystems.eu\/fr\/machines-de-decoupe\/","title":{"rendered":"Machines de D\u00e9coupe"},"content":{"rendered":"\n<h1 class=\"wp-block-heading\">Machines de D\u00e9coupe<\/h1>\n\n\n\n<p>Les syst\u00e8mes de d\u00e9coupe innovants de Kinetic offrent une productivit\u00e9 maximale aux transformateurs de t\u00f4les de toutes tailles. Que vous recherchiez un syst\u00e8me de d\u00e9coupe laser grand format, une machine de gravure compacte ou une solution combin\u00e9e haute performance pour la d\u00e9coupe plasma, le fraisage et le per\u00e7age, d\u00e9couvrez ci-dessous l\u2019ensemble de nos gammes de produits. <a href=\"\/fr\/demandez-un-devis\/\">Contactez-nous d\u00e8s aujourd&#8217;hui<\/a> pour en savoir plus ou demander un devis.<\/p>\n\n\n<div class=\"productcenter\"><div class=\"product\"><a href=\" https:\/\/kineticcuttingsystems.eu\/fr\/machines-de-decoupe\/systemes-combines-de-decoupe-plasma-laser-percage-et-fraisage\/\"><img decoding=\"async\" src=\" https:\/\/kineticcuttingsystems.eu\/fr\/wp-content\/uploads\/sites\/4\/2025\/10\/K6000.thumb_.jpg\"\/><div class=\"productinfo\"><h3>Syst\u00e8mes Plasma, Laser, de Per\u00e7age et de Fraisage<\/h3><div class=\"productcol\"> <\/div><\/div><\/a><\/div><div class=\"product\"><a href=\" https:\/\/kineticcuttingsystems.eu\/fr\/machines-de-decoupe\/combines-de-decoupe-plasma-fraisage-et-percage\/\"><img decoding=\"async\" src=\" https:\/\/kineticcuttingsystems.eu\/fr\/wp-content\/uploads\/sites\/4\/2018\/04\/kinetic-k5000xmcsc.jpg\"\/><div class=\"productinfo\"><h3>D\u00e9coupe au Plasma avec Per\u00e7age et Fraisage<\/h3><div class=\"productcol\"> <\/div><\/div><\/a><\/div><div class=\"product\"><a href=\" https:\/\/kineticcuttingsystems.eu\/fr\/machines-de-decoupe\/machines-de-decoupe-au-plasma\/\"><img decoding=\"async\" src=\" https:\/\/kineticcuttingsystems.eu\/fr\/wp-content\/uploads\/sites\/4\/2018\/04\/kinetic-k2500sc.jpg\"\/><div class=\"productinfo\"><h3>D\u00e9coupe Plasma Industrielle<\/h3><div class=\"productcol\"> <\/div><\/div><\/a><\/div><div class=\"product\"><a href=\" https:\/\/kineticcuttingsystems.eu\/fr\/machines-de-decoupe\/laser-pour-plaques-grand-format\/\"><img decoding=\"async\" src=\" https:\/\/kineticcuttingsystems.eu\/fr\/wp-content\/uploads\/sites\/4\/2025\/01\/kinetic-cutting-machines-fsl.jpg\"\/><div class=\"productinfo\"><h3>Laser pour Plaques Grand Format<\/h3><div class=\"productcol\"> <\/div><\/div><\/a><\/div><div class=\"product\"><a href=\" https:\/\/kineticcuttingsystems.eu\/fr\/machines-de-decoupe\/options-et-accessoires-plasma\/\"><img decoding=\"async\" src=\" https:\/\/kineticcuttingsystems.eu\/fr\/wp-content\/uploads\/sites\/4\/2018\/05\/kinetic-accessories-new.jpg\"\/><div class=\"productinfo\"><h3>Options et Accessoires Plasma<\/h3><div class=\"productcol\"> <\/div><\/div><\/a><\/div><\/div>","protected":false},"excerpt":{"rendered":"<p>Machines de D\u00e9coupe Les syst\u00e8mes de d\u00e9coupe innovants de Kinetic offrent une productivit\u00e9 maximale aux transformateurs de t\u00f4les de toutes<a class=\"moretag\" href=\"https:\/\/kineticcuttingsystems.eu\/fr\/machines-de-decoupe\/\"> &#8230;continue reading<\/a><\/p>\n","protected":false},"author":2,"featured_media":0,"parent":0,"menu_order":2,"comment_status":"closed","ping_status":"closed","template":"","meta":{"_acf_changed":false,"inline_featured_image":false,"footnotes":""},"class_list":["post-16","page","type-page","status-publish","hentry"],"acf":[],"yoast_head":"<!-- This site is optimized with the Yoast SEO plugin v27.2 - https:\/\/yoast.com\/product\/yoast-seo-wordpress\/ -->\n<title>Machines de D\u00e9coupe Plasma et Laser - Kinetic<\/title>\n<meta name=\"robots\" content=\"index, follow, max-snippet:-1, max-image-preview:large, max-video-preview:-1\" \/>\n<link rel=\"canonical\" href=\"https:\/\/kineticcuttingsystems.eu\/fr\/machines-de-decoupe\/\" \/>\n<meta property=\"og:locale\" content=\"en_US\" \/>\n<meta property=\"og:type\" content=\"article\" \/>\n<meta property=\"og:title\" content=\"Machines de D\u00e9coupe Plasma et Laser - Kinetic\" \/>\n<meta property=\"og:description\" content=\"Machines de D\u00e9coupe Les syst\u00e8mes de d\u00e9coupe innovants de Kinetic offrent une productivit\u00e9 maximale aux transformateurs de t\u00f4les de toutes ...continue reading\" \/>\n<meta property=\"og:url\" content=\"https:\/\/kineticcuttingsystems.eu\/fr\/machines-de-decoupe\/\" \/>\n<meta property=\"og:site_name\" content=\"Kinetic Syst\u00e8mes de D\u00e9coupe de M\u00e9tal CNC\" \/>\n<meta property=\"article:modified_time\" content=\"2025-11-07T20:58:36+00:00\" \/>\n<meta name=\"twitter:card\" content=\"summary_large_image\" \/>\n<meta name=\"twitter:label1\" content=\"Est. reading time\" \/>\n\t<meta name=\"twitter:data1\" content=\"1 minute\" \/>\n<script type=\"application\/ld+json\" class=\"yoast-schema-graph\">{\"@context\":\"https:\/\/schema.org\",\"@graph\":[{\"@type\":\"WebPage\",\"@id\":\"https:\/\/kineticcuttingsystems.eu\/fr\/machines-de-decoupe\/\",\"url\":\"https:\/\/kineticcuttingsystems.eu\/fr\/machines-de-decoupe\/\",\"name\":\"Machines de D\u00e9coupe Plasma et Laser - Kinetic\",\"isPartOf\":{\"@id\":\"https:\/\/kineticcuttingsystems.eu\/fr\/#website\"},\"datePublished\":\"2018-03-21T02:34:27+00:00\",\"dateModified\":\"2025-11-07T20:58:36+00:00\",\"breadcrumb\":{\"@id\":\"https:\/\/kineticcuttingsystems.eu\/fr\/machines-de-decoupe\/#breadcrumb\"},\"inLanguage\":\"en-US\",\"potentialAction\":[{\"@type\":\"ReadAction\",\"target\":[\"https:\/\/kineticcuttingsystems.eu\/fr\/machines-de-decoupe\/\"]}]},{\"@type\":\"BreadcrumbList\",\"@id\":\"https:\/\/kineticcuttingsystems.eu\/fr\/machines-de-decoupe\/#breadcrumb\",\"itemListElement\":[{\"@type\":\"ListItem\",\"position\":1,\"name\":\"Home\",\"item\":\"https:\/\/kineticcuttingsystems.eu\/fr\/\"},{\"@type\":\"ListItem\",\"position\":2,\"name\":\"Machines de D\u00e9coupe\"}]},{\"@type\":\"WebSite\",\"@id\":\"https:\/\/kineticcuttingsystems.eu\/fr\/#website\",\"url\":\"https:\/\/kineticcuttingsystems.eu\/fr\/\",\"name\":\"Kinetic Syst\u00e8mes de D\u00e9coupe de M\u00e9tal CNC\",\"description\":\"\",\"potentialAction\":[{\"@type\":\"SearchAction\",\"target\":{\"@type\":\"EntryPoint\",\"urlTemplate\":\"https:\/\/kineticcuttingsystems.eu\/fr\/?s={search_term_string}\"},\"query-input\":{\"@type\":\"PropertyValueSpecification\",\"valueRequired\":true,\"valueName\":\"search_term_string\"}}],\"inLanguage\":\"en-US\"}]}<\/script>\n<!-- \/ Yoast SEO plugin. -->","yoast_head_json":{"title":"Machines de D\u00e9coupe Plasma et Laser - Kinetic","robots":{"index":"index","follow":"follow","max-snippet":"max-snippet:-1","max-image-preview":"max-image-preview:large","max-video-preview":"max-video-preview:-1"},"canonical":"https:\/\/kineticcuttingsystems.eu\/fr\/machines-de-decoupe\/","og_locale":"en_US","og_type":"article","og_title":"Machines de D\u00e9coupe Plasma et Laser - Kinetic","og_description":"Machines de D\u00e9coupe Les syst\u00e8mes de d\u00e9coupe innovants de Kinetic offrent une productivit\u00e9 maximale aux transformateurs de t\u00f4les de toutes ...continue reading","og_url":"https:\/\/kineticcuttingsystems.eu\/fr\/machines-de-decoupe\/","og_site_name":"Kinetic Syst\u00e8mes de D\u00e9coupe de M\u00e9tal CNC","article_modified_time":"2025-11-07T20:58:36+00:00","twitter_card":"summary_large_image","twitter_misc":{"Est. reading time":"1 minute"},"schema":{"@context":"https:\/\/schema.org","@graph":[{"@type":"WebPage","@id":"https:\/\/kineticcuttingsystems.eu\/fr\/machines-de-decoupe\/","url":"https:\/\/kineticcuttingsystems.eu\/fr\/machines-de-decoupe\/","name":"Machines de D\u00e9coupe Plasma et Laser - Kinetic","isPartOf":{"@id":"https:\/\/kineticcuttingsystems.eu\/fr\/#website"},"datePublished":"2018-03-21T02:34:27+00:00","dateModified":"2025-11-07T20:58:36+00:00","breadcrumb":{"@id":"https:\/\/kineticcuttingsystems.eu\/fr\/machines-de-decoupe\/#breadcrumb"},"inLanguage":"en-US","potentialAction":[{"@type":"ReadAction","target":["https:\/\/kineticcuttingsystems.eu\/fr\/machines-de-decoupe\/"]}]},{"@type":"BreadcrumbList","@id":"https:\/\/kineticcuttingsystems.eu\/fr\/machines-de-decoupe\/#breadcrumb","itemListElement":[{"@type":"ListItem","position":1,"name":"Home","item":"https:\/\/kineticcuttingsystems.eu\/fr\/"},{"@type":"ListItem","position":2,"name":"Machines de D\u00e9coupe"}]},{"@type":"WebSite","@id":"https:\/\/kineticcuttingsystems.eu\/fr\/#website","url":"https:\/\/kineticcuttingsystems.eu\/fr\/","name":"Kinetic Syst\u00e8mes de D\u00e9coupe de M\u00e9tal CNC","description":"","potentialAction":[{"@type":"SearchAction","target":{"@type":"EntryPoint","urlTemplate":"https:\/\/kineticcuttingsystems.eu\/fr\/?s={search_term_string}"},"query-input":{"@type":"PropertyValueSpecification","valueRequired":true,"valueName":"search_term_string"}}],"inLanguage":"en-US"}]}},"_links":{"self":[{"href":"https:\/\/kineticcuttingsystems.eu\/fr\/wp-json\/wp\/v2\/pages\/16","targetHints":{"allow":["GET"]}}],"collection":[{"href":"https:\/\/kineticcuttingsystems.eu\/fr\/wp-json\/wp\/v2\/pages"}],"about":[{"href":"https:\/\/kineticcuttingsystems.eu\/fr\/wp-json\/wp\/v2\/types\/page"}],"author":[{"embeddable":true,"href":"https:\/\/kineticcuttingsystems.eu\/fr\/wp-json\/wp\/v2\/users\/2"}],"replies":[{"embeddable":true,"href":"https:\/\/kineticcuttingsystems.eu\/fr\/wp-json\/wp\/v2\/comments?post=16"}],"version-history":[{"count":4,"href":"https:\/\/kineticcuttingsystems.eu\/fr\/wp-json\/wp\/v2\/pages\/16\/revisions"}],"predecessor-version":[{"id":3921,"href":"https:\/\/kineticcuttingsystems.eu\/fr\/wp-json\/wp\/v2\/pages\/16\/revisions\/3921"}],"wp:attachment":[{"href":"https:\/\/kineticcuttingsystems.eu\/fr\/wp-json\/wp\/v2\/media?parent=16"}],"curies":[{"name":"wp","href":"https:\/\/api.w.org\/{rel}","templated":true}]}}