{"id":15,"date":"2018-03-21T02:34:27","date_gmt":"2018-03-21T02:34:27","guid":{"rendered":"https:\/\/kineticcuttingsystems.eu\/home\/"},"modified":"2025-11-07T20:50:39","modified_gmt":"2025-11-07T20:50:39","slug":"home","status":"publish","type":"page","link":"https:\/\/kineticcuttingsystems.eu\/fr\/","title":{"rendered":"Accueil"},"content":{"rendered":"\n<h2 class=\"wp-block-heading\">Productivit\u00e9 en Mati\u00e8re de D\u00e9coupe des M\u00e9taux<\/h2>\n\n\n\n<p>Kinetic est bien plus qu&#8217;un simple fabricant de <a href=\"\/fr\/machines-de-decoupe\/\">syst\u00e8mes de d\u00e9coupe CNC pour m\u00e9taux<\/a>. Nous sommes une entreprise ax\u00e9e sur la productivit\u00e9.<\/p>\n\n\n\n<p>Nos syst\u00e8mes innovants de <a href=\"\/fr\/machines-de-decoupe\/laser-pour-plaques-grand-format\/\">d\u00e9coupe laser grand format<\/a>, machines de d\u00e9coupe plasma et <a href=\"\/fr\/machines-de-decoupe\/combines-de-decoupe-plasma-fraisage-et-percage\/\">machines combin\u00e9es de d\u00e9coupe, per\u00e7age et fraisage <\/a>sont sp\u00e9cialement con\u00e7us pour aider les fabricants \u00e0 r\u00e9duire les temps de traitement des t\u00f4les, accro\u00eetre leur productivit\u00e9 et optimiser leur rentabilit\u00e9.<\/p>\n\n\n\n<p>Que vous soyez une petite entreprise ou un fabricant d\u2019envergure internationale, si votre activit\u00e9 consiste \u00e0 transformer le m\u00e9tal en pi\u00e8ces et composants, les machines Kinetic vous offrent un avantage concurrentiel d\u00e9cisif pour soutenir la croissance et le succ\u00e8s de votre entreprise.<\/p>\n\n\n\t<div class=\"buttoncenter\">\n\t\t        <div class=\"button primarybg\"><a href=\"tel:+18006062954\">Appel: +1.800.606.2954<\/a><\/div>            <div class=\"button primarybg\"><a href=\"\/fr\/demandez-un-devis\/\">Demander un Devis<\/a><\/div>        <\/div>\n","protected":false},"excerpt":{"rendered":"<p>Productivit\u00e9 en Mati\u00e8re de D\u00e9coupe des M\u00e9taux Kinetic est bien plus qu&#8217;un simple fabricant de syst\u00e8mes de d\u00e9coupe CNC pour<a class=\"moretag\" href=\"https:\/\/kineticcuttingsystems.eu\/fr\/\"> &#8230;continue reading<\/a><\/p>\n","protected":false},"author":2,"featured_media":999,"parent":0,"menu_order":-2,"comment_status":"closed","ping_status":"closed","template":"page-home.php","meta":{"_acf_changed":false,"inline_featured_image":false,"footnotes":""},"class_list":["post-15","page","type-page","status-publish","has-post-thumbnail","hentry"],"acf":[],"yoast_head":"<!-- This site is optimized with the Yoast SEO plugin v27.2 - https:\/\/yoast.com\/product\/yoast-seo-wordpress\/ -->\n<title>Syst\u00e8mes de D\u00e9coupe Plasma CNC et de D\u00e9coupe Laser | Kinetic<\/title>\n<meta name=\"robots\" content=\"index, follow, max-snippet:-1, max-image-preview:large, max-video-preview:-1\" \/>\n<link rel=\"canonical\" href=\"https:\/\/kineticcuttingsystems.eu\/fr\/\" \/>\n<meta property=\"og:locale\" content=\"en_US\" \/>\n<meta property=\"og:type\" content=\"article\" \/>\n<meta property=\"og:title\" content=\"Syst\u00e8mes de D\u00e9coupe Plasma CNC et de D\u00e9coupe Laser | Kinetic\" \/>\n<meta property=\"og:description\" content=\"Productivit\u00e9 en Mati\u00e8re de D\u00e9coupe des M\u00e9taux Kinetic est bien plus qu&#8217;un simple fabricant de syst\u00e8mes de d\u00e9coupe CNC pour ...continue reading\" \/>\n<meta property=\"og:url\" content=\"https:\/\/kineticcuttingsystems.eu\/fr\/\" \/>\n<meta property=\"og:site_name\" content=\"Kinetic Syst\u00e8mes de D\u00e9coupe de M\u00e9tal CNC\" \/>\n<meta property=\"article:modified_time\" content=\"2025-11-07T20:50:39+00:00\" \/>\n<meta property=\"og:image\" content=\"https:\/\/kineticcuttingsystems.eu\/fr\/wp-content\/uploads\/sites\/4\/2019\/03\/kinetic-slide-placeholder.jpg\" \/>\n\t<meta property=\"og:image:width\" content=\"1600\" \/>\n\t<meta property=\"og:image:height\" content=\"730\" \/>\n\t<meta property=\"og:image:type\" content=\"image\/jpeg\" \/>\n<meta name=\"twitter:card\" content=\"summary_large_image\" \/>\n<meta name=\"twitter:label1\" content=\"Est. reading time\" \/>\n\t<meta name=\"twitter:data1\" content=\"1 minute\" \/>\n<script type=\"application\/ld+json\" class=\"yoast-schema-graph\">{\"@context\":\"https:\/\/schema.org\",\"@graph\":[{\"@type\":\"WebPage\",\"@id\":\"https:\/\/kineticcuttingsystems.eu\/fr\/\",\"url\":\"https:\/\/kineticcuttingsystems.eu\/fr\/\",\"name\":\"Syst\u00e8mes de D\u00e9coupe Plasma CNC et de D\u00e9coupe Laser | Kinetic\",\"isPartOf\":{\"@id\":\"https:\/\/kineticcuttingsystems.eu\/fr\/#website\"},\"primaryImageOfPage\":{\"@id\":\"https:\/\/kineticcuttingsystems.eu\/fr\/#primaryimage\"},\"image\":{\"@id\":\"https:\/\/kineticcuttingsystems.eu\/fr\/#primaryimage\"},\"thumbnailUrl\":\"https:\/\/kineticcuttingsystems.eu\/fr\/wp-content\/uploads\/sites\/4\/2019\/03\/kinetic-slide-placeholder.jpg\",\"datePublished\":\"2018-03-21T02:34:27+00:00\",\"dateModified\":\"2025-11-07T20:50:39+00:00\",\"breadcrumb\":{\"@id\":\"https:\/\/kineticcuttingsystems.eu\/fr\/#breadcrumb\"},\"inLanguage\":\"en-US\",\"potentialAction\":[{\"@type\":\"ReadAction\",\"target\":[\"https:\/\/kineticcuttingsystems.eu\/fr\/\"]}]},{\"@type\":\"ImageObject\",\"inLanguage\":\"en-US\",\"@id\":\"https:\/\/kineticcuttingsystems.eu\/fr\/#primaryimage\",\"url\":\"https:\/\/kineticcuttingsystems.eu\/fr\/wp-content\/uploads\/sites\/4\/2019\/03\/kinetic-slide-placeholder.jpg\",\"contentUrl\":\"https:\/\/kineticcuttingsystems.eu\/fr\/wp-content\/uploads\/sites\/4\/2019\/03\/kinetic-slide-placeholder.jpg\",\"width\":1600,\"height\":730},{\"@type\":\"BreadcrumbList\",\"@id\":\"https:\/\/kineticcuttingsystems.eu\/fr\/#breadcrumb\",\"itemListElement\":[{\"@type\":\"ListItem\",\"position\":1,\"name\":\"Home\",\"item\":\"https:\/\/kineticcuttingsystems.eu\/fr\/\"},{\"@type\":\"ListItem\",\"position\":2,\"name\":\"Accueil\"}]},{\"@type\":\"WebSite\",\"@id\":\"https:\/\/kineticcuttingsystems.eu\/fr\/#website\",\"url\":\"https:\/\/kineticcuttingsystems.eu\/fr\/\",\"name\":\"Kinetic Syst\u00e8mes de D\u00e9coupe de M\u00e9tal CNC\",\"description\":\"\",\"potentialAction\":[{\"@type\":\"SearchAction\",\"target\":{\"@type\":\"EntryPoint\",\"urlTemplate\":\"https:\/\/kineticcuttingsystems.eu\/fr\/?s={search_term_string}\"},\"query-input\":{\"@type\":\"PropertyValueSpecification\",\"valueRequired\":true,\"valueName\":\"search_term_string\"}}],\"inLanguage\":\"en-US\"}]}<\/script>\n<!-- \/ Yoast SEO plugin. -->","yoast_head_json":{"title":"Syst\u00e8mes de D\u00e9coupe Plasma CNC et de D\u00e9coupe Laser | Kinetic","robots":{"index":"index","follow":"follow","max-snippet":"max-snippet:-1","max-image-preview":"max-image-preview:large","max-video-preview":"max-video-preview:-1"},"canonical":"https:\/\/kineticcuttingsystems.eu\/fr\/","og_locale":"en_US","og_type":"article","og_title":"Syst\u00e8mes de D\u00e9coupe Plasma CNC et de D\u00e9coupe Laser | Kinetic","og_description":"Productivit\u00e9 en Mati\u00e8re de D\u00e9coupe des M\u00e9taux Kinetic est bien plus qu&#8217;un simple fabricant de syst\u00e8mes de d\u00e9coupe CNC pour ...continue reading","og_url":"https:\/\/kineticcuttingsystems.eu\/fr\/","og_site_name":"Kinetic Syst\u00e8mes de D\u00e9coupe de M\u00e9tal CNC","article_modified_time":"2025-11-07T20:50:39+00:00","og_image":[{"width":1600,"height":730,"url":"https:\/\/kineticcuttingsystems.eu\/fr\/wp-content\/uploads\/sites\/4\/2019\/03\/kinetic-slide-placeholder.jpg","type":"image\/jpeg"}],"twitter_card":"summary_large_image","twitter_misc":{"Est. reading time":"1 minute"},"schema":{"@context":"https:\/\/schema.org","@graph":[{"@type":"WebPage","@id":"https:\/\/kineticcuttingsystems.eu\/fr\/","url":"https:\/\/kineticcuttingsystems.eu\/fr\/","name":"Syst\u00e8mes de D\u00e9coupe Plasma CNC et de D\u00e9coupe Laser | Kinetic","isPartOf":{"@id":"https:\/\/kineticcuttingsystems.eu\/fr\/#website"},"primaryImageOfPage":{"@id":"https:\/\/kineticcuttingsystems.eu\/fr\/#primaryimage"},"image":{"@id":"https:\/\/kineticcuttingsystems.eu\/fr\/#primaryimage"},"thumbnailUrl":"https:\/\/kineticcuttingsystems.eu\/fr\/wp-content\/uploads\/sites\/4\/2019\/03\/kinetic-slide-placeholder.jpg","datePublished":"2018-03-21T02:34:27+00:00","dateModified":"2025-11-07T20:50:39+00:00","breadcrumb":{"@id":"https:\/\/kineticcuttingsystems.eu\/fr\/#breadcrumb"},"inLanguage":"en-US","potentialAction":[{"@type":"ReadAction","target":["https:\/\/kineticcuttingsystems.eu\/fr\/"]}]},{"@type":"ImageObject","inLanguage":"en-US","@id":"https:\/\/kineticcuttingsystems.eu\/fr\/#primaryimage","url":"https:\/\/kineticcuttingsystems.eu\/fr\/wp-content\/uploads\/sites\/4\/2019\/03\/kinetic-slide-placeholder.jpg","contentUrl":"https:\/\/kineticcuttingsystems.eu\/fr\/wp-content\/uploads\/sites\/4\/2019\/03\/kinetic-slide-placeholder.jpg","width":1600,"height":730},{"@type":"BreadcrumbList","@id":"https:\/\/kineticcuttingsystems.eu\/fr\/#breadcrumb","itemListElement":[{"@type":"ListItem","position":1,"name":"Home","item":"https:\/\/kineticcuttingsystems.eu\/fr\/"},{"@type":"ListItem","position":2,"name":"Accueil"}]},{"@type":"WebSite","@id":"https:\/\/kineticcuttingsystems.eu\/fr\/#website","url":"https:\/\/kineticcuttingsystems.eu\/fr\/","name":"Kinetic Syst\u00e8mes de D\u00e9coupe de M\u00e9tal CNC","description":"","potentialAction":[{"@type":"SearchAction","target":{"@type":"EntryPoint","urlTemplate":"https:\/\/kineticcuttingsystems.eu\/fr\/?s={search_term_string}"},"query-input":{"@type":"PropertyValueSpecification","valueRequired":true,"valueName":"search_term_string"}}],"inLanguage":"en-US"}]}},"_links":{"self":[{"href":"https:\/\/kineticcuttingsystems.eu\/fr\/wp-json\/wp\/v2\/pages\/15","targetHints":{"allow":["GET"]}}],"collection":[{"href":"https:\/\/kineticcuttingsystems.eu\/fr\/wp-json\/wp\/v2\/pages"}],"about":[{"href":"https:\/\/kineticcuttingsystems.eu\/fr\/wp-json\/wp\/v2\/types\/page"}],"author":[{"embeddable":true,"href":"https:\/\/kineticcuttingsystems.eu\/fr\/wp-json\/wp\/v2\/users\/2"}],"replies":[{"embeddable":true,"href":"https:\/\/kineticcuttingsystems.eu\/fr\/wp-json\/wp\/v2\/comments?post=15"}],"version-history":[{"count":11,"href":"https:\/\/kineticcuttingsystems.eu\/fr\/wp-json\/wp\/v2\/pages\/15\/revisions"}],"predecessor-version":[{"id":3972,"href":"https:\/\/kineticcuttingsystems.eu\/fr\/wp-json\/wp\/v2\/pages\/15\/revisions\/3972"}],"wp:featuredmedia":[{"embeddable":true,"href":"https:\/\/kineticcuttingsystems.eu\/fr\/wp-json\/wp\/v2\/media\/999"}],"wp:attachment":[{"href":"https:\/\/kineticcuttingsystems.eu\/fr\/wp-json\/wp\/v2\/media?parent=15"}],"curies":[{"name":"wp","href":"https:\/\/api.w.org\/{rel}","templated":true}]}}