{"id":3837,"date":"2025-09-03T00:38:53","date_gmt":"2025-09-03T00:38:53","guid":{"rendered":"https:\/\/kineticcuttingsystems.eu\/es\/?page_id=3837"},"modified":"2025-11-12T16:53:40","modified_gmt":"2025-11-12T16:53:40","slug":"sistemas-combinados-de-plasma-laser-taladrado-y-fresado","status":"publish","type":"page","link":"https:\/\/kineticcuttingsystems.eu\/es\/maquinas-de-corte\/sistemas-combinados-de-plasma-laser-taladrado-y-fresado\/","title":{"rendered":"Sistemas Combinados de Plasma, L\u00e1ser, Taladrado y Fresado"},"content":{"rendered":"\n<h1 class=\"wp-block-heading\">Sistema K6000 de Plasma, L\u00e1ser, Taladrado y Fresado<\/h1>\n\n\n\n<p><strong>Lo Ultimo en Productividad y Flexibilidad<\/strong><br \/><strong>Corte por Plasma, L\u00e1ser y Oxicorte<\/strong><br \/><strong>Corte en Bisel y con Varias Antorchas<\/strong><br \/><strong>Taladrado, Fresado y Mucho M\u00e1s<\/strong><\/p>\n\n\n\n<p>Fruto de d\u00e9cadas de experiencia en la fabricaci\u00f3n de lo m\u00e1s avanzado en sistemas de corte por plasma que mejoran la productividad, nos complace presentar el nuevo y revolucionario Kinetic K6000, que combina nuestro legendario sistema de corte por plasma, perforaci\u00f3n y fresado XMC con un cabezal de corte l\u00e1ser especializado en una sola mesa. Los fabricantes ahora pueden procesar metal con la m\u00e1s amplia gama de opciones de corte y taladrado en una sola m\u00e1quina.<\/p>\n\n\n\n<p>Pronto proporcionaremos m\u00e1s detalles sobre este nuevo sistema, pero a continuaci\u00f3n se muestran las especificaciones iniciales. <a href=\"\/es\/solicitar-presupuesto\/\">P\u00f3ngase en contacto con nosotros hoy mismo <\/a>para obtener m\u00e1s informaci\u00f3n sobre nuestro nuevo sistema de corte por plasma, l\u00e1ser, taladrado y fresado K6000 conforme est\u00e9 disponible.<\/p>\n\n\n\n<div class=\"wp-block-columns is-layout-flex wp-container-core-columns-is-layout-9d6595d7 wp-block-columns-is-layout-flex\">\n<div class=\"wp-block-column is-layout-flow wp-block-column-is-layout-flow\">\n<ul class=\"wp-block-list\">\n<li><strong>Corte por Plasma, L\u00e1ser y Oxicorte en una Sola M\u00e1quina<\/strong><\/li>\n\n\n\n<li><strong>Procese Material F\u00e1cilmente con Cualquiera de estas T\u00e9cnicas<\/strong><\/li>\n\n\n\n<li><strong>Fresado, Taladrado, Roscado, Marcado y Muchos m\u00e1s Procesos Integrados<\/strong><\/li>\n\n\n\n<li><strong>Procese Piezas Complejas en una Sola Configuraci\u00f3n<\/strong><\/li>\n\n\n\n<li><strong>P\u00f3rtico de Plasma Integrado y Sistema del L\u00e1ser<\/strong><\/li>\n\n\n\n<li><strong>Corte en Bisel por Plasma, Oxicorte y L\u00e1ser<\/strong><\/li>\n\n\n\n<li><strong>Varios Sistemas de L\u00e1ser y Plasma Disponibles<\/strong><\/li>\n<\/ul>\n<\/div>\n\n\n\n<div class=\"wp-block-column is-layout-flow wp-block-column-is-layout-flow\">\n<ul class=\"wp-block-list\">\n<li><strong>Control Mediante Pantalla T\u00e1ctil f\u00e1cil de Programar<\/strong><\/li>\n\n\n\n<li><strong>Se Integra Perfectamente con el Software Primecut<\/strong><\/li>\n\n\n\n<li><strong>Mesa de Tiro Descendente con Contenedores de Escoria M\u00f3viles<\/strong><\/li>\n\n\n\n<li><strong>Dise\u00f1o de M\u00e1quina Robusto y de Alta Calidad<\/strong><\/li>\n\n\n\n<li><strong>Programaci\u00f3n Inteligente y Sencilla<\/strong><\/li>\n\n\n\n<li><strong>Durabilidad y Fiabilidad Kinetic<\/strong><\/li>\n\n\n\n<li><strong>Soporte T\u00e9cnico 24\/7\/365<\/strong><\/li>\n<\/ul>\n<\/div>\n<\/div>\n\n\n\n<figure class=\"wp-block-gallery has-nested-images columns-5 is-cropped wp-block-gallery-1 is-layout-flex wp-block-gallery-is-layout-flex\">\n<figure class=\"wp-block-image size-thumbnail\"><a href=\"https:\/\/kineticcuttingsystems.eu\/es\/wp-content\/uploads\/sites\/5\/2025\/10\/kinetic-k6000-31-1100x734-e413af0.jpg\"><img loading=\"lazy\" decoding=\"async\" width=\"150\" height=\"150\" data-id=\"3867\" src=\"https:\/\/kineticcuttingsystems.eu\/es\/wp-content\/uploads\/sites\/5\/2025\/10\/kinetic-k6000-31-1100x734-e413af0-150x150.jpg\" alt=\"\" class=\"wp-image-3867\"\/><\/a><\/figure>\n\n\n\n<figure class=\"wp-block-image size-thumbnail\"><a href=\"https:\/\/kineticcuttingsystems.eu\/es\/wp-content\/uploads\/sites\/5\/2025\/10\/DSCF9375.jpg\"><img loading=\"lazy\" decoding=\"async\" width=\"150\" height=\"150\" data-id=\"3860\" src=\"https:\/\/kineticcuttingsystems.eu\/es\/wp-content\/uploads\/sites\/5\/2025\/10\/DSCF9375-150x150.jpg\" alt=\"\" class=\"wp-image-3860\"\/><\/a><\/figure>\n\n\n\n<figure class=\"wp-block-image size-thumbnail\"><a href=\"https:\/\/kineticcuttingsystems.eu\/es\/wp-content\/uploads\/sites\/5\/2025\/10\/kinetic-k6000-13-1100x734-94e17ae.jpg\"><img loading=\"lazy\" decoding=\"async\" width=\"150\" height=\"150\" data-id=\"3863\" src=\"https:\/\/kineticcuttingsystems.eu\/es\/wp-content\/uploads\/sites\/5\/2025\/10\/kinetic-k6000-13-1100x734-94e17ae-150x150.jpg\" alt=\"\" class=\"wp-image-3863\"\/><\/a><\/figure>\n\n\n\n<figure class=\"wp-block-image size-thumbnail\"><a href=\"https:\/\/kineticcuttingsystems.eu\/es\/wp-content\/uploads\/sites\/5\/2025\/10\/DSCF9330.jpg\"><img loading=\"lazy\" decoding=\"async\" width=\"150\" height=\"150\" data-id=\"3852\" src=\"https:\/\/kineticcuttingsystems.eu\/es\/wp-content\/uploads\/sites\/5\/2025\/10\/DSCF9330-150x150.jpg\" alt=\"\" class=\"wp-image-3852\"\/><\/a><\/figure>\n\n\n\n<figure class=\"wp-block-image size-thumbnail\"><a href=\"https:\/\/kineticcuttingsystems.eu\/es\/wp-content\/uploads\/sites\/5\/2025\/10\/DSCF9347.jpg\"><img loading=\"lazy\" decoding=\"async\" width=\"150\" height=\"150\" data-id=\"3854\" src=\"https:\/\/kineticcuttingsystems.eu\/es\/wp-content\/uploads\/sites\/5\/2025\/10\/DSCF9347-150x150.jpg\" alt=\"\" class=\"wp-image-3854\"\/><\/a><\/figure>\n\n\n\n<figure class=\"wp-block-image size-thumbnail\"><a href=\"https:\/\/kineticcuttingsystems.eu\/es\/wp-content\/uploads\/sites\/5\/2025\/10\/kinetic-k6000-34-489x733-baad9a5.jpg\"><img loading=\"lazy\" decoding=\"async\" width=\"150\" height=\"150\" data-id=\"3870\" src=\"https:\/\/kineticcuttingsystems.eu\/es\/wp-content\/uploads\/sites\/5\/2025\/10\/kinetic-k6000-34-489x733-baad9a5-150x150.jpg\" alt=\"\" class=\"wp-image-3870\"\/><\/a><\/figure>\n\n\n\n<figure class=\"wp-block-image size-thumbnail\"><a href=\"https:\/\/kineticcuttingsystems.eu\/es\/wp-content\/uploads\/sites\/5\/2025\/10\/DSCF9369.jpg\"><img loading=\"lazy\" decoding=\"async\" width=\"150\" height=\"150\" data-id=\"3858\" src=\"https:\/\/kineticcuttingsystems.eu\/es\/wp-content\/uploads\/sites\/5\/2025\/10\/DSCF9369-150x150.jpg\" alt=\"\" class=\"wp-image-3858\"\/><\/a><\/figure>\n\n\n\n<figure class=\"wp-block-image size-thumbnail\"><a href=\"https:\/\/kineticcuttingsystems.eu\/es\/wp-content\/uploads\/sites\/5\/2025\/10\/DSCF9340.jpg\"><img loading=\"lazy\" decoding=\"async\" width=\"150\" height=\"150\" data-id=\"3853\" src=\"https:\/\/kineticcuttingsystems.eu\/es\/wp-content\/uploads\/sites\/5\/2025\/10\/DSCF9340-150x150.jpg\" alt=\"\" class=\"wp-image-3853\"\/><\/a><\/figure>\n\n\n\n<figure class=\"wp-block-image size-thumbnail\"><a href=\"https:\/\/kineticcuttingsystems.eu\/es\/wp-content\/uploads\/sites\/5\/2025\/10\/DSCF9359.jpg\"><img loading=\"lazy\" decoding=\"async\" width=\"150\" height=\"150\" data-id=\"3856\" src=\"https:\/\/kineticcuttingsystems.eu\/es\/wp-content\/uploads\/sites\/5\/2025\/10\/DSCF9359-150x150.jpg\" alt=\"\" class=\"wp-image-3856\"\/><\/a><\/figure>\n\n\n\n<figure class=\"wp-block-image size-thumbnail\"><a href=\"https:\/\/kineticcuttingsystems.eu\/es\/wp-content\/uploads\/sites\/5\/2025\/10\/DSCF9352.jpg\"><img loading=\"lazy\" decoding=\"async\" width=\"150\" height=\"150\" data-id=\"3855\" src=\"https:\/\/kineticcuttingsystems.eu\/es\/wp-content\/uploads\/sites\/5\/2025\/10\/DSCF9352-150x150.jpg\" alt=\"\" class=\"wp-image-3855\"\/><\/a><\/figure>\n\n\n\n<figure class=\"wp-block-image size-thumbnail\"><a href=\"https:\/\/kineticcuttingsystems.eu\/es\/wp-content\/uploads\/sites\/5\/2025\/10\/kinetic-k6000-13-550x733-91dab4a.jpg\"><img loading=\"lazy\" decoding=\"async\" width=\"150\" height=\"150\" data-id=\"3862\" src=\"https:\/\/kineticcuttingsystems.eu\/es\/wp-content\/uploads\/sites\/5\/2025\/10\/kinetic-k6000-13-550x733-91dab4a-150x150.jpg\" alt=\"\" class=\"wp-image-3862\"\/><\/a><\/figure>\n\n\n\n<figure class=\"wp-block-image size-thumbnail\"><a href=\"https:\/\/kineticcuttingsystems.eu\/es\/wp-content\/uploads\/sites\/5\/2025\/10\/kinetic-k6000-42-489x733-91dab4a.jpg\"><img loading=\"lazy\" decoding=\"async\" width=\"150\" height=\"150\" data-id=\"3872\" src=\"https:\/\/kineticcuttingsystems.eu\/es\/wp-content\/uploads\/sites\/5\/2025\/10\/kinetic-k6000-42-489x733-91dab4a-150x150.jpg\" alt=\"\" class=\"wp-image-3872\"\/><\/a><\/figure>\n\n\n\n<figure class=\"wp-block-image size-thumbnail\"><a href=\"https:\/\/kineticcuttingsystems.eu\/es\/wp-content\/uploads\/sites\/5\/2025\/10\/kinetic-k6000-44-489x733-91dab4a.jpg\"><img loading=\"lazy\" decoding=\"async\" width=\"150\" height=\"150\" data-id=\"3873\" src=\"https:\/\/kineticcuttingsystems.eu\/es\/wp-content\/uploads\/sites\/5\/2025\/10\/kinetic-k6000-44-489x733-91dab4a-150x150.jpg\" alt=\"\" class=\"wp-image-3873\"\/><\/a><\/figure>\n\n\n\n<figure class=\"wp-block-image size-thumbnail\"><a href=\"https:\/\/kineticcuttingsystems.eu\/es\/wp-content\/uploads\/sites\/5\/2025\/10\/DSCF9379.jpg\"><img loading=\"lazy\" decoding=\"async\" width=\"150\" height=\"150\" data-id=\"3861\" src=\"https:\/\/kineticcuttingsystems.eu\/es\/wp-content\/uploads\/sites\/5\/2025\/10\/DSCF9379-150x150.jpg\" alt=\"\" class=\"wp-image-3861\"\/><\/a><\/figure>\n\n\n\n<figure class=\"wp-block-image size-thumbnail\"><a href=\"https:\/\/kineticcuttingsystems.eu\/es\/wp-content\/uploads\/sites\/5\/2025\/10\/kinetic-k6000-29-1100x734-e413af0.jpg\"><img loading=\"lazy\" decoding=\"async\" width=\"150\" height=\"150\" data-id=\"3866\" src=\"https:\/\/kineticcuttingsystems.eu\/es\/wp-content\/uploads\/sites\/5\/2025\/10\/kinetic-k6000-29-1100x734-e413af0-150x150.jpg\" alt=\"\" class=\"wp-image-3866\"\/><\/a><\/figure>\n\n\n\n<figure class=\"wp-block-image size-thumbnail\"><a href=\"https:\/\/kineticcuttingsystems.eu\/es\/wp-content\/uploads\/sites\/5\/2025\/10\/kinetic-k6000-41-1100x733-91dab4a.jpg\"><img loading=\"lazy\" decoding=\"async\" width=\"150\" height=\"150\" data-id=\"3871\" src=\"https:\/\/kineticcuttingsystems.eu\/es\/wp-content\/uploads\/sites\/5\/2025\/10\/kinetic-k6000-41-1100x733-91dab4a-150x150.jpg\" alt=\"\" class=\"wp-image-3871\"\/><\/a><\/figure>\n\n\n\n<figure class=\"wp-block-image size-thumbnail\"><a href=\"https:\/\/kineticcuttingsystems.eu\/es\/wp-content\/uploads\/sites\/5\/2025\/10\/kinetic-k6000-17-489x733-baad9a5.jpg\"><img loading=\"lazy\" decoding=\"async\" width=\"150\" height=\"150\" data-id=\"3864\" src=\"https:\/\/kineticcuttingsystems.eu\/es\/wp-content\/uploads\/sites\/5\/2025\/10\/kinetic-k6000-17-489x733-baad9a5-150x150.jpg\" alt=\"\" class=\"wp-image-3864\"\/><\/a><\/figure>\n\n\n\n<figure class=\"wp-block-image size-thumbnail\"><a href=\"https:\/\/kineticcuttingsystems.eu\/es\/wp-content\/uploads\/sites\/5\/2025\/10\/kinetic-k6000-17-550x733-5771873.jpg\"><img loading=\"lazy\" decoding=\"async\" width=\"150\" height=\"150\" data-id=\"3865\" src=\"https:\/\/kineticcuttingsystems.eu\/es\/wp-content\/uploads\/sites\/5\/2025\/10\/kinetic-k6000-17-550x733-5771873-150x150.jpg\" alt=\"\" class=\"wp-image-3865\"\/><\/a><\/figure>\n\n\n\n<figure class=\"wp-block-image size-thumbnail\"><a href=\"https:\/\/kineticcuttingsystems.eu\/es\/wp-content\/uploads\/sites\/5\/2025\/10\/DSCF9374.jpg\"><img loading=\"lazy\" decoding=\"async\" width=\"150\" height=\"150\" data-id=\"3859\" src=\"https:\/\/kineticcuttingsystems.eu\/es\/wp-content\/uploads\/sites\/5\/2025\/10\/DSCF9374-150x150.jpg\" alt=\"\" class=\"wp-image-3859\"\/><\/a><\/figure>\n\n\n\n<figure class=\"wp-block-image size-thumbnail\"><a href=\"https:\/\/kineticcuttingsystems.eu\/es\/wp-content\/uploads\/sites\/5\/2025\/10\/DSCF9363.jpg\"><img loading=\"lazy\" decoding=\"async\" width=\"150\" height=\"150\" data-id=\"3857\" src=\"https:\/\/kineticcuttingsystems.eu\/es\/wp-content\/uploads\/sites\/5\/2025\/10\/DSCF9363-150x150.jpg\" alt=\"\" class=\"wp-image-3857\"\/><\/a><\/figure>\n\n\n\n<figure class=\"wp-block-image size-thumbnail\"><a href=\"https:\/\/kineticcuttingsystems.eu\/es\/wp-content\/uploads\/sites\/5\/2025\/10\/kinetic-k6000-47-1100x734-e413af0.jpg\"><img loading=\"lazy\" decoding=\"async\" width=\"150\" height=\"150\" data-id=\"3874\" src=\"https:\/\/kineticcuttingsystems.eu\/es\/wp-content\/uploads\/sites\/5\/2025\/10\/kinetic-k6000-47-1100x734-e413af0-150x150.jpg\" alt=\"\" class=\"wp-image-3874\"\/><\/a><\/figure>\n\n\n\n<figure class=\"wp-block-image size-thumbnail\"><a href=\"https:\/\/kineticcuttingsystems.eu\/es\/wp-content\/uploads\/sites\/5\/2025\/10\/kinetic-k6000-48-1100x734-7844baf.jpg\"><img loading=\"lazy\" decoding=\"async\" width=\"150\" height=\"150\" data-id=\"3875\" src=\"https:\/\/kineticcuttingsystems.eu\/es\/wp-content\/uploads\/sites\/5\/2025\/10\/kinetic-k6000-48-1100x734-7844baf-150x150.jpg\" alt=\"\" class=\"wp-image-3875\"\/><\/a><\/figure>\n\n\n\n<figure class=\"wp-block-image size-thumbnail\"><a href=\"https:\/\/kineticcuttingsystems.eu\/es\/wp-content\/uploads\/sites\/5\/2025\/10\/kinetic-k6000-49-1100x734-e413af0.jpg\"><img loading=\"lazy\" decoding=\"async\" width=\"150\" height=\"150\" data-id=\"3876\" src=\"https:\/\/kineticcuttingsystems.eu\/es\/wp-content\/uploads\/sites\/5\/2025\/10\/kinetic-k6000-49-1100x734-e413af0-150x150.jpg\" alt=\"\" class=\"wp-image-3876\"\/><\/a><\/figure>\n\n\n\n<figure class=\"wp-block-image size-thumbnail\"><a href=\"https:\/\/kineticcuttingsystems.eu\/es\/wp-content\/uploads\/sites\/5\/2025\/10\/kinetic-k6000-33-1100x734-e413af0.jpg\"><img loading=\"lazy\" decoding=\"async\" width=\"150\" height=\"150\" data-id=\"3869\" src=\"https:\/\/kineticcuttingsystems.eu\/es\/wp-content\/uploads\/sites\/5\/2025\/10\/kinetic-k6000-33-1100x734-e413af0-150x150.jpg\" alt=\"\" class=\"wp-image-3869\"\/><\/a><\/figure>\n\n\n\n<figure class=\"wp-block-image size-thumbnail\"><a href=\"https:\/\/kineticcuttingsystems.eu\/es\/wp-content\/uploads\/sites\/5\/2025\/10\/kinetic-k6000-32-550x734-a32ebe9.jpg\"><img loading=\"lazy\" decoding=\"async\" width=\"150\" height=\"150\" data-id=\"3868\" src=\"https:\/\/kineticcuttingsystems.eu\/es\/wp-content\/uploads\/sites\/5\/2025\/10\/kinetic-k6000-32-550x734-a32ebe9-150x150.jpg\" alt=\"\" class=\"wp-image-3868\"\/><\/a><\/figure>\n<\/figure>\n\n\n\n<p>Tenga en cuenta que las caracter\u00edsticas y especificaciones de nuestras m\u00e1quinas est\u00e1n sujetas a cambios, ya que se actualizan de acuerdo con las \u00faltimas mejoras que surgen en el campo de la ingenier\u00eda.\u00a0<a href=\"\/es\/solicitar-presupuesto\/\">Cont\u00e1ctenos hoy mismo<\/a><a href=\"https:\/\/kineticusa.flywheelsites.com\/request-pricing\/\"> <\/a>si tiene preguntas sobre m\u00e1quinas espec\u00edficas y qu\u00e9 sistema Kinetic funcionar\u00e1 mejor en su caso.<\/p>\n","protected":false},"excerpt":{"rendered":"<p>Sistema K6000 de Plasma, L\u00e1ser, Taladrado y Fresado Lo Ultimo en Productividad y FlexibilidadCorte por Plasma, L\u00e1ser y OxicorteCorte en<a class=\"moretag\" href=\"https:\/\/kineticcuttingsystems.eu\/es\/maquinas-de-corte\/sistemas-combinados-de-plasma-laser-taladrado-y-fresado\/\"> &#8230;continue reading<\/a><\/p>\n","protected":false},"author":5,"featured_media":0,"parent":3732,"menu_order":0,"comment_status":"closed","ping_status":"closed","template":"","meta":{"_acf_changed":false,"inline_featured_image":false,"footnotes":""},"class_list":["post-3837","page","type-page","status-publish","hentry"],"acf":[],"yoast_head":"<!-- This site is optimized with the Yoast SEO plugin v27.2 - https:\/\/yoast.com\/product\/yoast-seo-wordpress\/ -->\n<title>Sistemas Combinados de Plasma, L\u00e1ser, Taladrado y Fresado - Kinetic Sistemas de Corte de Metal CNC<\/title>\n<meta name=\"robots\" content=\"index, follow, max-snippet:-1, max-image-preview:large, max-video-preview:-1\" \/>\n<link rel=\"canonical\" href=\"https:\/\/kineticcuttingsystems.eu\/es\/maquinas-de-corte\/sistemas-combinados-de-plasma-laser-taladrado-y-fresado\/\" \/>\n<meta property=\"og:locale\" content=\"en_US\" \/>\n<meta property=\"og:type\" content=\"article\" \/>\n<meta property=\"og:title\" content=\"Sistemas Combinados de Plasma, L\u00e1ser, Taladrado y Fresado - Kinetic Sistemas de Corte de Metal CNC\" \/>\n<meta property=\"og:description\" content=\"Sistema K6000 de Plasma, L\u00e1ser, Taladrado y Fresado Lo Ultimo en Productividad y FlexibilidadCorte por Plasma, L\u00e1ser y OxicorteCorte en ...continue reading\" \/>\n<meta property=\"og:url\" content=\"https:\/\/kineticcuttingsystems.eu\/es\/maquinas-de-corte\/sistemas-combinados-de-plasma-laser-taladrado-y-fresado\/\" \/>\n<meta property=\"og:site_name\" content=\"Kinetic Sistemas de Corte de Metal CNC\" \/>\n<meta property=\"article:modified_time\" content=\"2025-11-12T16:53:40+00:00\" \/>\n<meta property=\"og:image\" content=\"https:\/\/kineticcuttingsystems.eu\/es\/wp-content\/uploads\/sites\/5\/2025\/10\/kinetic-k6000-31-1100x734-e413af0.jpg\" \/>\n\t<meta property=\"og:image:width\" content=\"1100\" \/>\n\t<meta property=\"og:image:height\" content=\"733\" \/>\n\t<meta property=\"og:image:type\" content=\"image\/jpeg\" \/>\n<meta name=\"twitter:card\" content=\"summary_large_image\" \/>\n<meta name=\"twitter:label1\" content=\"Est. reading time\" \/>\n\t<meta name=\"twitter:data1\" content=\"7 minutes\" \/>\n<script type=\"application\/ld+json\" class=\"yoast-schema-graph\">{\"@context\":\"https:\/\/schema.org\",\"@graph\":[{\"@type\":\"WebPage\",\"@id\":\"https:\/\/kineticcuttingsystems.eu\/es\/maquinas-de-corte\/sistemas-combinados-de-plasma-laser-taladrado-y-fresado\/\",\"url\":\"https:\/\/kineticcuttingsystems.eu\/es\/maquinas-de-corte\/sistemas-combinados-de-plasma-laser-taladrado-y-fresado\/\",\"name\":\"Sistemas Combinados de Plasma, L\u00e1ser, Taladrado y Fresado - Kinetic Sistemas de Corte de Metal CNC\",\"isPartOf\":{\"@id\":\"https:\/\/kineticcuttingsystems.eu\/es\/#website\"},\"primaryImageOfPage\":{\"@id\":\"https:\/\/kineticcuttingsystems.eu\/es\/maquinas-de-corte\/sistemas-combinados-de-plasma-laser-taladrado-y-fresado\/#primaryimage\"},\"image\":{\"@id\":\"https:\/\/kineticcuttingsystems.eu\/es\/maquinas-de-corte\/sistemas-combinados-de-plasma-laser-taladrado-y-fresado\/#primaryimage\"},\"thumbnailUrl\":\"https:\/\/kineticcuttingsystems.eu\/es\/wp-content\/uploads\/sites\/5\/2025\/10\/kinetic-k6000-31-1100x734-e413af0-150x150.jpg\",\"datePublished\":\"2025-09-03T00:38:53+00:00\",\"dateModified\":\"2025-11-12T16:53:40+00:00\",\"breadcrumb\":{\"@id\":\"https:\/\/kineticcuttingsystems.eu\/es\/maquinas-de-corte\/sistemas-combinados-de-plasma-laser-taladrado-y-fresado\/#breadcrumb\"},\"inLanguage\":\"en-US\",\"potentialAction\":[{\"@type\":\"ReadAction\",\"target\":[\"https:\/\/kineticcuttingsystems.eu\/es\/maquinas-de-corte\/sistemas-combinados-de-plasma-laser-taladrado-y-fresado\/\"]}]},{\"@type\":\"ImageObject\",\"inLanguage\":\"en-US\",\"@id\":\"https:\/\/kineticcuttingsystems.eu\/es\/maquinas-de-corte\/sistemas-combinados-de-plasma-laser-taladrado-y-fresado\/#primaryimage\",\"url\":\"https:\/\/kineticcuttingsystems.eu\/es\/wp-content\/uploads\/sites\/5\/2025\/10\/kinetic-k6000-31-1100x734-e413af0.jpg\",\"contentUrl\":\"https:\/\/kineticcuttingsystems.eu\/es\/wp-content\/uploads\/sites\/5\/2025\/10\/kinetic-k6000-31-1100x734-e413af0.jpg\",\"width\":1100,\"height\":733},{\"@type\":\"BreadcrumbList\",\"@id\":\"https:\/\/kineticcuttingsystems.eu\/es\/maquinas-de-corte\/sistemas-combinados-de-plasma-laser-taladrado-y-fresado\/#breadcrumb\",\"itemListElement\":[{\"@type\":\"ListItem\",\"position\":1,\"name\":\"Home\",\"item\":\"https:\/\/kineticcuttingsystems.eu\/es\/\"},{\"@type\":\"ListItem\",\"position\":2,\"name\":\"M\u00e1quinas de Corte\",\"item\":\"https:\/\/kineticcuttingsystems.eu\/es\/maquinas-de-corte\/\"},{\"@type\":\"ListItem\",\"position\":3,\"name\":\"Sistemas Combinados de Plasma, L\u00e1ser, Taladrado y Fresado\"}]},{\"@type\":\"WebSite\",\"@id\":\"https:\/\/kineticcuttingsystems.eu\/es\/#website\",\"url\":\"https:\/\/kineticcuttingsystems.eu\/es\/\",\"name\":\"Kinetic Sistemas de Corte de Metal CNC\",\"description\":\"\",\"potentialAction\":[{\"@type\":\"SearchAction\",\"target\":{\"@type\":\"EntryPoint\",\"urlTemplate\":\"https:\/\/kineticcuttingsystems.eu\/es\/?s={search_term_string}\"},\"query-input\":{\"@type\":\"PropertyValueSpecification\",\"valueRequired\":true,\"valueName\":\"search_term_string\"}}],\"inLanguage\":\"en-US\"}]}<\/script>\n<!-- \/ Yoast SEO plugin. -->","yoast_head_json":{"title":"Sistemas Combinados de Plasma, L\u00e1ser, Taladrado y Fresado - Kinetic Sistemas de Corte de Metal CNC","robots":{"index":"index","follow":"follow","max-snippet":"max-snippet:-1","max-image-preview":"max-image-preview:large","max-video-preview":"max-video-preview:-1"},"canonical":"https:\/\/kineticcuttingsystems.eu\/es\/maquinas-de-corte\/sistemas-combinados-de-plasma-laser-taladrado-y-fresado\/","og_locale":"en_US","og_type":"article","og_title":"Sistemas Combinados de Plasma, L\u00e1ser, Taladrado y Fresado - Kinetic Sistemas de Corte de Metal CNC","og_description":"Sistema K6000 de Plasma, L\u00e1ser, Taladrado y Fresado Lo Ultimo en Productividad y FlexibilidadCorte por Plasma, L\u00e1ser y OxicorteCorte en ...continue reading","og_url":"https:\/\/kineticcuttingsystems.eu\/es\/maquinas-de-corte\/sistemas-combinados-de-plasma-laser-taladrado-y-fresado\/","og_site_name":"Kinetic Sistemas de Corte de Metal CNC","article_modified_time":"2025-11-12T16:53:40+00:00","og_image":[{"width":1100,"height":733,"url":"https:\/\/kineticcuttingsystems.eu\/es\/wp-content\/uploads\/sites\/5\/2025\/10\/kinetic-k6000-31-1100x734-e413af0.jpg","type":"image\/jpeg"}],"twitter_card":"summary_large_image","twitter_misc":{"Est. reading time":"7 minutes"},"schema":{"@context":"https:\/\/schema.org","@graph":[{"@type":"WebPage","@id":"https:\/\/kineticcuttingsystems.eu\/es\/maquinas-de-corte\/sistemas-combinados-de-plasma-laser-taladrado-y-fresado\/","url":"https:\/\/kineticcuttingsystems.eu\/es\/maquinas-de-corte\/sistemas-combinados-de-plasma-laser-taladrado-y-fresado\/","name":"Sistemas Combinados de Plasma, L\u00e1ser, Taladrado y Fresado - Kinetic Sistemas de Corte de Metal CNC","isPartOf":{"@id":"https:\/\/kineticcuttingsystems.eu\/es\/#website"},"primaryImageOfPage":{"@id":"https:\/\/kineticcuttingsystems.eu\/es\/maquinas-de-corte\/sistemas-combinados-de-plasma-laser-taladrado-y-fresado\/#primaryimage"},"image":{"@id":"https:\/\/kineticcuttingsystems.eu\/es\/maquinas-de-corte\/sistemas-combinados-de-plasma-laser-taladrado-y-fresado\/#primaryimage"},"thumbnailUrl":"https:\/\/kineticcuttingsystems.eu\/es\/wp-content\/uploads\/sites\/5\/2025\/10\/kinetic-k6000-31-1100x734-e413af0-150x150.jpg","datePublished":"2025-09-03T00:38:53+00:00","dateModified":"2025-11-12T16:53:40+00:00","breadcrumb":{"@id":"https:\/\/kineticcuttingsystems.eu\/es\/maquinas-de-corte\/sistemas-combinados-de-plasma-laser-taladrado-y-fresado\/#breadcrumb"},"inLanguage":"en-US","potentialAction":[{"@type":"ReadAction","target":["https:\/\/kineticcuttingsystems.eu\/es\/maquinas-de-corte\/sistemas-combinados-de-plasma-laser-taladrado-y-fresado\/"]}]},{"@type":"ImageObject","inLanguage":"en-US","@id":"https:\/\/kineticcuttingsystems.eu\/es\/maquinas-de-corte\/sistemas-combinados-de-plasma-laser-taladrado-y-fresado\/#primaryimage","url":"https:\/\/kineticcuttingsystems.eu\/es\/wp-content\/uploads\/sites\/5\/2025\/10\/kinetic-k6000-31-1100x734-e413af0.jpg","contentUrl":"https:\/\/kineticcuttingsystems.eu\/es\/wp-content\/uploads\/sites\/5\/2025\/10\/kinetic-k6000-31-1100x734-e413af0.jpg","width":1100,"height":733},{"@type":"BreadcrumbList","@id":"https:\/\/kineticcuttingsystems.eu\/es\/maquinas-de-corte\/sistemas-combinados-de-plasma-laser-taladrado-y-fresado\/#breadcrumb","itemListElement":[{"@type":"ListItem","position":1,"name":"Home","item":"https:\/\/kineticcuttingsystems.eu\/es\/"},{"@type":"ListItem","position":2,"name":"M\u00e1quinas de Corte","item":"https:\/\/kineticcuttingsystems.eu\/es\/maquinas-de-corte\/"},{"@type":"ListItem","position":3,"name":"Sistemas Combinados de Plasma, L\u00e1ser, Taladrado y Fresado"}]},{"@type":"WebSite","@id":"https:\/\/kineticcuttingsystems.eu\/es\/#website","url":"https:\/\/kineticcuttingsystems.eu\/es\/","name":"Kinetic Sistemas de Corte de Metal CNC","description":"","potentialAction":[{"@type":"SearchAction","target":{"@type":"EntryPoint","urlTemplate":"https:\/\/kineticcuttingsystems.eu\/es\/?s={search_term_string}"},"query-input":{"@type":"PropertyValueSpecification","valueRequired":true,"valueName":"search_term_string"}}],"inLanguage":"en-US"}]}},"_links":{"self":[{"href":"https:\/\/kineticcuttingsystems.eu\/es\/wp-json\/wp\/v2\/pages\/3837","targetHints":{"allow":["GET"]}}],"collection":[{"href":"https:\/\/kineticcuttingsystems.eu\/es\/wp-json\/wp\/v2\/pages"}],"about":[{"href":"https:\/\/kineticcuttingsystems.eu\/es\/wp-json\/wp\/v2\/types\/page"}],"author":[{"embeddable":true,"href":"https:\/\/kineticcuttingsystems.eu\/es\/wp-json\/wp\/v2\/users\/5"}],"replies":[{"embeddable":true,"href":"https:\/\/kineticcuttingsystems.eu\/es\/wp-json\/wp\/v2\/comments?post=3837"}],"version-history":[{"count":8,"href":"https:\/\/kineticcuttingsystems.eu\/es\/wp-json\/wp\/v2\/pages\/3837\/revisions"}],"predecessor-version":[{"id":4374,"href":"https:\/\/kineticcuttingsystems.eu\/es\/wp-json\/wp\/v2\/pages\/3837\/revisions\/4374"}],"up":[{"embeddable":true,"href":"https:\/\/kineticcuttingsystems.eu\/es\/wp-json\/wp\/v2\/pages\/3732"}],"wp:attachment":[{"href":"https:\/\/kineticcuttingsystems.eu\/es\/wp-json\/wp\/v2\/media?parent=3837"}],"curies":[{"name":"wp","href":"https:\/\/api.w.org\/{rel}","templated":true}]}}