{"id":3741,"date":"2018-04-18T19:01:36","date_gmt":"2018-04-18T19:01:36","guid":{"rendered":"https:\/\/kineticcuttingsystems.eu\/cutting-machines\/options-accessories\/"},"modified":"2025-11-12T15:53:59","modified_gmt":"2025-11-12T15:53:59","slug":"opciones-y-accesorios","status":"publish","type":"page","link":"https:\/\/kineticcuttingsystems.eu\/es\/maquinas-de-corte\/opciones-y-accesorios\/","title":{"rendered":"Opciones y Accesorios de Plasma"},"content":{"rendered":"\n<h1 class=\"wp-block-heading\">CABEZALES DE CORTE, OPCIONES Y ACCESORIOS<\/h1>\n\n\n\n<p>En Kinetic, nuestras m\u00e1quinas pueden adaptarse a una variedad de cabezales de corte, opciones y accesorios para ayudar a su taller a crear el sistema perfecto para su uso espec\u00edfico. Desde los \u00faltimos cabezales de corte por plasma Hypertherm hasta el oxicorte en bisel con triple antorcha y mucho m\u00e1s, ofrecemos una variedad de opciones personalizables. <\/p>\n\n\n\n<p>Visite los enlaces que se incluyen a continuaci\u00f3n y cont\u00e1ctenos hoy mismo para obtener m\u00e1s informaci\u00f3n sobre c\u00f3mo podemos ayudar a su empresa a crear un sistema de corte, fresado y taladrado por plasma que mejorar\u00e1 la eficiencia y ayudar\u00e1 a aumentar la rentabilidad.<\/p>\n\n\n<div class=\"productcenter\"><div class=\"product\"><a href=\" \/es\/maquinas-de-corte\/opciones-y-accesorios\/sistemas-de-plasma-hypertherm\/\"><div class=\"productinfo\"><h3>Sistemas de Plasma Hypertherm<\/h3><div class=\"productcol\"> <\/div><\/div><\/a><\/div><div class=\"product\"><a href=\" \/es\/maquinas-de-corte\/opciones-y-accesorios\/sistemas-de-corte-por-oxicombustible\/\"><div class=\"productinfo\"><h3>Sistemas de Oxicorte<\/h3><div class=\"productcol\"> <\/div><\/div><\/a><\/div><div class=\"product\"><a href=\" \/es\/maquinas-de-corte\/opciones-y-accesorios\/corte-biselado-por-plasma-y-oxicombustible\/\"><div class=\"productinfo\"><h3>Corte por Plasma y Oxicorte en Bisel<\/h3><div class=\"productcol\"> <\/div><\/div><\/a><\/div><div class=\"product\"><a href=\" \/es\/maquinas-de-corte\/opciones-y-accesorios\/fresado-taladrado-roscado-mandrinado-y-mas\/\"><div class=\"productinfo\"><h3>Fresado, Taladrado, Roscado y Mucho M\u00e1s<\/h3><div class=\"productcol\"> <\/div><\/div><\/a><\/div><div class=\"product\"><a href=\" \/es\/maquinas-de-corte\/opciones-y-accesorios\/sistemas-automatizados-de-extraccion-de-piezas\/\"><div class=\"productinfo\"><h3>Extracci\u00f3n Automatizada de Piezas<\/h3><div class=\"productcol\"> <\/div><\/div><\/a><\/div><div class=\"product\"><a href=\" \/es\/maquinas-de-corte\/opciones-y-accesorios\/accesorio-de-corte-de-tubos\/\"><div class=\"productinfo\"><h3>Corte de Tuber\u00edas<\/h3><div class=\"productcol\"> <\/div><\/div><\/a><\/div><div class=\"product\"><a href=\" \/es\/maquinas-de-corte\/opciones-y-accesorios\/corte-con-triple-soplete-oxicombustible\/\"><div class=\"productinfo\"><h3>Oxicorte con Triple Antorcha<\/h3><div class=\"productcol\"> <\/div><\/div><\/a><\/div><div class=\"product\"><a href=\" \/es\/maquinas-de-corte\/opciones-y-accesorios\/torreta-de-taladrado-y-roscado-de-6-estaciones\/\"><div class=\"productinfo\"><h3>6 Estaciones Para Taladrado y Roscado<\/h3><div class=\"productcol\"> <\/div><\/div><\/a><\/div><div class=\"product\"><a href=\" \/es\/maquinas-de-corte\/opciones-y-accesorios\/marcado-por-percusion\/\"><div class=\"productinfo\"><h3>Marcado por Percusi\u00f3n<\/h3><div class=\"productcol\"> <\/div><\/div><\/a><\/div><div class=\"product\"><a href=\" \/es\/maquinas-de-corte\/opciones-y-accesorios\/marcado-por-rueda-de-margarita\/\"><div class=\"productinfo\"><h3>Estampado Mediante Rueda de Margarita<\/h3><div class=\"productcol\"> <\/div><\/div><\/a><\/div><\/div>","protected":false},"excerpt":{"rendered":"<p>CABEZALES DE CORTE, OPCIONES Y ACCESORIOS En Kinetic, nuestras m\u00e1quinas pueden adaptarse a una variedad de cabezales de corte, opciones<a class=\"moretag\" href=\"https:\/\/kineticcuttingsystems.eu\/es\/maquinas-de-corte\/opciones-y-accesorios\/\"> &#8230;continue reading<\/a><\/p>\n","protected":false},"author":2,"featured_media":649,"parent":3732,"menu_order":13,"comment_status":"closed","ping_status":"closed","template":"","meta":{"_acf_changed":false,"inline_featured_image":false,"footnotes":""},"class_list":["post-3741","page","type-page","status-publish","has-post-thumbnail","hentry"],"acf":[],"yoast_head":"<!-- This site is optimized with the Yoast SEO plugin v27.2 - https:\/\/yoast.com\/product\/yoast-seo-wordpress\/ -->\n<title>Opciones y Accesorios de Plasma - Kinetic Sistemas de Corte de Metal CNC<\/title>\n<meta name=\"robots\" content=\"index, follow, max-snippet:-1, max-image-preview:large, max-video-preview:-1\" \/>\n<link rel=\"canonical\" href=\"https:\/\/kineticcuttingsystems.eu\/es\/maquinas-de-corte\/opciones-y-accesorios\/\" \/>\n<meta property=\"og:locale\" content=\"en_US\" \/>\n<meta property=\"og:type\" content=\"article\" \/>\n<meta property=\"og:title\" content=\"Opciones y Accesorios de Plasma - Kinetic Sistemas de Corte de Metal CNC\" \/>\n<meta property=\"og:description\" content=\"CABEZALES DE CORTE, OPCIONES Y ACCESORIOS En Kinetic, nuestras m\u00e1quinas pueden adaptarse a una variedad de cabezales de corte, opciones ...continue reading\" \/>\n<meta property=\"og:url\" content=\"https:\/\/kineticcuttingsystems.eu\/es\/maquinas-de-corte\/opciones-y-accesorios\/\" \/>\n<meta property=\"og:site_name\" content=\"Kinetic Sistemas de Corte de Metal CNC\" \/>\n<meta property=\"article:modified_time\" content=\"2025-11-12T15:53:59+00:00\" \/>\n<meta property=\"og:image\" content=\"https:\/\/kineticcuttingsystems.eu\/es\/wp-content\/uploads\/sites\/5\/2018\/07\/kinetic-global-feature-1.jpg\" \/>\n\t<meta property=\"og:image:width\" content=\"1600\" \/>\n\t<meta property=\"og:image:height\" content=\"400\" \/>\n\t<meta property=\"og:image:type\" content=\"image\/jpeg\" \/>\n<meta name=\"twitter:card\" content=\"summary_large_image\" \/>\n<meta name=\"twitter:label1\" content=\"Est. reading time\" \/>\n\t<meta name=\"twitter:data1\" content=\"1 minute\" \/>\n<script type=\"application\/ld+json\" class=\"yoast-schema-graph\">{\"@context\":\"https:\/\/schema.org\",\"@graph\":[{\"@type\":\"WebPage\",\"@id\":\"https:\/\/kineticcuttingsystems.eu\/es\/maquinas-de-corte\/opciones-y-accesorios\/\",\"url\":\"https:\/\/kineticcuttingsystems.eu\/es\/maquinas-de-corte\/opciones-y-accesorios\/\",\"name\":\"Opciones y Accesorios de Plasma - Kinetic Sistemas de Corte de Metal CNC\",\"isPartOf\":{\"@id\":\"https:\/\/kineticcuttingsystems.eu\/es\/#website\"},\"primaryImageOfPage\":{\"@id\":\"https:\/\/kineticcuttingsystems.eu\/es\/maquinas-de-corte\/opciones-y-accesorios\/#primaryimage\"},\"image\":{\"@id\":\"https:\/\/kineticcuttingsystems.eu\/es\/maquinas-de-corte\/opciones-y-accesorios\/#primaryimage\"},\"thumbnailUrl\":\"https:\/\/kineticcuttingsystems.eu\/es\/wp-content\/uploads\/sites\/5\/2018\/07\/kinetic-global-feature-1.jpg\",\"datePublished\":\"2018-04-18T19:01:36+00:00\",\"dateModified\":\"2025-11-12T15:53:59+00:00\",\"breadcrumb\":{\"@id\":\"https:\/\/kineticcuttingsystems.eu\/es\/maquinas-de-corte\/opciones-y-accesorios\/#breadcrumb\"},\"inLanguage\":\"en-US\",\"potentialAction\":[{\"@type\":\"ReadAction\",\"target\":[\"https:\/\/kineticcuttingsystems.eu\/es\/maquinas-de-corte\/opciones-y-accesorios\/\"]}]},{\"@type\":\"ImageObject\",\"inLanguage\":\"en-US\",\"@id\":\"https:\/\/kineticcuttingsystems.eu\/es\/maquinas-de-corte\/opciones-y-accesorios\/#primaryimage\",\"url\":\"https:\/\/kineticcuttingsystems.eu\/es\/wp-content\/uploads\/sites\/5\/2018\/07\/kinetic-global-feature-1.jpg\",\"contentUrl\":\"https:\/\/kineticcuttingsystems.eu\/es\/wp-content\/uploads\/sites\/5\/2018\/07\/kinetic-global-feature-1.jpg\",\"width\":1600,\"height\":400},{\"@type\":\"BreadcrumbList\",\"@id\":\"https:\/\/kineticcuttingsystems.eu\/es\/maquinas-de-corte\/opciones-y-accesorios\/#breadcrumb\",\"itemListElement\":[{\"@type\":\"ListItem\",\"position\":1,\"name\":\"Home\",\"item\":\"https:\/\/kineticcuttingsystems.eu\/es\/\"},{\"@type\":\"ListItem\",\"position\":2,\"name\":\"M\u00e1quinas de Corte\",\"item\":\"https:\/\/kineticcuttingsystems.eu\/es\/maquinas-de-corte\/\"},{\"@type\":\"ListItem\",\"position\":3,\"name\":\"Opciones y Accesorios de Plasma\"}]},{\"@type\":\"WebSite\",\"@id\":\"https:\/\/kineticcuttingsystems.eu\/es\/#website\",\"url\":\"https:\/\/kineticcuttingsystems.eu\/es\/\",\"name\":\"Kinetic Sistemas de Corte de Metal CNC\",\"description\":\"\",\"potentialAction\":[{\"@type\":\"SearchAction\",\"target\":{\"@type\":\"EntryPoint\",\"urlTemplate\":\"https:\/\/kineticcuttingsystems.eu\/es\/?s={search_term_string}\"},\"query-input\":{\"@type\":\"PropertyValueSpecification\",\"valueRequired\":true,\"valueName\":\"search_term_string\"}}],\"inLanguage\":\"en-US\"}]}<\/script>\n<!-- \/ Yoast SEO plugin. -->","yoast_head_json":{"title":"Opciones y Accesorios de Plasma - Kinetic Sistemas de Corte de Metal CNC","robots":{"index":"index","follow":"follow","max-snippet":"max-snippet:-1","max-image-preview":"max-image-preview:large","max-video-preview":"max-video-preview:-1"},"canonical":"https:\/\/kineticcuttingsystems.eu\/es\/maquinas-de-corte\/opciones-y-accesorios\/","og_locale":"en_US","og_type":"article","og_title":"Opciones y Accesorios de Plasma - Kinetic Sistemas de Corte de Metal CNC","og_description":"CABEZALES DE CORTE, OPCIONES Y ACCESORIOS En Kinetic, nuestras m\u00e1quinas pueden adaptarse a una variedad de cabezales de corte, opciones ...continue reading","og_url":"https:\/\/kineticcuttingsystems.eu\/es\/maquinas-de-corte\/opciones-y-accesorios\/","og_site_name":"Kinetic Sistemas de Corte de Metal CNC","article_modified_time":"2025-11-12T15:53:59+00:00","og_image":[{"width":1600,"height":400,"url":"https:\/\/kineticcuttingsystems.eu\/es\/wp-content\/uploads\/sites\/5\/2018\/07\/kinetic-global-feature-1.jpg","type":"image\/jpeg"}],"twitter_card":"summary_large_image","twitter_misc":{"Est. reading time":"1 minute"},"schema":{"@context":"https:\/\/schema.org","@graph":[{"@type":"WebPage","@id":"https:\/\/kineticcuttingsystems.eu\/es\/maquinas-de-corte\/opciones-y-accesorios\/","url":"https:\/\/kineticcuttingsystems.eu\/es\/maquinas-de-corte\/opciones-y-accesorios\/","name":"Opciones y Accesorios de Plasma - Kinetic Sistemas de Corte de Metal CNC","isPartOf":{"@id":"https:\/\/kineticcuttingsystems.eu\/es\/#website"},"primaryImageOfPage":{"@id":"https:\/\/kineticcuttingsystems.eu\/es\/maquinas-de-corte\/opciones-y-accesorios\/#primaryimage"},"image":{"@id":"https:\/\/kineticcuttingsystems.eu\/es\/maquinas-de-corte\/opciones-y-accesorios\/#primaryimage"},"thumbnailUrl":"https:\/\/kineticcuttingsystems.eu\/es\/wp-content\/uploads\/sites\/5\/2018\/07\/kinetic-global-feature-1.jpg","datePublished":"2018-04-18T19:01:36+00:00","dateModified":"2025-11-12T15:53:59+00:00","breadcrumb":{"@id":"https:\/\/kineticcuttingsystems.eu\/es\/maquinas-de-corte\/opciones-y-accesorios\/#breadcrumb"},"inLanguage":"en-US","potentialAction":[{"@type":"ReadAction","target":["https:\/\/kineticcuttingsystems.eu\/es\/maquinas-de-corte\/opciones-y-accesorios\/"]}]},{"@type":"ImageObject","inLanguage":"en-US","@id":"https:\/\/kineticcuttingsystems.eu\/es\/maquinas-de-corte\/opciones-y-accesorios\/#primaryimage","url":"https:\/\/kineticcuttingsystems.eu\/es\/wp-content\/uploads\/sites\/5\/2018\/07\/kinetic-global-feature-1.jpg","contentUrl":"https:\/\/kineticcuttingsystems.eu\/es\/wp-content\/uploads\/sites\/5\/2018\/07\/kinetic-global-feature-1.jpg","width":1600,"height":400},{"@type":"BreadcrumbList","@id":"https:\/\/kineticcuttingsystems.eu\/es\/maquinas-de-corte\/opciones-y-accesorios\/#breadcrumb","itemListElement":[{"@type":"ListItem","position":1,"name":"Home","item":"https:\/\/kineticcuttingsystems.eu\/es\/"},{"@type":"ListItem","position":2,"name":"M\u00e1quinas de Corte","item":"https:\/\/kineticcuttingsystems.eu\/es\/maquinas-de-corte\/"},{"@type":"ListItem","position":3,"name":"Opciones y Accesorios de Plasma"}]},{"@type":"WebSite","@id":"https:\/\/kineticcuttingsystems.eu\/es\/#website","url":"https:\/\/kineticcuttingsystems.eu\/es\/","name":"Kinetic Sistemas de Corte de Metal CNC","description":"","potentialAction":[{"@type":"SearchAction","target":{"@type":"EntryPoint","urlTemplate":"https:\/\/kineticcuttingsystems.eu\/es\/?s={search_term_string}"},"query-input":{"@type":"PropertyValueSpecification","valueRequired":true,"valueName":"search_term_string"}}],"inLanguage":"en-US"}]}},"_links":{"self":[{"href":"https:\/\/kineticcuttingsystems.eu\/es\/wp-json\/wp\/v2\/pages\/3741","targetHints":{"allow":["GET"]}}],"collection":[{"href":"https:\/\/kineticcuttingsystems.eu\/es\/wp-json\/wp\/v2\/pages"}],"about":[{"href":"https:\/\/kineticcuttingsystems.eu\/es\/wp-json\/wp\/v2\/types\/page"}],"author":[{"embeddable":true,"href":"https:\/\/kineticcuttingsystems.eu\/es\/wp-json\/wp\/v2\/users\/2"}],"replies":[{"embeddable":true,"href":"https:\/\/kineticcuttingsystems.eu\/es\/wp-json\/wp\/v2\/comments?post=3741"}],"version-history":[{"count":15,"href":"https:\/\/kineticcuttingsystems.eu\/es\/wp-json\/wp\/v2\/pages\/3741\/revisions"}],"predecessor-version":[{"id":4290,"href":"https:\/\/kineticcuttingsystems.eu\/es\/wp-json\/wp\/v2\/pages\/3741\/revisions\/4290"}],"up":[{"embeddable":true,"href":"https:\/\/kineticcuttingsystems.eu\/es\/wp-json\/wp\/v2\/pages\/3732"}],"wp:featuredmedia":[{"embeddable":true,"href":"https:\/\/kineticcuttingsystems.eu\/es\/wp-json\/wp\/v2\/media\/649"}],"wp:attachment":[{"href":"https:\/\/kineticcuttingsystems.eu\/es\/wp-json\/wp\/v2\/media?parent=3741"}],"curies":[{"name":"wp","href":"https:\/\/api.w.org\/{rel}","templated":true}]}}