{"id":3735,"date":"2018-03-21T02:34:27","date_gmt":"2018-03-21T02:34:27","guid":{"rendered":"https:\/\/kineticcuttingsystems.eu\/about\/"},"modified":"2025-11-12T16:49:37","modified_gmt":"2025-11-12T16:49:37","slug":"acerca-de","status":"publish","type":"page","link":"https:\/\/kineticcuttingsystems.eu\/es\/acerca-de\/","title":{"rendered":"Acerca de"},"content":{"rendered":"\n<h1 class=\"wp-block-heading\">Acerca de Kinetic<\/h1>\n\n\n\n<p>Kinetic es un l\u00edder reconocido a nivel internacional en sistemas de corte de metales. Desde nuestros inicios en 1993 en Nueva Zelanda, hemos desarrollado docenas de innovaciones patentadas que llevan el procesamiento de placas a nuevos niveles de velocidad, precisi\u00f3n y productividad.<\/p>\n\n\n\n<p>Nuestras m\u00e1quinas hacen m\u00e1s que simplemente cortar placas: ayudan a las empresas a maximizar la productividad. Al combinar la tecnolog\u00eda de procesamiento de placas tradicional con funciones de mecanizado vertical que pueden taladrar, fresar, roscar, perforar y mucho m\u00e1s, ayudamos a los procesadores de placas a suprimir m\u00faltiples configuraciones, eliminar el traslado de productos sin acabar de una estaci\u00f3n a otra y, en \u00faltima instancia, ahorrar tiempo y dinero.<\/p>\n\n\n\n<p>Gracias a un dise\u00f1o de m\u00e1quina inteligente, nuestros sistemas de corte est\u00e1n a la altura de los est\u00e1ndares de fabricaci\u00f3n de hoy en d\u00eda, son f\u00e1ciles de mantener y minimizan el tiempo de inactividad. Esto significa que una m\u00e1quina de Kinetic funcionar\u00e1 con mayor rapidez, durante m\u00e1s tiempo y de manera m\u00e1s eficiente que cualquier otra.<\/p>\n\n\n\n<figure class=\"wp-block-gallery has-nested-images columns-4 is-cropped wp-block-gallery-1 is-layout-flex wp-block-gallery-is-layout-flex\">\n<figure class=\"wp-block-image size-full\"><a href=\"https:\/\/kineticcuttingsystems.eu\/es\/wp-content\/uploads\/sites\/5\/2018\/05\/kinetic-software.jpg\"><img loading=\"lazy\" decoding=\"async\" width=\"1000\" height=\"667\" data-id=\"566\" src=\"https:\/\/kineticcuttingsystems.eu\/es\/wp-content\/uploads\/sites\/2\/2018\/05\/kinetic-software.jpg\" alt=\"\" class=\"wp-image-566\" srcset=\"https:\/\/kineticcuttingsystems.eu\/es\/wp-content\/uploads\/sites\/5\/2018\/05\/kinetic-software.jpg 1000w, https:\/\/kineticcuttingsystems.eu\/es\/wp-content\/uploads\/sites\/5\/2018\/05\/kinetic-software-300x200.jpg 300w, https:\/\/kineticcuttingsystems.eu\/es\/wp-content\/uploads\/sites\/5\/2018\/05\/kinetic-software-768x512.jpg 768w\" sizes=\"auto, (max-width: 1000px) 100vw, 1000px\" \/><\/a><\/figure>\n\n\n\n<figure class=\"wp-block-image size-full\"><a href=\"https:\/\/kineticcuttingsystems.eu\/es\/wp-content\/uploads\/sites\/5\/2018\/05\/kinetic-about-gallery-4.jpg\"><img loading=\"lazy\" decoding=\"async\" width=\"1000\" height=\"667\" data-id=\"533\" src=\"https:\/\/kineticcuttingsystems.eu\/es\/wp-content\/uploads\/sites\/2\/2018\/05\/kinetic-about-gallery-4.jpg\" alt=\"\" class=\"wp-image-533\" srcset=\"https:\/\/kineticcuttingsystems.eu\/es\/wp-content\/uploads\/sites\/5\/2018\/05\/kinetic-about-gallery-4.jpg 1000w, https:\/\/kineticcuttingsystems.eu\/es\/wp-content\/uploads\/sites\/5\/2018\/05\/kinetic-about-gallery-4-300x200.jpg 300w, https:\/\/kineticcuttingsystems.eu\/es\/wp-content\/uploads\/sites\/5\/2018\/05\/kinetic-about-gallery-4-768x512.jpg 768w\" sizes=\"auto, (max-width: 1000px) 100vw, 1000px\" \/><\/a><\/figure>\n\n\n\n<figure class=\"wp-block-image size-full\"><a href=\"https:\/\/kineticcuttingsystems.eu\/es\/wp-content\/uploads\/sites\/5\/2018\/05\/kinetic-about-gallery-5.jpg\"><img loading=\"lazy\" decoding=\"async\" width=\"1000\" height=\"667\" data-id=\"534\" src=\"https:\/\/kineticcuttingsystems.eu\/es\/wp-content\/uploads\/sites\/2\/2018\/05\/kinetic-about-gallery-5.jpg\" alt=\"\" class=\"wp-image-534\" srcset=\"https:\/\/kineticcuttingsystems.eu\/es\/wp-content\/uploads\/sites\/5\/2018\/05\/kinetic-about-gallery-5.jpg 1000w, https:\/\/kineticcuttingsystems.eu\/es\/wp-content\/uploads\/sites\/5\/2018\/05\/kinetic-about-gallery-5-300x200.jpg 300w, https:\/\/kineticcuttingsystems.eu\/es\/wp-content\/uploads\/sites\/5\/2018\/05\/kinetic-about-gallery-5-768x512.jpg 768w\" sizes=\"auto, (max-width: 1000px) 100vw, 1000px\" \/><\/a><\/figure>\n\n\n\n<figure class=\"wp-block-image size-full\"><a href=\"https:\/\/kineticcuttingsystems.eu\/es\/wp-content\/uploads\/sites\/5\/2018\/05\/kinetic-about-gallery-8.jpg\"><img loading=\"lazy\" decoding=\"async\" width=\"1000\" height=\"667\" data-id=\"537\" src=\"https:\/\/kineticcuttingsystems.eu\/es\/wp-content\/uploads\/sites\/2\/2018\/05\/kinetic-about-gallery-8.jpg\" alt=\"\" class=\"wp-image-537\" srcset=\"https:\/\/kineticcuttingsystems.eu\/es\/wp-content\/uploads\/sites\/5\/2018\/05\/kinetic-about-gallery-8.jpg 1000w, https:\/\/kineticcuttingsystems.eu\/es\/wp-content\/uploads\/sites\/5\/2018\/05\/kinetic-about-gallery-8-300x200.jpg 300w, https:\/\/kineticcuttingsystems.eu\/es\/wp-content\/uploads\/sites\/5\/2018\/05\/kinetic-about-gallery-8-768x512.jpg 768w\" sizes=\"auto, (max-width: 1000px) 100vw, 1000px\" \/><\/a><\/figure>\n\n\n\n<figure class=\"wp-block-image size-full\"><a href=\"https:\/\/kineticcuttingsystems.eu\/es\/wp-content\/uploads\/sites\/5\/2018\/05\/kinetic-about-gallery-3.jpg\"><img loading=\"lazy\" decoding=\"async\" width=\"1000\" height=\"667\" data-id=\"532\" src=\"https:\/\/kineticcuttingsystems.eu\/es\/wp-content\/uploads\/sites\/2\/2018\/05\/kinetic-about-gallery-3.jpg\" alt=\"\" class=\"wp-image-532\" srcset=\"https:\/\/kineticcuttingsystems.eu\/es\/wp-content\/uploads\/sites\/5\/2018\/05\/kinetic-about-gallery-3.jpg 1000w, https:\/\/kineticcuttingsystems.eu\/es\/wp-content\/uploads\/sites\/5\/2018\/05\/kinetic-about-gallery-3-300x200.jpg 300w, https:\/\/kineticcuttingsystems.eu\/es\/wp-content\/uploads\/sites\/5\/2018\/05\/kinetic-about-gallery-3-768x512.jpg 768w\" sizes=\"auto, (max-width: 1000px) 100vw, 1000px\" \/><\/a><\/figure>\n\n\n\n<figure class=\"wp-block-image size-full\"><a href=\"https:\/\/kineticcuttingsystems.eu\/es\/wp-content\/uploads\/sites\/5\/2018\/05\/kinetic-about-gallery-6.jpg\"><img loading=\"lazy\" decoding=\"async\" width=\"1000\" height=\"667\" data-id=\"535\" src=\"https:\/\/kineticcuttingsystems.eu\/es\/wp-content\/uploads\/sites\/2\/2018\/05\/kinetic-about-gallery-6.jpg\" alt=\"\" class=\"wp-image-535\" srcset=\"https:\/\/kineticcuttingsystems.eu\/es\/wp-content\/uploads\/sites\/5\/2018\/05\/kinetic-about-gallery-6.jpg 1000w, https:\/\/kineticcuttingsystems.eu\/es\/wp-content\/uploads\/sites\/5\/2018\/05\/kinetic-about-gallery-6-300x200.jpg 300w, https:\/\/kineticcuttingsystems.eu\/es\/wp-content\/uploads\/sites\/5\/2018\/05\/kinetic-about-gallery-6-768x512.jpg 768w\" sizes=\"auto, (max-width: 1000px) 100vw, 1000px\" \/><\/a><\/figure>\n\n\n\n<figure class=\"wp-block-image size-full\"><a href=\"https:\/\/kineticcuttingsystems.eu\/es\/wp-content\/uploads\/sites\/5\/2018\/05\/kinetic-about-gallery-7.jpg\"><img loading=\"lazy\" decoding=\"async\" width=\"1000\" height=\"667\" data-id=\"536\" src=\"https:\/\/kineticcuttingsystems.eu\/es\/wp-content\/uploads\/sites\/2\/2018\/05\/kinetic-about-gallery-7.jpg\" alt=\"\" class=\"wp-image-536\" srcset=\"https:\/\/kineticcuttingsystems.eu\/es\/wp-content\/uploads\/sites\/5\/2018\/05\/kinetic-about-gallery-7.jpg 1000w, https:\/\/kineticcuttingsystems.eu\/es\/wp-content\/uploads\/sites\/5\/2018\/05\/kinetic-about-gallery-7-300x200.jpg 300w, https:\/\/kineticcuttingsystems.eu\/es\/wp-content\/uploads\/sites\/5\/2018\/05\/kinetic-about-gallery-7-768x512.jpg 768w\" sizes=\"auto, (max-width: 1000px) 100vw, 1000px\" \/><\/a><\/figure>\n\n\n\n<figure class=\"wp-block-image size-full\"><a href=\"https:\/\/kineticcuttingsystems.eu\/es\/wp-content\/uploads\/sites\/5\/2018\/05\/kinetic-about-gallery-1.jpg\"><img loading=\"lazy\" decoding=\"async\" width=\"1000\" height=\"667\" data-id=\"530\" src=\"https:\/\/kineticcuttingsystems.eu\/es\/wp-content\/uploads\/sites\/2\/2018\/05\/kinetic-about-gallery-1.jpg\" alt=\"\" class=\"wp-image-530\" srcset=\"https:\/\/kineticcuttingsystems.eu\/es\/wp-content\/uploads\/sites\/5\/2018\/05\/kinetic-about-gallery-1.jpg 1000w, https:\/\/kineticcuttingsystems.eu\/es\/wp-content\/uploads\/sites\/5\/2018\/05\/kinetic-about-gallery-1-300x200.jpg 300w, https:\/\/kineticcuttingsystems.eu\/es\/wp-content\/uploads\/sites\/5\/2018\/05\/kinetic-about-gallery-1-768x512.jpg 768w\" sizes=\"auto, (max-width: 1000px) 100vw, 1000px\" \/><\/a><\/figure>\n<\/figure>\n\n\n\n<p>A d\u00eda de hoy, servimos al hemisferio norte desde nuestra oficina de Estados Unidos, y al hemisferio sur desde nuestra oficina de Nueva Zelanda. Esto nos permite ofrecer un servicio las 24 horas del d\u00eda y la m\u00e1xima capacidad de respuesta en todo el mundo.<\/p>\n\n\n\n<p>Explore nuestras m\u00e1quinas, software y accesorios a continuaci\u00f3n, y cont\u00e1ctenos hoy mismo para obtener m\u00e1s informaci\u00f3n. Esperamos poder ayudar a su empresa a disfrutar del tipo de ventaja competitiva que solo Kinetic puede ofrecer.<\/p>\n\n\n\n<div style=\"height:20px\" aria-hidden=\"true\" class=\"wp-block-spacer\"><\/div>\n\n\n<div class=\"productcenter\"><div class=\"product\"><a href=\" \/es\/maquinas-de-corte\/sistemas-combinados-de-plasma-laser-taladrado-y-fresado\/\"><img decoding=\"async\" src=\" https:\/\/kineticcuttingsystems.eu\/es\/wp-content\/uploads\/sites\/5\/2025\/10\/K6000.thumb_.jpg\"\/><div class=\"productinfo\"><h3>Sistemas de Plasma, L\u00e1ser, Taladrado y Fresado<\/h3><div class=\"productcol\"> <\/div><\/div><\/a><\/div><div class=\"product\"><a href=\" \/es\/maquinas-de-corte\/corte-y-taladrado-combinado\/\"><img decoding=\"async\" src=\" https:\/\/kineticcuttingsystems.eu\/es\/wp-content\/uploads\/sites\/5\/2018\/04\/kinetic-k5000xmcsc.jpg\"\/><div class=\"productinfo\"><h3>Corte por Plasma, Fresado y Taladrado<\/h3><div class=\"productcol\"> <\/div><\/div><\/a><\/div><div class=\"product\"><a href=\" \/es\/maquinas-de-corte\/corte-por-plasma-de-produccion\/\"><img decoding=\"async\" src=\" https:\/\/kineticcuttingsystems.eu\/es\/wp-content\/uploads\/sites\/5\/2018\/04\/kinetic-k2500sc.jpg\"\/><div class=\"productinfo\"><h3>Corte por Plasma de Producci\u00f3n<\/h3><div class=\"productcol\"> <\/div><\/div><\/a><\/div><div class=\"product\"><a href=\" \/es\/maquinas-de-corte\/corte-por-laser-de-chapa-de-gran-formato\/\"><img decoding=\"async\" src=\" https:\/\/kineticcuttingsystems.eu\/es\/wp-content\/uploads\/sites\/5\/2025\/01\/kinetic-cutting-machines-fsl.jpg\"\/><div class=\"productinfo\"><h3>L\u00e1ser de Chapa de Gran Formato<\/h3><div class=\"productcol\"> <\/div><\/div><\/a><\/div><div class=\"product\"><a href=\" \/es\/maquinas-de-corte\/opciones-y-accesorios\/\"><img decoding=\"async\" src=\" https:\/\/kineticcuttingsystems.eu\/es\/wp-content\/uploads\/sites\/5\/2018\/05\/kinetic-accessories-new.jpg\"\/><div class=\"productinfo\"><h3>Opciones y Accesorios de Plasma<\/h3><div class=\"productcol\"> <\/div><\/div><\/a><\/div><\/div>","protected":false},"excerpt":{"rendered":"<p>Acerca de Kinetic Kinetic es un l\u00edder reconocido a nivel internacional en sistemas de corte de metales. Desde nuestros inicios<a class=\"moretag\" href=\"https:\/\/kineticcuttingsystems.eu\/es\/acerca-de\/\"> &#8230;continue reading<\/a><\/p>\n","protected":false},"author":2,"featured_media":213,"parent":0,"menu_order":5,"comment_status":"closed","ping_status":"closed","template":"","meta":{"_acf_changed":false,"inline_featured_image":false,"footnotes":""},"class_list":["post-3735","page","type-page","status-publish","has-post-thumbnail","hentry"],"acf":[],"yoast_head":"<!-- This site is optimized with the Yoast SEO plugin v27.2 - https:\/\/yoast.com\/product\/yoast-seo-wordpress\/ -->\n<title>Acerca de - Kinetic Sistemas de Corte de Metal CNC<\/title>\n<meta name=\"robots\" content=\"index, follow, max-snippet:-1, max-image-preview:large, max-video-preview:-1\" \/>\n<link rel=\"canonical\" href=\"https:\/\/kineticcuttingsystems.eu\/es\/acerca-de\/\" \/>\n<meta property=\"og:locale\" content=\"en_US\" \/>\n<meta property=\"og:type\" content=\"article\" \/>\n<meta property=\"og:title\" content=\"Acerca de - Kinetic Sistemas de Corte de Metal CNC\" \/>\n<meta property=\"og:description\" content=\"Acerca de Kinetic Kinetic es un l\u00edder reconocido a nivel internacional en sistemas de corte de metales. Desde nuestros inicios ...continue reading\" \/>\n<meta property=\"og:url\" content=\"https:\/\/kineticcuttingsystems.eu\/es\/acerca-de\/\" \/>\n<meta property=\"og:site_name\" content=\"Kinetic Sistemas de Corte de Metal CNC\" \/>\n<meta property=\"article:modified_time\" content=\"2025-11-12T16:49:37+00:00\" \/>\n<meta property=\"og:image\" content=\"https:\/\/kineticcuttingsystems.eu\/es\/wp-content\/uploads\/sites\/5\/2018\/04\/kinetic-default-feature.jpg\" \/>\n\t<meta property=\"og:image:width\" content=\"1600\" \/>\n\t<meta property=\"og:image:height\" content=\"600\" \/>\n\t<meta property=\"og:image:type\" content=\"image\/jpeg\" \/>\n<meta name=\"twitter:card\" content=\"summary_large_image\" \/>\n<meta name=\"twitter:label1\" content=\"Est. reading time\" \/>\n\t<meta name=\"twitter:data1\" content=\"3 minutes\" \/>\n<script type=\"application\/ld+json\" class=\"yoast-schema-graph\">{\"@context\":\"https:\/\/schema.org\",\"@graph\":[{\"@type\":\"WebPage\",\"@id\":\"https:\/\/kineticcuttingsystems.eu\/es\/acerca-de\/\",\"url\":\"https:\/\/kineticcuttingsystems.eu\/es\/acerca-de\/\",\"name\":\"Acerca de - Kinetic Sistemas de Corte de Metal CNC\",\"isPartOf\":{\"@id\":\"https:\/\/kineticcuttingsystems.eu\/es\/#website\"},\"primaryImageOfPage\":{\"@id\":\"https:\/\/kineticcuttingsystems.eu\/es\/acerca-de\/#primaryimage\"},\"image\":{\"@id\":\"https:\/\/kineticcuttingsystems.eu\/es\/acerca-de\/#primaryimage\"},\"thumbnailUrl\":\"https:\/\/kineticcuttingsystems.eu\/es\/wp-content\/uploads\/sites\/5\/2018\/04\/kinetic-default-feature.jpg\",\"datePublished\":\"2018-03-21T02:34:27+00:00\",\"dateModified\":\"2025-11-12T16:49:37+00:00\",\"breadcrumb\":{\"@id\":\"https:\/\/kineticcuttingsystems.eu\/es\/acerca-de\/#breadcrumb\"},\"inLanguage\":\"en-US\",\"potentialAction\":[{\"@type\":\"ReadAction\",\"target\":[\"https:\/\/kineticcuttingsystems.eu\/es\/acerca-de\/\"]}]},{\"@type\":\"ImageObject\",\"inLanguage\":\"en-US\",\"@id\":\"https:\/\/kineticcuttingsystems.eu\/es\/acerca-de\/#primaryimage\",\"url\":\"https:\/\/kineticcuttingsystems.eu\/es\/wp-content\/uploads\/sites\/5\/2018\/04\/kinetic-default-feature.jpg\",\"contentUrl\":\"https:\/\/kineticcuttingsystems.eu\/es\/wp-content\/uploads\/sites\/5\/2018\/04\/kinetic-default-feature.jpg\",\"width\":1600,\"height\":600},{\"@type\":\"BreadcrumbList\",\"@id\":\"https:\/\/kineticcuttingsystems.eu\/es\/acerca-de\/#breadcrumb\",\"itemListElement\":[{\"@type\":\"ListItem\",\"position\":1,\"name\":\"Home\",\"item\":\"https:\/\/kineticcuttingsystems.eu\/es\/\"},{\"@type\":\"ListItem\",\"position\":2,\"name\":\"Acerca de\"}]},{\"@type\":\"WebSite\",\"@id\":\"https:\/\/kineticcuttingsystems.eu\/es\/#website\",\"url\":\"https:\/\/kineticcuttingsystems.eu\/es\/\",\"name\":\"Kinetic Sistemas de Corte de Metal CNC\",\"description\":\"\",\"potentialAction\":[{\"@type\":\"SearchAction\",\"target\":{\"@type\":\"EntryPoint\",\"urlTemplate\":\"https:\/\/kineticcuttingsystems.eu\/es\/?s={search_term_string}\"},\"query-input\":{\"@type\":\"PropertyValueSpecification\",\"valueRequired\":true,\"valueName\":\"search_term_string\"}}],\"inLanguage\":\"en-US\"}]}<\/script>\n<!-- \/ Yoast SEO plugin. -->","yoast_head_json":{"title":"Acerca de - Kinetic Sistemas de Corte de Metal CNC","robots":{"index":"index","follow":"follow","max-snippet":"max-snippet:-1","max-image-preview":"max-image-preview:large","max-video-preview":"max-video-preview:-1"},"canonical":"https:\/\/kineticcuttingsystems.eu\/es\/acerca-de\/","og_locale":"en_US","og_type":"article","og_title":"Acerca de - Kinetic Sistemas de Corte de Metal CNC","og_description":"Acerca de Kinetic Kinetic es un l\u00edder reconocido a nivel internacional en sistemas de corte de metales. Desde nuestros inicios ...continue reading","og_url":"https:\/\/kineticcuttingsystems.eu\/es\/acerca-de\/","og_site_name":"Kinetic Sistemas de Corte de Metal CNC","article_modified_time":"2025-11-12T16:49:37+00:00","og_image":[{"width":1600,"height":600,"url":"https:\/\/kineticcuttingsystems.eu\/es\/wp-content\/uploads\/sites\/5\/2018\/04\/kinetic-default-feature.jpg","type":"image\/jpeg"}],"twitter_card":"summary_large_image","twitter_misc":{"Est. reading time":"3 minutes"},"schema":{"@context":"https:\/\/schema.org","@graph":[{"@type":"WebPage","@id":"https:\/\/kineticcuttingsystems.eu\/es\/acerca-de\/","url":"https:\/\/kineticcuttingsystems.eu\/es\/acerca-de\/","name":"Acerca de - Kinetic Sistemas de Corte de Metal CNC","isPartOf":{"@id":"https:\/\/kineticcuttingsystems.eu\/es\/#website"},"primaryImageOfPage":{"@id":"https:\/\/kineticcuttingsystems.eu\/es\/acerca-de\/#primaryimage"},"image":{"@id":"https:\/\/kineticcuttingsystems.eu\/es\/acerca-de\/#primaryimage"},"thumbnailUrl":"https:\/\/kineticcuttingsystems.eu\/es\/wp-content\/uploads\/sites\/5\/2018\/04\/kinetic-default-feature.jpg","datePublished":"2018-03-21T02:34:27+00:00","dateModified":"2025-11-12T16:49:37+00:00","breadcrumb":{"@id":"https:\/\/kineticcuttingsystems.eu\/es\/acerca-de\/#breadcrumb"},"inLanguage":"en-US","potentialAction":[{"@type":"ReadAction","target":["https:\/\/kineticcuttingsystems.eu\/es\/acerca-de\/"]}]},{"@type":"ImageObject","inLanguage":"en-US","@id":"https:\/\/kineticcuttingsystems.eu\/es\/acerca-de\/#primaryimage","url":"https:\/\/kineticcuttingsystems.eu\/es\/wp-content\/uploads\/sites\/5\/2018\/04\/kinetic-default-feature.jpg","contentUrl":"https:\/\/kineticcuttingsystems.eu\/es\/wp-content\/uploads\/sites\/5\/2018\/04\/kinetic-default-feature.jpg","width":1600,"height":600},{"@type":"BreadcrumbList","@id":"https:\/\/kineticcuttingsystems.eu\/es\/acerca-de\/#breadcrumb","itemListElement":[{"@type":"ListItem","position":1,"name":"Home","item":"https:\/\/kineticcuttingsystems.eu\/es\/"},{"@type":"ListItem","position":2,"name":"Acerca de"}]},{"@type":"WebSite","@id":"https:\/\/kineticcuttingsystems.eu\/es\/#website","url":"https:\/\/kineticcuttingsystems.eu\/es\/","name":"Kinetic Sistemas de Corte de Metal CNC","description":"","potentialAction":[{"@type":"SearchAction","target":{"@type":"EntryPoint","urlTemplate":"https:\/\/kineticcuttingsystems.eu\/es\/?s={search_term_string}"},"query-input":{"@type":"PropertyValueSpecification","valueRequired":true,"valueName":"search_term_string"}}],"inLanguage":"en-US"}]}},"_links":{"self":[{"href":"https:\/\/kineticcuttingsystems.eu\/es\/wp-json\/wp\/v2\/pages\/3735","targetHints":{"allow":["GET"]}}],"collection":[{"href":"https:\/\/kineticcuttingsystems.eu\/es\/wp-json\/wp\/v2\/pages"}],"about":[{"href":"https:\/\/kineticcuttingsystems.eu\/es\/wp-json\/wp\/v2\/types\/page"}],"author":[{"embeddable":true,"href":"https:\/\/kineticcuttingsystems.eu\/es\/wp-json\/wp\/v2\/users\/2"}],"replies":[{"embeddable":true,"href":"https:\/\/kineticcuttingsystems.eu\/es\/wp-json\/wp\/v2\/comments?post=3735"}],"version-history":[{"count":8,"href":"https:\/\/kineticcuttingsystems.eu\/es\/wp-json\/wp\/v2\/pages\/3735\/revisions"}],"predecessor-version":[{"id":4369,"href":"https:\/\/kineticcuttingsystems.eu\/es\/wp-json\/wp\/v2\/pages\/3735\/revisions\/4369"}],"wp:featuredmedia":[{"embeddable":true,"href":"https:\/\/kineticcuttingsystems.eu\/es\/wp-json\/wp\/v2\/media\/213"}],"wp:attachment":[{"href":"https:\/\/kineticcuttingsystems.eu\/es\/wp-json\/wp\/v2\/media?parent=3735"}],"curies":[{"name":"wp","href":"https:\/\/api.w.org\/{rel}","templated":true}]}}