{"id":3733,"date":"2018-03-21T02:34:27","date_gmt":"2018-03-21T02:34:27","guid":{"rendered":"https:\/\/kineticcuttingsystems.eu\/why-kinetic\/"},"modified":"2025-11-12T19:30:31","modified_gmt":"2025-11-12T19:30:31","slug":"por-que-kinetic","status":"publish","type":"page","link":"https:\/\/kineticcuttingsystems.eu\/es\/por-que-kinetic\/","title":{"rendered":"\u00bfPor Qu\u00e9 Kinetic?"},"content":{"rendered":"\n<h1 class=\"wp-block-heading\">Productividad, Servicio y Valor<\/h1>\n\n\n\n<p>Kinetic es algo m\u00e1s que un simple fabricante de <a href=\"\/es\/maquinas-de-corte\/\">m\u00e1quinas de corte de metal<\/a>. Ayudamos a los procesadores de placas de todos los tama\u00f1os a aumentar la productividad, maximizar la producci\u00f3n y aprovechar al m\u00e1ximo su inversi\u00f3n en equipos.<\/p>\n\n\n\n<p>Hemos redefinido el corte por plasma y el corte por l\u00e1ser desde cero priorizando la velocidad, la precisi\u00f3n y la durabilidad, y respaldamos nuestras m\u00e1quinas con un servicio y un soporte l\u00edderes en la industria.<\/p>\n\n\n\n<p>\u00bfEst\u00e1 pensando en elegir Kinetic para su pr\u00f3xima inversi\u00f3n en m\u00e1quinas? Contin\u00fae leyendo para conocer algunas razones por las que nuestras m\u00e1quinas deber\u00edan ser su primera alternativa.<\/p>\n\n\n\n<figure class=\"wp-block-gallery has-nested-images columns-4 is-cropped wp-block-gallery-1 is-layout-flex wp-block-gallery-is-layout-flex\">\n<figure class=\"wp-block-image size-full\"><a href=\"https:\/\/kineticcuttingsystems.eu\/es\/wp-content\/uploads\/sites\/2\/2018\/05\/kinetic-why-1.jpg\"><img loading=\"lazy\" decoding=\"async\" width=\"1000\" height=\"667\" data-id=\"520\" src=\"https:\/\/kineticcuttingsystems.eu\/es\/wp-content\/uploads\/sites\/2\/2018\/05\/kinetic-why-1.jpg\" alt=\"\" class=\"wp-image-520\" srcset=\"https:\/\/kineticcuttingsystems.eu\/es\/wp-content\/uploads\/sites\/5\/2018\/05\/kinetic-why-1.jpg 1000w, https:\/\/kineticcuttingsystems.eu\/es\/wp-content\/uploads\/sites\/5\/2018\/05\/kinetic-why-1-300x200.jpg 300w, https:\/\/kineticcuttingsystems.eu\/es\/wp-content\/uploads\/sites\/5\/2018\/05\/kinetic-why-1-768x512.jpg 768w\" sizes=\"auto, (max-width: 1000px) 100vw, 1000px\" \/><\/a><\/figure>\n\n\n\n<figure class=\"wp-block-image size-full\"><a href=\"https:\/\/kineticcuttingsystems.eu\/es\/wp-content\/uploads\/sites\/2\/2018\/05\/kinetic-why-2.jpg\"><img loading=\"lazy\" decoding=\"async\" width=\"1000\" height=\"667\" data-id=\"521\" src=\"https:\/\/kineticcuttingsystems.eu\/es\/wp-content\/uploads\/sites\/2\/2018\/05\/kinetic-why-2.jpg\" alt=\"\" class=\"wp-image-521\" srcset=\"https:\/\/kineticcuttingsystems.eu\/es\/wp-content\/uploads\/sites\/5\/2018\/05\/kinetic-why-2.jpg 1000w, https:\/\/kineticcuttingsystems.eu\/es\/wp-content\/uploads\/sites\/5\/2018\/05\/kinetic-why-2-300x200.jpg 300w, https:\/\/kineticcuttingsystems.eu\/es\/wp-content\/uploads\/sites\/5\/2018\/05\/kinetic-why-2-768x512.jpg 768w\" sizes=\"auto, (max-width: 1000px) 100vw, 1000px\" \/><\/a><\/figure>\n\n\n\n<figure class=\"wp-block-image size-full\"><a href=\"https:\/\/kineticcuttingsystems.eu\/es\/wp-content\/uploads\/sites\/2\/2018\/05\/kinetic-why-3.5.jpg\"><img loading=\"lazy\" decoding=\"async\" width=\"1000\" height=\"667\" data-id=\"522\" src=\"https:\/\/kineticcuttingsystems.eu\/es\/wp-content\/uploads\/sites\/2\/2018\/05\/kinetic-why-3.5.jpg\" alt=\"\" class=\"wp-image-522\" srcset=\"https:\/\/kineticcuttingsystems.eu\/es\/wp-content\/uploads\/sites\/5\/2018\/05\/kinetic-why-3.5.jpg 1000w, https:\/\/kineticcuttingsystems.eu\/es\/wp-content\/uploads\/sites\/5\/2018\/05\/kinetic-why-3.5-300x200.jpg 300w, https:\/\/kineticcuttingsystems.eu\/es\/wp-content\/uploads\/sites\/5\/2018\/05\/kinetic-why-3.5-768x512.jpg 768w\" sizes=\"auto, (max-width: 1000px) 100vw, 1000px\" \/><\/a><\/figure>\n\n\n\n<figure class=\"wp-block-image size-full\"><a href=\"https:\/\/kineticcuttingsystems.eu\/es\/wp-content\/uploads\/sites\/2\/2018\/05\/kinetic-why-3.6.jpg\"><img loading=\"lazy\" decoding=\"async\" width=\"1000\" height=\"667\" data-id=\"523\" src=\"https:\/\/kineticcuttingsystems.eu\/es\/wp-content\/uploads\/sites\/2\/2018\/05\/kinetic-why-3.6.jpg\" alt=\"\" class=\"wp-image-523\" srcset=\"https:\/\/kineticcuttingsystems.eu\/es\/wp-content\/uploads\/sites\/5\/2018\/05\/kinetic-why-3.6.jpg 1000w, https:\/\/kineticcuttingsystems.eu\/es\/wp-content\/uploads\/sites\/5\/2018\/05\/kinetic-why-3.6-300x200.jpg 300w, https:\/\/kineticcuttingsystems.eu\/es\/wp-content\/uploads\/sites\/5\/2018\/05\/kinetic-why-3.6-768x512.jpg 768w\" sizes=\"auto, (max-width: 1000px) 100vw, 1000px\" \/><\/a><\/figure>\n\n\n\n<figure class=\"wp-block-image size-full\"><a href=\"https:\/\/kineticcuttingsystems.eu\/es\/wp-content\/uploads\/sites\/2\/2018\/05\/kinetic-why-3.jpg\"><img loading=\"lazy\" decoding=\"async\" width=\"1000\" height=\"667\" data-id=\"524\" src=\"https:\/\/kineticcuttingsystems.eu\/es\/wp-content\/uploads\/sites\/2\/2018\/05\/kinetic-why-3.jpg\" alt=\"\" class=\"wp-image-524\" srcset=\"https:\/\/kineticcuttingsystems.eu\/es\/wp-content\/uploads\/sites\/5\/2018\/05\/kinetic-why-3.jpg 1000w, https:\/\/kineticcuttingsystems.eu\/es\/wp-content\/uploads\/sites\/5\/2018\/05\/kinetic-why-3-300x200.jpg 300w, https:\/\/kineticcuttingsystems.eu\/es\/wp-content\/uploads\/sites\/5\/2018\/05\/kinetic-why-3-768x512.jpg 768w\" sizes=\"auto, (max-width: 1000px) 100vw, 1000px\" \/><\/a><\/figure>\n\n\n\n<figure class=\"wp-block-image size-full\"><a href=\"https:\/\/kineticcuttingsystems.eu\/es\/wp-content\/uploads\/sites\/2\/2018\/05\/kinetic-why-4.jpg\"><img loading=\"lazy\" decoding=\"async\" width=\"1000\" height=\"667\" data-id=\"525\" src=\"https:\/\/kineticcuttingsystems.eu\/es\/wp-content\/uploads\/sites\/2\/2018\/05\/kinetic-why-4.jpg\" alt=\"\" class=\"wp-image-525\" srcset=\"https:\/\/kineticcuttingsystems.eu\/es\/wp-content\/uploads\/sites\/5\/2018\/05\/kinetic-why-4.jpg 1000w, https:\/\/kineticcuttingsystems.eu\/es\/wp-content\/uploads\/sites\/5\/2018\/05\/kinetic-why-4-300x200.jpg 300w, https:\/\/kineticcuttingsystems.eu\/es\/wp-content\/uploads\/sites\/5\/2018\/05\/kinetic-why-4-768x512.jpg 768w\" sizes=\"auto, (max-width: 1000px) 100vw, 1000px\" \/><\/a><\/figure>\n\n\n\n<figure class=\"wp-block-image size-full\"><a href=\"https:\/\/kineticcuttingsystems.eu\/es\/wp-content\/uploads\/sites\/2\/2018\/05\/kinetic-why-5.jpg\"><img loading=\"lazy\" decoding=\"async\" width=\"1000\" height=\"667\" data-id=\"526\" src=\"https:\/\/kineticcuttingsystems.eu\/es\/wp-content\/uploads\/sites\/2\/2018\/05\/kinetic-why-5.jpg\" alt=\"\" class=\"wp-image-526\" srcset=\"https:\/\/kineticcuttingsystems.eu\/es\/wp-content\/uploads\/sites\/5\/2018\/05\/kinetic-why-5.jpg 1000w, https:\/\/kineticcuttingsystems.eu\/es\/wp-content\/uploads\/sites\/5\/2018\/05\/kinetic-why-5-300x200.jpg 300w, https:\/\/kineticcuttingsystems.eu\/es\/wp-content\/uploads\/sites\/5\/2018\/05\/kinetic-why-5-768x512.jpg 768w\" sizes=\"auto, (max-width: 1000px) 100vw, 1000px\" \/><\/a><\/figure>\n\n\n\n<figure class=\"wp-block-image size-full\"><a href=\"https:\/\/kineticcuttingsystems.eu\/es\/wp-content\/uploads\/sites\/2\/2018\/05\/kinetic-tooling.jpg\"><img loading=\"lazy\" decoding=\"async\" width=\"1000\" height=\"667\" data-id=\"568\" src=\"https:\/\/kineticcuttingsystems.eu\/es\/wp-content\/uploads\/sites\/2\/2018\/05\/kinetic-tooling.jpg\" alt=\"\" class=\"wp-image-568\" srcset=\"https:\/\/kineticcuttingsystems.eu\/es\/wp-content\/uploads\/sites\/5\/2018\/05\/kinetic-tooling.jpg 1000w, https:\/\/kineticcuttingsystems.eu\/es\/wp-content\/uploads\/sites\/5\/2018\/05\/kinetic-tooling-300x200.jpg 300w, https:\/\/kineticcuttingsystems.eu\/es\/wp-content\/uploads\/sites\/5\/2018\/05\/kinetic-tooling-768x512.jpg 768w\" sizes=\"auto, (max-width: 1000px) 100vw, 1000px\" \/><\/a><\/figure>\n<\/figure>\n\n\n\n<h3 class=\"wp-block-heading\">M\u00e1xima Productividad<\/h3>\n\n\n\n<p>Nuestras m\u00e1quinas se han dise\u00f1ado con este objetivo: ayudar tanto a peque\u00f1os talleres como a grandes fabricantes de equipos originales a maximizar su producci\u00f3n. Nuestras m\u00e1quinas combinadas de corte, perforaci\u00f3n y fresado aumentan la capacidad de producci\u00f3n y ofrecen un retorno r\u00e1pido de la inversi\u00f3n, ya que minimizan el tiempo de preparaci\u00f3n, reducen los productos sin acabar y disminuyen enormemente el tiempo que lleva producir piezas. Gracias a una serie de innovaciones de dise\u00f1o patentadas, nuestros clientes nos han indicado que las m\u00e1quinas Kinetic reducen el tiempo de procesamiento hasta en un 95 %.<\/p>\n\n\n\n<h3 class=\"wp-block-heading\">Velocidad y Precisi\u00f3n<\/h3>\n\n\n\n<p>Si busca la mejor velocidad y precisi\u00f3n de su clase, no busque m\u00e1s. Hemos dise\u00f1ado nuestras m\u00e1quinas para ofrecer cortes de alta precisi\u00f3n, as\u00ed como fresado y perforaci\u00f3n con tolerancias muy precisas. Gracias a ello, las piezas salen de nuestras m\u00e1quinas con mayor rapidez y precisi\u00f3n, por lo que requieren menos tiempo de rectificado y ajuste durante los procesos posteriores o el ensamblaje final. Las piezas producidas en una m\u00e1quina Kinetic requieren menos trabajo de campo para garantizar un ajuste perfecto y tienen unos tiempos de fabricaci\u00f3n considerablemente m\u00e1s r\u00e1pidos despu\u00e9s del proceso de corte.<\/p>\n\n\n\n<h3 class=\"wp-block-heading\">Mayor Durabilidad<\/h3>\n\n\n\n<p>Cuando se trata de rendimiento duradero, Kinetic va por delante del resto. Nuestras m\u00e1quinas est\u00e1n fabricadas con componentes de alta resistencia para garantizar una larga vida \u00fatil y un retorno m\u00e1ximo de la inversi\u00f3n. Todos los sistemas motrices, cojinetes y gu\u00edas lineales est\u00e1n cubiertos para protegerlos de los residuos de fabricaci\u00f3n. El refrigerante a trav\u00e9s del husillo maximiza la vida \u00fatil de las herramientas y los componentes cr\u00edticos est\u00e1n dise\u00f1ados para soportar un uso intensivo, tres turnos al d\u00eda, los 365 d\u00edas del a\u00f1o.<\/p>\n\n\n\n<h3 class=\"wp-block-heading\">Tiempo de Inactividad M\u00ednimo<\/h3>\n\n\n\n<p>Toda m\u00e1quina necesita mantenimiento en alg\u00fan momento y, gracias a su dise\u00f1o inteligente, nuestras m\u00e1quinas minimizan el tiempo de inactividad con el fin de maximizar la producci\u00f3n. Con listones de mesa modulares que se pueden reemplazar f\u00e1cilmente, un sistema de extracci\u00f3n de virutas y escoria que agiliza la limpieza, y componentes estandarizados que se pueden enviar a todo el mundo en un d\u00eda, el mantenimiento de las m\u00e1quinas de Kinetic requiere mucho menos tiempo, lo que equivale a un mayor tiempo de actividad de la m\u00e1quina y una mayor producci\u00f3n para su negocio.<\/p>\n\n\n\n<h3 class=\"wp-block-heading\">Equipo de Soporte Amable y Receptivo<\/h3>\n\n\n\n<p>A la hora de elegir una m\u00e1quina, no solo importa su tecnolog\u00eda. Nuestro equipo est\u00e1 listo d\u00eda tras d\u00eda para contestar sus preguntas, resolver problemas y apoyar su negocio. Creemos en proporcionar el trato personal que no encontrar\u00e1 en las grandes corporaciones. Respondemos a las llamadas de tel\u00e9fono las 24 horas del d\u00eda, contestamos r\u00e1pidamente a los correos electr\u00f3nicos y estamos listos para prestar soporte a nuestras m\u00e1quinas cuando nos necesite.<\/p>\n\n\n\n<p><a href=\"\/es\/solicitar-presupuesto\/\">Si est\u00e1 interesado en obtener m\u00e1s informaci\u00f3n sobre los sistemas de corte por plasma y l\u00e1ser de Kinetic, cont\u00e1ctenos hoy mismo<\/a>. Estaremos encantados de hablar sobre sus necesidades y ayudar a su empresa a disfrutar de la ventaja de Kinetic.<\/p>\n\n\n\n<p><\/p>\n","protected":false},"excerpt":{"rendered":"<p>Productividad, Servicio y Valor Kinetic es algo m\u00e1s que un simple fabricante de m\u00e1quinas de corte de metal. Ayudamos a<a class=\"moretag\" href=\"https:\/\/kineticcuttingsystems.eu\/es\/por-que-kinetic\/\"> &#8230;continue reading<\/a><\/p>\n","protected":false},"author":2,"featured_media":0,"parent":0,"menu_order":3,"comment_status":"closed","ping_status":"closed","template":"","meta":{"_acf_changed":false,"inline_featured_image":false,"footnotes":""},"class_list":["post-3733","page","type-page","status-publish","hentry"],"acf":[],"yoast_head":"<!-- This site is optimized with the Yoast SEO plugin v27.2 - https:\/\/yoast.com\/product\/yoast-seo-wordpress\/ -->\n<title>\u00bfPor Qu\u00e9 Kinetic? - Sistemas de Corte de Metal CNC<\/title>\n<meta name=\"robots\" content=\"index, follow, max-snippet:-1, max-image-preview:large, max-video-preview:-1\" \/>\n<link rel=\"canonical\" href=\"https:\/\/kineticcuttingsystems.eu\/es\/por-que-kinetic\/\" \/>\n<meta property=\"og:locale\" content=\"en_US\" \/>\n<meta property=\"og:type\" content=\"article\" \/>\n<meta property=\"og:title\" content=\"\u00bfPor Qu\u00e9 Kinetic? - Sistemas de Corte de Metal CNC\" \/>\n<meta property=\"og:description\" content=\"Productividad, Servicio y Valor Kinetic es algo m\u00e1s que un simple fabricante de m\u00e1quinas de corte de metal. Ayudamos a ...continue reading\" \/>\n<meta property=\"og:url\" content=\"https:\/\/kineticcuttingsystems.eu\/es\/por-que-kinetic\/\" \/>\n<meta property=\"og:site_name\" content=\"Kinetic Sistemas de Corte de Metal CNC\" \/>\n<meta property=\"article:modified_time\" content=\"2025-11-12T19:30:31+00:00\" \/>\n<meta property=\"og:image\" content=\"https:\/\/kineticcuttingsystems.eu\/es\/wp-content\/uploads\/sites\/5\/2018\/05\/kinetic-why-1.jpg\" \/>\n\t<meta property=\"og:image:width\" content=\"1000\" \/>\n\t<meta property=\"og:image:height\" content=\"667\" \/>\n\t<meta property=\"og:image:type\" content=\"image\/jpeg\" \/>\n<meta name=\"twitter:card\" content=\"summary_large_image\" \/>\n<meta name=\"twitter:label1\" content=\"Est. reading time\" \/>\n\t<meta name=\"twitter:data1\" content=\"5 minutes\" \/>\n<script type=\"application\/ld+json\" class=\"yoast-schema-graph\">{\"@context\":\"https:\/\/schema.org\",\"@graph\":[{\"@type\":\"WebPage\",\"@id\":\"https:\/\/kineticcuttingsystems.eu\/es\/por-que-kinetic\/\",\"url\":\"https:\/\/kineticcuttingsystems.eu\/es\/por-que-kinetic\/\",\"name\":\"\u00bfPor Qu\u00e9 Kinetic? - Sistemas de Corte de Metal CNC\",\"isPartOf\":{\"@id\":\"https:\/\/kineticcuttingsystems.eu\/es\/#website\"},\"primaryImageOfPage\":{\"@id\":\"https:\/\/kineticcuttingsystems.eu\/es\/por-que-kinetic\/#primaryimage\"},\"image\":{\"@id\":\"https:\/\/kineticcuttingsystems.eu\/es\/por-que-kinetic\/#primaryimage\"},\"thumbnailUrl\":\"https:\/\/kineticcuttingsystems.eu\/es\/wp-content\/uploads\/sites\/2\/2018\/05\/kinetic-why-1.jpg\",\"datePublished\":\"2018-03-21T02:34:27+00:00\",\"dateModified\":\"2025-11-12T19:30:31+00:00\",\"breadcrumb\":{\"@id\":\"https:\/\/kineticcuttingsystems.eu\/es\/por-que-kinetic\/#breadcrumb\"},\"inLanguage\":\"en-US\",\"potentialAction\":[{\"@type\":\"ReadAction\",\"target\":[\"https:\/\/kineticcuttingsystems.eu\/es\/por-que-kinetic\/\"]}]},{\"@type\":\"ImageObject\",\"inLanguage\":\"en-US\",\"@id\":\"https:\/\/kineticcuttingsystems.eu\/es\/por-que-kinetic\/#primaryimage\",\"url\":\"https:\/\/kineticcuttingsystems.eu\/es\/wp-content\/uploads\/sites\/2\/2018\/05\/kinetic-why-1.jpg\",\"contentUrl\":\"https:\/\/kineticcuttingsystems.eu\/es\/wp-content\/uploads\/sites\/2\/2018\/05\/kinetic-why-1.jpg\"},{\"@type\":\"BreadcrumbList\",\"@id\":\"https:\/\/kineticcuttingsystems.eu\/es\/por-que-kinetic\/#breadcrumb\",\"itemListElement\":[{\"@type\":\"ListItem\",\"position\":1,\"name\":\"Home\",\"item\":\"https:\/\/kineticcuttingsystems.eu\/es\/\"},{\"@type\":\"ListItem\",\"position\":2,\"name\":\"\u00bfPor Qu\u00e9 Kinetic?\"}]},{\"@type\":\"WebSite\",\"@id\":\"https:\/\/kineticcuttingsystems.eu\/es\/#website\",\"url\":\"https:\/\/kineticcuttingsystems.eu\/es\/\",\"name\":\"Kinetic Sistemas de Corte de Metal CNC\",\"description\":\"\",\"potentialAction\":[{\"@type\":\"SearchAction\",\"target\":{\"@type\":\"EntryPoint\",\"urlTemplate\":\"https:\/\/kineticcuttingsystems.eu\/es\/?s={search_term_string}\"},\"query-input\":{\"@type\":\"PropertyValueSpecification\",\"valueRequired\":true,\"valueName\":\"search_term_string\"}}],\"inLanguage\":\"en-US\"}]}<\/script>\n<!-- \/ Yoast SEO plugin. -->","yoast_head_json":{"title":"\u00bfPor Qu\u00e9 Kinetic? - Sistemas de Corte de Metal CNC","robots":{"index":"index","follow":"follow","max-snippet":"max-snippet:-1","max-image-preview":"max-image-preview:large","max-video-preview":"max-video-preview:-1"},"canonical":"https:\/\/kineticcuttingsystems.eu\/es\/por-que-kinetic\/","og_locale":"en_US","og_type":"article","og_title":"\u00bfPor Qu\u00e9 Kinetic? - Sistemas de Corte de Metal CNC","og_description":"Productividad, Servicio y Valor Kinetic es algo m\u00e1s que un simple fabricante de m\u00e1quinas de corte de metal. Ayudamos a ...continue reading","og_url":"https:\/\/kineticcuttingsystems.eu\/es\/por-que-kinetic\/","og_site_name":"Kinetic Sistemas de Corte de Metal CNC","article_modified_time":"2025-11-12T19:30:31+00:00","og_image":[{"width":1000,"height":667,"url":"https:\/\/kineticcuttingsystems.eu\/es\/wp-content\/uploads\/sites\/5\/2018\/05\/kinetic-why-1.jpg","type":"image\/jpeg"}],"twitter_card":"summary_large_image","twitter_misc":{"Est. reading time":"5 minutes"},"schema":{"@context":"https:\/\/schema.org","@graph":[{"@type":"WebPage","@id":"https:\/\/kineticcuttingsystems.eu\/es\/por-que-kinetic\/","url":"https:\/\/kineticcuttingsystems.eu\/es\/por-que-kinetic\/","name":"\u00bfPor Qu\u00e9 Kinetic? - Sistemas de Corte de Metal CNC","isPartOf":{"@id":"https:\/\/kineticcuttingsystems.eu\/es\/#website"},"primaryImageOfPage":{"@id":"https:\/\/kineticcuttingsystems.eu\/es\/por-que-kinetic\/#primaryimage"},"image":{"@id":"https:\/\/kineticcuttingsystems.eu\/es\/por-que-kinetic\/#primaryimage"},"thumbnailUrl":"https:\/\/kineticcuttingsystems.eu\/es\/wp-content\/uploads\/sites\/2\/2018\/05\/kinetic-why-1.jpg","datePublished":"2018-03-21T02:34:27+00:00","dateModified":"2025-11-12T19:30:31+00:00","breadcrumb":{"@id":"https:\/\/kineticcuttingsystems.eu\/es\/por-que-kinetic\/#breadcrumb"},"inLanguage":"en-US","potentialAction":[{"@type":"ReadAction","target":["https:\/\/kineticcuttingsystems.eu\/es\/por-que-kinetic\/"]}]},{"@type":"ImageObject","inLanguage":"en-US","@id":"https:\/\/kineticcuttingsystems.eu\/es\/por-que-kinetic\/#primaryimage","url":"https:\/\/kineticcuttingsystems.eu\/es\/wp-content\/uploads\/sites\/2\/2018\/05\/kinetic-why-1.jpg","contentUrl":"https:\/\/kineticcuttingsystems.eu\/es\/wp-content\/uploads\/sites\/2\/2018\/05\/kinetic-why-1.jpg"},{"@type":"BreadcrumbList","@id":"https:\/\/kineticcuttingsystems.eu\/es\/por-que-kinetic\/#breadcrumb","itemListElement":[{"@type":"ListItem","position":1,"name":"Home","item":"https:\/\/kineticcuttingsystems.eu\/es\/"},{"@type":"ListItem","position":2,"name":"\u00bfPor Qu\u00e9 Kinetic?"}]},{"@type":"WebSite","@id":"https:\/\/kineticcuttingsystems.eu\/es\/#website","url":"https:\/\/kineticcuttingsystems.eu\/es\/","name":"Kinetic Sistemas de Corte de Metal CNC","description":"","potentialAction":[{"@type":"SearchAction","target":{"@type":"EntryPoint","urlTemplate":"https:\/\/kineticcuttingsystems.eu\/es\/?s={search_term_string}"},"query-input":{"@type":"PropertyValueSpecification","valueRequired":true,"valueName":"search_term_string"}}],"inLanguage":"en-US"}]}},"_links":{"self":[{"href":"https:\/\/kineticcuttingsystems.eu\/es\/wp-json\/wp\/v2\/pages\/3733","targetHints":{"allow":["GET"]}}],"collection":[{"href":"https:\/\/kineticcuttingsystems.eu\/es\/wp-json\/wp\/v2\/pages"}],"about":[{"href":"https:\/\/kineticcuttingsystems.eu\/es\/wp-json\/wp\/v2\/types\/page"}],"author":[{"embeddable":true,"href":"https:\/\/kineticcuttingsystems.eu\/es\/wp-json\/wp\/v2\/users\/2"}],"replies":[{"embeddable":true,"href":"https:\/\/kineticcuttingsystems.eu\/es\/wp-json\/wp\/v2\/comments?post=3733"}],"version-history":[{"count":4,"href":"https:\/\/kineticcuttingsystems.eu\/es\/wp-json\/wp\/v2\/pages\/3733\/revisions"}],"predecessor-version":[{"id":4404,"href":"https:\/\/kineticcuttingsystems.eu\/es\/wp-json\/wp\/v2\/pages\/3733\/revisions\/4404"}],"wp:attachment":[{"href":"https:\/\/kineticcuttingsystems.eu\/es\/wp-json\/wp\/v2\/media?parent=3733"}],"curies":[{"name":"wp","href":"https:\/\/api.w.org\/{rel}","templated":true}]}}