{"id":3732,"date":"2018-03-21T02:34:27","date_gmt":"2018-03-21T02:34:27","guid":{"rendered":"https:\/\/kineticcuttingsystems.eu\/cutting-machines\/"},"modified":"2025-11-12T19:35:49","modified_gmt":"2025-11-12T19:35:49","slug":"maquinas-de-corte","status":"publish","type":"page","link":"https:\/\/kineticcuttingsystems.eu\/es\/maquinas-de-corte\/","title":{"rendered":"M\u00e1quinas de Corte"},"content":{"rendered":"\n<h1 class=\"wp-block-heading\">M\u00e1quinas de Corte<\/h1>\n\n\n\n<p>En Kinetic, nuestros innovadores sistemas de corte proporcionan la m\u00e1xima productividad para procesadores de placas de todos los tama\u00f1os. Independientemente de si lo que busca es un sistema de corte por l\u00e1ser de formato grande, una simple m\u00e1quina de corte industrial o una m\u00e1quina combinada de corte por plasma, fresado y taladrado de alta resistencia, explore nuestras l\u00edneas de productos que se incluyen a continuaci\u00f3n. <a href=\"\/es\/solicitar-presupuesto\/\">Cont\u00e1ctenos hoy para obtener m\u00e1s informaci\u00f3n o solicitar precios.<\/a><\/p>\n\n\n<div class=\"productcenter\"><div class=\"product\"><a href=\" \/es\/maquinas-de-corte\/sistemas-combinados-de-plasma-laser-taladrado-y-fresado\/\"><img decoding=\"async\" src=\" https:\/\/kineticcuttingsystems.eu\/es\/wp-content\/uploads\/sites\/5\/2025\/10\/K6000.thumb_.jpg\"\/><div class=\"productinfo\"><h3>Sistemas de Plasma, L\u00e1ser, Taladrado y Fresado<\/h3><div class=\"productcol\"> <\/div><\/div><\/a><\/div><div class=\"product\"><a href=\" \/es\/maquinas-de-corte\/corte-y-taladrado-combinado\/\"><img decoding=\"async\" src=\" https:\/\/kineticcuttingsystems.eu\/es\/wp-content\/uploads\/sites\/5\/2018\/04\/kinetic-k5000xmcsc.jpg\"\/><div class=\"productinfo\"><h3>Corte por Plasma con Taladrado y Fresado<\/h3><div class=\"productcol\"> <\/div><\/div><\/a><\/div><div class=\"product\"><a href=\" \/es\/maquinas-de-corte\/corte-por-plasma-de-produccion\/\"><img decoding=\"async\" src=\" https:\/\/kineticcuttingsystems.eu\/es\/wp-content\/uploads\/sites\/5\/2018\/04\/kinetic-k2500sc.jpg\"\/><div class=\"productinfo\"><h3>Corte por Plasma de Producci\u00f3n<\/h3><div class=\"productcol\"> <\/div><\/div><\/a><\/div><div class=\"product\"><a href=\" \/es\/maquinas-de-corte\/corte-por-laser-de-chapa-de-gran-formato\/\"><img decoding=\"async\" src=\" https:\/\/kineticcuttingsystems.eu\/es\/wp-content\/uploads\/sites\/5\/2025\/01\/kinetic-cutting-machines-fsl.jpg\"\/><div class=\"productinfo\"><h3>L\u00e1ser de Placa de Formato Grande<\/h3><div class=\"productcol\"> <\/div><\/div><\/a><\/div><div class=\"product\"><a href=\" \/es\/maquinas-de-corte\/opciones-y-accesorios\/\"><img decoding=\"async\" src=\" https:\/\/kineticcuttingsystems.eu\/es\/wp-content\/uploads\/sites\/5\/2018\/05\/kinetic-accessories-new.jpg\"\/><div class=\"productinfo\"><h3>Opciones y Accesorios de Plasma<\/h3><div class=\"productcol\"> <\/div><\/div><\/a><\/div><\/div>","protected":false},"excerpt":{"rendered":"<p>M\u00e1quinas de Corte En Kinetic, nuestros innovadores sistemas de corte proporcionan la m\u00e1xima productividad para procesadores de placas de todos<a class=\"moretag\" href=\"https:\/\/kineticcuttingsystems.eu\/es\/maquinas-de-corte\/\"> &#8230;continue reading<\/a><\/p>\n","protected":false},"author":2,"featured_media":649,"parent":0,"menu_order":2,"comment_status":"closed","ping_status":"closed","template":"","meta":{"_acf_changed":false,"inline_featured_image":false,"footnotes":""},"class_list":["post-3732","page","type-page","status-publish","has-post-thumbnail","hentry"],"acf":[],"yoast_head":"<!-- This site is optimized with the Yoast SEO plugin v27.2 - https:\/\/yoast.com\/product\/yoast-seo-wordpress\/ -->\n<title>M\u00e1quinas de Corte por Plasma y L\u00e1ser - Kinetic Sistemas de Corte de Metal CNC<\/title>\n<meta name=\"robots\" content=\"index, follow, max-snippet:-1, max-image-preview:large, max-video-preview:-1\" \/>\n<link rel=\"canonical\" href=\"https:\/\/kineticcuttingsystems.eu\/es\/maquinas-de-corte\/\" \/>\n<meta property=\"og:locale\" content=\"en_US\" \/>\n<meta property=\"og:type\" content=\"article\" \/>\n<meta property=\"og:title\" content=\"M\u00e1quinas de Corte por Plasma y L\u00e1ser - Kinetic Sistemas de Corte de Metal CNC\" \/>\n<meta property=\"og:description\" content=\"M\u00e1quinas de Corte En Kinetic, nuestros innovadores sistemas de corte proporcionan la m\u00e1xima productividad para procesadores de placas de todos ...continue reading\" \/>\n<meta property=\"og:url\" content=\"https:\/\/kineticcuttingsystems.eu\/es\/maquinas-de-corte\/\" \/>\n<meta property=\"og:site_name\" content=\"Kinetic Sistemas de Corte de Metal CNC\" \/>\n<meta property=\"article:modified_time\" content=\"2025-11-12T19:35:49+00:00\" \/>\n<meta property=\"og:image\" content=\"https:\/\/kineticcuttingsystems.eu\/es\/wp-content\/uploads\/sites\/5\/2018\/07\/kinetic-global-feature-1.jpg\" \/>\n\t<meta property=\"og:image:width\" content=\"1600\" \/>\n\t<meta property=\"og:image:height\" content=\"400\" \/>\n\t<meta property=\"og:image:type\" content=\"image\/jpeg\" \/>\n<meta name=\"twitter:card\" content=\"summary_large_image\" \/>\n<meta name=\"twitter:label1\" content=\"Est. reading time\" \/>\n\t<meta name=\"twitter:data1\" content=\"1 minute\" \/>\n<script type=\"application\/ld+json\" class=\"yoast-schema-graph\">{\"@context\":\"https:\/\/schema.org\",\"@graph\":[{\"@type\":\"WebPage\",\"@id\":\"https:\/\/kineticcuttingsystems.eu\/es\/maquinas-de-corte\/\",\"url\":\"https:\/\/kineticcuttingsystems.eu\/es\/maquinas-de-corte\/\",\"name\":\"M\u00e1quinas de Corte por Plasma y L\u00e1ser - Kinetic Sistemas de Corte de Metal CNC\",\"isPartOf\":{\"@id\":\"https:\/\/kineticcuttingsystems.eu\/es\/#website\"},\"primaryImageOfPage\":{\"@id\":\"https:\/\/kineticcuttingsystems.eu\/es\/maquinas-de-corte\/#primaryimage\"},\"image\":{\"@id\":\"https:\/\/kineticcuttingsystems.eu\/es\/maquinas-de-corte\/#primaryimage\"},\"thumbnailUrl\":\"https:\/\/kineticcuttingsystems.eu\/es\/wp-content\/uploads\/sites\/5\/2018\/07\/kinetic-global-feature-1.jpg\",\"datePublished\":\"2018-03-21T02:34:27+00:00\",\"dateModified\":\"2025-11-12T19:35:49+00:00\",\"breadcrumb\":{\"@id\":\"https:\/\/kineticcuttingsystems.eu\/es\/maquinas-de-corte\/#breadcrumb\"},\"inLanguage\":\"en-US\",\"potentialAction\":[{\"@type\":\"ReadAction\",\"target\":[\"https:\/\/kineticcuttingsystems.eu\/es\/maquinas-de-corte\/\"]}]},{\"@type\":\"ImageObject\",\"inLanguage\":\"en-US\",\"@id\":\"https:\/\/kineticcuttingsystems.eu\/es\/maquinas-de-corte\/#primaryimage\",\"url\":\"https:\/\/kineticcuttingsystems.eu\/es\/wp-content\/uploads\/sites\/5\/2018\/07\/kinetic-global-feature-1.jpg\",\"contentUrl\":\"https:\/\/kineticcuttingsystems.eu\/es\/wp-content\/uploads\/sites\/5\/2018\/07\/kinetic-global-feature-1.jpg\",\"width\":1600,\"height\":400},{\"@type\":\"BreadcrumbList\",\"@id\":\"https:\/\/kineticcuttingsystems.eu\/es\/maquinas-de-corte\/#breadcrumb\",\"itemListElement\":[{\"@type\":\"ListItem\",\"position\":1,\"name\":\"Home\",\"item\":\"https:\/\/kineticcuttingsystems.eu\/es\/\"},{\"@type\":\"ListItem\",\"position\":2,\"name\":\"M\u00e1quinas de Corte\"}]},{\"@type\":\"WebSite\",\"@id\":\"https:\/\/kineticcuttingsystems.eu\/es\/#website\",\"url\":\"https:\/\/kineticcuttingsystems.eu\/es\/\",\"name\":\"Kinetic Sistemas de Corte de Metal CNC\",\"description\":\"\",\"potentialAction\":[{\"@type\":\"SearchAction\",\"target\":{\"@type\":\"EntryPoint\",\"urlTemplate\":\"https:\/\/kineticcuttingsystems.eu\/es\/?s={search_term_string}\"},\"query-input\":{\"@type\":\"PropertyValueSpecification\",\"valueRequired\":true,\"valueName\":\"search_term_string\"}}],\"inLanguage\":\"en-US\"}]}<\/script>\n<!-- \/ Yoast SEO plugin. -->","yoast_head_json":{"title":"M\u00e1quinas de Corte por Plasma y L\u00e1ser - Kinetic Sistemas de Corte de Metal CNC","robots":{"index":"index","follow":"follow","max-snippet":"max-snippet:-1","max-image-preview":"max-image-preview:large","max-video-preview":"max-video-preview:-1"},"canonical":"https:\/\/kineticcuttingsystems.eu\/es\/maquinas-de-corte\/","og_locale":"en_US","og_type":"article","og_title":"M\u00e1quinas de Corte por Plasma y L\u00e1ser - Kinetic Sistemas de Corte de Metal CNC","og_description":"M\u00e1quinas de Corte En Kinetic, nuestros innovadores sistemas de corte proporcionan la m\u00e1xima productividad para procesadores de placas de todos ...continue reading","og_url":"https:\/\/kineticcuttingsystems.eu\/es\/maquinas-de-corte\/","og_site_name":"Kinetic Sistemas de Corte de Metal CNC","article_modified_time":"2025-11-12T19:35:49+00:00","og_image":[{"width":1600,"height":400,"url":"https:\/\/kineticcuttingsystems.eu\/es\/wp-content\/uploads\/sites\/5\/2018\/07\/kinetic-global-feature-1.jpg","type":"image\/jpeg"}],"twitter_card":"summary_large_image","twitter_misc":{"Est. reading time":"1 minute"},"schema":{"@context":"https:\/\/schema.org","@graph":[{"@type":"WebPage","@id":"https:\/\/kineticcuttingsystems.eu\/es\/maquinas-de-corte\/","url":"https:\/\/kineticcuttingsystems.eu\/es\/maquinas-de-corte\/","name":"M\u00e1quinas de Corte por Plasma y L\u00e1ser - Kinetic Sistemas de Corte de Metal CNC","isPartOf":{"@id":"https:\/\/kineticcuttingsystems.eu\/es\/#website"},"primaryImageOfPage":{"@id":"https:\/\/kineticcuttingsystems.eu\/es\/maquinas-de-corte\/#primaryimage"},"image":{"@id":"https:\/\/kineticcuttingsystems.eu\/es\/maquinas-de-corte\/#primaryimage"},"thumbnailUrl":"https:\/\/kineticcuttingsystems.eu\/es\/wp-content\/uploads\/sites\/5\/2018\/07\/kinetic-global-feature-1.jpg","datePublished":"2018-03-21T02:34:27+00:00","dateModified":"2025-11-12T19:35:49+00:00","breadcrumb":{"@id":"https:\/\/kineticcuttingsystems.eu\/es\/maquinas-de-corte\/#breadcrumb"},"inLanguage":"en-US","potentialAction":[{"@type":"ReadAction","target":["https:\/\/kineticcuttingsystems.eu\/es\/maquinas-de-corte\/"]}]},{"@type":"ImageObject","inLanguage":"en-US","@id":"https:\/\/kineticcuttingsystems.eu\/es\/maquinas-de-corte\/#primaryimage","url":"https:\/\/kineticcuttingsystems.eu\/es\/wp-content\/uploads\/sites\/5\/2018\/07\/kinetic-global-feature-1.jpg","contentUrl":"https:\/\/kineticcuttingsystems.eu\/es\/wp-content\/uploads\/sites\/5\/2018\/07\/kinetic-global-feature-1.jpg","width":1600,"height":400},{"@type":"BreadcrumbList","@id":"https:\/\/kineticcuttingsystems.eu\/es\/maquinas-de-corte\/#breadcrumb","itemListElement":[{"@type":"ListItem","position":1,"name":"Home","item":"https:\/\/kineticcuttingsystems.eu\/es\/"},{"@type":"ListItem","position":2,"name":"M\u00e1quinas de Corte"}]},{"@type":"WebSite","@id":"https:\/\/kineticcuttingsystems.eu\/es\/#website","url":"https:\/\/kineticcuttingsystems.eu\/es\/","name":"Kinetic Sistemas de Corte de Metal CNC","description":"","potentialAction":[{"@type":"SearchAction","target":{"@type":"EntryPoint","urlTemplate":"https:\/\/kineticcuttingsystems.eu\/es\/?s={search_term_string}"},"query-input":{"@type":"PropertyValueSpecification","valueRequired":true,"valueName":"search_term_string"}}],"inLanguage":"en-US"}]}},"_links":{"self":[{"href":"https:\/\/kineticcuttingsystems.eu\/es\/wp-json\/wp\/v2\/pages\/3732","targetHints":{"allow":["GET"]}}],"collection":[{"href":"https:\/\/kineticcuttingsystems.eu\/es\/wp-json\/wp\/v2\/pages"}],"about":[{"href":"https:\/\/kineticcuttingsystems.eu\/es\/wp-json\/wp\/v2\/types\/page"}],"author":[{"embeddable":true,"href":"https:\/\/kineticcuttingsystems.eu\/es\/wp-json\/wp\/v2\/users\/2"}],"replies":[{"embeddable":true,"href":"https:\/\/kineticcuttingsystems.eu\/es\/wp-json\/wp\/v2\/comments?post=3732"}],"version-history":[{"count":28,"href":"https:\/\/kineticcuttingsystems.eu\/es\/wp-json\/wp\/v2\/pages\/3732\/revisions"}],"predecessor-version":[{"id":4371,"href":"https:\/\/kineticcuttingsystems.eu\/es\/wp-json\/wp\/v2\/pages\/3732\/revisions\/4371"}],"wp:featuredmedia":[{"embeddable":true,"href":"https:\/\/kineticcuttingsystems.eu\/es\/wp-json\/wp\/v2\/media\/649"}],"wp:attachment":[{"href":"https:\/\/kineticcuttingsystems.eu\/es\/wp-json\/wp\/v2\/media?parent=3732"}],"curies":[{"name":"wp","href":"https:\/\/api.w.org\/{rel}","templated":true}]}}