{"id":3731,"date":"2018-03-21T02:34:27","date_gmt":"2018-03-21T02:34:27","guid":{"rendered":"https:\/\/kineticcuttingsystems.eu\/home\/"},"modified":"2025-11-12T19:26:50","modified_gmt":"2025-11-12T19:26:50","slug":"home","status":"publish","type":"page","link":"https:\/\/kineticcuttingsystems.eu\/es\/","title":{"rendered":"Home"},"content":{"rendered":"\n<h2 class=\"wp-block-heading\">Productividad en el Corte de Metales<\/h2>\n\n\n\n<p>Kinetic es algo m\u00e1s que un simple fabricante de <a href=\"\/es\/maquinas-de-corte\/\">sistemas de corte de metal CNC<\/a>. Somos una empresa que busca la productividad.<\/p>\n\n\n\n<p>Nuestros innovadores <a href=\"\/es\/maquinas-de-corte\/corte-por-laser-de-chapa-de-gran-formato\/\">sistemas de corte por l\u00e1ser de formato grande<\/a>,<a href=\"\/es\/maquinas-de-corte\/corte-y-taladrado-combinado\/\"> m\u00e1quinas de corte por plasma y m\u00e1quinas que combinan el corte, el taladrado y el fresado<\/a> est\u00e1n dise\u00f1ados desde cero para ayudar a los fabricantes a reducir el tiempo de procesamiento de las placas, aumentar la producci\u00f3n y maximizar la rentabilidad.<\/p>\n\n\n\n<p>Es por ello por lo que, independientemente de si tiene un peque\u00f1o taller o es un fabricante a nivel internacional, si procesa metal para convertirlo en piezas y componentes, las m\u00e1quinas de Kinetic aportan una ventaja competitiva que har\u00e1 que su negocio tenga un mayor \u00e9xito.<\/p>\n\n\n\t<div class=\"buttoncenter\">\n\t\t        <div class=\"button primarybg\"><a href=\"tel:+18006062954\">Llamar: +1.800.606.2954<\/a><\/div>            <div class=\"button primarybg\"><a href=\"\/es\/solicitar-presupuesto\/\">Solicitar Precios<\/a><\/div>        <\/div>\n\n\n\n<p><\/p>\n","protected":false},"excerpt":{"rendered":"<p>Productividad en el Corte de Metales Kinetic es algo m\u00e1s que un simple fabricante de sistemas de corte de metal<a class=\"moretag\" href=\"https:\/\/kineticcuttingsystems.eu\/es\/\"> &#8230;continue reading<\/a><\/p>\n","protected":false},"author":2,"featured_media":999,"parent":0,"menu_order":-2,"comment_status":"closed","ping_status":"closed","template":"page-home.php","meta":{"_acf_changed":false,"inline_featured_image":false,"footnotes":""},"class_list":["post-3731","page","type-page","status-publish","has-post-thumbnail","hentry"],"acf":[],"yoast_head":"<!-- This site is optimized with the Yoast SEO plugin v27.2 - https:\/\/yoast.com\/product\/yoast-seo-wordpress\/ -->\n<title>Sistemas de Corte por Plasma CNC y Corte por L\u00e1ser | Kinetic<\/title>\n<meta name=\"robots\" content=\"index, follow, max-snippet:-1, max-image-preview:large, max-video-preview:-1\" \/>\n<link rel=\"canonical\" href=\"https:\/\/kineticcuttingsystems.eu\/es\/\" \/>\n<meta property=\"og:locale\" content=\"en_US\" \/>\n<meta property=\"og:type\" content=\"article\" \/>\n<meta property=\"og:title\" content=\"Sistemas de Corte por Plasma CNC y Corte por L\u00e1ser | Kinetic\" \/>\n<meta property=\"og:description\" content=\"Productividad en el Corte de Metales Kinetic es algo m\u00e1s que un simple fabricante de sistemas de corte de metal ...continue reading\" \/>\n<meta property=\"og:url\" content=\"https:\/\/kineticcuttingsystems.eu\/es\/\" \/>\n<meta property=\"og:site_name\" content=\"Kinetic Sistemas de Corte de Metal CNC\" \/>\n<meta property=\"article:modified_time\" content=\"2025-11-12T19:26:50+00:00\" \/>\n<meta property=\"og:image\" content=\"https:\/\/kineticcuttingsystems.eu\/es\/wp-content\/uploads\/sites\/5\/2019\/03\/kinetic-slide-placeholder.jpg\" \/>\n\t<meta property=\"og:image:width\" content=\"1600\" \/>\n\t<meta property=\"og:image:height\" content=\"730\" \/>\n\t<meta property=\"og:image:type\" content=\"image\/jpeg\" \/>\n<meta name=\"twitter:card\" content=\"summary_large_image\" \/>\n<meta name=\"twitter:label1\" content=\"Est. reading time\" \/>\n\t<meta name=\"twitter:data1\" content=\"1 minute\" \/>\n<script type=\"application\/ld+json\" class=\"yoast-schema-graph\">{\"@context\":\"https:\/\/schema.org\",\"@graph\":[{\"@type\":\"WebPage\",\"@id\":\"https:\/\/kineticcuttingsystems.eu\/es\/\",\"url\":\"https:\/\/kineticcuttingsystems.eu\/es\/\",\"name\":\"Sistemas de Corte por Plasma CNC y Corte por L\u00e1ser | Kinetic\",\"isPartOf\":{\"@id\":\"https:\/\/kineticcuttingsystems.eu\/es\/#website\"},\"primaryImageOfPage\":{\"@id\":\"https:\/\/kineticcuttingsystems.eu\/es\/#primaryimage\"},\"image\":{\"@id\":\"https:\/\/kineticcuttingsystems.eu\/es\/#primaryimage\"},\"thumbnailUrl\":\"https:\/\/kineticcuttingsystems.eu\/es\/wp-content\/uploads\/sites\/5\/2019\/03\/kinetic-slide-placeholder.jpg\",\"datePublished\":\"2018-03-21T02:34:27+00:00\",\"dateModified\":\"2025-11-12T19:26:50+00:00\",\"breadcrumb\":{\"@id\":\"https:\/\/kineticcuttingsystems.eu\/es\/#breadcrumb\"},\"inLanguage\":\"en-US\",\"potentialAction\":[{\"@type\":\"ReadAction\",\"target\":[\"https:\/\/kineticcuttingsystems.eu\/es\/\"]}]},{\"@type\":\"ImageObject\",\"inLanguage\":\"en-US\",\"@id\":\"https:\/\/kineticcuttingsystems.eu\/es\/#primaryimage\",\"url\":\"https:\/\/kineticcuttingsystems.eu\/es\/wp-content\/uploads\/sites\/5\/2019\/03\/kinetic-slide-placeholder.jpg\",\"contentUrl\":\"https:\/\/kineticcuttingsystems.eu\/es\/wp-content\/uploads\/sites\/5\/2019\/03\/kinetic-slide-placeholder.jpg\",\"width\":1600,\"height\":730},{\"@type\":\"BreadcrumbList\",\"@id\":\"https:\/\/kineticcuttingsystems.eu\/es\/#breadcrumb\",\"itemListElement\":[{\"@type\":\"ListItem\",\"position\":1,\"name\":\"Home\",\"item\":\"https:\/\/kineticcuttingsystems.eu\/es\/\"},{\"@type\":\"ListItem\",\"position\":2,\"name\":\"Home\"}]},{\"@type\":\"WebSite\",\"@id\":\"https:\/\/kineticcuttingsystems.eu\/es\/#website\",\"url\":\"https:\/\/kineticcuttingsystems.eu\/es\/\",\"name\":\"Kinetic Sistemas de Corte de Metal CNC\",\"description\":\"\",\"potentialAction\":[{\"@type\":\"SearchAction\",\"target\":{\"@type\":\"EntryPoint\",\"urlTemplate\":\"https:\/\/kineticcuttingsystems.eu\/es\/?s={search_term_string}\"},\"query-input\":{\"@type\":\"PropertyValueSpecification\",\"valueRequired\":true,\"valueName\":\"search_term_string\"}}],\"inLanguage\":\"en-US\"}]}<\/script>\n<!-- \/ Yoast SEO plugin. -->","yoast_head_json":{"title":"Sistemas de Corte por Plasma CNC y Corte por L\u00e1ser | Kinetic","robots":{"index":"index","follow":"follow","max-snippet":"max-snippet:-1","max-image-preview":"max-image-preview:large","max-video-preview":"max-video-preview:-1"},"canonical":"https:\/\/kineticcuttingsystems.eu\/es\/","og_locale":"en_US","og_type":"article","og_title":"Sistemas de Corte por Plasma CNC y Corte por L\u00e1ser | Kinetic","og_description":"Productividad en el Corte de Metales Kinetic es algo m\u00e1s que un simple fabricante de sistemas de corte de metal ...continue reading","og_url":"https:\/\/kineticcuttingsystems.eu\/es\/","og_site_name":"Kinetic Sistemas de Corte de Metal CNC","article_modified_time":"2025-11-12T19:26:50+00:00","og_image":[{"width":1600,"height":730,"url":"https:\/\/kineticcuttingsystems.eu\/es\/wp-content\/uploads\/sites\/5\/2019\/03\/kinetic-slide-placeholder.jpg","type":"image\/jpeg"}],"twitter_card":"summary_large_image","twitter_misc":{"Est. reading time":"1 minute"},"schema":{"@context":"https:\/\/schema.org","@graph":[{"@type":"WebPage","@id":"https:\/\/kineticcuttingsystems.eu\/es\/","url":"https:\/\/kineticcuttingsystems.eu\/es\/","name":"Sistemas de Corte por Plasma CNC y Corte por L\u00e1ser | Kinetic","isPartOf":{"@id":"https:\/\/kineticcuttingsystems.eu\/es\/#website"},"primaryImageOfPage":{"@id":"https:\/\/kineticcuttingsystems.eu\/es\/#primaryimage"},"image":{"@id":"https:\/\/kineticcuttingsystems.eu\/es\/#primaryimage"},"thumbnailUrl":"https:\/\/kineticcuttingsystems.eu\/es\/wp-content\/uploads\/sites\/5\/2019\/03\/kinetic-slide-placeholder.jpg","datePublished":"2018-03-21T02:34:27+00:00","dateModified":"2025-11-12T19:26:50+00:00","breadcrumb":{"@id":"https:\/\/kineticcuttingsystems.eu\/es\/#breadcrumb"},"inLanguage":"en-US","potentialAction":[{"@type":"ReadAction","target":["https:\/\/kineticcuttingsystems.eu\/es\/"]}]},{"@type":"ImageObject","inLanguage":"en-US","@id":"https:\/\/kineticcuttingsystems.eu\/es\/#primaryimage","url":"https:\/\/kineticcuttingsystems.eu\/es\/wp-content\/uploads\/sites\/5\/2019\/03\/kinetic-slide-placeholder.jpg","contentUrl":"https:\/\/kineticcuttingsystems.eu\/es\/wp-content\/uploads\/sites\/5\/2019\/03\/kinetic-slide-placeholder.jpg","width":1600,"height":730},{"@type":"BreadcrumbList","@id":"https:\/\/kineticcuttingsystems.eu\/es\/#breadcrumb","itemListElement":[{"@type":"ListItem","position":1,"name":"Home","item":"https:\/\/kineticcuttingsystems.eu\/es\/"},{"@type":"ListItem","position":2,"name":"Home"}]},{"@type":"WebSite","@id":"https:\/\/kineticcuttingsystems.eu\/es\/#website","url":"https:\/\/kineticcuttingsystems.eu\/es\/","name":"Kinetic Sistemas de Corte de Metal CNC","description":"","potentialAction":[{"@type":"SearchAction","target":{"@type":"EntryPoint","urlTemplate":"https:\/\/kineticcuttingsystems.eu\/es\/?s={search_term_string}"},"query-input":{"@type":"PropertyValueSpecification","valueRequired":true,"valueName":"search_term_string"}}],"inLanguage":"en-US"}]}},"_links":{"self":[{"href":"https:\/\/kineticcuttingsystems.eu\/es\/wp-json\/wp\/v2\/pages\/3731","targetHints":{"allow":["GET"]}}],"collection":[{"href":"https:\/\/kineticcuttingsystems.eu\/es\/wp-json\/wp\/v2\/pages"}],"about":[{"href":"https:\/\/kineticcuttingsystems.eu\/es\/wp-json\/wp\/v2\/types\/page"}],"author":[{"embeddable":true,"href":"https:\/\/kineticcuttingsystems.eu\/es\/wp-json\/wp\/v2\/users\/2"}],"replies":[{"embeddable":true,"href":"https:\/\/kineticcuttingsystems.eu\/es\/wp-json\/wp\/v2\/comments?post=3731"}],"version-history":[{"count":17,"href":"https:\/\/kineticcuttingsystems.eu\/es\/wp-json\/wp\/v2\/pages\/3731\/revisions"}],"predecessor-version":[{"id":4299,"href":"https:\/\/kineticcuttingsystems.eu\/es\/wp-json\/wp\/v2\/pages\/3731\/revisions\/4299"}],"wp:featuredmedia":[{"embeddable":true,"href":"https:\/\/kineticcuttingsystems.eu\/es\/wp-json\/wp\/v2\/media\/999"}],"wp:attachment":[{"href":"https:\/\/kineticcuttingsystems.eu\/es\/wp-json\/wp\/v2\/media?parent=3731"}],"curies":[{"name":"wp","href":"https:\/\/api.w.org\/{rel}","templated":true}]}}