{"id":3466,"date":"2025-03-28T12:39:01","date_gmt":"2025-03-28T16:39:01","guid":{"rendered":"https:\/\/kineticcuttingsystems.eu\/?page_id=3466"},"modified":"2025-11-12T17:00:53","modified_gmt":"2025-11-12T17:00:53","slug":"corte-por-laser-de-chapa-de-gran-formato","status":"publish","type":"page","link":"https:\/\/kineticcuttingsystems.eu\/es\/maquinas-de-corte\/corte-por-laser-de-chapa-de-gran-formato\/","title":{"rendered":"L\u00e1ser de placa de formato grande"},"content":{"rendered":"\n<h1 class=\"wp-block-heading\">L\u00e1ser de placa de formato grande<\/h1>\n\n\n\n<p>Nos complace anunciar que el innovador dise\u00f1o de m\u00e1quina de KINETIC capaz de mejorar la productividad ahora est\u00e1 disponible en un sistema de corte por l\u00e1ser de formato grande. Dotado del dise\u00f1o inteligente y robusto que caracterizan a las m\u00e1quinas KINETIC, este nuevo sistema representa un paso adelante para los fabricantes de equipos originales (OEM) y talleres que buscan procesar piezas de forma r\u00e1pida y precisa.<\/p>\n\n\n<div class=\"wp-block-image\">\n<figure class=\"aligncenter size-large\"><img loading=\"lazy\" decoding=\"async\" width=\"1024\" height=\"682\" src=\"https:\/\/kineticcuttingsystems.eu\/es\/wp-content\/uploads\/sites\/5\/2025\/10\/kinetic-laser-gallery-11-1-1024x682.jpg\" alt=\"\" class=\"wp-image-4079\" srcset=\"https:\/\/kineticcuttingsystems.eu\/es\/wp-content\/uploads\/sites\/5\/2025\/10\/kinetic-laser-gallery-11-1-1024x682.jpg 1024w, https:\/\/kineticcuttingsystems.eu\/es\/wp-content\/uploads\/sites\/5\/2025\/10\/kinetic-laser-gallery-11-1-300x200.jpg 300w, https:\/\/kineticcuttingsystems.eu\/es\/wp-content\/uploads\/sites\/5\/2025\/10\/kinetic-laser-gallery-11-1-768x512.jpg 768w, https:\/\/kineticcuttingsystems.eu\/es\/wp-content\/uploads\/sites\/5\/2025\/10\/kinetic-laser-gallery-11-1.jpg 1100w\" sizes=\"auto, (max-width: 1024px) 100vw, 1024px\" \/><\/figure><\/div>\n\n\n<div style=\"height:37px\" aria-hidden=\"true\" class=\"wp-block-spacer\"><\/div>\n\n\n\n<p>Pronto proporcionaremos m\u00e1s detalles sobre este nuevo sistema, pero a continuaci\u00f3n se muestran las especificaciones iniciales. <a href=\"\/es\/solicitar-presupuesto\/\">P\u00f3ngase en contacto con nosotros hoy mismo<\/a> para obtener m\u00e1s informaci\u00f3n sobre nuestro nuevo l\u00e1ser de placa de formato grande tan pronto como haya m\u00e1s datos sobre el mismo..<\/p>\n\n\n\n<div class=\"wp-block-columns is-layout-flex wp-container-core-columns-is-layout-9d6595d7 wp-block-columns-is-layout-flex\">\n<div class=\"wp-block-column is-layout-flow wp-block-column-is-layout-flow\">\n<ul class=\"wp-block-list\">\n<li><strong>Dise\u00f1o de m\u00e1quina robusto y de alta calidad<\/strong><\/li>\n\n\n\n<li><strong>Programaci\u00f3n inteligente y sencilla<\/strong><\/li>\n\n\n\n<li><strong>Durabilidad y fiabilidad Kinetic<\/strong><\/li>\n\n\n\n<li><strong>P\u00f3rtico de alta velocidad dentro de una carcasa de movimiento lento<\/strong><\/li>\n\n\n\n<li><strong>Mesa de tiro descendente con contenedores de escoria m\u00f3viles<\/strong><\/li>\n\n\n\n<li><strong>Mesa de 10\u2032 (3 m) de ancho con longitudes personalizadas<\/strong><\/li>\n<\/ul>\n<\/div>\n\n\n\n<div class=\"wp-block-column is-layout-flow wp-block-column-is-layout-flow\">\n<ul class=\"wp-block-list\">\n<li><strong>Corta hasta 2\u2033 (50,8 mm) de acero, acero inoxidable o aluminio.<\/strong><\/li>\n\n\n\n<li><strong>Cabezal l\u00e1ser de corte en bisel disponible<\/strong><\/li>\n\n\n\n<li><strong>Fuente l\u00e1ser de 12 kW disponible<\/strong><\/li>\n\n\n\n<li><strong>Fuente l\u00e1ser de 20 kW disponible<\/strong><\/li>\n\n\n\n<li><strong>Fuente l\u00e1ser de 30 kW disponible<\/strong><\/li>\n\n\n\n<li><strong>Soporte t\u00e9cnico 24\/7\/365<\/strong><\/li>\n<\/ul>\n<\/div>\n<\/div>\n\n\n\n<figure class=\"wp-block-gallery has-nested-images columns-4 is-cropped wp-block-gallery-1 is-layout-flex wp-block-gallery-is-layout-flex\">\n<figure class=\"wp-block-image size-full\"><a href=\"https:\/\/kineticcuttingsystems.eu\/es\/wp-content\/uploads\/sites\/5\/2025\/10\/kinetic-laser-gallery-11-1.jpg\"><img loading=\"lazy\" decoding=\"async\" width=\"1100\" height=\"733\" data-id=\"4079\" src=\"https:\/\/kineticcuttingsystems.eu\/es\/wp-content\/uploads\/sites\/5\/2025\/10\/kinetic-laser-gallery-11-1.jpg\" alt=\"\" class=\"wp-image-4079\" srcset=\"https:\/\/kineticcuttingsystems.eu\/es\/wp-content\/uploads\/sites\/5\/2025\/10\/kinetic-laser-gallery-11-1.jpg 1100w, https:\/\/kineticcuttingsystems.eu\/es\/wp-content\/uploads\/sites\/5\/2025\/10\/kinetic-laser-gallery-11-1-300x200.jpg 300w, https:\/\/kineticcuttingsystems.eu\/es\/wp-content\/uploads\/sites\/5\/2025\/10\/kinetic-laser-gallery-11-1-1024x682.jpg 1024w, https:\/\/kineticcuttingsystems.eu\/es\/wp-content\/uploads\/sites\/5\/2025\/10\/kinetic-laser-gallery-11-1-768x512.jpg 768w\" sizes=\"auto, (max-width: 1100px) 100vw, 1100px\" \/><\/a><\/figure>\n\n\n\n<figure class=\"wp-block-image size-full\"><a href=\"https:\/\/kineticcuttingsystems.eu\/es\/wp-content\/uploads\/sites\/5\/2025\/10\/kinetic-laser-gallery-10-1.jpg\"><img loading=\"lazy\" decoding=\"async\" width=\"1100\" height=\"733\" data-id=\"4078\" src=\"https:\/\/kineticcuttingsystems.eu\/es\/wp-content\/uploads\/sites\/5\/2025\/10\/kinetic-laser-gallery-10-1.jpg\" alt=\"\" class=\"wp-image-4078\" srcset=\"https:\/\/kineticcuttingsystems.eu\/es\/wp-content\/uploads\/sites\/5\/2025\/10\/kinetic-laser-gallery-10-1.jpg 1100w, https:\/\/kineticcuttingsystems.eu\/es\/wp-content\/uploads\/sites\/5\/2025\/10\/kinetic-laser-gallery-10-1-300x200.jpg 300w, https:\/\/kineticcuttingsystems.eu\/es\/wp-content\/uploads\/sites\/5\/2025\/10\/kinetic-laser-gallery-10-1-1024x682.jpg 1024w, https:\/\/kineticcuttingsystems.eu\/es\/wp-content\/uploads\/sites\/5\/2025\/10\/kinetic-laser-gallery-10-1-768x512.jpg 768w\" sizes=\"auto, (max-width: 1100px) 100vw, 1100px\" \/><\/a><\/figure>\n\n\n\n<figure class=\"wp-block-image size-full\"><a href=\"https:\/\/kineticcuttingsystems.eu\/es\/wp-content\/uploads\/sites\/5\/2025\/10\/kinetic-laser-gallery-7.jpg\"><img loading=\"lazy\" decoding=\"async\" width=\"1100\" height=\"733\" data-id=\"4076\" src=\"https:\/\/kineticcuttingsystems.eu\/es\/wp-content\/uploads\/sites\/5\/2025\/10\/kinetic-laser-gallery-7.jpg\" alt=\"\" class=\"wp-image-4076\" srcset=\"https:\/\/kineticcuttingsystems.eu\/es\/wp-content\/uploads\/sites\/5\/2025\/10\/kinetic-laser-gallery-7.jpg 1100w, https:\/\/kineticcuttingsystems.eu\/es\/wp-content\/uploads\/sites\/5\/2025\/10\/kinetic-laser-gallery-7-300x200.jpg 300w, https:\/\/kineticcuttingsystems.eu\/es\/wp-content\/uploads\/sites\/5\/2025\/10\/kinetic-laser-gallery-7-1024x682.jpg 1024w, https:\/\/kineticcuttingsystems.eu\/es\/wp-content\/uploads\/sites\/5\/2025\/10\/kinetic-laser-gallery-7-768x512.jpg 768w\" sizes=\"auto, (max-width: 1100px) 100vw, 1100px\" \/><\/a><\/figure>\n\n\n\n<figure class=\"wp-block-image size-full\"><a href=\"https:\/\/kineticcuttingsystems.eu\/es\/wp-content\/uploads\/sites\/5\/2025\/10\/kinetic-laser-gallery-4-1.jpg\"><img loading=\"lazy\" decoding=\"async\" width=\"1100\" height=\"733\" data-id=\"4073\" src=\"https:\/\/kineticcuttingsystems.eu\/es\/wp-content\/uploads\/sites\/5\/2025\/10\/kinetic-laser-gallery-4-1.jpg\" alt=\"\" class=\"wp-image-4073\" srcset=\"https:\/\/kineticcuttingsystems.eu\/es\/wp-content\/uploads\/sites\/5\/2025\/10\/kinetic-laser-gallery-4-1.jpg 1100w, https:\/\/kineticcuttingsystems.eu\/es\/wp-content\/uploads\/sites\/5\/2025\/10\/kinetic-laser-gallery-4-1-300x200.jpg 300w, https:\/\/kineticcuttingsystems.eu\/es\/wp-content\/uploads\/sites\/5\/2025\/10\/kinetic-laser-gallery-4-1-1024x682.jpg 1024w, https:\/\/kineticcuttingsystems.eu\/es\/wp-content\/uploads\/sites\/5\/2025\/10\/kinetic-laser-gallery-4-1-768x512.jpg 768w\" sizes=\"auto, (max-width: 1100px) 100vw, 1100px\" \/><\/a><\/figure>\n\n\n\n<figure class=\"wp-block-image size-full\"><a href=\"https:\/\/kineticcuttingsystems.eu\/es\/wp-content\/uploads\/sites\/5\/2025\/10\/kinetic-laser-gallery-1.jpg\"><img loading=\"lazy\" decoding=\"async\" width=\"1100\" height=\"733\" data-id=\"4070\" src=\"https:\/\/kineticcuttingsystems.eu\/es\/wp-content\/uploads\/sites\/5\/2025\/10\/kinetic-laser-gallery-1.jpg\" alt=\"\" class=\"wp-image-4070\" srcset=\"https:\/\/kineticcuttingsystems.eu\/es\/wp-content\/uploads\/sites\/5\/2025\/10\/kinetic-laser-gallery-1.jpg 1100w, https:\/\/kineticcuttingsystems.eu\/es\/wp-content\/uploads\/sites\/5\/2025\/10\/kinetic-laser-gallery-1-300x200.jpg 300w, https:\/\/kineticcuttingsystems.eu\/es\/wp-content\/uploads\/sites\/5\/2025\/10\/kinetic-laser-gallery-1-1024x682.jpg 1024w, https:\/\/kineticcuttingsystems.eu\/es\/wp-content\/uploads\/sites\/5\/2025\/10\/kinetic-laser-gallery-1-768x512.jpg 768w\" sizes=\"auto, (max-width: 1100px) 100vw, 1100px\" \/><\/a><\/figure>\n\n\n\n<figure class=\"wp-block-image size-full\"><a href=\"https:\/\/kineticcuttingsystems.eu\/es\/wp-content\/uploads\/sites\/5\/2025\/10\/kinetic-laser-gallery-3.jpg\"><img loading=\"lazy\" decoding=\"async\" width=\"1100\" height=\"733\" data-id=\"4072\" src=\"https:\/\/kineticcuttingsystems.eu\/es\/wp-content\/uploads\/sites\/5\/2025\/10\/kinetic-laser-gallery-3.jpg\" alt=\"\" class=\"wp-image-4072\" srcset=\"https:\/\/kineticcuttingsystems.eu\/es\/wp-content\/uploads\/sites\/5\/2025\/10\/kinetic-laser-gallery-3.jpg 1100w, https:\/\/kineticcuttingsystems.eu\/es\/wp-content\/uploads\/sites\/5\/2025\/10\/kinetic-laser-gallery-3-300x200.jpg 300w, https:\/\/kineticcuttingsystems.eu\/es\/wp-content\/uploads\/sites\/5\/2025\/10\/kinetic-laser-gallery-3-1024x682.jpg 1024w, https:\/\/kineticcuttingsystems.eu\/es\/wp-content\/uploads\/sites\/5\/2025\/10\/kinetic-laser-gallery-3-768x512.jpg 768w\" sizes=\"auto, (max-width: 1100px) 100vw, 1100px\" \/><\/a><\/figure>\n\n\n\n<figure class=\"wp-block-image size-full\"><a href=\"https:\/\/kineticcuttingsystems.eu\/es\/wp-content\/uploads\/sites\/5\/2025\/10\/kinetic-laser-gallery-2.jpg\"><img loading=\"lazy\" decoding=\"async\" width=\"1100\" height=\"733\" data-id=\"4071\" src=\"https:\/\/kineticcuttingsystems.eu\/es\/wp-content\/uploads\/sites\/5\/2025\/10\/kinetic-laser-gallery-2.jpg\" alt=\"\" class=\"wp-image-4071\" srcset=\"https:\/\/kineticcuttingsystems.eu\/es\/wp-content\/uploads\/sites\/5\/2025\/10\/kinetic-laser-gallery-2.jpg 1100w, https:\/\/kineticcuttingsystems.eu\/es\/wp-content\/uploads\/sites\/5\/2025\/10\/kinetic-laser-gallery-2-300x200.jpg 300w, https:\/\/kineticcuttingsystems.eu\/es\/wp-content\/uploads\/sites\/5\/2025\/10\/kinetic-laser-gallery-2-1024x682.jpg 1024w, https:\/\/kineticcuttingsystems.eu\/es\/wp-content\/uploads\/sites\/5\/2025\/10\/kinetic-laser-gallery-2-768x512.jpg 768w\" sizes=\"auto, (max-width: 1100px) 100vw, 1100px\" \/><\/a><\/figure>\n\n\n\n<figure class=\"wp-block-image size-full\"><a href=\"https:\/\/kineticcuttingsystems.eu\/es\/wp-content\/uploads\/sites\/5\/2025\/10\/kinetic-laser-gallery-6.jpg\"><img loading=\"lazy\" decoding=\"async\" width=\"1100\" height=\"733\" data-id=\"4075\" src=\"https:\/\/kineticcuttingsystems.eu\/es\/wp-content\/uploads\/sites\/5\/2025\/10\/kinetic-laser-gallery-6.jpg\" alt=\"\" class=\"wp-image-4075\" srcset=\"https:\/\/kineticcuttingsystems.eu\/es\/wp-content\/uploads\/sites\/5\/2025\/10\/kinetic-laser-gallery-6.jpg 1100w, https:\/\/kineticcuttingsystems.eu\/es\/wp-content\/uploads\/sites\/5\/2025\/10\/kinetic-laser-gallery-6-300x200.jpg 300w, https:\/\/kineticcuttingsystems.eu\/es\/wp-content\/uploads\/sites\/5\/2025\/10\/kinetic-laser-gallery-6-1024x682.jpg 1024w, https:\/\/kineticcuttingsystems.eu\/es\/wp-content\/uploads\/sites\/5\/2025\/10\/kinetic-laser-gallery-6-768x512.jpg 768w\" sizes=\"auto, (max-width: 1100px) 100vw, 1100px\" \/><\/a><\/figure>\n\n\n\n<figure class=\"wp-block-image size-full\"><a href=\"https:\/\/kineticcuttingsystems.eu\/es\/wp-content\/uploads\/sites\/5\/2025\/10\/kinetic-laser-gallery-8.jpg\"><img loading=\"lazy\" decoding=\"async\" width=\"1100\" height=\"733\" data-id=\"4077\" src=\"https:\/\/kineticcuttingsystems.eu\/es\/wp-content\/uploads\/sites\/5\/2025\/10\/kinetic-laser-gallery-8.jpg\" alt=\"\" class=\"wp-image-4077\" srcset=\"https:\/\/kineticcuttingsystems.eu\/es\/wp-content\/uploads\/sites\/5\/2025\/10\/kinetic-laser-gallery-8.jpg 1100w, https:\/\/kineticcuttingsystems.eu\/es\/wp-content\/uploads\/sites\/5\/2025\/10\/kinetic-laser-gallery-8-300x200.jpg 300w, https:\/\/kineticcuttingsystems.eu\/es\/wp-content\/uploads\/sites\/5\/2025\/10\/kinetic-laser-gallery-8-1024x682.jpg 1024w, https:\/\/kineticcuttingsystems.eu\/es\/wp-content\/uploads\/sites\/5\/2025\/10\/kinetic-laser-gallery-8-768x512.jpg 768w\" sizes=\"auto, (max-width: 1100px) 100vw, 1100px\" \/><\/a><\/figure>\n\n\n\n<figure class=\"wp-block-image size-full\"><a href=\"https:\/\/kineticcuttingsystems.eu\/es\/wp-content\/uploads\/sites\/5\/2025\/10\/kinetic-laser-part-01.jpg\"><img loading=\"lazy\" decoding=\"async\" width=\"1100\" height=\"733\" data-id=\"4081\" src=\"https:\/\/kineticcuttingsystems.eu\/es\/wp-content\/uploads\/sites\/5\/2025\/10\/kinetic-laser-part-01.jpg\" alt=\"\" class=\"wp-image-4081\" srcset=\"https:\/\/kineticcuttingsystems.eu\/es\/wp-content\/uploads\/sites\/5\/2025\/10\/kinetic-laser-part-01.jpg 1100w, https:\/\/kineticcuttingsystems.eu\/es\/wp-content\/uploads\/sites\/5\/2025\/10\/kinetic-laser-part-01-300x200.jpg 300w, https:\/\/kineticcuttingsystems.eu\/es\/wp-content\/uploads\/sites\/5\/2025\/10\/kinetic-laser-part-01-1024x682.jpg 1024w, https:\/\/kineticcuttingsystems.eu\/es\/wp-content\/uploads\/sites\/5\/2025\/10\/kinetic-laser-part-01-768x512.jpg 768w\" sizes=\"auto, (max-width: 1100px) 100vw, 1100px\" \/><\/a><\/figure>\n\n\n\n<figure class=\"wp-block-image size-full\"><a href=\"https:\/\/kineticcuttingsystems.eu\/es\/wp-content\/uploads\/sites\/5\/2025\/10\/kinetic-laser-part-02.jpg\"><img loading=\"lazy\" decoding=\"async\" width=\"1100\" height=\"733\" data-id=\"4082\" src=\"https:\/\/kineticcuttingsystems.eu\/es\/wp-content\/uploads\/sites\/5\/2025\/10\/kinetic-laser-part-02.jpg\" alt=\"\" class=\"wp-image-4082\" srcset=\"https:\/\/kineticcuttingsystems.eu\/es\/wp-content\/uploads\/sites\/5\/2025\/10\/kinetic-laser-part-02.jpg 1100w, https:\/\/kineticcuttingsystems.eu\/es\/wp-content\/uploads\/sites\/5\/2025\/10\/kinetic-laser-part-02-300x200.jpg 300w, https:\/\/kineticcuttingsystems.eu\/es\/wp-content\/uploads\/sites\/5\/2025\/10\/kinetic-laser-part-02-1024x682.jpg 1024w, https:\/\/kineticcuttingsystems.eu\/es\/wp-content\/uploads\/sites\/5\/2025\/10\/kinetic-laser-part-02-768x512.jpg 768w\" sizes=\"auto, (max-width: 1100px) 100vw, 1100px\" \/><\/a><\/figure>\n\n\n\n<figure class=\"wp-block-image size-full\"><a href=\"https:\/\/kineticcuttingsystems.eu\/es\/wp-content\/uploads\/sites\/5\/2025\/10\/kinetic-laser-part-1.jpg\"><img loading=\"lazy\" decoding=\"async\" width=\"1100\" height=\"733\" data-id=\"4080\" src=\"https:\/\/kineticcuttingsystems.eu\/es\/wp-content\/uploads\/sites\/5\/2025\/10\/kinetic-laser-part-1.jpg\" alt=\"\" class=\"wp-image-4080\" srcset=\"https:\/\/kineticcuttingsystems.eu\/es\/wp-content\/uploads\/sites\/5\/2025\/10\/kinetic-laser-part-1.jpg 1100w, https:\/\/kineticcuttingsystems.eu\/es\/wp-content\/uploads\/sites\/5\/2025\/10\/kinetic-laser-part-1-300x200.jpg 300w, https:\/\/kineticcuttingsystems.eu\/es\/wp-content\/uploads\/sites\/5\/2025\/10\/kinetic-laser-part-1-1024x682.jpg 1024w, https:\/\/kineticcuttingsystems.eu\/es\/wp-content\/uploads\/sites\/5\/2025\/10\/kinetic-laser-part-1-768x512.jpg 768w\" sizes=\"auto, (max-width: 1100px) 100vw, 1100px\" \/><\/a><\/figure>\n<\/figure>\n\n\n\n<p>Tenga en cuenta que las caracter\u00edsticas y especificaciones de nuestras m\u00e1quinas est\u00e1n sujetas a cambios, ya que se actualizan de acuerdo con las \u00faltimas mejoras que surgen en el campo de la ingenier\u00eda.\u00a0<a href=\"\/es\/solicitar-presupuesto\/\">Cont\u00e1ctenos hoy mismo<\/a><a href=\"https:\/\/kineticusa.flywheelsites.com\/request-pricing\/\"> <\/a>si tiene preguntas sobre m\u00e1quinas espec\u00edficas y qu\u00e9 sistema Kinetic funcionar\u00e1 mejor en su caso.<\/p>\n","protected":false},"excerpt":{"rendered":"<p>L\u00e1ser de placa de formato grande Nos complace anunciar que el innovador dise\u00f1o de m\u00e1quina de KINETIC capaz de mejorar<a class=\"moretag\" href=\"https:\/\/kineticcuttingsystems.eu\/es\/maquinas-de-corte\/corte-por-laser-de-chapa-de-gran-formato\/\"> &#8230;continue reading<\/a><\/p>\n","protected":false},"author":2,"featured_media":0,"parent":3732,"menu_order":4,"comment_status":"closed","ping_status":"closed","template":"page-product.php","meta":{"_acf_changed":false,"inline_featured_image":false,"footnotes":""},"class_list":["post-3466","page","type-page","status-publish","hentry"],"acf":[],"yoast_head":"<!-- This site is optimized with the Yoast SEO plugin v27.2 - https:\/\/yoast.com\/product\/yoast-seo-wordpress\/ -->\n<title>L\u00e1ser de placa de formato grande - Kinetic Sistemas de Corte de Metal CNC<\/title>\n<meta name=\"robots\" content=\"index, follow, max-snippet:-1, max-image-preview:large, max-video-preview:-1\" \/>\n<link rel=\"canonical\" href=\"https:\/\/kineticcuttingsystems.eu\/es\/maquinas-de-corte\/corte-por-laser-de-chapa-de-gran-formato\/\" \/>\n<meta property=\"og:locale\" content=\"en_US\" \/>\n<meta property=\"og:type\" content=\"article\" \/>\n<meta property=\"og:title\" content=\"L\u00e1ser de placa de formato grande - Kinetic Sistemas de Corte de Metal CNC\" \/>\n<meta property=\"og:description\" content=\"L\u00e1ser de placa de formato grande Nos complace anunciar que el innovador dise\u00f1o de m\u00e1quina de KINETIC capaz de mejorar ...continue reading\" \/>\n<meta property=\"og:url\" content=\"https:\/\/kineticcuttingsystems.eu\/es\/maquinas-de-corte\/corte-por-laser-de-chapa-de-gran-formato\/\" \/>\n<meta property=\"og:site_name\" content=\"Kinetic Sistemas de Corte de Metal CNC\" \/>\n<meta property=\"article:modified_time\" content=\"2025-11-12T17:00:53+00:00\" \/>\n<meta property=\"og:image\" content=\"https:\/\/kineticcuttingsystems.eu\/es\/wp-content\/uploads\/sites\/5\/2025\/10\/kinetic-laser-gallery-11-1.jpg\" \/>\n\t<meta property=\"og:image:width\" content=\"1100\" \/>\n\t<meta property=\"og:image:height\" content=\"733\" \/>\n\t<meta property=\"og:image:type\" content=\"image\/jpeg\" \/>\n<meta name=\"twitter:card\" content=\"summary_large_image\" \/>\n<meta name=\"twitter:label1\" content=\"Est. reading time\" \/>\n\t<meta name=\"twitter:data1\" content=\"4 minutes\" \/>\n<script type=\"application\/ld+json\" class=\"yoast-schema-graph\">{\"@context\":\"https:\/\/schema.org\",\"@graph\":[{\"@type\":\"WebPage\",\"@id\":\"https:\/\/kineticcuttingsystems.eu\/es\/maquinas-de-corte\/corte-por-laser-de-chapa-de-gran-formato\/\",\"url\":\"https:\/\/kineticcuttingsystems.eu\/es\/maquinas-de-corte\/corte-por-laser-de-chapa-de-gran-formato\/\",\"name\":\"L\u00e1ser de placa de formato grande - Kinetic Sistemas de Corte de Metal CNC\",\"isPartOf\":{\"@id\":\"https:\/\/kineticcuttingsystems.eu\/es\/#website\"},\"primaryImageOfPage\":{\"@id\":\"https:\/\/kineticcuttingsystems.eu\/es\/maquinas-de-corte\/corte-por-laser-de-chapa-de-gran-formato\/#primaryimage\"},\"image\":{\"@id\":\"https:\/\/kineticcuttingsystems.eu\/es\/maquinas-de-corte\/corte-por-laser-de-chapa-de-gran-formato\/#primaryimage\"},\"thumbnailUrl\":\"https:\/\/kineticcuttingsystems.eu\/es\/wp-content\/uploads\/sites\/5\/2025\/10\/kinetic-laser-gallery-11-1-1024x682.jpg\",\"datePublished\":\"2025-03-28T16:39:01+00:00\",\"dateModified\":\"2025-11-12T17:00:53+00:00\",\"breadcrumb\":{\"@id\":\"https:\/\/kineticcuttingsystems.eu\/es\/maquinas-de-corte\/corte-por-laser-de-chapa-de-gran-formato\/#breadcrumb\"},\"inLanguage\":\"en-US\",\"potentialAction\":[{\"@type\":\"ReadAction\",\"target\":[\"https:\/\/kineticcuttingsystems.eu\/es\/maquinas-de-corte\/corte-por-laser-de-chapa-de-gran-formato\/\"]}]},{\"@type\":\"ImageObject\",\"inLanguage\":\"en-US\",\"@id\":\"https:\/\/kineticcuttingsystems.eu\/es\/maquinas-de-corte\/corte-por-laser-de-chapa-de-gran-formato\/#primaryimage\",\"url\":\"https:\/\/kineticcuttingsystems.eu\/es\/wp-content\/uploads\/sites\/5\/2025\/10\/kinetic-laser-gallery-11-1.jpg\",\"contentUrl\":\"https:\/\/kineticcuttingsystems.eu\/es\/wp-content\/uploads\/sites\/5\/2025\/10\/kinetic-laser-gallery-11-1.jpg\",\"width\":1100,\"height\":733},{\"@type\":\"BreadcrumbList\",\"@id\":\"https:\/\/kineticcuttingsystems.eu\/es\/maquinas-de-corte\/corte-por-laser-de-chapa-de-gran-formato\/#breadcrumb\",\"itemListElement\":[{\"@type\":\"ListItem\",\"position\":1,\"name\":\"Home\",\"item\":\"https:\/\/kineticcuttingsystems.eu\/es\/\"},{\"@type\":\"ListItem\",\"position\":2,\"name\":\"M\u00e1quinas de Corte\",\"item\":\"https:\/\/kineticcuttingsystems.eu\/es\/maquinas-de-corte\/\"},{\"@type\":\"ListItem\",\"position\":3,\"name\":\"L\u00e1ser de placa de formato grande\"}]},{\"@type\":\"WebSite\",\"@id\":\"https:\/\/kineticcuttingsystems.eu\/es\/#website\",\"url\":\"https:\/\/kineticcuttingsystems.eu\/es\/\",\"name\":\"Kinetic Sistemas de Corte de Metal CNC\",\"description\":\"\",\"potentialAction\":[{\"@type\":\"SearchAction\",\"target\":{\"@type\":\"EntryPoint\",\"urlTemplate\":\"https:\/\/kineticcuttingsystems.eu\/es\/?s={search_term_string}\"},\"query-input\":{\"@type\":\"PropertyValueSpecification\",\"valueRequired\":true,\"valueName\":\"search_term_string\"}}],\"inLanguage\":\"en-US\"}]}<\/script>\n<!-- \/ Yoast SEO plugin. -->","yoast_head_json":{"title":"L\u00e1ser de placa de formato grande - Kinetic Sistemas de Corte de Metal CNC","robots":{"index":"index","follow":"follow","max-snippet":"max-snippet:-1","max-image-preview":"max-image-preview:large","max-video-preview":"max-video-preview:-1"},"canonical":"https:\/\/kineticcuttingsystems.eu\/es\/maquinas-de-corte\/corte-por-laser-de-chapa-de-gran-formato\/","og_locale":"en_US","og_type":"article","og_title":"L\u00e1ser de placa de formato grande - Kinetic Sistemas de Corte de Metal CNC","og_description":"L\u00e1ser de placa de formato grande Nos complace anunciar que el innovador dise\u00f1o de m\u00e1quina de KINETIC capaz de mejorar ...continue reading","og_url":"https:\/\/kineticcuttingsystems.eu\/es\/maquinas-de-corte\/corte-por-laser-de-chapa-de-gran-formato\/","og_site_name":"Kinetic Sistemas de Corte de Metal CNC","article_modified_time":"2025-11-12T17:00:53+00:00","og_image":[{"width":1100,"height":733,"url":"https:\/\/kineticcuttingsystems.eu\/es\/wp-content\/uploads\/sites\/5\/2025\/10\/kinetic-laser-gallery-11-1.jpg","type":"image\/jpeg"}],"twitter_card":"summary_large_image","twitter_misc":{"Est. reading time":"4 minutes"},"schema":{"@context":"https:\/\/schema.org","@graph":[{"@type":"WebPage","@id":"https:\/\/kineticcuttingsystems.eu\/es\/maquinas-de-corte\/corte-por-laser-de-chapa-de-gran-formato\/","url":"https:\/\/kineticcuttingsystems.eu\/es\/maquinas-de-corte\/corte-por-laser-de-chapa-de-gran-formato\/","name":"L\u00e1ser de placa de formato grande - Kinetic Sistemas de Corte de Metal CNC","isPartOf":{"@id":"https:\/\/kineticcuttingsystems.eu\/es\/#website"},"primaryImageOfPage":{"@id":"https:\/\/kineticcuttingsystems.eu\/es\/maquinas-de-corte\/corte-por-laser-de-chapa-de-gran-formato\/#primaryimage"},"image":{"@id":"https:\/\/kineticcuttingsystems.eu\/es\/maquinas-de-corte\/corte-por-laser-de-chapa-de-gran-formato\/#primaryimage"},"thumbnailUrl":"https:\/\/kineticcuttingsystems.eu\/es\/wp-content\/uploads\/sites\/5\/2025\/10\/kinetic-laser-gallery-11-1-1024x682.jpg","datePublished":"2025-03-28T16:39:01+00:00","dateModified":"2025-11-12T17:00:53+00:00","breadcrumb":{"@id":"https:\/\/kineticcuttingsystems.eu\/es\/maquinas-de-corte\/corte-por-laser-de-chapa-de-gran-formato\/#breadcrumb"},"inLanguage":"en-US","potentialAction":[{"@type":"ReadAction","target":["https:\/\/kineticcuttingsystems.eu\/es\/maquinas-de-corte\/corte-por-laser-de-chapa-de-gran-formato\/"]}]},{"@type":"ImageObject","inLanguage":"en-US","@id":"https:\/\/kineticcuttingsystems.eu\/es\/maquinas-de-corte\/corte-por-laser-de-chapa-de-gran-formato\/#primaryimage","url":"https:\/\/kineticcuttingsystems.eu\/es\/wp-content\/uploads\/sites\/5\/2025\/10\/kinetic-laser-gallery-11-1.jpg","contentUrl":"https:\/\/kineticcuttingsystems.eu\/es\/wp-content\/uploads\/sites\/5\/2025\/10\/kinetic-laser-gallery-11-1.jpg","width":1100,"height":733},{"@type":"BreadcrumbList","@id":"https:\/\/kineticcuttingsystems.eu\/es\/maquinas-de-corte\/corte-por-laser-de-chapa-de-gran-formato\/#breadcrumb","itemListElement":[{"@type":"ListItem","position":1,"name":"Home","item":"https:\/\/kineticcuttingsystems.eu\/es\/"},{"@type":"ListItem","position":2,"name":"M\u00e1quinas de Corte","item":"https:\/\/kineticcuttingsystems.eu\/es\/maquinas-de-corte\/"},{"@type":"ListItem","position":3,"name":"L\u00e1ser de placa de formato grande"}]},{"@type":"WebSite","@id":"https:\/\/kineticcuttingsystems.eu\/es\/#website","url":"https:\/\/kineticcuttingsystems.eu\/es\/","name":"Kinetic Sistemas de Corte de Metal CNC","description":"","potentialAction":[{"@type":"SearchAction","target":{"@type":"EntryPoint","urlTemplate":"https:\/\/kineticcuttingsystems.eu\/es\/?s={search_term_string}"},"query-input":{"@type":"PropertyValueSpecification","valueRequired":true,"valueName":"search_term_string"}}],"inLanguage":"en-US"}]}},"_links":{"self":[{"href":"https:\/\/kineticcuttingsystems.eu\/es\/wp-json\/wp\/v2\/pages\/3466","targetHints":{"allow":["GET"]}}],"collection":[{"href":"https:\/\/kineticcuttingsystems.eu\/es\/wp-json\/wp\/v2\/pages"}],"about":[{"href":"https:\/\/kineticcuttingsystems.eu\/es\/wp-json\/wp\/v2\/types\/page"}],"author":[{"embeddable":true,"href":"https:\/\/kineticcuttingsystems.eu\/es\/wp-json\/wp\/v2\/users\/2"}],"replies":[{"embeddable":true,"href":"https:\/\/kineticcuttingsystems.eu\/es\/wp-json\/wp\/v2\/comments?post=3466"}],"version-history":[{"count":6,"href":"https:\/\/kineticcuttingsystems.eu\/es\/wp-json\/wp\/v2\/pages\/3466\/revisions"}],"predecessor-version":[{"id":4378,"href":"https:\/\/kineticcuttingsystems.eu\/es\/wp-json\/wp\/v2\/pages\/3466\/revisions\/4378"}],"up":[{"embeddable":true,"href":"https:\/\/kineticcuttingsystems.eu\/es\/wp-json\/wp\/v2\/pages\/3732"}],"wp:attachment":[{"href":"https:\/\/kineticcuttingsystems.eu\/es\/wp-json\/wp\/v2\/media?parent=3466"}],"curies":[{"name":"wp","href":"https:\/\/api.w.org\/{rel}","templated":true}]}}