{"id":317,"date":"2018-04-30T18:41:13","date_gmt":"2018-04-30T18:41:13","guid":{"rendered":"https:\/\/kineticcuttingsystems.eu\/?page_id=317"},"modified":"2025-11-12T17:04:11","modified_gmt":"2025-11-12T17:04:11","slug":"fresado-taladrado-roscado-mandrinado-y-mas","status":"publish","type":"page","link":"https:\/\/kineticcuttingsystems.eu\/es\/maquinas-de-corte\/opciones-y-accesorios\/fresado-taladrado-roscado-mandrinado-y-mas\/","title":{"rendered":"Fresado, Taladrado, Roscado, Mandrinado y M\u00e1s"},"content":{"rendered":"<h1>FRESADO, TALADRADO, ROSCADO, PERFORADO Y MUCHO M\u00c1S<\/h1>\n<p><img loading=\"lazy\" decoding=\"async\" class=\"aligncenter size-large wp-image-352\" src=\"https:\/\/kineticcuttingsystems.eu\/es\/wp-content\/uploads\/sites\/2\/2018\/05\/Drilling-1024x683.jpg\" alt=\"\" width=\"640\" height=\"427\" srcset=\"https:\/\/kineticcuttingsystems.eu\/es\/wp-content\/uploads\/sites\/5\/2018\/05\/Drilling-1024x683.jpg 1024w, https:\/\/kineticcuttingsystems.eu\/es\/wp-content\/uploads\/sites\/5\/2018\/05\/Drilling-300x200.jpg 300w, https:\/\/kineticcuttingsystems.eu\/es\/wp-content\/uploads\/sites\/5\/2018\/05\/Drilling-768x512.jpg 768w, https:\/\/kineticcuttingsystems.eu\/es\/wp-content\/uploads\/sites\/5\/2018\/05\/Drilling-1536x1024.jpg 1536w, https:\/\/kineticcuttingsystems.eu\/es\/wp-content\/uploads\/sites\/5\/2018\/05\/Drilling.jpg 2048w\" sizes=\"auto, (max-width: 640px) 100vw, 640px\" \/><\/p>\n<p>Con capacidad para hasta 24 herramientas en el cambiador autom\u00e1tico de herramientas, las piezas se pueden retirar de la mesa con todos los orificios taladrados y roscados.<\/p>\n<ul>\n<li>Husillos de alta velocidad de 17 CV a 48 CV<\/li>\n<li>Para taladrar, roscar, avellanar, escariar, fresar y escariar<\/li>\n<li>Conos de tama\u00f1o 40 y 50 para aplicaciones de herramientas universales<\/li>\n<li>Pie de sujeci\u00f3n servoaccionado para ayudar a sujetar la placa durante las operaciones de mecanizado<\/li>\n<li>Refrigerante de alta presi\u00f3n a trav\u00e9s del husillo<\/li>\n<li>Sistema de eliminaci\u00f3n de virutas para retirar las virutas de la superficie de la placa<\/li>\n<\/ul>\n<p>\u00bfQuiere obtener m\u00e1s informaci\u00f3n sobre nuestras capacidades de taladrado, fresado, perforado y roscado?\u00a0<a href=\"\/es\/solicitar-presupuesto\/\">Cont\u00e1ctenos hoy mismo.<\/a><\/p>\n","protected":false},"excerpt":{"rendered":"<p>FRESADO, TALADRADO, ROSCADO, PERFORADO Y MUCHO M\u00c1S Con capacidad para hasta 24 herramientas en el cambiador autom\u00e1tico de herramientas, las<a class=\"moretag\" href=\"https:\/\/kineticcuttingsystems.eu\/es\/maquinas-de-corte\/opciones-y-accesorios\/fresado-taladrado-roscado-mandrinado-y-mas\/\"> &#8230;continue reading<\/a><\/p>\n","protected":false},"author":2,"featured_media":0,"parent":3741,"menu_order":3,"comment_status":"closed","ping_status":"closed","template":"page-product.php","meta":{"_acf_changed":false,"inline_featured_image":false,"footnotes":""},"class_list":["post-317","page","type-page","status-publish","hentry"],"acf":[],"yoast_head":"<!-- This site is optimized with the Yoast SEO plugin v27.2 - https:\/\/yoast.com\/product\/yoast-seo-wordpress\/ -->\n<title>Fresado, Taladrado, Roscado, Mandrinado y M\u00e1s - Kinetic Sistemas de Corte de Metal CNC<\/title>\n<meta name=\"robots\" content=\"index, follow, max-snippet:-1, max-image-preview:large, max-video-preview:-1\" \/>\n<link rel=\"canonical\" href=\"https:\/\/kineticcuttingsystems.eu\/es\/maquinas-de-corte\/opciones-y-accesorios\/fresado-taladrado-roscado-mandrinado-y-mas\/\" \/>\n<meta property=\"og:locale\" content=\"en_US\" \/>\n<meta property=\"og:type\" content=\"article\" \/>\n<meta property=\"og:title\" content=\"Fresado, Taladrado, Roscado, Mandrinado y M\u00e1s - Kinetic Sistemas de Corte de Metal CNC\" \/>\n<meta property=\"og:description\" content=\"FRESADO, TALADRADO, ROSCADO, PERFORADO Y MUCHO M\u00c1S Con capacidad para hasta 24 herramientas en el cambiador autom\u00e1tico de herramientas, las ...continue reading\" \/>\n<meta property=\"og:url\" content=\"https:\/\/kineticcuttingsystems.eu\/es\/maquinas-de-corte\/opciones-y-accesorios\/fresado-taladrado-roscado-mandrinado-y-mas\/\" \/>\n<meta property=\"og:site_name\" content=\"Kinetic Sistemas de Corte de Metal CNC\" \/>\n<meta property=\"article:modified_time\" content=\"2025-11-12T17:04:11+00:00\" \/>\n<meta property=\"og:image\" content=\"https:\/\/kineticcuttingsystems.eu\/es\/wp-content\/uploads\/sites\/5\/2018\/05\/Drilling.jpg\" \/>\n\t<meta property=\"og:image:width\" content=\"2048\" \/>\n\t<meta property=\"og:image:height\" content=\"1365\" \/>\n\t<meta property=\"og:image:type\" content=\"image\/jpeg\" \/>\n<meta name=\"twitter:card\" content=\"summary_large_image\" \/>\n<meta name=\"twitter:label1\" content=\"Est. reading time\" \/>\n\t<meta name=\"twitter:data1\" content=\"1 minute\" \/>\n<script type=\"application\/ld+json\" class=\"yoast-schema-graph\">{\"@context\":\"https:\/\/schema.org\",\"@graph\":[{\"@type\":\"WebPage\",\"@id\":\"https:\/\/kineticcuttingsystems.eu\/es\/maquinas-de-corte\/opciones-y-accesorios\/fresado-taladrado-roscado-mandrinado-y-mas\/\",\"url\":\"https:\/\/kineticcuttingsystems.eu\/es\/maquinas-de-corte\/opciones-y-accesorios\/fresado-taladrado-roscado-mandrinado-y-mas\/\",\"name\":\"Fresado, Taladrado, Roscado, Mandrinado y M\u00e1s - Kinetic Sistemas de Corte de Metal CNC\",\"isPartOf\":{\"@id\":\"https:\/\/kineticcuttingsystems.eu\/es\/#website\"},\"primaryImageOfPage\":{\"@id\":\"https:\/\/kineticcuttingsystems.eu\/es\/maquinas-de-corte\/opciones-y-accesorios\/fresado-taladrado-roscado-mandrinado-y-mas\/#primaryimage\"},\"image\":{\"@id\":\"https:\/\/kineticcuttingsystems.eu\/es\/maquinas-de-corte\/opciones-y-accesorios\/fresado-taladrado-roscado-mandrinado-y-mas\/#primaryimage\"},\"thumbnailUrl\":\"https:\/\/kineticcuttingsystems.eu\/es\/wp-content\/uploads\/sites\/2\/2018\/05\/Drilling-1024x683.jpg\",\"datePublished\":\"2018-04-30T18:41:13+00:00\",\"dateModified\":\"2025-11-12T17:04:11+00:00\",\"breadcrumb\":{\"@id\":\"https:\/\/kineticcuttingsystems.eu\/es\/maquinas-de-corte\/opciones-y-accesorios\/fresado-taladrado-roscado-mandrinado-y-mas\/#breadcrumb\"},\"inLanguage\":\"en-US\",\"potentialAction\":[{\"@type\":\"ReadAction\",\"target\":[\"https:\/\/kineticcuttingsystems.eu\/es\/maquinas-de-corte\/opciones-y-accesorios\/fresado-taladrado-roscado-mandrinado-y-mas\/\"]}]},{\"@type\":\"ImageObject\",\"inLanguage\":\"en-US\",\"@id\":\"https:\/\/kineticcuttingsystems.eu\/es\/maquinas-de-corte\/opciones-y-accesorios\/fresado-taladrado-roscado-mandrinado-y-mas\/#primaryimage\",\"url\":\"https:\/\/kineticcuttingsystems.eu\/es\/wp-content\/uploads\/sites\/5\/2018\/05\/Drilling.jpg\",\"contentUrl\":\"https:\/\/kineticcuttingsystems.eu\/es\/wp-content\/uploads\/sites\/5\/2018\/05\/Drilling.jpg\",\"width\":2048,\"height\":1365},{\"@type\":\"BreadcrumbList\",\"@id\":\"https:\/\/kineticcuttingsystems.eu\/es\/maquinas-de-corte\/opciones-y-accesorios\/fresado-taladrado-roscado-mandrinado-y-mas\/#breadcrumb\",\"itemListElement\":[{\"@type\":\"ListItem\",\"position\":1,\"name\":\"Home\",\"item\":\"https:\/\/kineticcuttingsystems.eu\/es\/\"},{\"@type\":\"ListItem\",\"position\":2,\"name\":\"M\u00e1quinas de Corte\",\"item\":\"https:\/\/kineticcuttingsystems.eu\/es\/maquinas-de-corte\/\"},{\"@type\":\"ListItem\",\"position\":3,\"name\":\"Opciones y Accesorios de Plasma\",\"item\":\"https:\/\/kineticcuttingsystems.eu\/es\/maquinas-de-corte\/opciones-y-accesorios\/\"},{\"@type\":\"ListItem\",\"position\":4,\"name\":\"Fresado, Taladrado, Roscado, Mandrinado y M\u00e1s\"}]},{\"@type\":\"WebSite\",\"@id\":\"https:\/\/kineticcuttingsystems.eu\/es\/#website\",\"url\":\"https:\/\/kineticcuttingsystems.eu\/es\/\",\"name\":\"Kinetic Sistemas de Corte de Metal CNC\",\"description\":\"\",\"potentialAction\":[{\"@type\":\"SearchAction\",\"target\":{\"@type\":\"EntryPoint\",\"urlTemplate\":\"https:\/\/kineticcuttingsystems.eu\/es\/?s={search_term_string}\"},\"query-input\":{\"@type\":\"PropertyValueSpecification\",\"valueRequired\":true,\"valueName\":\"search_term_string\"}}],\"inLanguage\":\"en-US\"}]}<\/script>\n<!-- \/ Yoast SEO plugin. -->","yoast_head_json":{"title":"Fresado, Taladrado, Roscado, Mandrinado y M\u00e1s - Kinetic Sistemas de Corte de Metal CNC","robots":{"index":"index","follow":"follow","max-snippet":"max-snippet:-1","max-image-preview":"max-image-preview:large","max-video-preview":"max-video-preview:-1"},"canonical":"https:\/\/kineticcuttingsystems.eu\/es\/maquinas-de-corte\/opciones-y-accesorios\/fresado-taladrado-roscado-mandrinado-y-mas\/","og_locale":"en_US","og_type":"article","og_title":"Fresado, Taladrado, Roscado, Mandrinado y M\u00e1s - Kinetic Sistemas de Corte de Metal CNC","og_description":"FRESADO, TALADRADO, ROSCADO, PERFORADO Y MUCHO M\u00c1S Con capacidad para hasta 24 herramientas en el cambiador autom\u00e1tico de herramientas, las ...continue reading","og_url":"https:\/\/kineticcuttingsystems.eu\/es\/maquinas-de-corte\/opciones-y-accesorios\/fresado-taladrado-roscado-mandrinado-y-mas\/","og_site_name":"Kinetic Sistemas de Corte de Metal CNC","article_modified_time":"2025-11-12T17:04:11+00:00","og_image":[{"width":2048,"height":1365,"url":"https:\/\/kineticcuttingsystems.eu\/es\/wp-content\/uploads\/sites\/5\/2018\/05\/Drilling.jpg","type":"image\/jpeg"}],"twitter_card":"summary_large_image","twitter_misc":{"Est. reading time":"1 minute"},"schema":{"@context":"https:\/\/schema.org","@graph":[{"@type":"WebPage","@id":"https:\/\/kineticcuttingsystems.eu\/es\/maquinas-de-corte\/opciones-y-accesorios\/fresado-taladrado-roscado-mandrinado-y-mas\/","url":"https:\/\/kineticcuttingsystems.eu\/es\/maquinas-de-corte\/opciones-y-accesorios\/fresado-taladrado-roscado-mandrinado-y-mas\/","name":"Fresado, Taladrado, Roscado, Mandrinado y M\u00e1s - Kinetic Sistemas de Corte de Metal CNC","isPartOf":{"@id":"https:\/\/kineticcuttingsystems.eu\/es\/#website"},"primaryImageOfPage":{"@id":"https:\/\/kineticcuttingsystems.eu\/es\/maquinas-de-corte\/opciones-y-accesorios\/fresado-taladrado-roscado-mandrinado-y-mas\/#primaryimage"},"image":{"@id":"https:\/\/kineticcuttingsystems.eu\/es\/maquinas-de-corte\/opciones-y-accesorios\/fresado-taladrado-roscado-mandrinado-y-mas\/#primaryimage"},"thumbnailUrl":"https:\/\/kineticcuttingsystems.eu\/es\/wp-content\/uploads\/sites\/2\/2018\/05\/Drilling-1024x683.jpg","datePublished":"2018-04-30T18:41:13+00:00","dateModified":"2025-11-12T17:04:11+00:00","breadcrumb":{"@id":"https:\/\/kineticcuttingsystems.eu\/es\/maquinas-de-corte\/opciones-y-accesorios\/fresado-taladrado-roscado-mandrinado-y-mas\/#breadcrumb"},"inLanguage":"en-US","potentialAction":[{"@type":"ReadAction","target":["https:\/\/kineticcuttingsystems.eu\/es\/maquinas-de-corte\/opciones-y-accesorios\/fresado-taladrado-roscado-mandrinado-y-mas\/"]}]},{"@type":"ImageObject","inLanguage":"en-US","@id":"https:\/\/kineticcuttingsystems.eu\/es\/maquinas-de-corte\/opciones-y-accesorios\/fresado-taladrado-roscado-mandrinado-y-mas\/#primaryimage","url":"https:\/\/kineticcuttingsystems.eu\/es\/wp-content\/uploads\/sites\/5\/2018\/05\/Drilling.jpg","contentUrl":"https:\/\/kineticcuttingsystems.eu\/es\/wp-content\/uploads\/sites\/5\/2018\/05\/Drilling.jpg","width":2048,"height":1365},{"@type":"BreadcrumbList","@id":"https:\/\/kineticcuttingsystems.eu\/es\/maquinas-de-corte\/opciones-y-accesorios\/fresado-taladrado-roscado-mandrinado-y-mas\/#breadcrumb","itemListElement":[{"@type":"ListItem","position":1,"name":"Home","item":"https:\/\/kineticcuttingsystems.eu\/es\/"},{"@type":"ListItem","position":2,"name":"M\u00e1quinas de Corte","item":"https:\/\/kineticcuttingsystems.eu\/es\/maquinas-de-corte\/"},{"@type":"ListItem","position":3,"name":"Opciones y Accesorios de Plasma","item":"https:\/\/kineticcuttingsystems.eu\/es\/maquinas-de-corte\/opciones-y-accesorios\/"},{"@type":"ListItem","position":4,"name":"Fresado, Taladrado, Roscado, Mandrinado y M\u00e1s"}]},{"@type":"WebSite","@id":"https:\/\/kineticcuttingsystems.eu\/es\/#website","url":"https:\/\/kineticcuttingsystems.eu\/es\/","name":"Kinetic Sistemas de Corte de Metal CNC","description":"","potentialAction":[{"@type":"SearchAction","target":{"@type":"EntryPoint","urlTemplate":"https:\/\/kineticcuttingsystems.eu\/es\/?s={search_term_string}"},"query-input":{"@type":"PropertyValueSpecification","valueRequired":true,"valueName":"search_term_string"}}],"inLanguage":"en-US"}]}},"_links":{"self":[{"href":"https:\/\/kineticcuttingsystems.eu\/es\/wp-json\/wp\/v2\/pages\/317","targetHints":{"allow":["GET"]}}],"collection":[{"href":"https:\/\/kineticcuttingsystems.eu\/es\/wp-json\/wp\/v2\/pages"}],"about":[{"href":"https:\/\/kineticcuttingsystems.eu\/es\/wp-json\/wp\/v2\/types\/page"}],"author":[{"embeddable":true,"href":"https:\/\/kineticcuttingsystems.eu\/es\/wp-json\/wp\/v2\/users\/2"}],"replies":[{"embeddable":true,"href":"https:\/\/kineticcuttingsystems.eu\/es\/wp-json\/wp\/v2\/comments?post=317"}],"version-history":[{"count":3,"href":"https:\/\/kineticcuttingsystems.eu\/es\/wp-json\/wp\/v2\/pages\/317\/revisions"}],"predecessor-version":[{"id":4380,"href":"https:\/\/kineticcuttingsystems.eu\/es\/wp-json\/wp\/v2\/pages\/317\/revisions\/4380"}],"up":[{"embeddable":true,"href":"https:\/\/kineticcuttingsystems.eu\/es\/wp-json\/wp\/v2\/pages\/3741"}],"wp:attachment":[{"href":"https:\/\/kineticcuttingsystems.eu\/es\/wp-json\/wp\/v2\/media?parent=317"}],"curies":[{"name":"wp","href":"https:\/\/api.w.org\/{rel}","templated":true}]}}