{"id":315,"date":"2018-04-30T18:39:31","date_gmt":"2018-04-30T18:39:31","guid":{"rendered":"https:\/\/kineticcuttingsystems.eu\/?page_id=315"},"modified":"2025-11-11T18:45:27","modified_gmt":"2025-11-11T18:45:27","slug":"sistemas-de-corte-por-oxicombustible","status":"publish","type":"page","link":"https:\/\/kineticcuttingsystems.eu\/es\/maquinas-de-corte\/opciones-y-accesorios\/sistemas-de-corte-por-oxicombustible\/","title":{"rendered":"Sistemas de Corte por Oxicombustible"},"content":{"rendered":"\n<h2 class=\"wp-block-heading\">CABEZALES DE OXICORTE INCLUYENDO CORTE CON VARIAS ANTORCHAS<\/h2>\n\n\n<div class=\"wp-block-image\">\n<figure class=\"aligncenter\"><img loading=\"lazy\" decoding=\"async\" width=\"1024\" height=\"860\" src=\"https:\/\/kineticcuttingsystems.eu\/es\/wp-content\/uploads\/sites\/2\/2018\/05\/Oxy-Fuel-Slave-Carriages-1024x860.jpg\" alt=\"\" class=\"wp-image-336\" srcset=\"https:\/\/kineticcuttingsystems.eu\/es\/wp-content\/uploads\/sites\/5\/2018\/05\/Oxy-Fuel-Slave-Carriages-1024x860.jpg 1024w, https:\/\/kineticcuttingsystems.eu\/es\/wp-content\/uploads\/sites\/5\/2018\/05\/Oxy-Fuel-Slave-Carriages-300x252.jpg 300w, https:\/\/kineticcuttingsystems.eu\/es\/wp-content\/uploads\/sites\/5\/2018\/05\/Oxy-Fuel-Slave-Carriages-768x645.jpg 768w, https:\/\/kineticcuttingsystems.eu\/es\/wp-content\/uploads\/sites\/5\/2018\/05\/Oxy-Fuel-Slave-Carriages-1536x1290.jpg 1536w, https:\/\/kineticcuttingsystems.eu\/es\/wp-content\/uploads\/sites\/5\/2018\/05\/Oxy-Fuel-Slave-Carriages.jpg 1754w\" sizes=\"auto, (max-width: 1024px) 100vw, 1024px\" \/><\/figure><\/div>\n\n\n<p>Algunas de las opciones son desconexi\u00f3n neum\u00e1tica, encendido autom\u00e1tico y espaciado autom\u00e1tico de m\u00faltiples cabezales.<\/p>\n\n\n\n<p><\/p>\n","protected":false},"excerpt":{"rendered":"<p>CABEZALES DE OXICORTE INCLUYENDO CORTE CON VARIAS ANTORCHAS Algunas de las opciones son desconexi\u00f3n neum\u00e1tica, encendido autom\u00e1tico y espaciado autom\u00e1tico<a class=\"moretag\" href=\"https:\/\/kineticcuttingsystems.eu\/es\/maquinas-de-corte\/opciones-y-accesorios\/sistemas-de-corte-por-oxicombustible\/\"> &#8230;continue reading<\/a><\/p>\n","protected":false},"author":2,"featured_media":0,"parent":3741,"menu_order":1,"comment_status":"closed","ping_status":"closed","template":"","meta":{"_acf_changed":false,"inline_featured_image":false,"footnotes":""},"class_list":["post-315","page","type-page","status-publish","hentry"],"acf":[],"yoast_head":"<!-- This site is optimized with the Yoast SEO plugin v27.2 - https:\/\/yoast.com\/product\/yoast-seo-wordpress\/ -->\n<title>Sistemas de Corte por Oxicombustible - Kinetic Sistemas de Corte de Metal CNC<\/title>\n<meta name=\"robots\" content=\"index, follow, max-snippet:-1, max-image-preview:large, max-video-preview:-1\" \/>\n<link rel=\"canonical\" href=\"https:\/\/kineticcuttingsystems.eu\/es\/maquinas-de-corte\/opciones-y-accesorios\/sistemas-de-corte-por-oxicombustible\/\" \/>\n<meta property=\"og:locale\" content=\"en_US\" \/>\n<meta property=\"og:type\" content=\"article\" \/>\n<meta property=\"og:title\" content=\"Sistemas de Corte por Oxicombustible - Kinetic Sistemas de Corte de Metal CNC\" \/>\n<meta property=\"og:description\" content=\"CABEZALES DE OXICORTE INCLUYENDO CORTE CON VARIAS ANTORCHAS Algunas de las opciones son desconexi\u00f3n neum\u00e1tica, encendido autom\u00e1tico y espaciado autom\u00e1tico ...continue reading\" \/>\n<meta property=\"og:url\" content=\"https:\/\/kineticcuttingsystems.eu\/es\/maquinas-de-corte\/opciones-y-accesorios\/sistemas-de-corte-por-oxicombustible\/\" \/>\n<meta property=\"og:site_name\" content=\"Kinetic Sistemas de Corte de Metal CNC\" \/>\n<meta property=\"article:modified_time\" content=\"2025-11-11T18:45:27+00:00\" \/>\n<meta property=\"og:image\" content=\"https:\/\/kineticcuttingsystems.eu\/es\/wp-content\/uploads\/sites\/5\/2018\/05\/Oxy-Fuel-Slave-Carriages.jpg\" \/>\n\t<meta property=\"og:image:width\" content=\"1754\" \/>\n\t<meta property=\"og:image:height\" content=\"1473\" \/>\n\t<meta property=\"og:image:type\" content=\"image\/jpeg\" \/>\n<meta name=\"twitter:card\" content=\"summary_large_image\" \/>\n<meta name=\"twitter:label1\" content=\"Est. reading time\" \/>\n\t<meta name=\"twitter:data1\" content=\"1 minute\" \/>\n<script type=\"application\/ld+json\" class=\"yoast-schema-graph\">{\"@context\":\"https:\/\/schema.org\",\"@graph\":[{\"@type\":\"WebPage\",\"@id\":\"https:\/\/kineticcuttingsystems.eu\/es\/maquinas-de-corte\/opciones-y-accesorios\/sistemas-de-corte-por-oxicombustible\/\",\"url\":\"https:\/\/kineticcuttingsystems.eu\/es\/maquinas-de-corte\/opciones-y-accesorios\/sistemas-de-corte-por-oxicombustible\/\",\"name\":\"Sistemas de Corte por Oxicombustible - Kinetic Sistemas de Corte de Metal CNC\",\"isPartOf\":{\"@id\":\"https:\/\/kineticcuttingsystems.eu\/es\/#website\"},\"primaryImageOfPage\":{\"@id\":\"https:\/\/kineticcuttingsystems.eu\/es\/maquinas-de-corte\/opciones-y-accesorios\/sistemas-de-corte-por-oxicombustible\/#primaryimage\"},\"image\":{\"@id\":\"https:\/\/kineticcuttingsystems.eu\/es\/maquinas-de-corte\/opciones-y-accesorios\/sistemas-de-corte-por-oxicombustible\/#primaryimage\"},\"thumbnailUrl\":\"https:\/\/kineticcuttingsystems.eu\/es\/wp-content\/uploads\/sites\/2\/2018\/05\/Oxy-Fuel-Slave-Carriages-1024x860.jpg\",\"datePublished\":\"2018-04-30T18:39:31+00:00\",\"dateModified\":\"2025-11-11T18:45:27+00:00\",\"breadcrumb\":{\"@id\":\"https:\/\/kineticcuttingsystems.eu\/es\/maquinas-de-corte\/opciones-y-accesorios\/sistemas-de-corte-por-oxicombustible\/#breadcrumb\"},\"inLanguage\":\"en-US\",\"potentialAction\":[{\"@type\":\"ReadAction\",\"target\":[\"https:\/\/kineticcuttingsystems.eu\/es\/maquinas-de-corte\/opciones-y-accesorios\/sistemas-de-corte-por-oxicombustible\/\"]}]},{\"@type\":\"ImageObject\",\"inLanguage\":\"en-US\",\"@id\":\"https:\/\/kineticcuttingsystems.eu\/es\/maquinas-de-corte\/opciones-y-accesorios\/sistemas-de-corte-por-oxicombustible\/#primaryimage\",\"url\":\"https:\/\/kineticcuttingsystems.eu\/es\/wp-content\/uploads\/sites\/5\/2018\/05\/Oxy-Fuel-Slave-Carriages.jpg\",\"contentUrl\":\"https:\/\/kineticcuttingsystems.eu\/es\/wp-content\/uploads\/sites\/5\/2018\/05\/Oxy-Fuel-Slave-Carriages.jpg\",\"width\":1754,\"height\":1473},{\"@type\":\"BreadcrumbList\",\"@id\":\"https:\/\/kineticcuttingsystems.eu\/es\/maquinas-de-corte\/opciones-y-accesorios\/sistemas-de-corte-por-oxicombustible\/#breadcrumb\",\"itemListElement\":[{\"@type\":\"ListItem\",\"position\":1,\"name\":\"Home\",\"item\":\"https:\/\/kineticcuttingsystems.eu\/es\/\"},{\"@type\":\"ListItem\",\"position\":2,\"name\":\"M\u00e1quinas de Corte\",\"item\":\"https:\/\/kineticcuttingsystems.eu\/es\/maquinas-de-corte\/\"},{\"@type\":\"ListItem\",\"position\":3,\"name\":\"Opciones y Accesorios de Plasma\",\"item\":\"https:\/\/kineticcuttingsystems.eu\/es\/maquinas-de-corte\/opciones-y-accesorios\/\"},{\"@type\":\"ListItem\",\"position\":4,\"name\":\"Sistemas de Corte por Oxicombustible\"}]},{\"@type\":\"WebSite\",\"@id\":\"https:\/\/kineticcuttingsystems.eu\/es\/#website\",\"url\":\"https:\/\/kineticcuttingsystems.eu\/es\/\",\"name\":\"Kinetic Sistemas de Corte de Metal CNC\",\"description\":\"\",\"potentialAction\":[{\"@type\":\"SearchAction\",\"target\":{\"@type\":\"EntryPoint\",\"urlTemplate\":\"https:\/\/kineticcuttingsystems.eu\/es\/?s={search_term_string}\"},\"query-input\":{\"@type\":\"PropertyValueSpecification\",\"valueRequired\":true,\"valueName\":\"search_term_string\"}}],\"inLanguage\":\"en-US\"}]}<\/script>\n<!-- \/ Yoast SEO plugin. -->","yoast_head_json":{"title":"Sistemas de Corte por Oxicombustible - Kinetic Sistemas de Corte de Metal CNC","robots":{"index":"index","follow":"follow","max-snippet":"max-snippet:-1","max-image-preview":"max-image-preview:large","max-video-preview":"max-video-preview:-1"},"canonical":"https:\/\/kineticcuttingsystems.eu\/es\/maquinas-de-corte\/opciones-y-accesorios\/sistemas-de-corte-por-oxicombustible\/","og_locale":"en_US","og_type":"article","og_title":"Sistemas de Corte por Oxicombustible - Kinetic Sistemas de Corte de Metal CNC","og_description":"CABEZALES DE OXICORTE INCLUYENDO CORTE CON VARIAS ANTORCHAS Algunas de las opciones son desconexi\u00f3n neum\u00e1tica, encendido autom\u00e1tico y espaciado autom\u00e1tico ...continue reading","og_url":"https:\/\/kineticcuttingsystems.eu\/es\/maquinas-de-corte\/opciones-y-accesorios\/sistemas-de-corte-por-oxicombustible\/","og_site_name":"Kinetic Sistemas de Corte de Metal CNC","article_modified_time":"2025-11-11T18:45:27+00:00","og_image":[{"width":1754,"height":1473,"url":"https:\/\/kineticcuttingsystems.eu\/es\/wp-content\/uploads\/sites\/5\/2018\/05\/Oxy-Fuel-Slave-Carriages.jpg","type":"image\/jpeg"}],"twitter_card":"summary_large_image","twitter_misc":{"Est. reading time":"1 minute"},"schema":{"@context":"https:\/\/schema.org","@graph":[{"@type":"WebPage","@id":"https:\/\/kineticcuttingsystems.eu\/es\/maquinas-de-corte\/opciones-y-accesorios\/sistemas-de-corte-por-oxicombustible\/","url":"https:\/\/kineticcuttingsystems.eu\/es\/maquinas-de-corte\/opciones-y-accesorios\/sistemas-de-corte-por-oxicombustible\/","name":"Sistemas de Corte por Oxicombustible - Kinetic Sistemas de Corte de Metal CNC","isPartOf":{"@id":"https:\/\/kineticcuttingsystems.eu\/es\/#website"},"primaryImageOfPage":{"@id":"https:\/\/kineticcuttingsystems.eu\/es\/maquinas-de-corte\/opciones-y-accesorios\/sistemas-de-corte-por-oxicombustible\/#primaryimage"},"image":{"@id":"https:\/\/kineticcuttingsystems.eu\/es\/maquinas-de-corte\/opciones-y-accesorios\/sistemas-de-corte-por-oxicombustible\/#primaryimage"},"thumbnailUrl":"https:\/\/kineticcuttingsystems.eu\/es\/wp-content\/uploads\/sites\/2\/2018\/05\/Oxy-Fuel-Slave-Carriages-1024x860.jpg","datePublished":"2018-04-30T18:39:31+00:00","dateModified":"2025-11-11T18:45:27+00:00","breadcrumb":{"@id":"https:\/\/kineticcuttingsystems.eu\/es\/maquinas-de-corte\/opciones-y-accesorios\/sistemas-de-corte-por-oxicombustible\/#breadcrumb"},"inLanguage":"en-US","potentialAction":[{"@type":"ReadAction","target":["https:\/\/kineticcuttingsystems.eu\/es\/maquinas-de-corte\/opciones-y-accesorios\/sistemas-de-corte-por-oxicombustible\/"]}]},{"@type":"ImageObject","inLanguage":"en-US","@id":"https:\/\/kineticcuttingsystems.eu\/es\/maquinas-de-corte\/opciones-y-accesorios\/sistemas-de-corte-por-oxicombustible\/#primaryimage","url":"https:\/\/kineticcuttingsystems.eu\/es\/wp-content\/uploads\/sites\/5\/2018\/05\/Oxy-Fuel-Slave-Carriages.jpg","contentUrl":"https:\/\/kineticcuttingsystems.eu\/es\/wp-content\/uploads\/sites\/5\/2018\/05\/Oxy-Fuel-Slave-Carriages.jpg","width":1754,"height":1473},{"@type":"BreadcrumbList","@id":"https:\/\/kineticcuttingsystems.eu\/es\/maquinas-de-corte\/opciones-y-accesorios\/sistemas-de-corte-por-oxicombustible\/#breadcrumb","itemListElement":[{"@type":"ListItem","position":1,"name":"Home","item":"https:\/\/kineticcuttingsystems.eu\/es\/"},{"@type":"ListItem","position":2,"name":"M\u00e1quinas de Corte","item":"https:\/\/kineticcuttingsystems.eu\/es\/maquinas-de-corte\/"},{"@type":"ListItem","position":3,"name":"Opciones y Accesorios de Plasma","item":"https:\/\/kineticcuttingsystems.eu\/es\/maquinas-de-corte\/opciones-y-accesorios\/"},{"@type":"ListItem","position":4,"name":"Sistemas de Corte por Oxicombustible"}]},{"@type":"WebSite","@id":"https:\/\/kineticcuttingsystems.eu\/es\/#website","url":"https:\/\/kineticcuttingsystems.eu\/es\/","name":"Kinetic Sistemas de Corte de Metal CNC","description":"","potentialAction":[{"@type":"SearchAction","target":{"@type":"EntryPoint","urlTemplate":"https:\/\/kineticcuttingsystems.eu\/es\/?s={search_term_string}"},"query-input":{"@type":"PropertyValueSpecification","valueRequired":true,"valueName":"search_term_string"}}],"inLanguage":"en-US"}]}},"_links":{"self":[{"href":"https:\/\/kineticcuttingsystems.eu\/es\/wp-json\/wp\/v2\/pages\/315","targetHints":{"allow":["GET"]}}],"collection":[{"href":"https:\/\/kineticcuttingsystems.eu\/es\/wp-json\/wp\/v2\/pages"}],"about":[{"href":"https:\/\/kineticcuttingsystems.eu\/es\/wp-json\/wp\/v2\/types\/page"}],"author":[{"embeddable":true,"href":"https:\/\/kineticcuttingsystems.eu\/es\/wp-json\/wp\/v2\/users\/2"}],"replies":[{"embeddable":true,"href":"https:\/\/kineticcuttingsystems.eu\/es\/wp-json\/wp\/v2\/comments?post=315"}],"version-history":[{"count":3,"href":"https:\/\/kineticcuttingsystems.eu\/es\/wp-json\/wp\/v2\/pages\/315\/revisions"}],"predecessor-version":[{"id":4260,"href":"https:\/\/kineticcuttingsystems.eu\/es\/wp-json\/wp\/v2\/pages\/315\/revisions\/4260"}],"up":[{"embeddable":true,"href":"https:\/\/kineticcuttingsystems.eu\/es\/wp-json\/wp\/v2\/pages\/3741"}],"wp:attachment":[{"href":"https:\/\/kineticcuttingsystems.eu\/es\/wp-json\/wp\/v2\/media?parent=315"}],"curies":[{"name":"wp","href":"https:\/\/api.w.org\/{rel}","templated":true}]}}