{"id":312,"date":"2018-04-30T18:39:01","date_gmt":"2018-04-30T18:39:01","guid":{"rendered":"https:\/\/kineticcuttingsystems.eu\/?page_id=312"},"modified":"2025-11-12T17:02:46","modified_gmt":"2025-11-12T17:02:46","slug":"sistemas-de-plasma-hypertherm","status":"publish","type":"page","link":"https:\/\/kineticcuttingsystems.eu\/es\/maquinas-de-corte\/opciones-y-accesorios\/sistemas-de-plasma-hypertherm\/","title":{"rendered":"Sistemas de Plasma Hypertherm"},"content":{"rendered":"\n<h1 class=\"wp-block-heading\">SISTEMAS DE PLASMA HYPERTHERM<\/h1>\n\n\n<div class=\"wp-block-image\">\n<figure class=\"aligncenter\"><img loading=\"lazy\" decoding=\"async\" width=\"150\" height=\"300\" src=\"https:\/\/kineticcuttingsystems.eu\/es\/wp-content\/uploads\/sites\/5\/2018\/05\/plasma-torch-150x300-1.jpg\" alt=\"\" class=\"wp-image-350\"\/><\/figure><\/div>\n\n\n<p>Las m\u00e1quinas Kinetic incorporan lo \u00faltimo en corte por plasma de Hypertherm. Gracias a la completa automatizaci\u00f3n de la configuraci\u00f3n del plasma, el controlador Kinetic no tiene rival en cuanto a facilidad de uso y calidad de corte por plasma.<\/p>\n\n\n\n<p><strong>Elija Entre los Siguientes Sistemas Hypertherm:<\/strong><\/p>\n\n\n\n<ul class=\"wp-block-list\">\n<li>Hypertherm HPR800XD, para acero inoxidable<\/li>\n\n\n\n<li>Hypertherm HPR400XD<\/li>\n\n\n\n<li>Hypertherm XPR460<\/li>\n\n\n\n<li>Hypertherm XPR300<\/li>\n\n\n\n<li>Hypertherm XPR170<\/li>\n<\/ul>\n\n\n\n<p><strong>Kinetic Utiliza los Siguientes Sistemas de Plasma:<\/strong><\/p>\n\n\n\n<ul class=\"wp-block-list\">\n<li>Aplicaciones de plasma de precisi\u00f3n Hypertherm<\/li>\n\n\n\n<li>Tecnolog\u00eda de plasma Hypertherm para disfrutar de una mayor velocidad de corte y un mayor ahorro<\/li>\n\n\n\n<li>Existen otras opciones de plasma si nos lo solicita<\/li>\n<\/ul>\n\n\n\n<p><strong>Caracter\u00edsticas Incluidas con el Kinetic Plasma:<\/strong><\/p>\n\n\n\n<ul class=\"wp-block-list\">\n<li>Ajuste autom\u00e1tico de tensi\u00f3n y corriente<\/li>\n\n\n\n<li>Ajuste autom\u00e1tico de la altura de perforaci\u00f3n<\/li>\n\n\n\n<li>Control de la altura de la tensi\u00f3n durante el corte<\/li>\n\n\n\n<li>Detecci\u00f3n de la altura inicial de la placa<\/li>\n\n\n\n<li>Configuraci\u00f3n automatizada de gases de plasma (opcional cuando corresponda)<\/li>\n<\/ul>\n\n\n\n<p>\u00bfQuiere obtener m\u00e1s informaci\u00f3n?\u00a0<a href=\"\/es\/solicitar-presupuesto\/\">Cont\u00e1ctenos hoy mismo<\/a> para informarse sobre los sistemas de corte por plasma y las opciones que podemos ofrecerle.<\/p>\n\n\n\n<p><\/p>\n","protected":false},"excerpt":{"rendered":"<p>SISTEMAS DE PLASMA HYPERTHERM Las m\u00e1quinas Kinetic incorporan lo \u00faltimo en corte por plasma de Hypertherm. Gracias a la completa<a class=\"moretag\" href=\"https:\/\/kineticcuttingsystems.eu\/es\/maquinas-de-corte\/opciones-y-accesorios\/sistemas-de-plasma-hypertherm\/\"> &#8230;continue reading<\/a><\/p>\n","protected":false},"author":2,"featured_media":0,"parent":3741,"menu_order":0,"comment_status":"closed","ping_status":"closed","template":"page-product.php","meta":{"_acf_changed":false,"inline_featured_image":false,"footnotes":""},"class_list":["post-312","page","type-page","status-publish","hentry"],"acf":[],"yoast_head":"<!-- This site is optimized with the Yoast SEO plugin v27.2 - https:\/\/yoast.com\/product\/yoast-seo-wordpress\/ -->\n<title>Sistemas de Plasma Hypertherm - Kinetic Sistemas de Corte de Metal CNC<\/title>\n<meta name=\"robots\" content=\"index, follow, max-snippet:-1, max-image-preview:large, max-video-preview:-1\" \/>\n<link rel=\"canonical\" href=\"https:\/\/kineticcuttingsystems.eu\/es\/maquinas-de-corte\/opciones-y-accesorios\/sistemas-de-plasma-hypertherm\/\" \/>\n<meta property=\"og:locale\" content=\"en_US\" \/>\n<meta property=\"og:type\" content=\"article\" \/>\n<meta property=\"og:title\" content=\"Sistemas de Plasma Hypertherm - Kinetic Sistemas de Corte de Metal CNC\" \/>\n<meta property=\"og:description\" content=\"SISTEMAS DE PLASMA HYPERTHERM Las m\u00e1quinas Kinetic incorporan lo \u00faltimo en corte por plasma de Hypertherm. Gracias a la completa ...continue reading\" \/>\n<meta property=\"og:url\" content=\"https:\/\/kineticcuttingsystems.eu\/es\/maquinas-de-corte\/opciones-y-accesorios\/sistemas-de-plasma-hypertherm\/\" \/>\n<meta property=\"og:site_name\" content=\"Kinetic Sistemas de Corte de Metal CNC\" \/>\n<meta property=\"article:modified_time\" content=\"2025-11-12T17:02:46+00:00\" \/>\n<meta property=\"og:image\" content=\"https:\/\/kineticcuttingsystems.eu\/es\/wp-content\/uploads\/sites\/5\/2018\/05\/plasma-torch-150x300-1.jpg\" \/>\n\t<meta property=\"og:image:width\" content=\"150\" \/>\n\t<meta property=\"og:image:height\" content=\"300\" \/>\n\t<meta property=\"og:image:type\" content=\"image\/jpeg\" \/>\n<meta name=\"twitter:card\" content=\"summary_large_image\" \/>\n<meta name=\"twitter:label1\" content=\"Est. reading time\" \/>\n\t<meta name=\"twitter:data1\" content=\"1 minute\" \/>\n<script type=\"application\/ld+json\" class=\"yoast-schema-graph\">{\"@context\":\"https:\/\/schema.org\",\"@graph\":[{\"@type\":\"WebPage\",\"@id\":\"https:\/\/kineticcuttingsystems.eu\/es\/maquinas-de-corte\/opciones-y-accesorios\/sistemas-de-plasma-hypertherm\/\",\"url\":\"https:\/\/kineticcuttingsystems.eu\/es\/maquinas-de-corte\/opciones-y-accesorios\/sistemas-de-plasma-hypertherm\/\",\"name\":\"Sistemas de Plasma Hypertherm - Kinetic Sistemas de Corte de Metal CNC\",\"isPartOf\":{\"@id\":\"https:\/\/kineticcuttingsystems.eu\/es\/#website\"},\"primaryImageOfPage\":{\"@id\":\"https:\/\/kineticcuttingsystems.eu\/es\/maquinas-de-corte\/opciones-y-accesorios\/sistemas-de-plasma-hypertherm\/#primaryimage\"},\"image\":{\"@id\":\"https:\/\/kineticcuttingsystems.eu\/es\/maquinas-de-corte\/opciones-y-accesorios\/sistemas-de-plasma-hypertherm\/#primaryimage\"},\"thumbnailUrl\":\"https:\/\/kineticcuttingsystems.eu\/es\/wp-content\/uploads\/sites\/5\/2018\/05\/plasma-torch-150x300-1.jpg\",\"datePublished\":\"2018-04-30T18:39:01+00:00\",\"dateModified\":\"2025-11-12T17:02:46+00:00\",\"breadcrumb\":{\"@id\":\"https:\/\/kineticcuttingsystems.eu\/es\/maquinas-de-corte\/opciones-y-accesorios\/sistemas-de-plasma-hypertherm\/#breadcrumb\"},\"inLanguage\":\"en-US\",\"potentialAction\":[{\"@type\":\"ReadAction\",\"target\":[\"https:\/\/kineticcuttingsystems.eu\/es\/maquinas-de-corte\/opciones-y-accesorios\/sistemas-de-plasma-hypertherm\/\"]}]},{\"@type\":\"ImageObject\",\"inLanguage\":\"en-US\",\"@id\":\"https:\/\/kineticcuttingsystems.eu\/es\/maquinas-de-corte\/opciones-y-accesorios\/sistemas-de-plasma-hypertherm\/#primaryimage\",\"url\":\"https:\/\/kineticcuttingsystems.eu\/es\/wp-content\/uploads\/sites\/5\/2018\/05\/plasma-torch-150x300-1.jpg\",\"contentUrl\":\"https:\/\/kineticcuttingsystems.eu\/es\/wp-content\/uploads\/sites\/5\/2018\/05\/plasma-torch-150x300-1.jpg\",\"width\":150,\"height\":300},{\"@type\":\"BreadcrumbList\",\"@id\":\"https:\/\/kineticcuttingsystems.eu\/es\/maquinas-de-corte\/opciones-y-accesorios\/sistemas-de-plasma-hypertherm\/#breadcrumb\",\"itemListElement\":[{\"@type\":\"ListItem\",\"position\":1,\"name\":\"Home\",\"item\":\"https:\/\/kineticcuttingsystems.eu\/es\/\"},{\"@type\":\"ListItem\",\"position\":2,\"name\":\"M\u00e1quinas de Corte\",\"item\":\"https:\/\/kineticcuttingsystems.eu\/es\/maquinas-de-corte\/\"},{\"@type\":\"ListItem\",\"position\":3,\"name\":\"Opciones y Accesorios de Plasma\",\"item\":\"https:\/\/kineticcuttingsystems.eu\/es\/maquinas-de-corte\/opciones-y-accesorios\/\"},{\"@type\":\"ListItem\",\"position\":4,\"name\":\"Sistemas de Plasma Hypertherm\"}]},{\"@type\":\"WebSite\",\"@id\":\"https:\/\/kineticcuttingsystems.eu\/es\/#website\",\"url\":\"https:\/\/kineticcuttingsystems.eu\/es\/\",\"name\":\"Kinetic Sistemas de Corte de Metal CNC\",\"description\":\"\",\"potentialAction\":[{\"@type\":\"SearchAction\",\"target\":{\"@type\":\"EntryPoint\",\"urlTemplate\":\"https:\/\/kineticcuttingsystems.eu\/es\/?s={search_term_string}\"},\"query-input\":{\"@type\":\"PropertyValueSpecification\",\"valueRequired\":true,\"valueName\":\"search_term_string\"}}],\"inLanguage\":\"en-US\"}]}<\/script>\n<!-- \/ Yoast SEO plugin. -->","yoast_head_json":{"title":"Sistemas de Plasma Hypertherm - Kinetic Sistemas de Corte de Metal CNC","robots":{"index":"index","follow":"follow","max-snippet":"max-snippet:-1","max-image-preview":"max-image-preview:large","max-video-preview":"max-video-preview:-1"},"canonical":"https:\/\/kineticcuttingsystems.eu\/es\/maquinas-de-corte\/opciones-y-accesorios\/sistemas-de-plasma-hypertherm\/","og_locale":"en_US","og_type":"article","og_title":"Sistemas de Plasma Hypertherm - Kinetic Sistemas de Corte de Metal CNC","og_description":"SISTEMAS DE PLASMA HYPERTHERM Las m\u00e1quinas Kinetic incorporan lo \u00faltimo en corte por plasma de Hypertherm. Gracias a la completa ...continue reading","og_url":"https:\/\/kineticcuttingsystems.eu\/es\/maquinas-de-corte\/opciones-y-accesorios\/sistemas-de-plasma-hypertherm\/","og_site_name":"Kinetic Sistemas de Corte de Metal CNC","article_modified_time":"2025-11-12T17:02:46+00:00","og_image":[{"width":150,"height":300,"url":"https:\/\/kineticcuttingsystems.eu\/es\/wp-content\/uploads\/sites\/5\/2018\/05\/plasma-torch-150x300-1.jpg","type":"image\/jpeg"}],"twitter_card":"summary_large_image","twitter_misc":{"Est. reading time":"1 minute"},"schema":{"@context":"https:\/\/schema.org","@graph":[{"@type":"WebPage","@id":"https:\/\/kineticcuttingsystems.eu\/es\/maquinas-de-corte\/opciones-y-accesorios\/sistemas-de-plasma-hypertherm\/","url":"https:\/\/kineticcuttingsystems.eu\/es\/maquinas-de-corte\/opciones-y-accesorios\/sistemas-de-plasma-hypertherm\/","name":"Sistemas de Plasma Hypertherm - Kinetic Sistemas de Corte de Metal CNC","isPartOf":{"@id":"https:\/\/kineticcuttingsystems.eu\/es\/#website"},"primaryImageOfPage":{"@id":"https:\/\/kineticcuttingsystems.eu\/es\/maquinas-de-corte\/opciones-y-accesorios\/sistemas-de-plasma-hypertherm\/#primaryimage"},"image":{"@id":"https:\/\/kineticcuttingsystems.eu\/es\/maquinas-de-corte\/opciones-y-accesorios\/sistemas-de-plasma-hypertherm\/#primaryimage"},"thumbnailUrl":"https:\/\/kineticcuttingsystems.eu\/es\/wp-content\/uploads\/sites\/5\/2018\/05\/plasma-torch-150x300-1.jpg","datePublished":"2018-04-30T18:39:01+00:00","dateModified":"2025-11-12T17:02:46+00:00","breadcrumb":{"@id":"https:\/\/kineticcuttingsystems.eu\/es\/maquinas-de-corte\/opciones-y-accesorios\/sistemas-de-plasma-hypertherm\/#breadcrumb"},"inLanguage":"en-US","potentialAction":[{"@type":"ReadAction","target":["https:\/\/kineticcuttingsystems.eu\/es\/maquinas-de-corte\/opciones-y-accesorios\/sistemas-de-plasma-hypertherm\/"]}]},{"@type":"ImageObject","inLanguage":"en-US","@id":"https:\/\/kineticcuttingsystems.eu\/es\/maquinas-de-corte\/opciones-y-accesorios\/sistemas-de-plasma-hypertherm\/#primaryimage","url":"https:\/\/kineticcuttingsystems.eu\/es\/wp-content\/uploads\/sites\/5\/2018\/05\/plasma-torch-150x300-1.jpg","contentUrl":"https:\/\/kineticcuttingsystems.eu\/es\/wp-content\/uploads\/sites\/5\/2018\/05\/plasma-torch-150x300-1.jpg","width":150,"height":300},{"@type":"BreadcrumbList","@id":"https:\/\/kineticcuttingsystems.eu\/es\/maquinas-de-corte\/opciones-y-accesorios\/sistemas-de-plasma-hypertherm\/#breadcrumb","itemListElement":[{"@type":"ListItem","position":1,"name":"Home","item":"https:\/\/kineticcuttingsystems.eu\/es\/"},{"@type":"ListItem","position":2,"name":"M\u00e1quinas de Corte","item":"https:\/\/kineticcuttingsystems.eu\/es\/maquinas-de-corte\/"},{"@type":"ListItem","position":3,"name":"Opciones y Accesorios de Plasma","item":"https:\/\/kineticcuttingsystems.eu\/es\/maquinas-de-corte\/opciones-y-accesorios\/"},{"@type":"ListItem","position":4,"name":"Sistemas de Plasma Hypertherm"}]},{"@type":"WebSite","@id":"https:\/\/kineticcuttingsystems.eu\/es\/#website","url":"https:\/\/kineticcuttingsystems.eu\/es\/","name":"Kinetic Sistemas de Corte de Metal CNC","description":"","potentialAction":[{"@type":"SearchAction","target":{"@type":"EntryPoint","urlTemplate":"https:\/\/kineticcuttingsystems.eu\/es\/?s={search_term_string}"},"query-input":{"@type":"PropertyValueSpecification","valueRequired":true,"valueName":"search_term_string"}}],"inLanguage":"en-US"}]}},"_links":{"self":[{"href":"https:\/\/kineticcuttingsystems.eu\/es\/wp-json\/wp\/v2\/pages\/312","targetHints":{"allow":["GET"]}}],"collection":[{"href":"https:\/\/kineticcuttingsystems.eu\/es\/wp-json\/wp\/v2\/pages"}],"about":[{"href":"https:\/\/kineticcuttingsystems.eu\/es\/wp-json\/wp\/v2\/types\/page"}],"author":[{"embeddable":true,"href":"https:\/\/kineticcuttingsystems.eu\/es\/wp-json\/wp\/v2\/users\/2"}],"replies":[{"embeddable":true,"href":"https:\/\/kineticcuttingsystems.eu\/es\/wp-json\/wp\/v2\/comments?post=312"}],"version-history":[{"count":4,"href":"https:\/\/kineticcuttingsystems.eu\/es\/wp-json\/wp\/v2\/pages\/312\/revisions"}],"predecessor-version":[{"id":4379,"href":"https:\/\/kineticcuttingsystems.eu\/es\/wp-json\/wp\/v2\/pages\/312\/revisions\/4379"}],"up":[{"embeddable":true,"href":"https:\/\/kineticcuttingsystems.eu\/es\/wp-json\/wp\/v2\/pages\/3741"}],"wp:attachment":[{"href":"https:\/\/kineticcuttingsystems.eu\/es\/wp-json\/wp\/v2\/media?parent=312"}],"curies":[{"name":"wp","href":"https:\/\/api.w.org\/{rel}","templated":true}]}}