{"id":221,"date":"2018-04-24T18:21:03","date_gmt":"2018-04-24T18:21:03","guid":{"rendered":"https:\/\/kineticcuttingsystems.eu\/?page_id=221"},"modified":"2025-11-11T18:33:09","modified_gmt":"2025-11-11T18:33:09","slug":"sistema-de-corte-k2500","status":"publish","type":"page","link":"https:\/\/kineticcuttingsystems.eu\/es\/maquinas-de-corte\/corte-por-plasma-de-produccion\/sistema-de-corte-k2500\/","title":{"rendered":"K2500"},"content":{"rendered":"\n<h1 class=\"wp-block-heading\">Sistema de Corte K2500<\/h1>\n\n\n\n<p><em><strong>Corte por Plasma y Oxicorte<\/strong><\/em><br \/><em><strong>Corte en Bisel y con Varias Antorchas<\/strong><\/em><br \/><em><strong>Taladrado Mejorado<\/strong><\/em><\/p>\n\n\n\n<p>La K2500 es nuestra m\u00e1quina de corte de producci\u00f3n m\u00e1s avanzada, capaz de realizar cortes por plasma, cortes con oxicorte, cortes en bisel y cortes con varias antorchas.<\/p>\n\n\n\n<p>Sus caracter\u00edsticas de serie tambi\u00e9n incluyen una torreta para taladrar de 6 estaciones y cuatro estaciones configurables en el carro de la antorcha principal. Esta m\u00e1quina ofrece la precisi\u00f3n y eficiencia por las que se reconoce a Kinetic en un sistema de corte por plasma de carga media que es perfecto para una amplia variedad de aplicaciones de procesamiento de placas.<\/p>\n\n\n\n<figure class=\"wp-block-gallery has-nested-images columns-4 is-cropped wp-block-gallery-1 is-layout-flex wp-block-gallery-is-layout-flex\">\n<figure class=\"wp-block-image size-large\"><a href=\"https:\/\/kineticcuttingsystems.eu\/es\/cutting-machines\/production-plasma-cutting\/k2500-plasma-cutting-system\/k2500-1\/\"><img loading=\"lazy\" decoding=\"async\" width=\"1000\" height=\"667\" data-id=\"636\" src=\"https:\/\/kineticcuttingsystems.eu\/es\/wp-content\/uploads\/sites\/2\/2018\/06\/K2500-1.jpg\" alt=\"\" class=\"wp-image-636\" srcset=\"https:\/\/kineticcuttingsystems.eu\/es\/wp-content\/uploads\/sites\/5\/2018\/06\/K2500-1.jpg 1000w, https:\/\/kineticcuttingsystems.eu\/es\/wp-content\/uploads\/sites\/5\/2018\/06\/K2500-1-300x200.jpg 300w, https:\/\/kineticcuttingsystems.eu\/es\/wp-content\/uploads\/sites\/5\/2018\/06\/K2500-1-768x512.jpg 768w\" sizes=\"auto, (max-width: 1000px) 100vw, 1000px\" \/><\/a><\/figure>\n\n\n\n<figure class=\"wp-block-image size-large\"><a href=\"https:\/\/kineticcuttingsystems.eu\/es\/cutting-machines\/production-plasma-cutting\/k2500-plasma-cutting-system\/k2500-2\/\"><img loading=\"lazy\" decoding=\"async\" width=\"1000\" height=\"667\" data-id=\"637\" src=\"https:\/\/kineticcuttingsystems.eu\/es\/wp-content\/uploads\/sites\/5\/2018\/06\/K2500-2.jpg\" alt=\"\" class=\"wp-image-637\" srcset=\"https:\/\/kineticcuttingsystems.eu\/es\/wp-content\/uploads\/sites\/5\/2018\/06\/K2500-2.jpg 1000w, https:\/\/kineticcuttingsystems.eu\/es\/wp-content\/uploads\/sites\/5\/2018\/06\/K2500-2-300x200.jpg 300w, https:\/\/kineticcuttingsystems.eu\/es\/wp-content\/uploads\/sites\/5\/2018\/06\/K2500-2-768x512.jpg 768w\" sizes=\"auto, (max-width: 1000px) 100vw, 1000px\" \/><\/a><\/figure>\n\n\n\n<figure class=\"wp-block-image size-large\"><a href=\"https:\/\/kineticcuttingsystems.eu\/es\/cutting-machines\/production-plasma-cutting\/k2500-plasma-cutting-system\/k2500-3\/\"><img loading=\"lazy\" decoding=\"async\" width=\"1000\" height=\"667\" data-id=\"638\" src=\"https:\/\/kineticcuttingsystems.eu\/es\/wp-content\/uploads\/sites\/2\/2018\/06\/K2500-3.jpg\" alt=\"\" class=\"wp-image-638\" srcset=\"https:\/\/kineticcuttingsystems.eu\/es\/wp-content\/uploads\/sites\/5\/2018\/06\/K2500-3.jpg 1000w, https:\/\/kineticcuttingsystems.eu\/es\/wp-content\/uploads\/sites\/5\/2018\/06\/K2500-3-300x200.jpg 300w, https:\/\/kineticcuttingsystems.eu\/es\/wp-content\/uploads\/sites\/5\/2018\/06\/K2500-3-768x512.jpg 768w\" sizes=\"auto, (max-width: 1000px) 100vw, 1000px\" \/><\/a><\/figure>\n\n\n\n<figure class=\"wp-block-image size-large\"><a href=\"https:\/\/kineticcuttingsystems.eu\/es\/cutting-machines\/combination-cutting-drilling\/k3000xmc-plasma-cutting-system-with-integrated-drilling\/blockhouse-parts-gallery\/\"><img loading=\"lazy\" decoding=\"async\" width=\"1000\" height=\"667\" data-id=\"514\" src=\"https:\/\/kineticcuttingsystems.eu\/es\/wp-content\/uploads\/sites\/2\/2018\/05\/blockhouse-parts-gallery.jpg\" alt=\"\" class=\"wp-image-514\" srcset=\"https:\/\/kineticcuttingsystems.eu\/es\/wp-content\/uploads\/sites\/5\/2018\/05\/blockhouse-parts-gallery.jpg 1000w, https:\/\/kineticcuttingsystems.eu\/es\/wp-content\/uploads\/sites\/5\/2018\/05\/blockhouse-parts-gallery-300x200.jpg 300w, https:\/\/kineticcuttingsystems.eu\/es\/wp-content\/uploads\/sites\/5\/2018\/05\/blockhouse-parts-gallery-768x512.jpg 768w\" sizes=\"auto, (max-width: 1000px) 100vw, 1000px\" \/><\/a><\/figure>\n<\/figure>\n\n\n\n<p><strong>Capacidades de Corte<\/strong><\/p>\n\n\n\n<ul class=\"wp-block-list\">\n<li>Plasma de Hasta 4\u201d (101,6 mm) de grosor<\/li>\n\n\n\n<li>Oxicorte de Hasta 8\u201d (203,2 mm) de grosor<\/li>\n\n\n\n<li>Corte en Bisel por Plasma<\/li>\n\n\n\n<li>Corte en Bisel con Oxicombustible<\/li>\n\n\n\n<li>Oxicorte en Bisel con Triple Antorcha<\/li>\n\n\n\n<li>Corte de Tubos<\/li>\n<\/ul>\n\n\n\n<p><strong>Capacidades de Mecanizado<\/strong><\/p>\n\n\n\n<ul class=\"wp-block-list\">\n<li>Taladrado de Agujeros de Hasta \u00be\u201d (19 mm)<\/li>\n\n\n\n<li>Roscado de Agujeros de Hasta \u00bd\u201d (12,7 mm)<\/li>\n\n\n\n<li>Biselado<\/li>\n<\/ul>\n\n\n\n<p><strong>Tama\u00f1o de la Mesa<\/strong><\/p>\n\n\n\n<ul class=\"wp-block-list\">\n<li>Hasta 18\u2019 (5,5 m) de ancho<\/li>\n\n\n\n<li>Hasta 100\u2019 (30,5 m) de largo<\/li>\n\n\n\n<li>Longitudes Personalizadas Disponibles<\/li>\n<\/ul>\n\n\n\n<p><strong>Maximizaci\u00f3n de la Productividad<\/strong><\/p>\n\n\n\n<ul class=\"wp-block-list\">\n<li>Corte y taladrado en el mismo paso<\/li>\n\n\n\n<li>Varias estaciones elevadoras para hasta 2 antorchas de plasma accionadas de forma independiente<\/li>\n\n\n\n<li>Torreta para taladrar de 6 estaciones<\/li>\n\n\n\n<li>Marcado de piezas mediante marcado por plasma, marcado por percusi\u00f3n, inyecci\u00f3n de tinta o estampaci\u00f3n<\/li>\n<\/ul>\n\n\n\n<p><strong>Minimizaci\u00f3n del Tiempo de Inactividad<\/strong><\/p>\n\n\n\n<ul class=\"wp-block-list\">\n<li>La mesa de tiro descendente de alto rendimiento minimiza el humo y los vapores<\/li>\n\n\n\n<li>Cajones de escoria extra\u00edbles que facilitan la limpieza de la parte inferior del carro<\/li>\n\n\n\n<li>Listones de mesa modulares para agilizar los cambios<\/li>\n\n\n\n<li>Piezas de repuesto estandarizadas y de env\u00edo r\u00e1pido<\/li>\n<\/ul>\n\n\n\n<p><strong>Velocidad y Precisi\u00f3n<\/strong><\/p>\n\n\n\n<ul class=\"wp-block-list\">\n<li>La mejor precisi\u00f3n de plasma de su clase<\/li>\n\n\n\n<li>Velocidad de desplazamiento de 800\u201d\/min (20,3 m\/min)<\/li>\n\n\n\n<li>Sistema de desplazamiento dual accionado por pi\u00f1\u00f3n con seguidores de leva y cojinetes lineales<\/li>\n\n\n\n<li>Pantalla t\u00e1ctil LCD de 19\u201d que proporciona una configuraci\u00f3n r\u00e1pida y un control sencillo<\/li>\n\n\n\n<li>Enlace de fibra \u00f3ptica para poder cargar programas con rapidez<\/li>\n<\/ul>\n\n\n\n<p><strong>Durabilidad<\/strong><\/p>\n\n\n\n<ul class=\"wp-block-list\">\n<li>Dise\u00f1ado al detalle para soportar las exigentes condiciones de la fabricaci\u00f3n moderna<\/li>\n\n\n\n<li>Bastidor y componentes de m\u00e1xima resistencia<\/li>\n\n\n\n<li>Rieles montados en el suelo con protecci\u00f3n<\/li>\n\n\n\n<li>Aplicaci\u00f3n de refrigerante mediante nebulizaci\u00f3n para prolongar la vida \u00fatil de las herramientas<\/li>\n<\/ul>\n\n\n\n<p><strong>Opciones y Accesorios<\/strong><\/p>\n\n\n\n<ul class=\"wp-block-list\">\n<li>Fresa piloto<\/li>\n\n\n\n<li>Marcado de piezas mediante inyecci\u00f3n de tinta o percusi\u00f3n<\/li>\n\n\n\n<li>Mesa de agua para tramos m\u00e1s amplios<\/li>\n\n\n\n<li>Sistema automatizado de extracci\u00f3n de piezas<\/li>\n<\/ul>\n\n\n\n<p><strong>Cabezales de corte disponibles<\/strong><\/p>\n\n\n\n<ul class=\"wp-block-list\">\n<li>Hypertherm HPR800XD, para acero inoxidable<\/li>\n\n\n\n<li>Hypertherm HPR400XD<\/li>\n\n\n\n<li>Hypertherm XPR460<\/li>\n\n\n\n<li>Hypertherm XPR300<\/li>\n\n\n\n<li>Hypertherm XPR170<\/li>\n\n\n\n<li>Corte con Oxicombustible<\/li>\n\n\n\n<li>Corte en Bisel por Plasma<\/li>\n\n\n\n<li>Corte en Bisel con Oxicombustible<\/li>\n\n\n\n<li>Corte con Varias Antorchas<\/li>\n<\/ul>\n\n\n\n<p>Tenga en cuenta que las caracter\u00edsticas y especificaciones de nuestras m\u00e1quinas est\u00e1n sujetas a cambios, ya que se actualizan de acuerdo con las \u00faltimas mejoras que surgen en el campo de la ingenier\u00eda.\u00a0<a href=\"https:\/\/kineticcuttingsystems.eu\/request-pricing\/\">Cont\u00e1ctenos hoy mismo <\/a>si tiene preguntas sobre m\u00e1quinas espec\u00edficas y qu\u00e9 sistema Kinetic funcionar\u00e1 mejor en su caso.<\/p>\n","protected":false},"excerpt":{"rendered":"<p>Sistema de Corte K2500 Corte por Plasma y OxicorteCorte en Bisel y con Varias AntorchasTaladrado Mejorado La K2500 es nuestra<a class=\"moretag\" href=\"https:\/\/kineticcuttingsystems.eu\/es\/maquinas-de-corte\/corte-por-plasma-de-produccion\/sistema-de-corte-k2500\/\"> &#8230;continue reading<\/a><\/p>\n","protected":false},"author":2,"featured_media":0,"parent":3740,"menu_order":0,"comment_status":"closed","ping_status":"closed","template":"page-product.php","meta":{"_acf_changed":false,"inline_featured_image":false,"footnotes":""},"class_list":["post-221","page","type-page","status-publish","hentry"],"acf":[],"yoast_head":"<!-- This site is optimized with the Yoast SEO plugin v27.2 - https:\/\/yoast.com\/product\/yoast-seo-wordpress\/ -->\n<title>K2500 - Kinetic Sistemas de Corte de Metal CNC<\/title>\n<meta name=\"robots\" content=\"index, follow, max-snippet:-1, max-image-preview:large, max-video-preview:-1\" \/>\n<link rel=\"canonical\" href=\"https:\/\/kineticcuttingsystems.eu\/es\/maquinas-de-corte\/corte-por-plasma-de-produccion\/sistema-de-corte-k2500\/\" \/>\n<meta property=\"og:locale\" content=\"en_US\" \/>\n<meta property=\"og:type\" content=\"article\" \/>\n<meta property=\"og:title\" content=\"K2500 - Kinetic Sistemas de Corte de Metal CNC\" \/>\n<meta property=\"og:description\" content=\"Sistema de Corte K2500 Corte por Plasma y OxicorteCorte en Bisel y con Varias AntorchasTaladrado Mejorado La K2500 es nuestra ...continue reading\" \/>\n<meta property=\"og:url\" content=\"https:\/\/kineticcuttingsystems.eu\/es\/maquinas-de-corte\/corte-por-plasma-de-produccion\/sistema-de-corte-k2500\/\" \/>\n<meta property=\"og:site_name\" content=\"Kinetic Sistemas de Corte de Metal CNC\" \/>\n<meta property=\"article:modified_time\" content=\"2025-11-11T18:33:09+00:00\" \/>\n<meta property=\"og:image\" content=\"https:\/\/kineticcuttingsystems.eu\/es\/wp-content\/uploads\/sites\/5\/2018\/06\/K2500-1.jpg\" \/>\n\t<meta property=\"og:image:width\" content=\"1000\" \/>\n\t<meta property=\"og:image:height\" content=\"667\" \/>\n\t<meta property=\"og:image:type\" content=\"image\/jpeg\" \/>\n<meta name=\"twitter:card\" content=\"summary_large_image\" \/>\n<meta name=\"twitter:label1\" content=\"Est. reading time\" \/>\n\t<meta name=\"twitter:data1\" content=\"3 minutes\" \/>\n<script type=\"application\/ld+json\" class=\"yoast-schema-graph\">{\"@context\":\"https:\/\/schema.org\",\"@graph\":[{\"@type\":\"WebPage\",\"@id\":\"https:\/\/kineticcuttingsystems.eu\/es\/maquinas-de-corte\/corte-por-plasma-de-produccion\/sistema-de-corte-k2500\/\",\"url\":\"https:\/\/kineticcuttingsystems.eu\/es\/maquinas-de-corte\/corte-por-plasma-de-produccion\/sistema-de-corte-k2500\/\",\"name\":\"K2500 - Kinetic Sistemas de Corte de Metal CNC\",\"isPartOf\":{\"@id\":\"https:\/\/kineticcuttingsystems.eu\/es\/#website\"},\"primaryImageOfPage\":{\"@id\":\"https:\/\/kineticcuttingsystems.eu\/es\/maquinas-de-corte\/corte-por-plasma-de-produccion\/sistema-de-corte-k2500\/#primaryimage\"},\"image\":{\"@id\":\"https:\/\/kineticcuttingsystems.eu\/es\/maquinas-de-corte\/corte-por-plasma-de-produccion\/sistema-de-corte-k2500\/#primaryimage\"},\"thumbnailUrl\":\"https:\/\/kineticcuttingsystems.eu\/es\/wp-content\/uploads\/sites\/2\/2018\/06\/K2500-1.jpg\",\"datePublished\":\"2018-04-24T18:21:03+00:00\",\"dateModified\":\"2025-11-11T18:33:09+00:00\",\"breadcrumb\":{\"@id\":\"https:\/\/kineticcuttingsystems.eu\/es\/maquinas-de-corte\/corte-por-plasma-de-produccion\/sistema-de-corte-k2500\/#breadcrumb\"},\"inLanguage\":\"en-US\",\"potentialAction\":[{\"@type\":\"ReadAction\",\"target\":[\"https:\/\/kineticcuttingsystems.eu\/es\/maquinas-de-corte\/corte-por-plasma-de-produccion\/sistema-de-corte-k2500\/\"]}]},{\"@type\":\"ImageObject\",\"inLanguage\":\"en-US\",\"@id\":\"https:\/\/kineticcuttingsystems.eu\/es\/maquinas-de-corte\/corte-por-plasma-de-produccion\/sistema-de-corte-k2500\/#primaryimage\",\"url\":\"https:\/\/kineticcuttingsystems.eu\/es\/wp-content\/uploads\/sites\/5\/2018\/06\/K2500-1.jpg\",\"contentUrl\":\"https:\/\/kineticcuttingsystems.eu\/es\/wp-content\/uploads\/sites\/5\/2018\/06\/K2500-1.jpg\",\"width\":1000,\"height\":667},{\"@type\":\"BreadcrumbList\",\"@id\":\"https:\/\/kineticcuttingsystems.eu\/es\/maquinas-de-corte\/corte-por-plasma-de-produccion\/sistema-de-corte-k2500\/#breadcrumb\",\"itemListElement\":[{\"@type\":\"ListItem\",\"position\":1,\"name\":\"Home\",\"item\":\"https:\/\/kineticcuttingsystems.eu\/es\/\"},{\"@type\":\"ListItem\",\"position\":2,\"name\":\"M\u00e1quinas de Corte\",\"item\":\"https:\/\/kineticcuttingsystems.eu\/es\/maquinas-de-corte\/\"},{\"@type\":\"ListItem\",\"position\":3,\"name\":\"Corte por Plasma de Producci\u00f3n\",\"item\":\"https:\/\/kineticcuttingsystems.eu\/es\/maquinas-de-corte\/corte-por-plasma-de-produccion\/\"},{\"@type\":\"ListItem\",\"position\":4,\"name\":\"K2500\"}]},{\"@type\":\"WebSite\",\"@id\":\"https:\/\/kineticcuttingsystems.eu\/es\/#website\",\"url\":\"https:\/\/kineticcuttingsystems.eu\/es\/\",\"name\":\"Kinetic Sistemas de Corte de Metal CNC\",\"description\":\"\",\"potentialAction\":[{\"@type\":\"SearchAction\",\"target\":{\"@type\":\"EntryPoint\",\"urlTemplate\":\"https:\/\/kineticcuttingsystems.eu\/es\/?s={search_term_string}\"},\"query-input\":{\"@type\":\"PropertyValueSpecification\",\"valueRequired\":true,\"valueName\":\"search_term_string\"}}],\"inLanguage\":\"en-US\"}]}<\/script>\n<!-- \/ Yoast SEO plugin. -->","yoast_head_json":{"title":"K2500 - Kinetic Sistemas de Corte de Metal CNC","robots":{"index":"index","follow":"follow","max-snippet":"max-snippet:-1","max-image-preview":"max-image-preview:large","max-video-preview":"max-video-preview:-1"},"canonical":"https:\/\/kineticcuttingsystems.eu\/es\/maquinas-de-corte\/corte-por-plasma-de-produccion\/sistema-de-corte-k2500\/","og_locale":"en_US","og_type":"article","og_title":"K2500 - Kinetic Sistemas de Corte de Metal CNC","og_description":"Sistema de Corte K2500 Corte por Plasma y OxicorteCorte en Bisel y con Varias AntorchasTaladrado Mejorado La K2500 es nuestra ...continue reading","og_url":"https:\/\/kineticcuttingsystems.eu\/es\/maquinas-de-corte\/corte-por-plasma-de-produccion\/sistema-de-corte-k2500\/","og_site_name":"Kinetic Sistemas de Corte de Metal CNC","article_modified_time":"2025-11-11T18:33:09+00:00","og_image":[{"width":1000,"height":667,"url":"https:\/\/kineticcuttingsystems.eu\/es\/wp-content\/uploads\/sites\/5\/2018\/06\/K2500-1.jpg","type":"image\/jpeg"}],"twitter_card":"summary_large_image","twitter_misc":{"Est. reading time":"3 minutes"},"schema":{"@context":"https:\/\/schema.org","@graph":[{"@type":"WebPage","@id":"https:\/\/kineticcuttingsystems.eu\/es\/maquinas-de-corte\/corte-por-plasma-de-produccion\/sistema-de-corte-k2500\/","url":"https:\/\/kineticcuttingsystems.eu\/es\/maquinas-de-corte\/corte-por-plasma-de-produccion\/sistema-de-corte-k2500\/","name":"K2500 - Kinetic Sistemas de Corte de Metal CNC","isPartOf":{"@id":"https:\/\/kineticcuttingsystems.eu\/es\/#website"},"primaryImageOfPage":{"@id":"https:\/\/kineticcuttingsystems.eu\/es\/maquinas-de-corte\/corte-por-plasma-de-produccion\/sistema-de-corte-k2500\/#primaryimage"},"image":{"@id":"https:\/\/kineticcuttingsystems.eu\/es\/maquinas-de-corte\/corte-por-plasma-de-produccion\/sistema-de-corte-k2500\/#primaryimage"},"thumbnailUrl":"https:\/\/kineticcuttingsystems.eu\/es\/wp-content\/uploads\/sites\/2\/2018\/06\/K2500-1.jpg","datePublished":"2018-04-24T18:21:03+00:00","dateModified":"2025-11-11T18:33:09+00:00","breadcrumb":{"@id":"https:\/\/kineticcuttingsystems.eu\/es\/maquinas-de-corte\/corte-por-plasma-de-produccion\/sistema-de-corte-k2500\/#breadcrumb"},"inLanguage":"en-US","potentialAction":[{"@type":"ReadAction","target":["https:\/\/kineticcuttingsystems.eu\/es\/maquinas-de-corte\/corte-por-plasma-de-produccion\/sistema-de-corte-k2500\/"]}]},{"@type":"ImageObject","inLanguage":"en-US","@id":"https:\/\/kineticcuttingsystems.eu\/es\/maquinas-de-corte\/corte-por-plasma-de-produccion\/sistema-de-corte-k2500\/#primaryimage","url":"https:\/\/kineticcuttingsystems.eu\/es\/wp-content\/uploads\/sites\/5\/2018\/06\/K2500-1.jpg","contentUrl":"https:\/\/kineticcuttingsystems.eu\/es\/wp-content\/uploads\/sites\/5\/2018\/06\/K2500-1.jpg","width":1000,"height":667},{"@type":"BreadcrumbList","@id":"https:\/\/kineticcuttingsystems.eu\/es\/maquinas-de-corte\/corte-por-plasma-de-produccion\/sistema-de-corte-k2500\/#breadcrumb","itemListElement":[{"@type":"ListItem","position":1,"name":"Home","item":"https:\/\/kineticcuttingsystems.eu\/es\/"},{"@type":"ListItem","position":2,"name":"M\u00e1quinas de Corte","item":"https:\/\/kineticcuttingsystems.eu\/es\/maquinas-de-corte\/"},{"@type":"ListItem","position":3,"name":"Corte por Plasma de Producci\u00f3n","item":"https:\/\/kineticcuttingsystems.eu\/es\/maquinas-de-corte\/corte-por-plasma-de-produccion\/"},{"@type":"ListItem","position":4,"name":"K2500"}]},{"@type":"WebSite","@id":"https:\/\/kineticcuttingsystems.eu\/es\/#website","url":"https:\/\/kineticcuttingsystems.eu\/es\/","name":"Kinetic Sistemas de Corte de Metal CNC","description":"","potentialAction":[{"@type":"SearchAction","target":{"@type":"EntryPoint","urlTemplate":"https:\/\/kineticcuttingsystems.eu\/es\/?s={search_term_string}"},"query-input":{"@type":"PropertyValueSpecification","valueRequired":true,"valueName":"search_term_string"}}],"inLanguage":"en-US"}]}},"_links":{"self":[{"href":"https:\/\/kineticcuttingsystems.eu\/es\/wp-json\/wp\/v2\/pages\/221","targetHints":{"allow":["GET"]}}],"collection":[{"href":"https:\/\/kineticcuttingsystems.eu\/es\/wp-json\/wp\/v2\/pages"}],"about":[{"href":"https:\/\/kineticcuttingsystems.eu\/es\/wp-json\/wp\/v2\/types\/page"}],"author":[{"embeddable":true,"href":"https:\/\/kineticcuttingsystems.eu\/es\/wp-json\/wp\/v2\/users\/2"}],"replies":[{"embeddable":true,"href":"https:\/\/kineticcuttingsystems.eu\/es\/wp-json\/wp\/v2\/comments?post=221"}],"version-history":[{"count":1,"href":"https:\/\/kineticcuttingsystems.eu\/es\/wp-json\/wp\/v2\/pages\/221\/revisions"}],"predecessor-version":[{"id":4117,"href":"https:\/\/kineticcuttingsystems.eu\/es\/wp-json\/wp\/v2\/pages\/221\/revisions\/4117"}],"up":[{"embeddable":true,"href":"https:\/\/kineticcuttingsystems.eu\/es\/wp-json\/wp\/v2\/pages\/3740"}],"wp:attachment":[{"href":"https:\/\/kineticcuttingsystems.eu\/es\/wp-json\/wp\/v2\/media?parent=221"}],"curies":[{"name":"wp","href":"https:\/\/api.w.org\/{rel}","templated":true}]}}