{"id":3805,"date":"2025-09-03T00:33:12","date_gmt":"2025-09-03T00:33:12","guid":{"rendered":"https:\/\/kineticcuttingsystems.eu\/de\/?page_id=3805"},"modified":"2025-11-13T15:10:48","modified_gmt":"2025-11-13T15:10:48","slug":"kombinierte-plasma-laser-bohr-und-frassysteme","status":"publish","type":"page","link":"https:\/\/kineticcuttingsystems.eu\/de\/schneidemaschinen\/kombinierte-plasma-laser-bohr-und-frassysteme\/","title":{"rendered":"Kombinierte Plasma-, Laser-, Bohr- und Fr\u00e4ssysteme"},"content":{"rendered":"\n<h1 class=\"wp-block-heading\">K6000 Plasma-, Laser-, Bohr- und Fr\u00e4ssystem<\/h1>\n\n\n\n<p><strong>Das Ultimative an Produktivit\u00e4t und Flexibilit\u00e4t<\/strong><br \/><strong>Plasma-, Laserschneiden und autogenes Brennschneiden<\/strong><br \/><strong>Schr\u00e4g- und Multi-Brenner-Schneiden<\/strong><br \/><strong>Bohren, Fr\u00e4sen und Mehr<\/strong><\/p>\n\n\n\n<p>Wir freuen uns, das Resultat unserer jahrzehntelangen Erfahrung mit der Konstruktion der ultimativen, Produktivit\u00e4ts-steigernden Plasmaschneidsysteme vorzustellen \u2013 unser revolution\u00e4res neues Kinetic K6000. Es kombiniert unser legend\u00e4res XMC Plasmaschneid-, Bohr- und Fr\u00e4ssystem mit einem dedizierten Laserschneidkopf in einem einzigen Tisch. Hersteller haben nun die M\u00f6glichkeit, Metall mit dem gr\u00f6\u00dften Angebot an Schneid- und Bohroptionen in einer einzigen Maschine zu bearbeiten.<\/p>\n\n\n\n<p>Weitere Einzelheiten zu diesem neuen System sind bald erh\u00e4ltlich. F\u00fcrs Erste finden Sie technische Daten unten. Bitte\u00a0<a href=\"\/de\/preisanfrage\/\">kontaktieren Sie uns gerne noch heute,<\/a>\u00a0um mehr \u00fcber unser neues K6000 Plasma-, Laser-, Bohr- und Fr\u00e4ssystem zu erfahren, und wenn zus\u00e4tzliche Einzelheiten verf\u00fcgbar werden.<\/p>\n\n\n\n<div class=\"wp-block-columns is-layout-flex wp-container-core-columns-is-layout-9d6595d7 wp-block-columns-is-layout-flex\">\n<div class=\"wp-block-column is-layout-flow wp-block-column-is-layout-flow\">\n<ul class=\"wp-block-list\">\n<li><strong>Plasma-, Laserschneiden und autogenes Brennschneiden in einer einzigen Maschine<\/strong><\/li>\n\n\n\n<li><strong>Bearbeiten Sie Material mithilfe eines beliebigen Verfahrens ganz einfach<\/strong><\/li>\n\n\n\n<li><strong>Integriertes Fr\u00e4sen, Bohren, Gewindeschneiden, Kennzeichnung und mehr<\/strong><\/li>\n\n\n\n<li><strong>Bearbeiten Sie komplizierte Teile mit einer einzigen Einrichtung<\/strong><\/li>\n\n\n\n<li><strong>Integriertes Plasma-Portal und Lasergeh\u00e4use<\/strong><\/li>\n\n\n\n<li><strong>Plasma-, autogenes und Laser-Schr\u00e4gschneiden<\/strong><\/li>\n\n\n\n<li><strong>Verschiedene Laser- und Plasma-Systeme erh\u00e4ltlich<\/strong><\/li>\n<\/ul>\n<\/div>\n\n\n\n<div class=\"wp-block-column is-layout-flow wp-block-column-is-layout-flow\">\n<ul class=\"wp-block-list\">\n<li><strong>Leicht zu programmierende Touchscreen-Steuerung<\/strong><\/li>\n\n\n\n<li><strong>L\u00e4sst sich nahtlos in Primecut-Software integrieren<\/strong><\/li>\n\n\n\n<li><strong>Absaugtisch mit fahrenden Kr\u00e4tzebeh\u00e4ltern<\/strong><\/li>\n\n\n\n<li><strong>Robustes, hochwertige Maschinenkonstruktion<\/strong><\/li>\n\n\n\n<li><strong>Smarte, einfache Programmierung<\/strong><\/li>\n\n\n\n<li><strong>Kinetic-Haltbarkeit und -Zuverl\u00e4ssigkeit<\/strong><\/li>\n\n\n\n<li><strong>Technischer Support 24\/7\/365<\/strong><\/li>\n<\/ul>\n<\/div>\n<\/div>\n\n\n\n<figure class=\"wp-block-gallery has-nested-images columns-5 is-cropped wp-block-gallery-1 is-layout-flex wp-block-gallery-is-layout-flex\">\n<figure class=\"wp-block-image size-thumbnail\"><a href=\"https:\/\/kineticcuttingsystems.eu\/de\/wp-content\/uploads\/sites\/3\/2025\/10\/kinetic-k6000-31-1100x734-e413af0.jpg\"><img loading=\"lazy\" decoding=\"async\" width=\"150\" height=\"150\" data-id=\"3833\" src=\"https:\/\/kineticcuttingsystems.eu\/de\/wp-content\/uploads\/sites\/3\/2025\/10\/kinetic-k6000-31-1100x734-e413af0-150x150.jpg\" alt=\"\" class=\"wp-image-3833\"\/><\/a><\/figure>\n\n\n\n<figure class=\"wp-block-image size-thumbnail\"><a href=\"https:\/\/kineticcuttingsystems.eu\/de\/wp-content\/uploads\/sites\/3\/2025\/10\/DSCF9375.jpg\"><img loading=\"lazy\" decoding=\"async\" width=\"150\" height=\"150\" data-id=\"3826\" src=\"https:\/\/kineticcuttingsystems.eu\/de\/wp-content\/uploads\/sites\/3\/2025\/10\/DSCF9375-150x150.jpg\" alt=\"\" class=\"wp-image-3826\"\/><\/a><\/figure>\n\n\n\n<figure class=\"wp-block-image size-thumbnail\"><a href=\"https:\/\/kineticcuttingsystems.eu\/de\/wp-content\/uploads\/sites\/3\/2025\/10\/kinetic-k6000-13-1100x734-94e17ae.jpg\"><img loading=\"lazy\" decoding=\"async\" width=\"150\" height=\"150\" data-id=\"3829\" src=\"https:\/\/kineticcuttingsystems.eu\/de\/wp-content\/uploads\/sites\/3\/2025\/10\/kinetic-k6000-13-1100x734-94e17ae-150x150.jpg\" alt=\"\" class=\"wp-image-3829\"\/><\/a><\/figure>\n\n\n\n<figure class=\"wp-block-image size-thumbnail\"><a href=\"https:\/\/kineticcuttingsystems.eu\/de\/wp-content\/uploads\/sites\/3\/2025\/10\/DSCF9330.jpg\"><img loading=\"lazy\" decoding=\"async\" width=\"150\" height=\"150\" data-id=\"3818\" src=\"https:\/\/kineticcuttingsystems.eu\/de\/wp-content\/uploads\/sites\/3\/2025\/10\/DSCF9330-150x150.jpg\" alt=\"\" class=\"wp-image-3818\"\/><\/a><\/figure>\n\n\n\n<figure class=\"wp-block-image size-thumbnail\"><a href=\"https:\/\/kineticcuttingsystems.eu\/de\/wp-content\/uploads\/sites\/3\/2025\/10\/DSCF9347.jpg\"><img loading=\"lazy\" decoding=\"async\" width=\"150\" height=\"150\" data-id=\"3820\" src=\"https:\/\/kineticcuttingsystems.eu\/de\/wp-content\/uploads\/sites\/3\/2025\/10\/DSCF9347-150x150.jpg\" alt=\"\" class=\"wp-image-3820\"\/><\/a><\/figure>\n\n\n\n<figure class=\"wp-block-image size-thumbnail\"><a href=\"https:\/\/kineticcuttingsystems.eu\/de\/wp-content\/uploads\/sites\/3\/2025\/10\/kinetic-k6000-34-489x733-baad9a5.jpg\"><img loading=\"lazy\" decoding=\"async\" width=\"150\" height=\"150\" data-id=\"3836\" src=\"https:\/\/kineticcuttingsystems.eu\/de\/wp-content\/uploads\/sites\/3\/2025\/10\/kinetic-k6000-34-489x733-baad9a5-150x150.jpg\" alt=\"\" class=\"wp-image-3836\"\/><\/a><\/figure>\n\n\n\n<figure class=\"wp-block-image size-thumbnail\"><a href=\"https:\/\/kineticcuttingsystems.eu\/de\/wp-content\/uploads\/sites\/3\/2025\/10\/DSCF9369.jpg\"><img loading=\"lazy\" decoding=\"async\" width=\"150\" height=\"150\" data-id=\"3824\" src=\"https:\/\/kineticcuttingsystems.eu\/de\/wp-content\/uploads\/sites\/3\/2025\/10\/DSCF9369-150x150.jpg\" alt=\"\" class=\"wp-image-3824\"\/><\/a><\/figure>\n\n\n\n<figure class=\"wp-block-image size-thumbnail\"><a href=\"https:\/\/kineticcuttingsystems.eu\/de\/wp-content\/uploads\/sites\/3\/2025\/10\/DSCF9340.jpg\"><img loading=\"lazy\" decoding=\"async\" width=\"150\" height=\"150\" data-id=\"3819\" src=\"https:\/\/kineticcuttingsystems.eu\/de\/wp-content\/uploads\/sites\/3\/2025\/10\/DSCF9340-150x150.jpg\" alt=\"\" class=\"wp-image-3819\"\/><\/a><\/figure>\n\n\n\n<figure class=\"wp-block-image size-thumbnail\"><a href=\"https:\/\/kineticcuttingsystems.eu\/de\/wp-content\/uploads\/sites\/3\/2025\/10\/DSCF9359.jpg\"><img loading=\"lazy\" decoding=\"async\" width=\"150\" height=\"150\" data-id=\"3822\" src=\"https:\/\/kineticcuttingsystems.eu\/de\/wp-content\/uploads\/sites\/3\/2025\/10\/DSCF9359-150x150.jpg\" alt=\"\" class=\"wp-image-3822\"\/><\/a><\/figure>\n\n\n\n<figure class=\"wp-block-image size-thumbnail\"><a href=\"https:\/\/kineticcuttingsystems.eu\/de\/wp-content\/uploads\/sites\/3\/2025\/10\/DSCF9352.jpg\"><img loading=\"lazy\" decoding=\"async\" width=\"150\" height=\"150\" data-id=\"3821\" src=\"https:\/\/kineticcuttingsystems.eu\/de\/wp-content\/uploads\/sites\/3\/2025\/10\/DSCF9352-150x150.jpg\" alt=\"\" class=\"wp-image-3821\"\/><\/a><\/figure>\n\n\n\n<figure class=\"wp-block-image size-thumbnail\"><a href=\"https:\/\/kineticcuttingsystems.eu\/de\/wp-content\/uploads\/sites\/3\/2025\/10\/kinetic-k6000-13-550x733-91dab4a.jpg\"><img loading=\"lazy\" decoding=\"async\" width=\"150\" height=\"150\" data-id=\"3828\" src=\"https:\/\/kineticcuttingsystems.eu\/de\/wp-content\/uploads\/sites\/3\/2025\/10\/kinetic-k6000-13-550x733-91dab4a-150x150.jpg\" alt=\"\" class=\"wp-image-3828\"\/><\/a><\/figure>\n\n\n\n<figure class=\"wp-block-image size-thumbnail\"><a href=\"https:\/\/kineticcuttingsystems.eu\/de\/wp-content\/uploads\/sites\/3\/2025\/10\/kinetic-k6000-42-489x733-91dab4a.jpg\"><img loading=\"lazy\" decoding=\"async\" width=\"150\" height=\"150\" data-id=\"3838\" src=\"https:\/\/kineticcuttingsystems.eu\/de\/wp-content\/uploads\/sites\/3\/2025\/10\/kinetic-k6000-42-489x733-91dab4a-150x150.jpg\" alt=\"\" class=\"wp-image-3838\"\/><\/a><\/figure>\n\n\n\n<figure class=\"wp-block-image size-thumbnail\"><a href=\"https:\/\/kineticcuttingsystems.eu\/de\/wp-content\/uploads\/sites\/3\/2025\/10\/kinetic-k6000-44-489x733-91dab4a.jpg\"><img loading=\"lazy\" decoding=\"async\" width=\"150\" height=\"150\" data-id=\"3839\" src=\"https:\/\/kineticcuttingsystems.eu\/de\/wp-content\/uploads\/sites\/3\/2025\/10\/kinetic-k6000-44-489x733-91dab4a-150x150.jpg\" alt=\"\" class=\"wp-image-3839\"\/><\/a><\/figure>\n\n\n\n<figure class=\"wp-block-image size-thumbnail\"><a href=\"https:\/\/kineticcuttingsystems.eu\/de\/wp-content\/uploads\/sites\/3\/2025\/10\/DSCF9379.jpg\"><img loading=\"lazy\" decoding=\"async\" width=\"150\" height=\"150\" data-id=\"3827\" src=\"https:\/\/kineticcuttingsystems.eu\/de\/wp-content\/uploads\/sites\/3\/2025\/10\/DSCF9379-150x150.jpg\" alt=\"\" class=\"wp-image-3827\"\/><\/a><\/figure>\n\n\n\n<figure class=\"wp-block-image size-thumbnail\"><a href=\"https:\/\/kineticcuttingsystems.eu\/de\/wp-content\/uploads\/sites\/3\/2025\/10\/kinetic-k6000-29-1100x734-e413af0.jpg\"><img loading=\"lazy\" decoding=\"async\" width=\"150\" height=\"150\" data-id=\"3832\" src=\"https:\/\/kineticcuttingsystems.eu\/de\/wp-content\/uploads\/sites\/3\/2025\/10\/kinetic-k6000-29-1100x734-e413af0-150x150.jpg\" alt=\"\" class=\"wp-image-3832\"\/><\/a><\/figure>\n\n\n\n<figure class=\"wp-block-image size-thumbnail\"><a href=\"https:\/\/kineticcuttingsystems.eu\/de\/wp-content\/uploads\/sites\/3\/2025\/10\/kinetic-k6000-41-1100x733-91dab4a.jpg\"><img loading=\"lazy\" decoding=\"async\" width=\"150\" height=\"150\" data-id=\"3837\" src=\"https:\/\/kineticcuttingsystems.eu\/de\/wp-content\/uploads\/sites\/3\/2025\/10\/kinetic-k6000-41-1100x733-91dab4a-150x150.jpg\" alt=\"\" class=\"wp-image-3837\"\/><\/a><\/figure>\n\n\n\n<figure class=\"wp-block-image size-thumbnail\"><a href=\"https:\/\/kineticcuttingsystems.eu\/de\/wp-content\/uploads\/sites\/3\/2025\/10\/kinetic-k6000-17-489x733-baad9a5.jpg\"><img loading=\"lazy\" decoding=\"async\" width=\"150\" height=\"150\" data-id=\"3830\" src=\"https:\/\/kineticcuttingsystems.eu\/de\/wp-content\/uploads\/sites\/3\/2025\/10\/kinetic-k6000-17-489x733-baad9a5-150x150.jpg\" alt=\"\" class=\"wp-image-3830\"\/><\/a><\/figure>\n\n\n\n<figure class=\"wp-block-image size-thumbnail\"><a href=\"https:\/\/kineticcuttingsystems.eu\/de\/wp-content\/uploads\/sites\/3\/2025\/10\/kinetic-k6000-17-550x733-5771873.jpg\"><img loading=\"lazy\" decoding=\"async\" width=\"150\" height=\"150\" data-id=\"3831\" src=\"https:\/\/kineticcuttingsystems.eu\/de\/wp-content\/uploads\/sites\/3\/2025\/10\/kinetic-k6000-17-550x733-5771873-150x150.jpg\" alt=\"\" class=\"wp-image-3831\"\/><\/a><\/figure>\n\n\n\n<figure class=\"wp-block-image size-thumbnail\"><a href=\"https:\/\/kineticcuttingsystems.eu\/de\/wp-content\/uploads\/sites\/3\/2025\/10\/DSCF9374.jpg\"><img loading=\"lazy\" decoding=\"async\" width=\"150\" height=\"150\" data-id=\"3825\" src=\"https:\/\/kineticcuttingsystems.eu\/de\/wp-content\/uploads\/sites\/3\/2025\/10\/DSCF9374-150x150.jpg\" alt=\"\" class=\"wp-image-3825\"\/><\/a><\/figure>\n\n\n\n<figure class=\"wp-block-image size-thumbnail\"><a href=\"https:\/\/kineticcuttingsystems.eu\/de\/wp-content\/uploads\/sites\/3\/2025\/10\/DSCF9363.jpg\"><img loading=\"lazy\" decoding=\"async\" width=\"150\" height=\"150\" data-id=\"3823\" src=\"https:\/\/kineticcuttingsystems.eu\/de\/wp-content\/uploads\/sites\/3\/2025\/10\/DSCF9363-150x150.jpg\" alt=\"\" class=\"wp-image-3823\"\/><\/a><\/figure>\n\n\n\n<figure class=\"wp-block-image size-thumbnail\"><a href=\"https:\/\/kineticcuttingsystems.eu\/de\/wp-content\/uploads\/sites\/3\/2025\/10\/kinetic-k6000-47-1100x734-e413af0.jpg\"><img loading=\"lazy\" decoding=\"async\" width=\"150\" height=\"150\" data-id=\"3840\" src=\"https:\/\/kineticcuttingsystems.eu\/de\/wp-content\/uploads\/sites\/3\/2025\/10\/kinetic-k6000-47-1100x734-e413af0-150x150.jpg\" alt=\"\" class=\"wp-image-3840\"\/><\/a><\/figure>\n\n\n\n<figure class=\"wp-block-image size-thumbnail\"><a href=\"https:\/\/kineticcuttingsystems.eu\/de\/wp-content\/uploads\/sites\/3\/2025\/10\/kinetic-k6000-48-1100x734-7844baf.jpg\"><img loading=\"lazy\" decoding=\"async\" width=\"150\" height=\"150\" data-id=\"3841\" src=\"https:\/\/kineticcuttingsystems.eu\/de\/wp-content\/uploads\/sites\/3\/2025\/10\/kinetic-k6000-48-1100x734-7844baf-150x150.jpg\" alt=\"\" class=\"wp-image-3841\"\/><\/a><\/figure>\n\n\n\n<figure class=\"wp-block-image size-thumbnail\"><a href=\"https:\/\/kineticcuttingsystems.eu\/de\/wp-content\/uploads\/sites\/3\/2025\/10\/kinetic-k6000-33-1100x734-e413af0.jpg\"><img loading=\"lazy\" decoding=\"async\" width=\"150\" height=\"150\" data-id=\"3835\" src=\"https:\/\/kineticcuttingsystems.eu\/de\/wp-content\/uploads\/sites\/3\/2025\/10\/kinetic-k6000-33-1100x734-e413af0-150x150.jpg\" alt=\"\" class=\"wp-image-3835\"\/><\/a><\/figure>\n\n\n\n<figure class=\"wp-block-image size-thumbnail\"><a href=\"https:\/\/kineticcuttingsystems.eu\/de\/wp-content\/uploads\/sites\/3\/2025\/10\/kinetic-k6000-49-1100x734-e413af0.jpg\"><img loading=\"lazy\" decoding=\"async\" width=\"150\" height=\"150\" data-id=\"3842\" src=\"https:\/\/kineticcuttingsystems.eu\/de\/wp-content\/uploads\/sites\/3\/2025\/10\/kinetic-k6000-49-1100x734-e413af0-150x150.jpg\" alt=\"\" class=\"wp-image-3842\"\/><\/a><\/figure>\n\n\n\n<figure class=\"wp-block-image size-thumbnail\"><a href=\"https:\/\/kineticcuttingsystems.eu\/de\/wp-content\/uploads\/sites\/3\/2025\/10\/kinetic-k6000-32-550x734-a32ebe9.jpg\"><img loading=\"lazy\" decoding=\"async\" width=\"150\" height=\"150\" data-id=\"3834\" src=\"https:\/\/kineticcuttingsystems.eu\/de\/wp-content\/uploads\/sites\/3\/2025\/10\/kinetic-k6000-32-550x734-a32ebe9-150x150.jpg\" alt=\"\" class=\"wp-image-3834\"\/><\/a><\/figure>\n<\/figure>\n\n\n\n<p>Bitte beachten Sie, dass sich unsere Maschinenfunktionen und technischen Daten basierend auf den neuesten technischen Verbesserungen \u00e4ndern k\u00f6nnen.\u00a0<a href=\"\/de\/preisanfrage\/\">Kontaktieren Sie uns gerne noch heute,<\/a><a href=\"https:\/\/kineticusa.flywheelsites.com\/request-pricing\/\">\u00a0<\/a>wenn Sie Fragen zu spezifischen Maschinen haben und dazu, welches Kinetic-System sich am besten f\u00fcr Ihre Anwendung eignet.<\/p>\n","protected":false},"excerpt":{"rendered":"<p>K6000 Plasma-, Laser-, Bohr- und Fr\u00e4ssystem Das Ultimative an Produktivit\u00e4t und Flexibilit\u00e4tPlasma-, Laserschneiden und autogenes BrennschneidenSchr\u00e4g- und Multi-Brenner-SchneidenBohren, Fr\u00e4sen und<a class=\"moretag\" href=\"https:\/\/kineticcuttingsystems.eu\/de\/schneidemaschinen\/kombinierte-plasma-laser-bohr-und-frassysteme\/\"> &#8230;continue reading<\/a><\/p>\n","protected":false},"author":5,"featured_media":0,"parent":16,"menu_order":0,"comment_status":"closed","ping_status":"closed","template":"","meta":{"_acf_changed":false,"inline_featured_image":false,"footnotes":""},"class_list":["post-3805","page","type-page","status-publish","hentry"],"acf":[],"yoast_head":"<!-- This site is optimized with the Yoast SEO plugin v27.2 - https:\/\/yoast.com\/product\/yoast-seo-wordpress\/ -->\n<title>Kombinierte Plasma-, Laser-, Bohr- und Fr\u00e4ssysteme - Kinetic CNC-Metallschneidsysteme<\/title>\n<meta name=\"robots\" content=\"index, follow, max-snippet:-1, max-image-preview:large, max-video-preview:-1\" \/>\n<link rel=\"canonical\" href=\"https:\/\/kineticcuttingsystems.eu\/de\/schneidemaschinen\/kombinierte-plasma-laser-bohr-und-frassysteme\/\" \/>\n<meta property=\"og:locale\" content=\"en_US\" \/>\n<meta property=\"og:type\" content=\"article\" \/>\n<meta property=\"og:title\" content=\"Kombinierte Plasma-, Laser-, Bohr- und Fr\u00e4ssysteme - Kinetic CNC-Metallschneidsysteme\" \/>\n<meta property=\"og:description\" content=\"K6000 Plasma-, Laser-, Bohr- und Fr\u00e4ssystem Das Ultimative an Produktivit\u00e4t und Flexibilit\u00e4tPlasma-, Laserschneiden und autogenes BrennschneidenSchr\u00e4g- und Multi-Brenner-SchneidenBohren, Fr\u00e4sen und ...continue reading\" \/>\n<meta property=\"og:url\" content=\"https:\/\/kineticcuttingsystems.eu\/de\/schneidemaschinen\/kombinierte-plasma-laser-bohr-und-frassysteme\/\" \/>\n<meta property=\"og:site_name\" content=\"Kinetic CNC-Metallschneidsysteme\" \/>\n<meta property=\"article:modified_time\" content=\"2025-11-13T15:10:48+00:00\" \/>\n<meta property=\"og:image\" content=\"https:\/\/kineticcuttingsystems.eu\/de\/wp-content\/uploads\/sites\/3\/2025\/10\/kinetic-k6000-31-1100x734-e413af0.jpg\" \/>\n\t<meta property=\"og:image:width\" content=\"1100\" \/>\n\t<meta property=\"og:image:height\" content=\"733\" \/>\n\t<meta property=\"og:image:type\" content=\"image\/jpeg\" \/>\n<meta name=\"twitter:card\" content=\"summary_large_image\" \/>\n<meta name=\"twitter:label1\" content=\"Est. reading time\" \/>\n\t<meta name=\"twitter:data1\" content=\"7 minutes\" \/>\n<script type=\"application\/ld+json\" class=\"yoast-schema-graph\">{\"@context\":\"https:\/\/schema.org\",\"@graph\":[{\"@type\":\"WebPage\",\"@id\":\"https:\/\/kineticcuttingsystems.eu\/de\/schneidemaschinen\/kombinierte-plasma-laser-bohr-und-frassysteme\/\",\"url\":\"https:\/\/kineticcuttingsystems.eu\/de\/schneidemaschinen\/kombinierte-plasma-laser-bohr-und-frassysteme\/\",\"name\":\"Kombinierte Plasma-, Laser-, Bohr- und Fr\u00e4ssysteme - Kinetic CNC-Metallschneidsysteme\",\"isPartOf\":{\"@id\":\"https:\/\/kineticcuttingsystems.eu\/de\/#website\"},\"primaryImageOfPage\":{\"@id\":\"https:\/\/kineticcuttingsystems.eu\/de\/schneidemaschinen\/kombinierte-plasma-laser-bohr-und-frassysteme\/#primaryimage\"},\"image\":{\"@id\":\"https:\/\/kineticcuttingsystems.eu\/de\/schneidemaschinen\/kombinierte-plasma-laser-bohr-und-frassysteme\/#primaryimage\"},\"thumbnailUrl\":\"https:\/\/kineticcuttingsystems.eu\/de\/wp-content\/uploads\/sites\/3\/2025\/10\/kinetic-k6000-31-1100x734-e413af0-150x150.jpg\",\"datePublished\":\"2025-09-03T00:33:12+00:00\",\"dateModified\":\"2025-11-13T15:10:48+00:00\",\"breadcrumb\":{\"@id\":\"https:\/\/kineticcuttingsystems.eu\/de\/schneidemaschinen\/kombinierte-plasma-laser-bohr-und-frassysteme\/#breadcrumb\"},\"inLanguage\":\"en-US\",\"potentialAction\":[{\"@type\":\"ReadAction\",\"target\":[\"https:\/\/kineticcuttingsystems.eu\/de\/schneidemaschinen\/kombinierte-plasma-laser-bohr-und-frassysteme\/\"]}]},{\"@type\":\"ImageObject\",\"inLanguage\":\"en-US\",\"@id\":\"https:\/\/kineticcuttingsystems.eu\/de\/schneidemaschinen\/kombinierte-plasma-laser-bohr-und-frassysteme\/#primaryimage\",\"url\":\"https:\/\/kineticcuttingsystems.eu\/de\/wp-content\/uploads\/sites\/3\/2025\/10\/kinetic-k6000-31-1100x734-e413af0.jpg\",\"contentUrl\":\"https:\/\/kineticcuttingsystems.eu\/de\/wp-content\/uploads\/sites\/3\/2025\/10\/kinetic-k6000-31-1100x734-e413af0.jpg\",\"width\":1100,\"height\":733},{\"@type\":\"BreadcrumbList\",\"@id\":\"https:\/\/kineticcuttingsystems.eu\/de\/schneidemaschinen\/kombinierte-plasma-laser-bohr-und-frassysteme\/#breadcrumb\",\"itemListElement\":[{\"@type\":\"ListItem\",\"position\":1,\"name\":\"Home\",\"item\":\"https:\/\/kineticcuttingsystems.eu\/de\/\"},{\"@type\":\"ListItem\",\"position\":2,\"name\":\"Schneidmaschinen\",\"item\":\"https:\/\/kineticcuttingsystems.eu\/de\/schneidemaschinen\/\"},{\"@type\":\"ListItem\",\"position\":3,\"name\":\"Kombinierte Plasma-, Laser-, Bohr- und Fr\u00e4ssysteme\"}]},{\"@type\":\"WebSite\",\"@id\":\"https:\/\/kineticcuttingsystems.eu\/de\/#website\",\"url\":\"https:\/\/kineticcuttingsystems.eu\/de\/\",\"name\":\"Kinetic CNC-Metallschneidsysteme\",\"description\":\"\",\"potentialAction\":[{\"@type\":\"SearchAction\",\"target\":{\"@type\":\"EntryPoint\",\"urlTemplate\":\"https:\/\/kineticcuttingsystems.eu\/de\/?s={search_term_string}\"},\"query-input\":{\"@type\":\"PropertyValueSpecification\",\"valueRequired\":true,\"valueName\":\"search_term_string\"}}],\"inLanguage\":\"en-US\"}]}<\/script>\n<!-- \/ Yoast SEO plugin. -->","yoast_head_json":{"title":"Kombinierte Plasma-, Laser-, Bohr- und Fr\u00e4ssysteme - Kinetic CNC-Metallschneidsysteme","robots":{"index":"index","follow":"follow","max-snippet":"max-snippet:-1","max-image-preview":"max-image-preview:large","max-video-preview":"max-video-preview:-1"},"canonical":"https:\/\/kineticcuttingsystems.eu\/de\/schneidemaschinen\/kombinierte-plasma-laser-bohr-und-frassysteme\/","og_locale":"en_US","og_type":"article","og_title":"Kombinierte Plasma-, Laser-, Bohr- und Fr\u00e4ssysteme - Kinetic CNC-Metallschneidsysteme","og_description":"K6000 Plasma-, Laser-, Bohr- und Fr\u00e4ssystem Das Ultimative an Produktivit\u00e4t und Flexibilit\u00e4tPlasma-, Laserschneiden und autogenes BrennschneidenSchr\u00e4g- und Multi-Brenner-SchneidenBohren, Fr\u00e4sen und ...continue reading","og_url":"https:\/\/kineticcuttingsystems.eu\/de\/schneidemaschinen\/kombinierte-plasma-laser-bohr-und-frassysteme\/","og_site_name":"Kinetic CNC-Metallschneidsysteme","article_modified_time":"2025-11-13T15:10:48+00:00","og_image":[{"width":1100,"height":733,"url":"https:\/\/kineticcuttingsystems.eu\/de\/wp-content\/uploads\/sites\/3\/2025\/10\/kinetic-k6000-31-1100x734-e413af0.jpg","type":"image\/jpeg"}],"twitter_card":"summary_large_image","twitter_misc":{"Est. reading time":"7 minutes"},"schema":{"@context":"https:\/\/schema.org","@graph":[{"@type":"WebPage","@id":"https:\/\/kineticcuttingsystems.eu\/de\/schneidemaschinen\/kombinierte-plasma-laser-bohr-und-frassysteme\/","url":"https:\/\/kineticcuttingsystems.eu\/de\/schneidemaschinen\/kombinierte-plasma-laser-bohr-und-frassysteme\/","name":"Kombinierte Plasma-, Laser-, Bohr- und Fr\u00e4ssysteme - Kinetic CNC-Metallschneidsysteme","isPartOf":{"@id":"https:\/\/kineticcuttingsystems.eu\/de\/#website"},"primaryImageOfPage":{"@id":"https:\/\/kineticcuttingsystems.eu\/de\/schneidemaschinen\/kombinierte-plasma-laser-bohr-und-frassysteme\/#primaryimage"},"image":{"@id":"https:\/\/kineticcuttingsystems.eu\/de\/schneidemaschinen\/kombinierte-plasma-laser-bohr-und-frassysteme\/#primaryimage"},"thumbnailUrl":"https:\/\/kineticcuttingsystems.eu\/de\/wp-content\/uploads\/sites\/3\/2025\/10\/kinetic-k6000-31-1100x734-e413af0-150x150.jpg","datePublished":"2025-09-03T00:33:12+00:00","dateModified":"2025-11-13T15:10:48+00:00","breadcrumb":{"@id":"https:\/\/kineticcuttingsystems.eu\/de\/schneidemaschinen\/kombinierte-plasma-laser-bohr-und-frassysteme\/#breadcrumb"},"inLanguage":"en-US","potentialAction":[{"@type":"ReadAction","target":["https:\/\/kineticcuttingsystems.eu\/de\/schneidemaschinen\/kombinierte-plasma-laser-bohr-und-frassysteme\/"]}]},{"@type":"ImageObject","inLanguage":"en-US","@id":"https:\/\/kineticcuttingsystems.eu\/de\/schneidemaschinen\/kombinierte-plasma-laser-bohr-und-frassysteme\/#primaryimage","url":"https:\/\/kineticcuttingsystems.eu\/de\/wp-content\/uploads\/sites\/3\/2025\/10\/kinetic-k6000-31-1100x734-e413af0.jpg","contentUrl":"https:\/\/kineticcuttingsystems.eu\/de\/wp-content\/uploads\/sites\/3\/2025\/10\/kinetic-k6000-31-1100x734-e413af0.jpg","width":1100,"height":733},{"@type":"BreadcrumbList","@id":"https:\/\/kineticcuttingsystems.eu\/de\/schneidemaschinen\/kombinierte-plasma-laser-bohr-und-frassysteme\/#breadcrumb","itemListElement":[{"@type":"ListItem","position":1,"name":"Home","item":"https:\/\/kineticcuttingsystems.eu\/de\/"},{"@type":"ListItem","position":2,"name":"Schneidmaschinen","item":"https:\/\/kineticcuttingsystems.eu\/de\/schneidemaschinen\/"},{"@type":"ListItem","position":3,"name":"Kombinierte Plasma-, Laser-, Bohr- und Fr\u00e4ssysteme"}]},{"@type":"WebSite","@id":"https:\/\/kineticcuttingsystems.eu\/de\/#website","url":"https:\/\/kineticcuttingsystems.eu\/de\/","name":"Kinetic CNC-Metallschneidsysteme","description":"","potentialAction":[{"@type":"SearchAction","target":{"@type":"EntryPoint","urlTemplate":"https:\/\/kineticcuttingsystems.eu\/de\/?s={search_term_string}"},"query-input":{"@type":"PropertyValueSpecification","valueRequired":true,"valueName":"search_term_string"}}],"inLanguage":"en-US"}]}},"_links":{"self":[{"href":"https:\/\/kineticcuttingsystems.eu\/de\/wp-json\/wp\/v2\/pages\/3805","targetHints":{"allow":["GET"]}}],"collection":[{"href":"https:\/\/kineticcuttingsystems.eu\/de\/wp-json\/wp\/v2\/pages"}],"about":[{"href":"https:\/\/kineticcuttingsystems.eu\/de\/wp-json\/wp\/v2\/types\/page"}],"author":[{"embeddable":true,"href":"https:\/\/kineticcuttingsystems.eu\/de\/wp-json\/wp\/v2\/users\/5"}],"replies":[{"embeddable":true,"href":"https:\/\/kineticcuttingsystems.eu\/de\/wp-json\/wp\/v2\/comments?post=3805"}],"version-history":[{"count":7,"href":"https:\/\/kineticcuttingsystems.eu\/de\/wp-json\/wp\/v2\/pages\/3805\/revisions"}],"predecessor-version":[{"id":4132,"href":"https:\/\/kineticcuttingsystems.eu\/de\/wp-json\/wp\/v2\/pages\/3805\/revisions\/4132"}],"up":[{"embeddable":true,"href":"https:\/\/kineticcuttingsystems.eu\/de\/wp-json\/wp\/v2\/pages\/16"}],"wp:attachment":[{"href":"https:\/\/kineticcuttingsystems.eu\/de\/wp-json\/wp\/v2\/media?parent=3805"}],"curies":[{"name":"wp","href":"https:\/\/api.w.org\/{rel}","templated":true}]}}