{"id":3532,"date":"2025-03-28T12:39:01","date_gmt":"2025-03-28T16:39:01","guid":{"rendered":"https:\/\/kineticcuttingsystems.eu\/?page_id=3466"},"modified":"2025-11-13T16:43:09","modified_gmt":"2025-11-13T16:43:09","slug":"grosformat-plattenlaser","status":"publish","type":"page","link":"https:\/\/kineticcuttingsystems.eu\/de\/schneidemaschinen\/grosformat-plattenlaser\/","title":{"rendered":"Gro\u00dfformat-Plattenlaser"},"content":{"rendered":"\n<h1 class=\"wp-block-heading\">Gro\u00dfformat-Plattenlaser<\/h1>\n\n\n\n<p>Wir freuen uns bekanntgeben zu k\u00f6nnen, dass die innovative, Produktivit\u00e4ts-steigernde Maschinenkonstruktion von KINETIC jetzt in einem Gro\u00dfformat-Laserschneidsystem erh\u00e4ltlich ist. Mit dem smarten, robusten Design, f\u00fcr das KINETIC-Maschinen bekannt sind, stellt dieses neue System einen Schritt vorw\u00e4rts f\u00fcr Originalhersteller und Auftragswerkst\u00e4tten dar, die Teile schnell und pr\u00e4zise verarbeiten wollen.<\/p>\n\n\n<div class=\"wp-block-image\">\n<figure class=\"aligncenter size-large\"><img loading=\"lazy\" decoding=\"async\" width=\"1024\" height=\"682\" src=\"https:\/\/kineticcuttingsystems.eu\/de\/wp-content\/uploads\/sites\/3\/2025\/10\/kinetic-laser-gallery-11-1024x682.jpg\" alt=\"\" class=\"wp-image-3849\" srcset=\"https:\/\/kineticcuttingsystems.eu\/de\/wp-content\/uploads\/sites\/3\/2025\/10\/kinetic-laser-gallery-11-1024x682.jpg 1024w, https:\/\/kineticcuttingsystems.eu\/de\/wp-content\/uploads\/sites\/3\/2025\/10\/kinetic-laser-gallery-11-300x200.jpg 300w, https:\/\/kineticcuttingsystems.eu\/de\/wp-content\/uploads\/sites\/3\/2025\/10\/kinetic-laser-gallery-11-768x512.jpg 768w, https:\/\/kineticcuttingsystems.eu\/de\/wp-content\/uploads\/sites\/3\/2025\/10\/kinetic-laser-gallery-11.jpg 1100w\" sizes=\"auto, (max-width: 1024px) 100vw, 1024px\" \/><\/figure><\/div>\n\n\n<div style=\"height:37px\" aria-hidden=\"true\" class=\"wp-block-spacer\"><\/div>\n\n\n\n<p>Weitere Einzelheiten zu diesem neuen System sind bald erh\u00e4ltlich. F\u00fcrs Erste finden Sie technische Daten unten. Bitte\u00a0<a href=\"\/de\/preisanfrage\/\">kontaktieren Sie uns gerne noch heute<\/a><a href=\"https:\/\/kineticcuttingsystems.eu\/request-pricing\/\">,<\/a>\u00a0um mehr \u00fcber unseren neuen Gro\u00dfformat-Plattenlaser zu erfahren, und wenn zus\u00e4tzliche Einzelheiten verf\u00fcgbar werden.<\/p>\n\n\n\n<div class=\"wp-block-columns is-layout-flex wp-container-core-columns-is-layout-9d6595d7 wp-block-columns-is-layout-flex\">\n<div class=\"wp-block-column is-layout-flow wp-block-column-is-layout-flow\">\n<ul class=\"wp-block-list\">\n<li><strong>Robuste, hochwertige Maschinenkonstruktion<\/strong><\/li>\n\n\n\n<li><strong>Smarte, einfache Programmierung<\/strong><\/li>\n\n\n\n<li><strong>Kinetic-Haltbarkeit und -Zuverl\u00e4ssigkeit<\/strong><\/li>\n\n\n\n<li><strong>Hochgeschwindigkeits-Portal in langsamem Geh\u00e4use<\/strong><\/li>\n\n\n\n<li><strong>Absaugtisch mit fahrenden Kr\u00e4tzebeh\u00e4ltern<\/strong><\/li>\n\n\n\n<li><strong>Tischgr\u00f6\u00dfe 10\u2032 (3&nbsp;m) breit mit Sonderl\u00e4ngen<\/strong><\/li>\n<\/ul>\n<\/div>\n\n\n\n<div class=\"wp-block-column is-layout-flow wp-block-column-is-layout-flow\">\n<ul class=\"wp-block-list\">\n<li><strong>Schneidet bis zu 2\u2033 (50,8&nbsp;mm) Stahl, Edelstahl oder Aluminium<\/strong><\/li>\n\n\n\n<li><strong>Schr\u00e4gschnitt-Laserkopf erh\u00e4ltlich<\/strong><\/li>\n\n\n\n<li><strong>12&nbsp;kW Laserquelle Erh\u00e4ltlich<\/strong><\/li>\n\n\n\n<li><strong>20&nbsp;kW Laserquelle Erh\u00e4ltlich<\/strong><\/li>\n\n\n\n<li><strong>30&nbsp;kW Laserquelle Erh\u00e4ltlich<\/strong><\/li>\n\n\n\n<li><strong>Technischer Support 24\/7\/365<\/strong><\/li>\n<\/ul>\n<\/div>\n<\/div>\n\n\n\n<figure class=\"wp-block-gallery has-nested-images columns-5 is-cropped wp-block-gallery-1 is-layout-flex wp-block-gallery-is-layout-flex\">\n<figure class=\"wp-block-image size-full\"><a href=\"https:\/\/kineticcuttingsystems.eu\/de\/wp-content\/uploads\/2025\/01\/kinetic-laser-gallery-1.jpg\"><img decoding=\"async\" data-id=\"3454\" src=\"https:\/\/kineticcuttingsystems.eu\/de\/wp-content\/uploads\/2025\/01\/kinetic-laser-gallery-1.jpg\" alt=\"\" class=\"wp-image-3454\"\/><\/a><\/figure>\n\n\n\n<figure class=\"wp-block-image size-full\"><a href=\"https:\/\/kineticcuttingsystems.eu\/de\/wp-content\/uploads\/sites\/3\/2025\/01\/kinetic-laser-gallery-3-1.jpg\"><img decoding=\"async\" data-id=\"3456\" src=\"https:\/\/kineticcuttingsystems.eu\/de\/wp-content\/uploads\/sites\/3\/2025\/01\/kinetic-laser-gallery-3-1.jpg\" alt=\"\" class=\"wp-image-3456\"\/><\/a><\/figure>\n\n\n\n<figure class=\"wp-block-image size-full\"><a href=\"https:\/\/kineticcuttingsystems.eu\/de\/wp-content\/uploads\/sites\/3\/2025\/01\/kinetic-laser-gallery-4.jpg\"><img decoding=\"async\" data-id=\"3457\" src=\"https:\/\/kineticcuttingsystems.eu\/de\/wp-content\/uploads\/sites\/3\/2025\/01\/kinetic-laser-gallery-4.jpg\" alt=\"\" class=\"wp-image-3457\"\/><\/a><\/figure>\n\n\n\n<figure class=\"wp-block-image size-full\"><a href=\"https:\/\/kineticcuttingsystems.eu\/de\/wp-content\/uploads\/sites\/3\/2025\/01\/kinetic-laser-gallery-6-1.jpg\"><img decoding=\"async\" data-id=\"3459\" src=\"https:\/\/kineticcuttingsystems.eu\/de\/wp-content\/uploads\/sites\/3\/2025\/01\/kinetic-laser-gallery-6-1.jpg\" alt=\"\" class=\"wp-image-3459\"\/><\/a><\/figure>\n\n\n\n<figure class=\"wp-block-image size-full\"><a href=\"https:\/\/kineticcuttingsystems.eu\/de\/wp-content\/uploads\/sites\/3\/2025\/01\/kinetic-laser-gallery-7-1.jpg\"><img decoding=\"async\" data-id=\"3460\" src=\"https:\/\/kineticcuttingsystems.eu\/de\/wp-content\/uploads\/sites\/3\/2025\/01\/kinetic-laser-gallery-7-1.jpg\" alt=\"\" class=\"wp-image-3460\"\/><\/a><\/figure>\n\n\n\n<figure class=\"wp-block-image size-full\"><a href=\"https:\/\/kineticcuttingsystems.eu\/de\/wp-content\/uploads\/sites\/3\/2025\/01\/kinetic-laser-gallery-2.jpg\"><img decoding=\"async\" data-id=\"3455\" src=\"https:\/\/kineticcuttingsystems.eu\/de\/wp-content\/uploads\/sites\/3\/2025\/01\/kinetic-laser-gallery-2.jpg\" alt=\"\" class=\"wp-image-3455\"\/><\/a><\/figure>\n\n\n\n<figure class=\"wp-block-image size-full\"><a href=\"https:\/\/kineticcuttingsystems.eu\/de\/wp-content\/uploads\/sites\/3\/2025\/01\/kinetic-laser-gallery-8.jpg\"><img decoding=\"async\" data-id=\"3461\" src=\"https:\/\/kineticcuttingsystems.eu\/de\/wp-content\/uploads\/sites\/3\/2025\/01\/kinetic-laser-gallery-8.jpg\" alt=\"\" class=\"wp-image-3461\"\/><\/a><\/figure>\n\n\n\n<figure class=\"wp-block-image size-full\"><a href=\"https:\/\/kineticcuttingsystems.eu\/de\/wp-content\/uploads\/sites\/3\/2025\/04\/kinetic-laser-part-01-1.jpg\"><img decoding=\"async\" data-id=\"3511\" src=\"https:\/\/kineticcuttingsystems.eu\/de\/wp-content\/uploads\/sites\/3\/2025\/04\/kinetic-laser-part-01-1.jpg\" alt=\"\" class=\"wp-image-3511\"\/><\/a><\/figure>\n\n\n\n<figure class=\"wp-block-image size-full\"><a href=\"https:\/\/kineticcuttingsystems.eu\/de\/wp-content\/uploads\/sites\/3\/2025\/04\/kinetic-laser-part-02-1.jpg\"><img decoding=\"async\" data-id=\"3512\" src=\"https:\/\/kineticcuttingsystems.eu\/de\/wp-content\/uploads\/sites\/3\/2025\/04\/kinetic-laser-part-02-1.jpg\" alt=\"\" class=\"wp-image-3512\"\/><\/a><\/figure>\n\n\n\n<figure class=\"wp-block-image size-full\"><a href=\"https:\/\/kineticcuttingsystems.eu\/de\/wp-content\/uploads\/2025\/04\/kinetic-laser-part-1.jpg\"><img loading=\"lazy\" decoding=\"async\" width=\"1100\" height=\"733\" data-id=\"3510\" src=\"https:\/\/kineticcuttingsystems.eu\/de\/wp-content\/uploads\/2025\/04\/kinetic-laser-part-1.jpg\" alt=\"\" class=\"wp-image-3510\" srcset=\"https:\/\/kineticcuttingsystems.eu\/de\/wp-content\/uploads\/sites\/3\/2025\/04\/kinetic-laser-part-1.jpg 1100w, https:\/\/kineticcuttingsystems.eu\/de\/wp-content\/uploads\/sites\/3\/2025\/04\/kinetic-laser-part-1-300x200.jpg 300w, https:\/\/kineticcuttingsystems.eu\/de\/wp-content\/uploads\/sites\/3\/2025\/04\/kinetic-laser-part-1-1024x682.jpg 1024w, https:\/\/kineticcuttingsystems.eu\/de\/wp-content\/uploads\/sites\/3\/2025\/04\/kinetic-laser-part-1-768x512.jpg 768w\" sizes=\"auto, (max-width: 1100px) 100vw, 1100px\" \/><\/a><\/figure>\n<\/figure>\n\n\n\n<p>Bitte beachten Sie, dass sich unsere Maschinenfunktionen und technischen Daten basierend auf den neuesten technischen Verbesserungen \u00e4ndern k\u00f6nnen.\u00a0<a href=\"\/de\/preisanfrage\/\">Kontaktieren Sie uns gerne noch heute,<\/a><a href=\"https:\/\/kineticusa.flywheelsites.com\/request-pricing\/\">\u00a0<\/a>wenn Sie Fragen zu spezifischen Maschinen haben und dazu, welches Kinetic-System sich am besten f\u00fcr Ihre Anwendung eignet.<\/p>\n","protected":false},"excerpt":{"rendered":"<p>Gro\u00dfformat-Plattenlaser Wir freuen uns bekanntgeben zu k\u00f6nnen, dass die innovative, Produktivit\u00e4ts-steigernde Maschinenkonstruktion von KINETIC jetzt in einem Gro\u00dfformat-Laserschneidsystem erh\u00e4ltlich ist.<a class=\"moretag\" href=\"https:\/\/kineticcuttingsystems.eu\/de\/schneidemaschinen\/grosformat-plattenlaser\/\"> &#8230;continue reading<\/a><\/p>\n","protected":false},"author":2,"featured_media":0,"parent":16,"menu_order":4,"comment_status":"closed","ping_status":"closed","template":"page-product.php","meta":{"_acf_changed":false,"inline_featured_image":false,"footnotes":""},"class_list":["post-3532","page","type-page","status-publish","hentry"],"acf":[],"yoast_head":"<!-- This site is optimized with the Yoast SEO plugin v27.2 - https:\/\/yoast.com\/product\/yoast-seo-wordpress\/ -->\n<title>Gro\u00dfformat-Plattenlaser - Kinetic CNC-Metallschneidsysteme<\/title>\n<meta name=\"robots\" content=\"index, follow, max-snippet:-1, max-image-preview:large, max-video-preview:-1\" \/>\n<link rel=\"canonical\" href=\"https:\/\/kineticcuttingsystems.eu\/de\/schneidemaschinen\/grosformat-plattenlaser\/\" \/>\n<meta property=\"og:locale\" content=\"en_US\" \/>\n<meta property=\"og:type\" content=\"article\" \/>\n<meta property=\"og:title\" content=\"Gro\u00dfformat-Plattenlaser - Kinetic CNC-Metallschneidsysteme\" \/>\n<meta property=\"og:description\" content=\"Gro\u00dfformat-Plattenlaser Wir freuen uns bekanntgeben zu k\u00f6nnen, dass die innovative, Produktivit\u00e4ts-steigernde Maschinenkonstruktion von KINETIC jetzt in einem Gro\u00dfformat-Laserschneidsystem erh\u00e4ltlich ist. ...continue reading\" \/>\n<meta property=\"og:url\" content=\"https:\/\/kineticcuttingsystems.eu\/de\/schneidemaschinen\/grosformat-plattenlaser\/\" \/>\n<meta property=\"og:site_name\" content=\"Kinetic CNC-Metallschneidsysteme\" \/>\n<meta property=\"article:modified_time\" content=\"2025-11-13T16:43:09+00:00\" \/>\n<meta property=\"og:image\" content=\"https:\/\/kineticcuttingsystems.eu\/de\/wp-content\/uploads\/sites\/3\/2025\/10\/kinetic-laser-gallery-11.jpg\" \/>\n\t<meta property=\"og:image:width\" content=\"1100\" \/>\n\t<meta property=\"og:image:height\" content=\"733\" \/>\n\t<meta property=\"og:image:type\" content=\"image\/jpeg\" \/>\n<meta name=\"twitter:card\" content=\"summary_large_image\" \/>\n<meta name=\"twitter:label1\" content=\"Est. reading time\" \/>\n\t<meta name=\"twitter:data1\" content=\"3 minutes\" \/>\n<script type=\"application\/ld+json\" class=\"yoast-schema-graph\">{\"@context\":\"https:\/\/schema.org\",\"@graph\":[{\"@type\":\"WebPage\",\"@id\":\"https:\/\/kineticcuttingsystems.eu\/de\/schneidemaschinen\/grosformat-plattenlaser\/\",\"url\":\"https:\/\/kineticcuttingsystems.eu\/de\/schneidemaschinen\/grosformat-plattenlaser\/\",\"name\":\"Gro\u00dfformat-Plattenlaser - Kinetic CNC-Metallschneidsysteme\",\"isPartOf\":{\"@id\":\"https:\/\/kineticcuttingsystems.eu\/de\/#website\"},\"primaryImageOfPage\":{\"@id\":\"https:\/\/kineticcuttingsystems.eu\/de\/schneidemaschinen\/grosformat-plattenlaser\/#primaryimage\"},\"image\":{\"@id\":\"https:\/\/kineticcuttingsystems.eu\/de\/schneidemaschinen\/grosformat-plattenlaser\/#primaryimage\"},\"thumbnailUrl\":\"https:\/\/kineticcuttingsystems.eu\/de\/wp-content\/uploads\/sites\/3\/2025\/10\/kinetic-laser-gallery-11-1024x682.jpg\",\"datePublished\":\"2025-03-28T16:39:01+00:00\",\"dateModified\":\"2025-11-13T16:43:09+00:00\",\"breadcrumb\":{\"@id\":\"https:\/\/kineticcuttingsystems.eu\/de\/schneidemaschinen\/grosformat-plattenlaser\/#breadcrumb\"},\"inLanguage\":\"en-US\",\"potentialAction\":[{\"@type\":\"ReadAction\",\"target\":[\"https:\/\/kineticcuttingsystems.eu\/de\/schneidemaschinen\/grosformat-plattenlaser\/\"]}]},{\"@type\":\"ImageObject\",\"inLanguage\":\"en-US\",\"@id\":\"https:\/\/kineticcuttingsystems.eu\/de\/schneidemaschinen\/grosformat-plattenlaser\/#primaryimage\",\"url\":\"https:\/\/kineticcuttingsystems.eu\/de\/wp-content\/uploads\/sites\/3\/2025\/10\/kinetic-laser-gallery-11.jpg\",\"contentUrl\":\"https:\/\/kineticcuttingsystems.eu\/de\/wp-content\/uploads\/sites\/3\/2025\/10\/kinetic-laser-gallery-11.jpg\",\"width\":1100,\"height\":733},{\"@type\":\"BreadcrumbList\",\"@id\":\"https:\/\/kineticcuttingsystems.eu\/de\/schneidemaschinen\/grosformat-plattenlaser\/#breadcrumb\",\"itemListElement\":[{\"@type\":\"ListItem\",\"position\":1,\"name\":\"Home\",\"item\":\"https:\/\/kineticcuttingsystems.eu\/de\/\"},{\"@type\":\"ListItem\",\"position\":2,\"name\":\"Schneidmaschinen\",\"item\":\"https:\/\/kineticcuttingsystems.eu\/de\/schneidemaschinen\/\"},{\"@type\":\"ListItem\",\"position\":3,\"name\":\"Gro\u00dfformat-Plattenlaser\"}]},{\"@type\":\"WebSite\",\"@id\":\"https:\/\/kineticcuttingsystems.eu\/de\/#website\",\"url\":\"https:\/\/kineticcuttingsystems.eu\/de\/\",\"name\":\"Kinetic CNC-Metallschneidsysteme\",\"description\":\"\",\"potentialAction\":[{\"@type\":\"SearchAction\",\"target\":{\"@type\":\"EntryPoint\",\"urlTemplate\":\"https:\/\/kineticcuttingsystems.eu\/de\/?s={search_term_string}\"},\"query-input\":{\"@type\":\"PropertyValueSpecification\",\"valueRequired\":true,\"valueName\":\"search_term_string\"}}],\"inLanguage\":\"en-US\"}]}<\/script>\n<!-- \/ Yoast SEO plugin. -->","yoast_head_json":{"title":"Gro\u00dfformat-Plattenlaser - Kinetic CNC-Metallschneidsysteme","robots":{"index":"index","follow":"follow","max-snippet":"max-snippet:-1","max-image-preview":"max-image-preview:large","max-video-preview":"max-video-preview:-1"},"canonical":"https:\/\/kineticcuttingsystems.eu\/de\/schneidemaschinen\/grosformat-plattenlaser\/","og_locale":"en_US","og_type":"article","og_title":"Gro\u00dfformat-Plattenlaser - Kinetic CNC-Metallschneidsysteme","og_description":"Gro\u00dfformat-Plattenlaser Wir freuen uns bekanntgeben zu k\u00f6nnen, dass die innovative, Produktivit\u00e4ts-steigernde Maschinenkonstruktion von KINETIC jetzt in einem Gro\u00dfformat-Laserschneidsystem erh\u00e4ltlich ist. ...continue reading","og_url":"https:\/\/kineticcuttingsystems.eu\/de\/schneidemaschinen\/grosformat-plattenlaser\/","og_site_name":"Kinetic CNC-Metallschneidsysteme","article_modified_time":"2025-11-13T16:43:09+00:00","og_image":[{"width":1100,"height":733,"url":"https:\/\/kineticcuttingsystems.eu\/de\/wp-content\/uploads\/sites\/3\/2025\/10\/kinetic-laser-gallery-11.jpg","type":"image\/jpeg"}],"twitter_card":"summary_large_image","twitter_misc":{"Est. reading time":"3 minutes"},"schema":{"@context":"https:\/\/schema.org","@graph":[{"@type":"WebPage","@id":"https:\/\/kineticcuttingsystems.eu\/de\/schneidemaschinen\/grosformat-plattenlaser\/","url":"https:\/\/kineticcuttingsystems.eu\/de\/schneidemaschinen\/grosformat-plattenlaser\/","name":"Gro\u00dfformat-Plattenlaser - Kinetic CNC-Metallschneidsysteme","isPartOf":{"@id":"https:\/\/kineticcuttingsystems.eu\/de\/#website"},"primaryImageOfPage":{"@id":"https:\/\/kineticcuttingsystems.eu\/de\/schneidemaschinen\/grosformat-plattenlaser\/#primaryimage"},"image":{"@id":"https:\/\/kineticcuttingsystems.eu\/de\/schneidemaschinen\/grosformat-plattenlaser\/#primaryimage"},"thumbnailUrl":"https:\/\/kineticcuttingsystems.eu\/de\/wp-content\/uploads\/sites\/3\/2025\/10\/kinetic-laser-gallery-11-1024x682.jpg","datePublished":"2025-03-28T16:39:01+00:00","dateModified":"2025-11-13T16:43:09+00:00","breadcrumb":{"@id":"https:\/\/kineticcuttingsystems.eu\/de\/schneidemaschinen\/grosformat-plattenlaser\/#breadcrumb"},"inLanguage":"en-US","potentialAction":[{"@type":"ReadAction","target":["https:\/\/kineticcuttingsystems.eu\/de\/schneidemaschinen\/grosformat-plattenlaser\/"]}]},{"@type":"ImageObject","inLanguage":"en-US","@id":"https:\/\/kineticcuttingsystems.eu\/de\/schneidemaschinen\/grosformat-plattenlaser\/#primaryimage","url":"https:\/\/kineticcuttingsystems.eu\/de\/wp-content\/uploads\/sites\/3\/2025\/10\/kinetic-laser-gallery-11.jpg","contentUrl":"https:\/\/kineticcuttingsystems.eu\/de\/wp-content\/uploads\/sites\/3\/2025\/10\/kinetic-laser-gallery-11.jpg","width":1100,"height":733},{"@type":"BreadcrumbList","@id":"https:\/\/kineticcuttingsystems.eu\/de\/schneidemaschinen\/grosformat-plattenlaser\/#breadcrumb","itemListElement":[{"@type":"ListItem","position":1,"name":"Home","item":"https:\/\/kineticcuttingsystems.eu\/de\/"},{"@type":"ListItem","position":2,"name":"Schneidmaschinen","item":"https:\/\/kineticcuttingsystems.eu\/de\/schneidemaschinen\/"},{"@type":"ListItem","position":3,"name":"Gro\u00dfformat-Plattenlaser"}]},{"@type":"WebSite","@id":"https:\/\/kineticcuttingsystems.eu\/de\/#website","url":"https:\/\/kineticcuttingsystems.eu\/de\/","name":"Kinetic CNC-Metallschneidsysteme","description":"","potentialAction":[{"@type":"SearchAction","target":{"@type":"EntryPoint","urlTemplate":"https:\/\/kineticcuttingsystems.eu\/de\/?s={search_term_string}"},"query-input":{"@type":"PropertyValueSpecification","valueRequired":true,"valueName":"search_term_string"}}],"inLanguage":"en-US"}]}},"_links":{"self":[{"href":"https:\/\/kineticcuttingsystems.eu\/de\/wp-json\/wp\/v2\/pages\/3532","targetHints":{"allow":["GET"]}}],"collection":[{"href":"https:\/\/kineticcuttingsystems.eu\/de\/wp-json\/wp\/v2\/pages"}],"about":[{"href":"https:\/\/kineticcuttingsystems.eu\/de\/wp-json\/wp\/v2\/types\/page"}],"author":[{"embeddable":true,"href":"https:\/\/kineticcuttingsystems.eu\/de\/wp-json\/wp\/v2\/users\/2"}],"replies":[{"embeddable":true,"href":"https:\/\/kineticcuttingsystems.eu\/de\/wp-json\/wp\/v2\/comments?post=3532"}],"version-history":[{"count":10,"href":"https:\/\/kineticcuttingsystems.eu\/de\/wp-json\/wp\/v2\/pages\/3532\/revisions"}],"predecessor-version":[{"id":4167,"href":"https:\/\/kineticcuttingsystems.eu\/de\/wp-json\/wp\/v2\/pages\/3532\/revisions\/4167"}],"up":[{"embeddable":true,"href":"https:\/\/kineticcuttingsystems.eu\/de\/wp-json\/wp\/v2\/pages\/16"}],"wp:attachment":[{"href":"https:\/\/kineticcuttingsystems.eu\/de\/wp-json\/wp\/v2\/media?parent=3532"}],"curies":[{"name":"wp","href":"https:\/\/api.w.org\/{rel}","templated":true}]}}