{"id":323,"date":"2018-04-30T18:45:45","date_gmt":"2018-04-30T18:45:45","guid":{"rendered":"https:\/\/kineticcuttingsystems.eu\/?page_id=323"},"modified":"2025-11-13T15:46:01","modified_gmt":"2025-11-13T15:46:01","slug":"ganseblumchenrad-pragung","status":"publish","type":"page","link":"https:\/\/kineticcuttingsystems.eu\/de\/schneidemaschinen\/plasmaoptionen-und-zubehor\/ganseblumchenrad-pragung\/","title":{"rendered":"G\u00e4nsebl\u00fcmchenrad-Pr\u00e4gung"},"content":{"rendered":"\n<h1 class=\"wp-block-heading\">G\u00c4NSEBL\u00dcMCHENRAD-PR\u00c4GUNG<\/h1>\n\n\n\n<p>Schnelle und dauerhafte Kennzeichnung mit Teilenummern, Seriennummern, Anleitungen und mehr mit unserem Typenradstanzkopf. Dieses optionale System l\u00e4sst sich einfach programmieren und eignet sich ideal f\u00fcr eine Vielfalt von Teilekennzeichnungsanwendungen.<\/p>\n\n\n\n<p>Erleben Sie unser Typenradstanzsystem in Aktion in dem Video unten. Wenn Sie auf der Seite nach unten scrollen, finden Sie auch eine Bildergalerie.<\/p>\n\n\n\n<figure class=\"wp-block-embed is-type-video is-provider-youtube wp-block-embed-youtube\"><div style=\"display: contents;\">\n\n<div data-mode=\"normal\" data-oembed=\"1\" data-provider=\"youtube\" id=\"arve-youtube-aby1ti0bfpy\" class=\"arve\">\n\t<div class=\"arve-inner\">\n\t\t<div class=\"arve-embed arve-embed--has-aspect-ratio\">\n\t\t\t<div class=\"arve-ar\" style=\"padding-top:56.250000%\"><\/div>\n\t\t\t<iframe allow=\"accelerometer &#039;none&#039;;autoplay &#039;none&#039;;camera &#039;none&#039;;ch-ua &#039;none&#039;;clipboard-read &#039;none&#039;;clipboard-write;display-capture &#039;none&#039;;encrypted-media &#039;none&#039;;gamepad &#039;none&#039;;geolocation &#039;none&#039;;gyroscope &#039;none&#039;;hid &#039;none&#039;;identity-credentials-get &#039;none&#039;;idle-detection &#039;none&#039;;keyboard-map &#039;none&#039;;local-fonts &#039;none&#039;;magnetometer &#039;none&#039;;microphone &#039;none&#039;;midi &#039;none&#039;;payment &#039;none&#039;;picture-in-picture;publickey-credentials-create &#039;none&#039;;publickey-credentials-get &#039;none&#039;;screen-wake-lock &#039;none&#039;;serial &#039;none&#039;;sync-xhr;usb &#039;none&#039;;window-management &#039;none&#039;;xr-spatial-tracking &#039;none&#039;;\" allowfullscreen=\"\" class=\"arve-iframe fitvidsignore\" credentialless data-arve=\"arve-youtube-aby1ti0bfpy\" data-lenis-prevent=\"\" data-src-no-ap=\"https:\/\/www.youtube-nocookie.com\/embed\/aby1Ti0bFpY?feature=oembed&amp;iv_load_policy=3&amp;modestbranding=1&amp;rel=0&amp;autohide=1&amp;playsinline=0&amp;autoplay=0\" frameborder=\"0\" height=\"0\" loading=\"lazy\" name=\"\" referrerpolicy=\"strict-origin-when-cross-origin\" sandbox=\"allow-scripts allow-same-origin allow-presentation allow-popups allow-popups-to-escape-sandbox\" scrolling=\"no\" src=\"https:\/\/www.youtube-nocookie.com\/embed\/aby1Ti0bFpY?feature=oembed&#038;iv_load_policy=3&#038;modestbranding=1&#038;rel=0&#038;autohide=1&#038;playsinline=0&#038;autoplay=0\" title=\"\" width=\"0\"><\/iframe>\n\t\t\t\n\t\t<\/div>\n\t\t\n\t<\/div>\n\t\n\t\n\t<script type=\"application\/ld+json\">{\"@context\":\"http:\\\/\\\/schema.org\\\/\",\"@id\":\"https:\\\/\\\/kineticcuttingsystems.eu\\\/de\\\/schneidemaschinen\\\/plasmaoptionen-und-zubehor\\\/ganseblumchenrad-pragung\\\/#arve-youtube-aby1ti0bfpy\",\"type\":\"VideoObject\",\"embedURL\":\"https:\\\/\\\/www.youtube-nocookie.com\\\/embed\\\/aby1Ti0bFpY?feature=oembed&iv_load_policy=3&modestbranding=1&rel=0&autohide=1&playsinline=0&autoplay=0\"}<\/script>\n<\/div>\n<\/div><\/figure>\n\n\n\n<figure class=\"wp-block-gallery has-nested-images columns-4 is-cropped wp-block-gallery-1 is-layout-flex wp-block-gallery-is-layout-flex\">\n<figure class=\"wp-block-image size-thumbnail\"><a href=\"https:\/\/kineticcuttingsystems.eu\/de\/wp-content\/uploads\/sites\/3\/2020\/08\/PAR_1154.jpg\"><img loading=\"lazy\" decoding=\"async\" width=\"150\" height=\"150\" data-id=\"2008\" src=\"https:\/\/kineticcuttingsystems.eu\/de\/wp-content\/uploads\/sites\/3\/2020\/08\/PAR_1154-150x150.jpg\" alt=\"\" class=\"wp-image-2008\"\/><\/a><\/figure>\n\n\n\n<figure class=\"wp-block-image size-thumbnail\"><a href=\"https:\/\/kineticcuttingsystems.eu\/de\/wp-content\/uploads\/sites\/3\/2020\/08\/PAR_1164.jpg\"><img loading=\"lazy\" decoding=\"async\" width=\"150\" height=\"150\" data-id=\"2007\" src=\"https:\/\/kineticcuttingsystems.eu\/de\/wp-content\/uploads\/sites\/3\/2020\/08\/PAR_1164-150x150.jpg\" alt=\"\" class=\"wp-image-2007\"\/><\/a><\/figure>\n\n\n\n<figure class=\"wp-block-image size-thumbnail\"><a href=\"https:\/\/kineticcuttingsystems.eu\/de\/wp-content\/uploads\/sites\/3\/2020\/08\/PAR_1165.jpg\"><img loading=\"lazy\" decoding=\"async\" width=\"150\" height=\"150\" data-id=\"2009\" src=\"https:\/\/kineticcuttingsystems.eu\/de\/wp-content\/uploads\/sites\/3\/2020\/08\/PAR_1165-150x150.jpg\" alt=\"\" class=\"wp-image-2009\"\/><\/a><\/figure>\n\n\n\n<figure class=\"wp-block-image size-thumbnail\"><a href=\"https:\/\/kineticcuttingsystems.eu\/de\/wp-content\/uploads\/sites\/3\/2020\/08\/PAR_1167.jpg\"><img loading=\"lazy\" decoding=\"async\" width=\"150\" height=\"150\" data-id=\"2010\" src=\"https:\/\/kineticcuttingsystems.eu\/de\/wp-content\/uploads\/sites\/3\/2020\/08\/PAR_1167-150x150.jpg\" alt=\"\" class=\"wp-image-2010\"\/><\/a><\/figure>\n<\/figure>\n\n\n\n<p>Als eine integrale Komponente im Schneidesystem selbst spart unsere Typenradstanzkopf Zeit ein und beschleunigt die Produktion, da die Notwendigkeit f\u00fcr sp\u00e4tere Kennzeichnungsprozesse entf\u00e4llt. Kontaktieren Sie uns gerne noch heute\u00a0<a href=\"\/de\/preisanfrage\/\">f\u00fcr weitere Informationen.<\/a>\u00a0Unsere Experten stehen zur Verf\u00fcgung und beantworten Ihnen gerne alle Fragen.<\/p>\n\n\n\n<p><\/p>\n","protected":false},"excerpt":{"rendered":"<p>G\u00c4NSEBL\u00dcMCHENRAD-PR\u00c4GUNG Schnelle und dauerhafte Kennzeichnung mit Teilenummern, Seriennummern, Anleitungen und mehr mit unserem Typenradstanzkopf. Dieses optionale System l\u00e4sst sich einfach<a class=\"moretag\" href=\"https:\/\/kineticcuttingsystems.eu\/de\/schneidemaschinen\/plasmaoptionen-und-zubehor\/ganseblumchenrad-pragung\/\"> &#8230;continue reading<\/a><\/p>\n","protected":false},"author":2,"featured_media":0,"parent":195,"menu_order":9,"comment_status":"closed","ping_status":"closed","template":"page-product.php","meta":{"_acf_changed":false,"inline_featured_image":false,"footnotes":""},"class_list":["post-323","page","type-page","status-publish","hentry"],"acf":[],"yoast_head":"<!-- This site is optimized with the Yoast SEO plugin v27.2 - https:\/\/yoast.com\/product\/yoast-seo-wordpress\/ -->\n<title>G\u00e4nsebl\u00fcmchenrad-Pr\u00e4gung - Kinetic CNC-Metallschneidsysteme<\/title>\n<meta name=\"robots\" content=\"index, follow, max-snippet:-1, max-image-preview:large, max-video-preview:-1\" \/>\n<link rel=\"canonical\" href=\"https:\/\/kineticcuttingsystems.eu\/de\/schneidemaschinen\/plasmaoptionen-und-zubehor\/ganseblumchenrad-pragung\/\" \/>\n<meta property=\"og:locale\" content=\"en_US\" \/>\n<meta property=\"og:type\" content=\"article\" \/>\n<meta property=\"og:title\" content=\"G\u00e4nsebl\u00fcmchenrad-Pr\u00e4gung - Kinetic CNC-Metallschneidsysteme\" \/>\n<meta property=\"og:description\" content=\"G\u00c4NSEBL\u00dcMCHENRAD-PR\u00c4GUNG Schnelle und dauerhafte Kennzeichnung mit Teilenummern, Seriennummern, Anleitungen und mehr mit unserem Typenradstanzkopf. Dieses optionale System l\u00e4sst sich einfach ...continue reading\" \/>\n<meta property=\"og:url\" content=\"https:\/\/kineticcuttingsystems.eu\/de\/schneidemaschinen\/plasmaoptionen-und-zubehor\/ganseblumchenrad-pragung\/\" \/>\n<meta property=\"og:site_name\" content=\"Kinetic CNC-Metallschneidsysteme\" \/>\n<meta property=\"article:modified_time\" content=\"2025-11-13T15:46:01+00:00\" \/>\n<meta property=\"og:image\" content=\"https:\/\/kineticcuttingsystems.eu\/de\/wp-content\/uploads\/sites\/3\/2020\/08\/PAR_1154.jpg\" \/>\n\t<meta property=\"og:image:width\" content=\"662\" \/>\n\t<meta property=\"og:image:height\" content=\"1000\" \/>\n\t<meta property=\"og:image:type\" content=\"image\/jpeg\" \/>\n<meta name=\"twitter:card\" content=\"summary_large_image\" \/>\n<meta name=\"twitter:label1\" content=\"Est. reading time\" \/>\n\t<meta name=\"twitter:data1\" content=\"2 minutes\" \/>\n<script type=\"application\/ld+json\" class=\"yoast-schema-graph\">{\"@context\":\"https:\/\/schema.org\",\"@graph\":[{\"@type\":\"WebPage\",\"@id\":\"https:\/\/kineticcuttingsystems.eu\/de\/schneidemaschinen\/plasmaoptionen-und-zubehor\/ganseblumchenrad-pragung\/\",\"url\":\"https:\/\/kineticcuttingsystems.eu\/de\/schneidemaschinen\/plasmaoptionen-und-zubehor\/ganseblumchenrad-pragung\/\",\"name\":\"G\u00e4nsebl\u00fcmchenrad-Pr\u00e4gung - Kinetic CNC-Metallschneidsysteme\",\"isPartOf\":{\"@id\":\"https:\/\/kineticcuttingsystems.eu\/de\/#website\"},\"primaryImageOfPage\":{\"@id\":\"https:\/\/kineticcuttingsystems.eu\/de\/schneidemaschinen\/plasmaoptionen-und-zubehor\/ganseblumchenrad-pragung\/#primaryimage\"},\"image\":{\"@id\":\"https:\/\/kineticcuttingsystems.eu\/de\/schneidemaschinen\/plasmaoptionen-und-zubehor\/ganseblumchenrad-pragung\/#primaryimage\"},\"thumbnailUrl\":\"https:\/\/kineticcuttingsystems.eu\/de\/wp-content\/uploads\/sites\/3\/2020\/08\/PAR_1154-150x150.jpg\",\"datePublished\":\"2018-04-30T18:45:45+00:00\",\"dateModified\":\"2025-11-13T15:46:01+00:00\",\"breadcrumb\":{\"@id\":\"https:\/\/kineticcuttingsystems.eu\/de\/schneidemaschinen\/plasmaoptionen-und-zubehor\/ganseblumchenrad-pragung\/#breadcrumb\"},\"inLanguage\":\"en-US\",\"potentialAction\":[{\"@type\":\"ReadAction\",\"target\":[\"https:\/\/kineticcuttingsystems.eu\/de\/schneidemaschinen\/plasmaoptionen-und-zubehor\/ganseblumchenrad-pragung\/\"]}]},{\"@type\":\"ImageObject\",\"inLanguage\":\"en-US\",\"@id\":\"https:\/\/kineticcuttingsystems.eu\/de\/schneidemaschinen\/plasmaoptionen-und-zubehor\/ganseblumchenrad-pragung\/#primaryimage\",\"url\":\"https:\/\/kineticcuttingsystems.eu\/de\/wp-content\/uploads\/sites\/3\/2020\/08\/PAR_1154.jpg\",\"contentUrl\":\"https:\/\/kineticcuttingsystems.eu\/de\/wp-content\/uploads\/sites\/3\/2020\/08\/PAR_1154.jpg\",\"width\":662,\"height\":1000},{\"@type\":\"BreadcrumbList\",\"@id\":\"https:\/\/kineticcuttingsystems.eu\/de\/schneidemaschinen\/plasmaoptionen-und-zubehor\/ganseblumchenrad-pragung\/#breadcrumb\",\"itemListElement\":[{\"@type\":\"ListItem\",\"position\":1,\"name\":\"Home\",\"item\":\"https:\/\/kineticcuttingsystems.eu\/de\/\"},{\"@type\":\"ListItem\",\"position\":2,\"name\":\"Schneidmaschinen\",\"item\":\"https:\/\/kineticcuttingsystems.eu\/de\/schneidemaschinen\/\"},{\"@type\":\"ListItem\",\"position\":3,\"name\":\"Plasmaoptionen und Zubeh\u00f6r\",\"item\":\"https:\/\/kineticcuttingsystems.eu\/de\/schneidemaschinen\/plasmaoptionen-und-zubehor\/\"},{\"@type\":\"ListItem\",\"position\":4,\"name\":\"G\u00e4nsebl\u00fcmchenrad-Pr\u00e4gung\"}]},{\"@type\":\"WebSite\",\"@id\":\"https:\/\/kineticcuttingsystems.eu\/de\/#website\",\"url\":\"https:\/\/kineticcuttingsystems.eu\/de\/\",\"name\":\"Kinetic CNC-Metallschneidsysteme\",\"description\":\"\",\"potentialAction\":[{\"@type\":\"SearchAction\",\"target\":{\"@type\":\"EntryPoint\",\"urlTemplate\":\"https:\/\/kineticcuttingsystems.eu\/de\/?s={search_term_string}\"},\"query-input\":{\"@type\":\"PropertyValueSpecification\",\"valueRequired\":true,\"valueName\":\"search_term_string\"}}],\"inLanguage\":\"en-US\"}]}<\/script>\n<!-- \/ Yoast SEO plugin. -->","yoast_head_json":{"title":"G\u00e4nsebl\u00fcmchenrad-Pr\u00e4gung - Kinetic CNC-Metallschneidsysteme","robots":{"index":"index","follow":"follow","max-snippet":"max-snippet:-1","max-image-preview":"max-image-preview:large","max-video-preview":"max-video-preview:-1"},"canonical":"https:\/\/kineticcuttingsystems.eu\/de\/schneidemaschinen\/plasmaoptionen-und-zubehor\/ganseblumchenrad-pragung\/","og_locale":"en_US","og_type":"article","og_title":"G\u00e4nsebl\u00fcmchenrad-Pr\u00e4gung - Kinetic CNC-Metallschneidsysteme","og_description":"G\u00c4NSEBL\u00dcMCHENRAD-PR\u00c4GUNG Schnelle und dauerhafte Kennzeichnung mit Teilenummern, Seriennummern, Anleitungen und mehr mit unserem Typenradstanzkopf. Dieses optionale System l\u00e4sst sich einfach ...continue reading","og_url":"https:\/\/kineticcuttingsystems.eu\/de\/schneidemaschinen\/plasmaoptionen-und-zubehor\/ganseblumchenrad-pragung\/","og_site_name":"Kinetic CNC-Metallschneidsysteme","article_modified_time":"2025-11-13T15:46:01+00:00","og_image":[{"width":662,"height":1000,"url":"https:\/\/kineticcuttingsystems.eu\/de\/wp-content\/uploads\/sites\/3\/2020\/08\/PAR_1154.jpg","type":"image\/jpeg"}],"twitter_card":"summary_large_image","twitter_misc":{"Est. reading time":"2 minutes"},"schema":{"@context":"https:\/\/schema.org","@graph":[{"@type":"WebPage","@id":"https:\/\/kineticcuttingsystems.eu\/de\/schneidemaschinen\/plasmaoptionen-und-zubehor\/ganseblumchenrad-pragung\/","url":"https:\/\/kineticcuttingsystems.eu\/de\/schneidemaschinen\/plasmaoptionen-und-zubehor\/ganseblumchenrad-pragung\/","name":"G\u00e4nsebl\u00fcmchenrad-Pr\u00e4gung - Kinetic CNC-Metallschneidsysteme","isPartOf":{"@id":"https:\/\/kineticcuttingsystems.eu\/de\/#website"},"primaryImageOfPage":{"@id":"https:\/\/kineticcuttingsystems.eu\/de\/schneidemaschinen\/plasmaoptionen-und-zubehor\/ganseblumchenrad-pragung\/#primaryimage"},"image":{"@id":"https:\/\/kineticcuttingsystems.eu\/de\/schneidemaschinen\/plasmaoptionen-und-zubehor\/ganseblumchenrad-pragung\/#primaryimage"},"thumbnailUrl":"https:\/\/kineticcuttingsystems.eu\/de\/wp-content\/uploads\/sites\/3\/2020\/08\/PAR_1154-150x150.jpg","datePublished":"2018-04-30T18:45:45+00:00","dateModified":"2025-11-13T15:46:01+00:00","breadcrumb":{"@id":"https:\/\/kineticcuttingsystems.eu\/de\/schneidemaschinen\/plasmaoptionen-und-zubehor\/ganseblumchenrad-pragung\/#breadcrumb"},"inLanguage":"en-US","potentialAction":[{"@type":"ReadAction","target":["https:\/\/kineticcuttingsystems.eu\/de\/schneidemaschinen\/plasmaoptionen-und-zubehor\/ganseblumchenrad-pragung\/"]}]},{"@type":"ImageObject","inLanguage":"en-US","@id":"https:\/\/kineticcuttingsystems.eu\/de\/schneidemaschinen\/plasmaoptionen-und-zubehor\/ganseblumchenrad-pragung\/#primaryimage","url":"https:\/\/kineticcuttingsystems.eu\/de\/wp-content\/uploads\/sites\/3\/2020\/08\/PAR_1154.jpg","contentUrl":"https:\/\/kineticcuttingsystems.eu\/de\/wp-content\/uploads\/sites\/3\/2020\/08\/PAR_1154.jpg","width":662,"height":1000},{"@type":"BreadcrumbList","@id":"https:\/\/kineticcuttingsystems.eu\/de\/schneidemaschinen\/plasmaoptionen-und-zubehor\/ganseblumchenrad-pragung\/#breadcrumb","itemListElement":[{"@type":"ListItem","position":1,"name":"Home","item":"https:\/\/kineticcuttingsystems.eu\/de\/"},{"@type":"ListItem","position":2,"name":"Schneidmaschinen","item":"https:\/\/kineticcuttingsystems.eu\/de\/schneidemaschinen\/"},{"@type":"ListItem","position":3,"name":"Plasmaoptionen und Zubeh\u00f6r","item":"https:\/\/kineticcuttingsystems.eu\/de\/schneidemaschinen\/plasmaoptionen-und-zubehor\/"},{"@type":"ListItem","position":4,"name":"G\u00e4nsebl\u00fcmchenrad-Pr\u00e4gung"}]},{"@type":"WebSite","@id":"https:\/\/kineticcuttingsystems.eu\/de\/#website","url":"https:\/\/kineticcuttingsystems.eu\/de\/","name":"Kinetic CNC-Metallschneidsysteme","description":"","potentialAction":[{"@type":"SearchAction","target":{"@type":"EntryPoint","urlTemplate":"https:\/\/kineticcuttingsystems.eu\/de\/?s={search_term_string}"},"query-input":{"@type":"PropertyValueSpecification","valueRequired":true,"valueName":"search_term_string"}}],"inLanguage":"en-US"}]}},"_links":{"self":[{"href":"https:\/\/kineticcuttingsystems.eu\/de\/wp-json\/wp\/v2\/pages\/323","targetHints":{"allow":["GET"]}}],"collection":[{"href":"https:\/\/kineticcuttingsystems.eu\/de\/wp-json\/wp\/v2\/pages"}],"about":[{"href":"https:\/\/kineticcuttingsystems.eu\/de\/wp-json\/wp\/v2\/types\/page"}],"author":[{"embeddable":true,"href":"https:\/\/kineticcuttingsystems.eu\/de\/wp-json\/wp\/v2\/users\/2"}],"replies":[{"embeddable":true,"href":"https:\/\/kineticcuttingsystems.eu\/de\/wp-json\/wp\/v2\/comments?post=323"}],"version-history":[{"count":4,"href":"https:\/\/kineticcuttingsystems.eu\/de\/wp-json\/wp\/v2\/pages\/323\/revisions"}],"predecessor-version":[{"id":4144,"href":"https:\/\/kineticcuttingsystems.eu\/de\/wp-json\/wp\/v2\/pages\/323\/revisions\/4144"}],"up":[{"embeddable":true,"href":"https:\/\/kineticcuttingsystems.eu\/de\/wp-json\/wp\/v2\/pages\/195"}],"wp:attachment":[{"href":"https:\/\/kineticcuttingsystems.eu\/de\/wp-json\/wp\/v2\/media?parent=323"}],"curies":[{"name":"wp","href":"https:\/\/api.w.org\/{rel}","templated":true}]}}