{"id":319,"date":"2018-04-30T18:42:26","date_gmt":"2018-04-30T18:42:26","guid":{"rendered":"https:\/\/kineticcuttingsystems.eu\/?page_id=319"},"modified":"2025-11-13T15:36:49","modified_gmt":"2025-11-13T15:36:49","slug":"rohrschneideaufsatz","status":"publish","type":"page","link":"https:\/\/kineticcuttingsystems.eu\/de\/schneidemaschinen\/plasmaoptionen-und-zubehor\/rohrschneideaufsatz\/","title":{"rendered":"Rohrschneideaufsatz"},"content":{"rendered":"\n<h1 class=\"wp-block-heading\">Rohrschneideaufsatz<\/h1>\n\n\n\n<p>Kinetic-Plasmaschneidemaschinen k\u00f6nnen mit unserem optionalen Rohrschneidsystem einen Vorteil gewinnen. Dieses System nutzt einen mit Servomotor betriebenen Chuck, um das Rohr w\u00e4hrend des Schneidevorgangs zu drehen.<\/p>\n\n\n<div class=\"wp-block-image\">\n<figure class=\"aligncenter\"><img loading=\"lazy\" decoding=\"async\" width=\"1199\" height=\"684\" src=\"https:\/\/kineticcuttingsystems.eu\/de\/wp-content\/uploads\/2021\/06\/Pipe.cutting.attachment.png\" alt=\"\" class=\"wp-image-2304\" srcset=\"https:\/\/kineticcuttingsystems.eu\/de\/wp-content\/uploads\/sites\/3\/2021\/06\/Pipe.cutting.attachment.png 1199w, https:\/\/kineticcuttingsystems.eu\/de\/wp-content\/uploads\/sites\/3\/2021\/06\/Pipe.cutting.attachment-300x171.png 300w, https:\/\/kineticcuttingsystems.eu\/de\/wp-content\/uploads\/sites\/3\/2021\/06\/Pipe.cutting.attachment-1024x584.png 1024w, https:\/\/kineticcuttingsystems.eu\/de\/wp-content\/uploads\/sites\/3\/2021\/06\/Pipe.cutting.attachment-768x438.png 768w\" sizes=\"auto, (max-width: 1199px) 100vw, 1199px\" \/><\/figure><\/div>\n\n\n<p>Die Rohrschneideeinheit kann R90-mm-Rohre bis 600NB und einer L\u00e4nge von 40\u2019 (12,2&nbsp;m) schneiden.&nbsp; F\u00fcnf Rohrst\u00fctzen sind im Lieferumfang inbegriffen. Sie werden manuell entlang der Rohrl\u00e4nge von 40\u2018 (12,2&nbsp;m) in Abst\u00e4nden angeordnet und manuell zur Unterst\u00fctzung des Rohrs angepasst.<\/p>\n\n\n\n<p>Wenn Sie Fragen \u00fcber CNC-Plasmaschneiden f\u00fcr Rohr- und R\u00f6hrenmaterialien haben,\u00a0<a href=\"\/de\/preisanfrage\/\">kontaktieren Sie uns gerne noch heute<\/a>. Unsere Experten beantworten Ihnen gerne alle Fragen.<\/p>\n\n\n\n<p><\/p>\n","protected":false},"excerpt":{"rendered":"<p>Rohrschneideaufsatz Kinetic-Plasmaschneidemaschinen k\u00f6nnen mit unserem optionalen Rohrschneidsystem einen Vorteil gewinnen. Dieses System nutzt einen mit Servomotor betriebenen Chuck, um das<a class=\"moretag\" href=\"https:\/\/kineticcuttingsystems.eu\/de\/schneidemaschinen\/plasmaoptionen-und-zubehor\/rohrschneideaufsatz\/\"> &#8230;continue reading<\/a><\/p>\n","protected":false},"author":2,"featured_media":0,"parent":195,"menu_order":5,"comment_status":"closed","ping_status":"closed","template":"page-product.php","meta":{"_acf_changed":false,"inline_featured_image":false,"footnotes":""},"class_list":["post-319","page","type-page","status-publish","hentry"],"acf":[],"yoast_head":"<!-- This site is optimized with the Yoast SEO plugin v27.2 - https:\/\/yoast.com\/product\/yoast-seo-wordpress\/ -->\n<title>Rohrschneideaufsatz - Kinetic CNC-Metallschneidsysteme<\/title>\n<meta name=\"robots\" content=\"index, follow, max-snippet:-1, max-image-preview:large, max-video-preview:-1\" \/>\n<link rel=\"canonical\" href=\"https:\/\/kineticcuttingsystems.eu\/de\/schneidemaschinen\/plasmaoptionen-und-zubehor\/rohrschneideaufsatz\/\" \/>\n<meta property=\"og:locale\" content=\"en_US\" \/>\n<meta property=\"og:type\" content=\"article\" \/>\n<meta property=\"og:title\" content=\"Rohrschneideaufsatz - Kinetic CNC-Metallschneidsysteme\" \/>\n<meta property=\"og:description\" content=\"Rohrschneideaufsatz Kinetic-Plasmaschneidemaschinen k\u00f6nnen mit unserem optionalen Rohrschneidsystem einen Vorteil gewinnen. Dieses System nutzt einen mit Servomotor betriebenen Chuck, um das ...continue reading\" \/>\n<meta property=\"og:url\" content=\"https:\/\/kineticcuttingsystems.eu\/de\/schneidemaschinen\/plasmaoptionen-und-zubehor\/rohrschneideaufsatz\/\" \/>\n<meta property=\"og:site_name\" content=\"Kinetic CNC-Metallschneidsysteme\" \/>\n<meta property=\"article:modified_time\" content=\"2025-11-13T15:36:49+00:00\" \/>\n<meta property=\"og:image\" content=\"https:\/\/kineticcuttingsystems.eu\/de\/wp-content\/uploads\/sites\/3\/2021\/06\/Pipe.cutting.attachment.png\" \/>\n\t<meta property=\"og:image:width\" content=\"1199\" \/>\n\t<meta property=\"og:image:height\" content=\"684\" \/>\n\t<meta property=\"og:image:type\" content=\"image\/png\" \/>\n<meta name=\"twitter:card\" content=\"summary_large_image\" \/>\n<meta name=\"twitter:label1\" content=\"Est. reading time\" \/>\n\t<meta name=\"twitter:data1\" content=\"1 minute\" \/>\n<script type=\"application\/ld+json\" class=\"yoast-schema-graph\">{\"@context\":\"https:\/\/schema.org\",\"@graph\":[{\"@type\":\"WebPage\",\"@id\":\"https:\/\/kineticcuttingsystems.eu\/de\/schneidemaschinen\/plasmaoptionen-und-zubehor\/rohrschneideaufsatz\/\",\"url\":\"https:\/\/kineticcuttingsystems.eu\/de\/schneidemaschinen\/plasmaoptionen-und-zubehor\/rohrschneideaufsatz\/\",\"name\":\"Rohrschneideaufsatz - Kinetic CNC-Metallschneidsysteme\",\"isPartOf\":{\"@id\":\"https:\/\/kineticcuttingsystems.eu\/de\/#website\"},\"primaryImageOfPage\":{\"@id\":\"https:\/\/kineticcuttingsystems.eu\/de\/schneidemaschinen\/plasmaoptionen-und-zubehor\/rohrschneideaufsatz\/#primaryimage\"},\"image\":{\"@id\":\"https:\/\/kineticcuttingsystems.eu\/de\/schneidemaschinen\/plasmaoptionen-und-zubehor\/rohrschneideaufsatz\/#primaryimage\"},\"thumbnailUrl\":\"https:\/\/kineticcuttingsystems.eu\/de\/wp-content\/uploads\/2021\/06\/Pipe.cutting.attachment.png\",\"datePublished\":\"2018-04-30T18:42:26+00:00\",\"dateModified\":\"2025-11-13T15:36:49+00:00\",\"breadcrumb\":{\"@id\":\"https:\/\/kineticcuttingsystems.eu\/de\/schneidemaschinen\/plasmaoptionen-und-zubehor\/rohrschneideaufsatz\/#breadcrumb\"},\"inLanguage\":\"en-US\",\"potentialAction\":[{\"@type\":\"ReadAction\",\"target\":[\"https:\/\/kineticcuttingsystems.eu\/de\/schneidemaschinen\/plasmaoptionen-und-zubehor\/rohrschneideaufsatz\/\"]}]},{\"@type\":\"ImageObject\",\"inLanguage\":\"en-US\",\"@id\":\"https:\/\/kineticcuttingsystems.eu\/de\/schneidemaschinen\/plasmaoptionen-und-zubehor\/rohrschneideaufsatz\/#primaryimage\",\"url\":\"https:\/\/kineticcuttingsystems.eu\/de\/wp-content\/uploads\/sites\/3\/2021\/06\/Pipe.cutting.attachment.png\",\"contentUrl\":\"https:\/\/kineticcuttingsystems.eu\/de\/wp-content\/uploads\/sites\/3\/2021\/06\/Pipe.cutting.attachment.png\",\"width\":1199,\"height\":684},{\"@type\":\"BreadcrumbList\",\"@id\":\"https:\/\/kineticcuttingsystems.eu\/de\/schneidemaschinen\/plasmaoptionen-und-zubehor\/rohrschneideaufsatz\/#breadcrumb\",\"itemListElement\":[{\"@type\":\"ListItem\",\"position\":1,\"name\":\"Home\",\"item\":\"https:\/\/kineticcuttingsystems.eu\/de\/\"},{\"@type\":\"ListItem\",\"position\":2,\"name\":\"Schneidmaschinen\",\"item\":\"https:\/\/kineticcuttingsystems.eu\/de\/schneidemaschinen\/\"},{\"@type\":\"ListItem\",\"position\":3,\"name\":\"Plasmaoptionen und Zubeh\u00f6r\",\"item\":\"https:\/\/kineticcuttingsystems.eu\/de\/schneidemaschinen\/plasmaoptionen-und-zubehor\/\"},{\"@type\":\"ListItem\",\"position\":4,\"name\":\"Rohrschneideaufsatz\"}]},{\"@type\":\"WebSite\",\"@id\":\"https:\/\/kineticcuttingsystems.eu\/de\/#website\",\"url\":\"https:\/\/kineticcuttingsystems.eu\/de\/\",\"name\":\"Kinetic CNC-Metallschneidsysteme\",\"description\":\"\",\"potentialAction\":[{\"@type\":\"SearchAction\",\"target\":{\"@type\":\"EntryPoint\",\"urlTemplate\":\"https:\/\/kineticcuttingsystems.eu\/de\/?s={search_term_string}\"},\"query-input\":{\"@type\":\"PropertyValueSpecification\",\"valueRequired\":true,\"valueName\":\"search_term_string\"}}],\"inLanguage\":\"en-US\"}]}<\/script>\n<!-- \/ Yoast SEO plugin. -->","yoast_head_json":{"title":"Rohrschneideaufsatz - Kinetic CNC-Metallschneidsysteme","robots":{"index":"index","follow":"follow","max-snippet":"max-snippet:-1","max-image-preview":"max-image-preview:large","max-video-preview":"max-video-preview:-1"},"canonical":"https:\/\/kineticcuttingsystems.eu\/de\/schneidemaschinen\/plasmaoptionen-und-zubehor\/rohrschneideaufsatz\/","og_locale":"en_US","og_type":"article","og_title":"Rohrschneideaufsatz - Kinetic CNC-Metallschneidsysteme","og_description":"Rohrschneideaufsatz Kinetic-Plasmaschneidemaschinen k\u00f6nnen mit unserem optionalen Rohrschneidsystem einen Vorteil gewinnen. Dieses System nutzt einen mit Servomotor betriebenen Chuck, um das ...continue reading","og_url":"https:\/\/kineticcuttingsystems.eu\/de\/schneidemaschinen\/plasmaoptionen-und-zubehor\/rohrschneideaufsatz\/","og_site_name":"Kinetic CNC-Metallschneidsysteme","article_modified_time":"2025-11-13T15:36:49+00:00","og_image":[{"width":1199,"height":684,"url":"https:\/\/kineticcuttingsystems.eu\/de\/wp-content\/uploads\/sites\/3\/2021\/06\/Pipe.cutting.attachment.png","type":"image\/png"}],"twitter_card":"summary_large_image","twitter_misc":{"Est. reading time":"1 minute"},"schema":{"@context":"https:\/\/schema.org","@graph":[{"@type":"WebPage","@id":"https:\/\/kineticcuttingsystems.eu\/de\/schneidemaschinen\/plasmaoptionen-und-zubehor\/rohrschneideaufsatz\/","url":"https:\/\/kineticcuttingsystems.eu\/de\/schneidemaschinen\/plasmaoptionen-und-zubehor\/rohrschneideaufsatz\/","name":"Rohrschneideaufsatz - Kinetic CNC-Metallschneidsysteme","isPartOf":{"@id":"https:\/\/kineticcuttingsystems.eu\/de\/#website"},"primaryImageOfPage":{"@id":"https:\/\/kineticcuttingsystems.eu\/de\/schneidemaschinen\/plasmaoptionen-und-zubehor\/rohrschneideaufsatz\/#primaryimage"},"image":{"@id":"https:\/\/kineticcuttingsystems.eu\/de\/schneidemaschinen\/plasmaoptionen-und-zubehor\/rohrschneideaufsatz\/#primaryimage"},"thumbnailUrl":"https:\/\/kineticcuttingsystems.eu\/de\/wp-content\/uploads\/2021\/06\/Pipe.cutting.attachment.png","datePublished":"2018-04-30T18:42:26+00:00","dateModified":"2025-11-13T15:36:49+00:00","breadcrumb":{"@id":"https:\/\/kineticcuttingsystems.eu\/de\/schneidemaschinen\/plasmaoptionen-und-zubehor\/rohrschneideaufsatz\/#breadcrumb"},"inLanguage":"en-US","potentialAction":[{"@type":"ReadAction","target":["https:\/\/kineticcuttingsystems.eu\/de\/schneidemaschinen\/plasmaoptionen-und-zubehor\/rohrschneideaufsatz\/"]}]},{"@type":"ImageObject","inLanguage":"en-US","@id":"https:\/\/kineticcuttingsystems.eu\/de\/schneidemaschinen\/plasmaoptionen-und-zubehor\/rohrschneideaufsatz\/#primaryimage","url":"https:\/\/kineticcuttingsystems.eu\/de\/wp-content\/uploads\/sites\/3\/2021\/06\/Pipe.cutting.attachment.png","contentUrl":"https:\/\/kineticcuttingsystems.eu\/de\/wp-content\/uploads\/sites\/3\/2021\/06\/Pipe.cutting.attachment.png","width":1199,"height":684},{"@type":"BreadcrumbList","@id":"https:\/\/kineticcuttingsystems.eu\/de\/schneidemaschinen\/plasmaoptionen-und-zubehor\/rohrschneideaufsatz\/#breadcrumb","itemListElement":[{"@type":"ListItem","position":1,"name":"Home","item":"https:\/\/kineticcuttingsystems.eu\/de\/"},{"@type":"ListItem","position":2,"name":"Schneidmaschinen","item":"https:\/\/kineticcuttingsystems.eu\/de\/schneidemaschinen\/"},{"@type":"ListItem","position":3,"name":"Plasmaoptionen und Zubeh\u00f6r","item":"https:\/\/kineticcuttingsystems.eu\/de\/schneidemaschinen\/plasmaoptionen-und-zubehor\/"},{"@type":"ListItem","position":4,"name":"Rohrschneideaufsatz"}]},{"@type":"WebSite","@id":"https:\/\/kineticcuttingsystems.eu\/de\/#website","url":"https:\/\/kineticcuttingsystems.eu\/de\/","name":"Kinetic CNC-Metallschneidsysteme","description":"","potentialAction":[{"@type":"SearchAction","target":{"@type":"EntryPoint","urlTemplate":"https:\/\/kineticcuttingsystems.eu\/de\/?s={search_term_string}"},"query-input":{"@type":"PropertyValueSpecification","valueRequired":true,"valueName":"search_term_string"}}],"inLanguage":"en-US"}]}},"_links":{"self":[{"href":"https:\/\/kineticcuttingsystems.eu\/de\/wp-json\/wp\/v2\/pages\/319","targetHints":{"allow":["GET"]}}],"collection":[{"href":"https:\/\/kineticcuttingsystems.eu\/de\/wp-json\/wp\/v2\/pages"}],"about":[{"href":"https:\/\/kineticcuttingsystems.eu\/de\/wp-json\/wp\/v2\/types\/page"}],"author":[{"embeddable":true,"href":"https:\/\/kineticcuttingsystems.eu\/de\/wp-json\/wp\/v2\/users\/2"}],"replies":[{"embeddable":true,"href":"https:\/\/kineticcuttingsystems.eu\/de\/wp-json\/wp\/v2\/comments?post=319"}],"version-history":[{"count":2,"href":"https:\/\/kineticcuttingsystems.eu\/de\/wp-json\/wp\/v2\/pages\/319\/revisions"}],"predecessor-version":[{"id":4142,"href":"https:\/\/kineticcuttingsystems.eu\/de\/wp-json\/wp\/v2\/pages\/319\/revisions\/4142"}],"up":[{"embeddable":true,"href":"https:\/\/kineticcuttingsystems.eu\/de\/wp-json\/wp\/v2\/pages\/195"}],"wp:attachment":[{"href":"https:\/\/kineticcuttingsystems.eu\/de\/wp-json\/wp\/v2\/media?parent=319"}],"curies":[{"name":"wp","href":"https:\/\/api.w.org\/{rel}","templated":true}]}}