{"id":318,"date":"2018-04-30T18:41:43","date_gmt":"2018-04-30T18:41:43","guid":{"rendered":"https:\/\/kineticcuttingsystems.eu\/?page_id=318"},"modified":"2025-11-13T14:50:59","modified_gmt":"2025-11-13T14:50:59","slug":"automatisches-teileentnahmesystems","status":"publish","type":"page","link":"https:\/\/kineticcuttingsystems.eu\/de\/schneidemaschinen\/plasmaoptionen-und-zubehor\/automatisches-teileentnahmesystems\/","title":{"rendered":"Automatisches Teileentnahmesystems"},"content":{"rendered":"\n<figure class=\"wp-block-video\"><video controls src=\"https:\/\/kineticcuttingsystems.eu\/de\/wp-content\/uploads\/sites\/3\/2018\/06\/K5200-Unloader-2017-hbc2-2.mp4\"><\/video><\/figure>\n\n\n\n<h1 class=\"wp-block-heading\">Automatisches Teileentnahmesystem<\/h1>\n\n\n\n<p>Dank unseres automatischen Teileentnahmeroboters lassen sich unsere K3200xmc-, K4200xmc- und K5200xmc-Plasmaschneidsysteme so konfigurieren, dass Teile aus der Maschine genommen und gem\u00e4\u00df der Teilenummer oder Arbeitsauftragsnummer gestapelt werden, w\u00e4hrend die Maschine weiterhin den Schneidevorgang ausf\u00fchrt. Der Roboter kann sogar unter das Schneideportal fahren, um den Schneidetisch \u2013 ganz gleich welcher Gr\u00f6\u00dfe \u2013 vollst\u00e4ndig zu nutzen. Diese Option ist eine sichere Methode zur Beschleunigung der Produktion, Einsparung von Arbeitsstunden f\u00fcr Anlagenbediener und maximale Maschinenbetriebszeit.<\/p>\n\n\n\n<figure class=\"wp-block-gallery has-nested-images columns-4 is-cropped wp-block-gallery-1 is-layout-flex wp-block-gallery-is-layout-flex\">\n<figure class=\"wp-block-image size-full\"><a href=\"https:\/\/kineticcuttingsystems.eu\/de\/wp-content\/uploads\/sites\/3\/2018\/06\/kinetic-removal-1.jpg\"><img loading=\"lazy\" decoding=\"async\" width=\"1000\" height=\"667\" data-id=\"610\" src=\"https:\/\/kineticcuttingsystems.eu\/de\/wp-content\/uploads\/sites\/3\/2018\/06\/kinetic-removal-1.jpg\" alt=\"\" class=\"wp-image-610\" srcset=\"https:\/\/kineticcuttingsystems.eu\/de\/wp-content\/uploads\/sites\/3\/2018\/06\/kinetic-removal-1.jpg 1000w, https:\/\/kineticcuttingsystems.eu\/de\/wp-content\/uploads\/sites\/3\/2018\/06\/kinetic-removal-1-300x200.jpg 300w, https:\/\/kineticcuttingsystems.eu\/de\/wp-content\/uploads\/sites\/3\/2018\/06\/kinetic-removal-1-768x512.jpg 768w\" sizes=\"auto, (max-width: 1000px) 100vw, 1000px\" \/><\/a><\/figure>\n\n\n\n<figure class=\"wp-block-image size-full\"><a href=\"https:\/\/kineticcuttingsystems.eu\/de\/wp-content\/uploads\/sites\/3\/2018\/06\/kinetic-removal-2.jpg\"><img loading=\"lazy\" decoding=\"async\" width=\"1000\" height=\"667\" data-id=\"611\" src=\"https:\/\/kineticcuttingsystems.eu\/de\/wp-content\/uploads\/sites\/3\/2018\/06\/kinetic-removal-2.jpg\" alt=\"\" class=\"wp-image-611\" srcset=\"https:\/\/kineticcuttingsystems.eu\/de\/wp-content\/uploads\/sites\/3\/2018\/06\/kinetic-removal-2.jpg 1000w, https:\/\/kineticcuttingsystems.eu\/de\/wp-content\/uploads\/sites\/3\/2018\/06\/kinetic-removal-2-300x200.jpg 300w, https:\/\/kineticcuttingsystems.eu\/de\/wp-content\/uploads\/sites\/3\/2018\/06\/kinetic-removal-2-768x512.jpg 768w\" sizes=\"auto, (max-width: 1000px) 100vw, 1000px\" \/><\/a><\/figure>\n\n\n\n<figure class=\"wp-block-image size-full\"><a href=\"https:\/\/kineticcuttingsystems.eu\/de\/wp-content\/uploads\/sites\/3\/2018\/06\/kinetic-removal-3.jpg\"><img loading=\"lazy\" decoding=\"async\" width=\"1000\" height=\"667\" data-id=\"612\" src=\"https:\/\/kineticcuttingsystems.eu\/de\/wp-content\/uploads\/sites\/3\/2018\/06\/kinetic-removal-3.jpg\" alt=\"\" class=\"wp-image-612\" srcset=\"https:\/\/kineticcuttingsystems.eu\/de\/wp-content\/uploads\/sites\/3\/2018\/06\/kinetic-removal-3.jpg 1000w, https:\/\/kineticcuttingsystems.eu\/de\/wp-content\/uploads\/sites\/3\/2018\/06\/kinetic-removal-3-300x200.jpg 300w, https:\/\/kineticcuttingsystems.eu\/de\/wp-content\/uploads\/sites\/3\/2018\/06\/kinetic-removal-3-768x512.jpg 768w\" sizes=\"auto, (max-width: 1000px) 100vw, 1000px\" \/><\/a><\/figure>\n\n\n\n<figure class=\"wp-block-image size-full\"><a href=\"https:\/\/kineticcuttingsystems.eu\/de\/wp-content\/uploads\/sites\/3\/2018\/06\/kinetic-removal-9.jpg\"><img loading=\"lazy\" decoding=\"async\" width=\"1000\" height=\"667\" data-id=\"619\" src=\"https:\/\/kineticcuttingsystems.eu\/de\/wp-content\/uploads\/sites\/3\/2018\/06\/kinetic-removal-9.jpg\" alt=\"\" class=\"wp-image-619\" srcset=\"https:\/\/kineticcuttingsystems.eu\/de\/wp-content\/uploads\/sites\/3\/2018\/06\/kinetic-removal-9.jpg 1000w, https:\/\/kineticcuttingsystems.eu\/de\/wp-content\/uploads\/sites\/3\/2018\/06\/kinetic-removal-9-300x200.jpg 300w, https:\/\/kineticcuttingsystems.eu\/de\/wp-content\/uploads\/sites\/3\/2018\/06\/kinetic-removal-9-768x512.jpg 768w\" sizes=\"auto, (max-width: 1000px) 100vw, 1000px\" \/><\/a><\/figure>\n\n\n\n<figure class=\"wp-block-image size-full\"><a href=\"https:\/\/kineticcuttingsystems.eu\/de\/wp-content\/uploads\/sites\/3\/2018\/06\/kinetic-removal-7.jpg\"><img loading=\"lazy\" decoding=\"async\" width=\"1000\" height=\"667\" data-id=\"616\" src=\"https:\/\/kineticcuttingsystems.eu\/de\/wp-content\/uploads\/sites\/3\/2018\/06\/kinetic-removal-7.jpg\" alt=\"\" class=\"wp-image-616\" srcset=\"https:\/\/kineticcuttingsystems.eu\/de\/wp-content\/uploads\/sites\/3\/2018\/06\/kinetic-removal-7.jpg 1000w, https:\/\/kineticcuttingsystems.eu\/de\/wp-content\/uploads\/sites\/3\/2018\/06\/kinetic-removal-7-300x200.jpg 300w, https:\/\/kineticcuttingsystems.eu\/de\/wp-content\/uploads\/sites\/3\/2018\/06\/kinetic-removal-7-768x512.jpg 768w\" sizes=\"auto, (max-width: 1000px) 100vw, 1000px\" \/><\/a><\/figure>\n\n\n\n<figure class=\"wp-block-image size-full\"><a href=\"https:\/\/kineticcuttingsystems.eu\/de\/wp-content\/uploads\/sites\/3\/2018\/06\/kinetic-removal-4-1.jpg\"><img loading=\"lazy\" decoding=\"async\" width=\"1000\" height=\"667\" data-id=\"618\" src=\"https:\/\/kineticcuttingsystems.eu\/de\/wp-content\/uploads\/sites\/3\/2018\/06\/kinetic-removal-4-1.jpg\" alt=\"\" class=\"wp-image-618\" srcset=\"https:\/\/kineticcuttingsystems.eu\/de\/wp-content\/uploads\/sites\/3\/2018\/06\/kinetic-removal-4-1.jpg 1000w, https:\/\/kineticcuttingsystems.eu\/de\/wp-content\/uploads\/sites\/3\/2018\/06\/kinetic-removal-4-1-300x200.jpg 300w, https:\/\/kineticcuttingsystems.eu\/de\/wp-content\/uploads\/sites\/3\/2018\/06\/kinetic-removal-4-1-768x512.jpg 768w\" sizes=\"auto, (max-width: 1000px) 100vw, 1000px\" \/><\/a><\/figure>\n\n\n\n<figure class=\"wp-block-image size-full\"><a href=\"https:\/\/kineticcuttingsystems.eu\/de\/wp-content\/uploads\/sites\/3\/2018\/06\/kinetic-removal-8.jpg\"><img loading=\"lazy\" decoding=\"async\" width=\"1000\" height=\"667\" data-id=\"617\" src=\"https:\/\/kineticcuttingsystems.eu\/de\/wp-content\/uploads\/sites\/3\/2018\/06\/kinetic-removal-8.jpg\" alt=\"\" class=\"wp-image-617\" srcset=\"https:\/\/kineticcuttingsystems.eu\/de\/wp-content\/uploads\/sites\/3\/2018\/06\/kinetic-removal-8.jpg 1000w, https:\/\/kineticcuttingsystems.eu\/de\/wp-content\/uploads\/sites\/3\/2018\/06\/kinetic-removal-8-300x200.jpg 300w, https:\/\/kineticcuttingsystems.eu\/de\/wp-content\/uploads\/sites\/3\/2018\/06\/kinetic-removal-8-768x512.jpg 768w\" sizes=\"auto, (max-width: 1000px) 100vw, 1000px\" \/><\/a><\/figure>\n\n\n\n<figure class=\"wp-block-image size-full\"><a href=\"https:\/\/kineticcuttingsystems.eu\/de\/wp-content\/uploads\/sites\/3\/2018\/06\/kinetic-removal-10.jpg\"><img loading=\"lazy\" decoding=\"async\" width=\"1000\" height=\"667\" data-id=\"620\" src=\"https:\/\/kineticcuttingsystems.eu\/de\/wp-content\/uploads\/sites\/3\/2018\/06\/kinetic-removal-10.jpg\" alt=\"\" class=\"wp-image-620\" srcset=\"https:\/\/kineticcuttingsystems.eu\/de\/wp-content\/uploads\/sites\/3\/2018\/06\/kinetic-removal-10.jpg 1000w, https:\/\/kineticcuttingsystems.eu\/de\/wp-content\/uploads\/sites\/3\/2018\/06\/kinetic-removal-10-300x200.jpg 300w, https:\/\/kineticcuttingsystems.eu\/de\/wp-content\/uploads\/sites\/3\/2018\/06\/kinetic-removal-10-768x512.jpg 768w\" sizes=\"auto, (max-width: 1000px) 100vw, 1000px\" \/><\/a><\/figure>\n<\/figure>\n","protected":false},"excerpt":{"rendered":"<p>Automatisches Teileentnahmesystem Dank unseres automatischen Teileentnahmeroboters lassen sich unsere K3200xmc-, K4200xmc- und K5200xmc-Plasmaschneidsysteme so konfigurieren, dass Teile aus der Maschine<a class=\"moretag\" href=\"https:\/\/kineticcuttingsystems.eu\/de\/schneidemaschinen\/plasmaoptionen-und-zubehor\/automatisches-teileentnahmesystems\/\"> &#8230;continue reading<\/a><\/p>\n","protected":false},"author":2,"featured_media":0,"parent":195,"menu_order":4,"comment_status":"closed","ping_status":"closed","template":"page-product.php","meta":{"_acf_changed":false,"inline_featured_image":false,"footnotes":""},"class_list":["post-318","page","type-page","status-publish","hentry"],"acf":[],"yoast_head":"<!-- This site is optimized with the Yoast SEO plugin v27.2 - https:\/\/yoast.com\/product\/yoast-seo-wordpress\/ -->\n<title>Automatisches Teileentnahmesystems - Kinetic CNC-Metallschneidsysteme<\/title>\n<meta name=\"robots\" content=\"index, follow, max-snippet:-1, max-image-preview:large, max-video-preview:-1\" \/>\n<link rel=\"canonical\" href=\"https:\/\/kineticcuttingsystems.eu\/de\/schneidemaschinen\/plasmaoptionen-und-zubehor\/automatisches-teileentnahmesystems\/\" \/>\n<meta property=\"og:locale\" content=\"en_US\" \/>\n<meta property=\"og:type\" content=\"article\" \/>\n<meta property=\"og:title\" content=\"Automatisches Teileentnahmesystems - Kinetic CNC-Metallschneidsysteme\" \/>\n<meta property=\"og:description\" content=\"Automatisches Teileentnahmesystem Dank unseres automatischen Teileentnahmeroboters lassen sich unsere K3200xmc-, K4200xmc- und K5200xmc-Plasmaschneidsysteme so konfigurieren, dass Teile aus der Maschine ...continue reading\" \/>\n<meta property=\"og:url\" content=\"https:\/\/kineticcuttingsystems.eu\/de\/schneidemaschinen\/plasmaoptionen-und-zubehor\/automatisches-teileentnahmesystems\/\" \/>\n<meta property=\"og:site_name\" content=\"Kinetic CNC-Metallschneidsysteme\" \/>\n<meta property=\"article:modified_time\" content=\"2025-11-13T14:50:59+00:00\" \/>\n<meta property=\"og:image\" content=\"https:\/\/kineticcuttingsystems.eu\/de\/wp-content\/uploads\/sites\/3\/2018\/06\/kinetic-removal-1.jpg\" \/>\n\t<meta property=\"og:image:width\" content=\"1000\" \/>\n\t<meta property=\"og:image:height\" content=\"667\" \/>\n\t<meta property=\"og:image:type\" content=\"image\/jpeg\" \/>\n<meta name=\"twitter:card\" content=\"summary_large_image\" \/>\n<meta name=\"twitter:label1\" content=\"Est. reading time\" \/>\n\t<meta name=\"twitter:data1\" content=\"2 minutes\" \/>\n<script type=\"application\/ld+json\" class=\"yoast-schema-graph\">{\"@context\":\"https:\/\/schema.org\",\"@graph\":[{\"@type\":\"WebPage\",\"@id\":\"https:\/\/kineticcuttingsystems.eu\/de\/schneidemaschinen\/plasmaoptionen-und-zubehor\/automatisches-teileentnahmesystems\/\",\"url\":\"https:\/\/kineticcuttingsystems.eu\/de\/schneidemaschinen\/plasmaoptionen-und-zubehor\/automatisches-teileentnahmesystems\/\",\"name\":\"Automatisches Teileentnahmesystems - Kinetic CNC-Metallschneidsysteme\",\"isPartOf\":{\"@id\":\"https:\/\/kineticcuttingsystems.eu\/de\/#website\"},\"primaryImageOfPage\":{\"@id\":\"https:\/\/kineticcuttingsystems.eu\/de\/schneidemaschinen\/plasmaoptionen-und-zubehor\/automatisches-teileentnahmesystems\/#primaryimage\"},\"image\":{\"@id\":\"https:\/\/kineticcuttingsystems.eu\/de\/schneidemaschinen\/plasmaoptionen-und-zubehor\/automatisches-teileentnahmesystems\/#primaryimage\"},\"thumbnailUrl\":\"https:\/\/kineticcuttingsystems.eu\/de\/wp-content\/uploads\/sites\/3\/2018\/06\/kinetic-removal-1.jpg\",\"datePublished\":\"2018-04-30T18:41:43+00:00\",\"dateModified\":\"2025-11-13T14:50:59+00:00\",\"breadcrumb\":{\"@id\":\"https:\/\/kineticcuttingsystems.eu\/de\/schneidemaschinen\/plasmaoptionen-und-zubehor\/automatisches-teileentnahmesystems\/#breadcrumb\"},\"inLanguage\":\"en-US\",\"potentialAction\":[{\"@type\":\"ReadAction\",\"target\":[\"https:\/\/kineticcuttingsystems.eu\/de\/schneidemaschinen\/plasmaoptionen-und-zubehor\/automatisches-teileentnahmesystems\/\"]}]},{\"@type\":\"ImageObject\",\"inLanguage\":\"en-US\",\"@id\":\"https:\/\/kineticcuttingsystems.eu\/de\/schneidemaschinen\/plasmaoptionen-und-zubehor\/automatisches-teileentnahmesystems\/#primaryimage\",\"url\":\"https:\/\/kineticcuttingsystems.eu\/de\/wp-content\/uploads\/sites\/3\/2018\/06\/kinetic-removal-1.jpg\",\"contentUrl\":\"https:\/\/kineticcuttingsystems.eu\/de\/wp-content\/uploads\/sites\/3\/2018\/06\/kinetic-removal-1.jpg\"},{\"@type\":\"BreadcrumbList\",\"@id\":\"https:\/\/kineticcuttingsystems.eu\/de\/schneidemaschinen\/plasmaoptionen-und-zubehor\/automatisches-teileentnahmesystems\/#breadcrumb\",\"itemListElement\":[{\"@type\":\"ListItem\",\"position\":1,\"name\":\"Home\",\"item\":\"https:\/\/kineticcuttingsystems.eu\/de\/\"},{\"@type\":\"ListItem\",\"position\":2,\"name\":\"Schneidmaschinen\",\"item\":\"https:\/\/kineticcuttingsystems.eu\/de\/schneidemaschinen\/\"},{\"@type\":\"ListItem\",\"position\":3,\"name\":\"Plasmaoptionen und Zubeh\u00f6r\",\"item\":\"https:\/\/kineticcuttingsystems.eu\/de\/schneidemaschinen\/plasmaoptionen-und-zubehor\/\"},{\"@type\":\"ListItem\",\"position\":4,\"name\":\"Automatisches Teileentnahmesystems\"}]},{\"@type\":\"WebSite\",\"@id\":\"https:\/\/kineticcuttingsystems.eu\/de\/#website\",\"url\":\"https:\/\/kineticcuttingsystems.eu\/de\/\",\"name\":\"Kinetic CNC-Metallschneidsysteme\",\"description\":\"\",\"potentialAction\":[{\"@type\":\"SearchAction\",\"target\":{\"@type\":\"EntryPoint\",\"urlTemplate\":\"https:\/\/kineticcuttingsystems.eu\/de\/?s={search_term_string}\"},\"query-input\":{\"@type\":\"PropertyValueSpecification\",\"valueRequired\":true,\"valueName\":\"search_term_string\"}}],\"inLanguage\":\"en-US\"}]}<\/script>\n<!-- \/ Yoast SEO plugin. -->","yoast_head_json":{"title":"Automatisches Teileentnahmesystems - Kinetic CNC-Metallschneidsysteme","robots":{"index":"index","follow":"follow","max-snippet":"max-snippet:-1","max-image-preview":"max-image-preview:large","max-video-preview":"max-video-preview:-1"},"canonical":"https:\/\/kineticcuttingsystems.eu\/de\/schneidemaschinen\/plasmaoptionen-und-zubehor\/automatisches-teileentnahmesystems\/","og_locale":"en_US","og_type":"article","og_title":"Automatisches Teileentnahmesystems - Kinetic CNC-Metallschneidsysteme","og_description":"Automatisches Teileentnahmesystem Dank unseres automatischen Teileentnahmeroboters lassen sich unsere K3200xmc-, K4200xmc- und K5200xmc-Plasmaschneidsysteme so konfigurieren, dass Teile aus der Maschine ...continue reading","og_url":"https:\/\/kineticcuttingsystems.eu\/de\/schneidemaschinen\/plasmaoptionen-und-zubehor\/automatisches-teileentnahmesystems\/","og_site_name":"Kinetic CNC-Metallschneidsysteme","article_modified_time":"2025-11-13T14:50:59+00:00","og_image":[{"width":1000,"height":667,"url":"https:\/\/kineticcuttingsystems.eu\/de\/wp-content\/uploads\/sites\/3\/2018\/06\/kinetic-removal-1.jpg","type":"image\/jpeg"}],"twitter_card":"summary_large_image","twitter_misc":{"Est. reading time":"2 minutes"},"schema":{"@context":"https:\/\/schema.org","@graph":[{"@type":"WebPage","@id":"https:\/\/kineticcuttingsystems.eu\/de\/schneidemaschinen\/plasmaoptionen-und-zubehor\/automatisches-teileentnahmesystems\/","url":"https:\/\/kineticcuttingsystems.eu\/de\/schneidemaschinen\/plasmaoptionen-und-zubehor\/automatisches-teileentnahmesystems\/","name":"Automatisches Teileentnahmesystems - Kinetic CNC-Metallschneidsysteme","isPartOf":{"@id":"https:\/\/kineticcuttingsystems.eu\/de\/#website"},"primaryImageOfPage":{"@id":"https:\/\/kineticcuttingsystems.eu\/de\/schneidemaschinen\/plasmaoptionen-und-zubehor\/automatisches-teileentnahmesystems\/#primaryimage"},"image":{"@id":"https:\/\/kineticcuttingsystems.eu\/de\/schneidemaschinen\/plasmaoptionen-und-zubehor\/automatisches-teileentnahmesystems\/#primaryimage"},"thumbnailUrl":"https:\/\/kineticcuttingsystems.eu\/de\/wp-content\/uploads\/sites\/3\/2018\/06\/kinetic-removal-1.jpg","datePublished":"2018-04-30T18:41:43+00:00","dateModified":"2025-11-13T14:50:59+00:00","breadcrumb":{"@id":"https:\/\/kineticcuttingsystems.eu\/de\/schneidemaschinen\/plasmaoptionen-und-zubehor\/automatisches-teileentnahmesystems\/#breadcrumb"},"inLanguage":"en-US","potentialAction":[{"@type":"ReadAction","target":["https:\/\/kineticcuttingsystems.eu\/de\/schneidemaschinen\/plasmaoptionen-und-zubehor\/automatisches-teileentnahmesystems\/"]}]},{"@type":"ImageObject","inLanguage":"en-US","@id":"https:\/\/kineticcuttingsystems.eu\/de\/schneidemaschinen\/plasmaoptionen-und-zubehor\/automatisches-teileentnahmesystems\/#primaryimage","url":"https:\/\/kineticcuttingsystems.eu\/de\/wp-content\/uploads\/sites\/3\/2018\/06\/kinetic-removal-1.jpg","contentUrl":"https:\/\/kineticcuttingsystems.eu\/de\/wp-content\/uploads\/sites\/3\/2018\/06\/kinetic-removal-1.jpg"},{"@type":"BreadcrumbList","@id":"https:\/\/kineticcuttingsystems.eu\/de\/schneidemaschinen\/plasmaoptionen-und-zubehor\/automatisches-teileentnahmesystems\/#breadcrumb","itemListElement":[{"@type":"ListItem","position":1,"name":"Home","item":"https:\/\/kineticcuttingsystems.eu\/de\/"},{"@type":"ListItem","position":2,"name":"Schneidmaschinen","item":"https:\/\/kineticcuttingsystems.eu\/de\/schneidemaschinen\/"},{"@type":"ListItem","position":3,"name":"Plasmaoptionen und Zubeh\u00f6r","item":"https:\/\/kineticcuttingsystems.eu\/de\/schneidemaschinen\/plasmaoptionen-und-zubehor\/"},{"@type":"ListItem","position":4,"name":"Automatisches Teileentnahmesystems"}]},{"@type":"WebSite","@id":"https:\/\/kineticcuttingsystems.eu\/de\/#website","url":"https:\/\/kineticcuttingsystems.eu\/de\/","name":"Kinetic CNC-Metallschneidsysteme","description":"","potentialAction":[{"@type":"SearchAction","target":{"@type":"EntryPoint","urlTemplate":"https:\/\/kineticcuttingsystems.eu\/de\/?s={search_term_string}"},"query-input":{"@type":"PropertyValueSpecification","valueRequired":true,"valueName":"search_term_string"}}],"inLanguage":"en-US"}]}},"_links":{"self":[{"href":"https:\/\/kineticcuttingsystems.eu\/de\/wp-json\/wp\/v2\/pages\/318","targetHints":{"allow":["GET"]}}],"collection":[{"href":"https:\/\/kineticcuttingsystems.eu\/de\/wp-json\/wp\/v2\/pages"}],"about":[{"href":"https:\/\/kineticcuttingsystems.eu\/de\/wp-json\/wp\/v2\/types\/page"}],"author":[{"embeddable":true,"href":"https:\/\/kineticcuttingsystems.eu\/de\/wp-json\/wp\/v2\/users\/2"}],"replies":[{"embeddable":true,"href":"https:\/\/kineticcuttingsystems.eu\/de\/wp-json\/wp\/v2\/comments?post=318"}],"version-history":[{"count":2,"href":"https:\/\/kineticcuttingsystems.eu\/de\/wp-json\/wp\/v2\/pages\/318\/revisions"}],"predecessor-version":[{"id":3918,"href":"https:\/\/kineticcuttingsystems.eu\/de\/wp-json\/wp\/v2\/pages\/318\/revisions\/3918"}],"up":[{"embeddable":true,"href":"https:\/\/kineticcuttingsystems.eu\/de\/wp-json\/wp\/v2\/pages\/195"}],"wp:attachment":[{"href":"https:\/\/kineticcuttingsystems.eu\/de\/wp-json\/wp\/v2\/media?parent=318"}],"curies":[{"name":"wp","href":"https:\/\/api.w.org\/{rel}","templated":true}]}}