{"id":221,"date":"2018-04-24T18:21:03","date_gmt":"2018-04-24T18:21:03","guid":{"rendered":"https:\/\/kineticcuttingsystems.eu\/?page_id=221"},"modified":"2025-11-13T15:21:35","modified_gmt":"2025-11-13T15:21:35","slug":"k2500-schneidsystem","status":"publish","type":"page","link":"https:\/\/kineticcuttingsystems.eu\/de\/schneidemaschinen\/produktions-plasmaschneiden\/k2500-schneidsystem\/","title":{"rendered":"K2500"},"content":{"rendered":"\n<h1 class=\"wp-block-heading\">K2500-Schneidsystem<\/h1>\n\n\n\n<p><em><strong>Plasmaschneiden und autogenes Brennschneiden<\/strong><\/em><br \/><em><strong>Schr\u00e4g- und Multi-Brenner-Schneiden<\/strong><\/em><br \/><em><strong>Verst\u00e4rktes Bohren<\/strong><\/em><\/p>\n\n\n\n<p>Die K2500 ist unsere Spitzen-Produktions-Schneidmaschine und bietet Plasmaschneiden, autogenes Brennschneiden, Schr\u00e4gschnitt und Multibrenner-Schneiden.<\/p>\n\n\n\n<p>Zu den Standardfunktionen geh\u00f6ren ein 6-Station-Bohrrevolverkopf und vier konfigurierbare Stationen auf dem Hauptbrennerschlitten. Diese Maschine bietet die renommierte Kinetic-Pr\u00e4zision und -Effizienz in einem mittelschweren Plasmaschneidsystem, das sich perfekt f\u00fcr eine gro\u00dfe Bandbreite von Plattenbearbeitungsanwendungen eignet..<\/p>\n\n\n\n<figure class=\"wp-block-gallery has-nested-images columns-4 is-cropped wp-block-gallery-1 is-layout-flex wp-block-gallery-is-layout-flex\">\n<figure class=\"wp-block-image size-large\"><a href=\"https:\/\/kineticcuttingsystems.eu\/de\/cutting-machines\/production-plasma-cutting\/k2500-plasma-cutting-system\/k2500-1\/\"><img loading=\"lazy\" decoding=\"async\" width=\"1000\" height=\"667\" data-id=\"636\" src=\"https:\/\/kineticcuttingsystems.eu\/de\/wp-content\/uploads\/sites\/3\/2018\/06\/K2500-1.jpg\" alt=\"\" class=\"wp-image-636\" srcset=\"https:\/\/kineticcuttingsystems.eu\/de\/wp-content\/uploads\/sites\/3\/2018\/06\/K2500-1.jpg 1000w, https:\/\/kineticcuttingsystems.eu\/de\/wp-content\/uploads\/sites\/3\/2018\/06\/K2500-1-300x200.jpg 300w, https:\/\/kineticcuttingsystems.eu\/de\/wp-content\/uploads\/sites\/3\/2018\/06\/K2500-1-768x512.jpg 768w\" sizes=\"auto, (max-width: 1000px) 100vw, 1000px\" \/><\/a><\/figure>\n\n\n\n<figure class=\"wp-block-image size-large\"><a href=\"https:\/\/kineticcuttingsystems.eu\/de\/cutting-machines\/production-plasma-cutting\/k2500-plasma-cutting-system\/k2500-2\/\"><img loading=\"lazy\" decoding=\"async\" width=\"1000\" height=\"667\" data-id=\"637\" src=\"https:\/\/kineticcuttingsystems.eu\/de\/wp-content\/uploads\/2018\/06\/K2500-2.jpg\" alt=\"\" class=\"wp-image-637\" srcset=\"https:\/\/kineticcuttingsystems.eu\/de\/wp-content\/uploads\/sites\/3\/2018\/06\/K2500-2.jpg 1000w, https:\/\/kineticcuttingsystems.eu\/de\/wp-content\/uploads\/sites\/3\/2018\/06\/K2500-2-300x200.jpg 300w, https:\/\/kineticcuttingsystems.eu\/de\/wp-content\/uploads\/sites\/3\/2018\/06\/K2500-2-768x512.jpg 768w\" sizes=\"auto, (max-width: 1000px) 100vw, 1000px\" \/><\/a><\/figure>\n\n\n\n<figure class=\"wp-block-image size-large\"><a href=\"https:\/\/kineticcuttingsystems.eu\/de\/cutting-machines\/production-plasma-cutting\/k2500-plasma-cutting-system\/k2500-3\/\"><img loading=\"lazy\" decoding=\"async\" width=\"1000\" height=\"667\" data-id=\"638\" src=\"https:\/\/kineticcuttingsystems.eu\/de\/wp-content\/uploads\/sites\/3\/2018\/06\/K2500-3.jpg\" alt=\"\" class=\"wp-image-638\" srcset=\"https:\/\/kineticcuttingsystems.eu\/de\/wp-content\/uploads\/sites\/3\/2018\/06\/K2500-3.jpg 1000w, https:\/\/kineticcuttingsystems.eu\/de\/wp-content\/uploads\/sites\/3\/2018\/06\/K2500-3-300x200.jpg 300w, https:\/\/kineticcuttingsystems.eu\/de\/wp-content\/uploads\/sites\/3\/2018\/06\/K2500-3-768x512.jpg 768w\" sizes=\"auto, (max-width: 1000px) 100vw, 1000px\" \/><\/a><\/figure>\n\n\n\n<figure class=\"wp-block-image size-large\"><a href=\"https:\/\/kineticcuttingsystems.eu\/de\/cutting-machines\/combination-cutting-drilling\/k3000xmc-plasma-cutting-system-with-integrated-drilling\/blockhouse-parts-gallery\/\"><img loading=\"lazy\" decoding=\"async\" width=\"1000\" height=\"667\" data-id=\"514\" src=\"https:\/\/kineticcuttingsystems.eu\/de\/wp-content\/uploads\/sites\/3\/2018\/05\/blockhouse-parts-gallery.jpg\" alt=\"\" class=\"wp-image-514\" srcset=\"https:\/\/kineticcuttingsystems.eu\/de\/wp-content\/uploads\/sites\/3\/2018\/05\/blockhouse-parts-gallery.jpg 1000w, https:\/\/kineticcuttingsystems.eu\/de\/wp-content\/uploads\/sites\/3\/2018\/05\/blockhouse-parts-gallery-300x200.jpg 300w, https:\/\/kineticcuttingsystems.eu\/de\/wp-content\/uploads\/sites\/3\/2018\/05\/blockhouse-parts-gallery-768x512.jpg 768w\" sizes=\"auto, (max-width: 1000px) 100vw, 1000px\" \/><\/a><\/figure>\n<\/figure>\n\n\n\n<p><strong>Schneideleistungen<\/strong><\/p>\n\n\n\n<ul class=\"wp-block-list\">\n<li>Plasma bis zu 4\u201d (101,6&nbsp;mm) dick<\/li>\n\n\n\n<li>Autogenes Brennschneiden bis zu 8\u201d (203,2&nbsp;mm) dick<\/li>\n\n\n\n<li>Plasma-Schr\u00e4gschneiden<\/li>\n\n\n\n<li>Autogenes Schr\u00e4g-Brennschneiden<\/li>\n\n\n\n<li>Dreifaches autogenes Schr\u00e4gschneiden<\/li>\n\n\n\n<li>Rohrschneiden<\/li>\n<\/ul>\n\n\n\n<p><strong>Maschinelle Bearbeitungsleistungen<\/strong><\/p>\n\n\n\n<ul class=\"wp-block-list\">\n<li>Bohren bis zu \u00be\u201d (19&nbsp;mm)<\/li>\n\n\n\n<li>Gewindeschneiden, Bohrung bis zu \u00bd\u201d (12,7&nbsp;mm)<\/li>\n\n\n\n<li>Abkanten<\/li>\n<\/ul>\n\n\n\n<p><strong>Tischgr\u00f6\u00dfe<\/strong><\/p>\n\n\n\n<ul class=\"wp-block-list\">\n<li>Bis zu 18\u2018 (5,5&nbsp;m) breit<\/li>\n\n\n\n<li>Bis zu 100\u2018 (30,5&nbsp;m) lang<\/li>\n\n\n\n<li>Speziall\u00e4ngen verf\u00fcgbar<\/li>\n<\/ul>\n\n\n\n<p><strong>Produktivit\u00e4t Maximieren<\/strong><\/p>\n\n\n\n<ul class=\"wp-block-list\">\n<li>Schneiden und Bohren in einem Schritt<\/li>\n\n\n\n<li>Mehrere Hebestationen f\u00fcr bis zu 2 unabh\u00e4ngig betriebene Plasma-Brenner<\/li>\n\n\n\n<li>6-Stationen-Bohrrevolverkopf<\/li>\n\n\n\n<li>Teilekennzeichnung durch Plasma-Kennzeichnung, Perkussions-Markierung, Tintenstrahl- oder Stanzdruck<\/li>\n<\/ul>\n\n\n\n<p><strong>Stillstandzeiten Minimieren<\/strong><\/p>\n\n\n\n<ul class=\"wp-block-list\">\n<li>Hochleistungs-Absaugtisch minimiert Rauch und Qualm<\/li>\n\n\n\n<li>Abnehmbare Kr\u00e4tzeschubf\u00e4cher f\u00fcr einfache Untergestellreinigung<\/li>\n\n\n\n<li>Modulare Tischleisten zum schnellen Austauscht<\/li>\n\n\n\n<li>Standardisierte Ersatzteile f\u00fcr den schnellen Versand<\/li>\n<\/ul>\n\n\n\n<p><strong>Geschwindigkeit und Pr\u00e4zision<\/strong><\/p>\n\n\n\n<ul class=\"wp-block-list\">\n<li>Hervorragende Plasma-Pr\u00e4zision<\/li>\n\n\n\n<li>Traversengeschwindigkeit von 800\u201d\/min (20,3&nbsp;m\/min)<\/li>\n\n\n\n<li>Duales Zahnrad-getriebenes Antriebssystem mit Nockenst\u00f6\u00dfel und Linearf\u00fchrung<\/li>\n\n\n\n<li>19\u201d LCD-Touchscreen f\u00fcr schnelle Einrichtung und einfache Steuerung<\/li>\n\n\n\n<li>Glasfaser-Link zum schnellen Laden von Programmen<\/li>\n<\/ul>\n\n\n\n<p><strong>Haltbarkeit<\/strong><\/p>\n\n\n\n<ul class=\"wp-block-list\">\n<li>\u201eOverengineered\u201c f\u00fcr die strengen Vorgaben der modernen Fertigung<\/li>\n\n\n\n<li>Hochleistungsrahmen und Komponententeile<\/li>\n\n\n\n<li>Boden-montierte Schienen mit Schutzvorrichtung<\/li>\n\n\n\n<li>Spr\u00fchnebel-K\u00fchlmittel f\u00fcr l\u00e4ngere Werkzeugnutzungsdauer<\/li>\n<\/ul>\n\n\n\n<p><strong>Optionen und Zubeh\u00f6r<\/strong><\/p>\n\n\n\n<ul class=\"wp-block-list\">\n<li>Pilotbohrer<\/li>\n\n\n\n<li>Teilekennzeichnung mit Tintenstrahl oder Perkussion<\/li>\n\n\n\n<li>Wassertisch f\u00fcr breite Spannbreiten<\/li>\n\n\n\n<li>Automatisches Teileentnahmesystem<\/li>\n<\/ul>\n\n\n\n<p><strong>Erh\u00e4ltliche Schneidk\u00f6pfe<\/strong><\/p>\n\n\n\n<ul class=\"wp-block-list\">\n<li>Hypertherm HPR800XD, f\u00fcr Edelstahlanwendungen<\/li>\n\n\n\n<li>Hypertherm HPR400XD<\/li>\n\n\n\n<li>Hypertherm XPR460<\/li>\n\n\n\n<li>Hypertherm XPR300<\/li>\n\n\n\n<li>Hypertherm XPR170<\/li>\n\n\n\n<li>Autogenes Brennschneiden<\/li>\n\n\n\n<li>Plasma-Schr\u00e4gschneiden<\/li>\n\n\n\n<li>Autogenes Schr\u00e4g-Brennschneiden<\/li>\n\n\n\n<li>Multi-Brenner-Schneiden<\/li>\n<\/ul>\n\n\n\n<p>Bitte beachten Sie, dass sich unsere Maschinenfunktionen und technischen Daten basierend auf den neuesten technischen Verbesserungen \u00e4ndern k\u00f6nnen.\u00a0<a href=\"\/de\/preisanfrage\/\">Kontaktieren Sie uns gerne noch heute,<\/a><a href=\"https:\/\/kineticcuttingsystems.eu\/request-pricing\/\">\u00a0<\/a>wenn Sie Fragen zu spezifischen Maschinen haben und dazu, welches Kinetic-System sich am besten f\u00fcr Ihre Anwendung eignet.<\/p>\n\n\n\n<p><\/p>\n","protected":false},"excerpt":{"rendered":"<p>K2500-Schneidsystem Plasmaschneiden und autogenes BrennschneidenSchr\u00e4g- und Multi-Brenner-SchneidenVerst\u00e4rktes Bohren Die K2500 ist unsere Spitzen-Produktions-Schneidmaschine und bietet Plasmaschneiden, autogenes Brennschneiden, Schr\u00e4gschnitt und<a class=\"moretag\" href=\"https:\/\/kineticcuttingsystems.eu\/de\/schneidemaschinen\/produktions-plasmaschneiden\/k2500-schneidsystem\/\"> &#8230;continue reading<\/a><\/p>\n","protected":false},"author":2,"featured_media":0,"parent":194,"menu_order":0,"comment_status":"closed","ping_status":"closed","template":"page-product.php","meta":{"_acf_changed":false,"inline_featured_image":false,"footnotes":""},"class_list":["post-221","page","type-page","status-publish","hentry"],"acf":[],"yoast_head":"<!-- This site is optimized with the Yoast SEO plugin v27.2 - https:\/\/yoast.com\/product\/yoast-seo-wordpress\/ -->\n<title>K2500 - Kinetic CNC-Metallschneidsysteme<\/title>\n<meta name=\"robots\" content=\"index, follow, max-snippet:-1, max-image-preview:large, max-video-preview:-1\" \/>\n<link rel=\"canonical\" href=\"https:\/\/kineticcuttingsystems.eu\/de\/schneidemaschinen\/produktions-plasmaschneiden\/k2500-schneidsystem\/\" \/>\n<meta property=\"og:locale\" content=\"en_US\" \/>\n<meta property=\"og:type\" content=\"article\" \/>\n<meta property=\"og:title\" content=\"K2500 - Kinetic CNC-Metallschneidsysteme\" \/>\n<meta property=\"og:description\" content=\"K2500-Schneidsystem Plasmaschneiden und autogenes BrennschneidenSchr\u00e4g- und Multi-Brenner-SchneidenVerst\u00e4rktes Bohren Die K2500 ist unsere Spitzen-Produktions-Schneidmaschine und bietet Plasmaschneiden, autogenes Brennschneiden, Schr\u00e4gschnitt und ...continue reading\" \/>\n<meta property=\"og:url\" content=\"https:\/\/kineticcuttingsystems.eu\/de\/schneidemaschinen\/produktions-plasmaschneiden\/k2500-schneidsystem\/\" \/>\n<meta property=\"og:site_name\" content=\"Kinetic CNC-Metallschneidsysteme\" \/>\n<meta property=\"article:modified_time\" content=\"2025-11-13T15:21:35+00:00\" \/>\n<meta property=\"og:image\" content=\"https:\/\/kineticcuttingsystems.eu\/de\/wp-content\/uploads\/sites\/3\/2018\/06\/K2500-1.jpg\" \/>\n\t<meta property=\"og:image:width\" content=\"1000\" \/>\n\t<meta property=\"og:image:height\" content=\"667\" \/>\n\t<meta property=\"og:image:type\" content=\"image\/jpeg\" \/>\n<meta name=\"twitter:card\" content=\"summary_large_image\" \/>\n<meta name=\"twitter:label1\" content=\"Est. reading time\" \/>\n\t<meta name=\"twitter:data1\" content=\"3 minutes\" \/>\n<script type=\"application\/ld+json\" class=\"yoast-schema-graph\">{\"@context\":\"https:\/\/schema.org\",\"@graph\":[{\"@type\":\"WebPage\",\"@id\":\"https:\/\/kineticcuttingsystems.eu\/de\/schneidemaschinen\/produktions-plasmaschneiden\/k2500-schneidsystem\/\",\"url\":\"https:\/\/kineticcuttingsystems.eu\/de\/schneidemaschinen\/produktions-plasmaschneiden\/k2500-schneidsystem\/\",\"name\":\"K2500 - Kinetic CNC-Metallschneidsysteme\",\"isPartOf\":{\"@id\":\"https:\/\/kineticcuttingsystems.eu\/de\/#website\"},\"primaryImageOfPage\":{\"@id\":\"https:\/\/kineticcuttingsystems.eu\/de\/schneidemaschinen\/produktions-plasmaschneiden\/k2500-schneidsystem\/#primaryimage\"},\"image\":{\"@id\":\"https:\/\/kineticcuttingsystems.eu\/de\/schneidemaschinen\/produktions-plasmaschneiden\/k2500-schneidsystem\/#primaryimage\"},\"thumbnailUrl\":\"https:\/\/kineticcuttingsystems.eu\/de\/wp-content\/uploads\/sites\/3\/2018\/06\/K2500-1.jpg\",\"datePublished\":\"2018-04-24T18:21:03+00:00\",\"dateModified\":\"2025-11-13T15:21:35+00:00\",\"breadcrumb\":{\"@id\":\"https:\/\/kineticcuttingsystems.eu\/de\/schneidemaschinen\/produktions-plasmaschneiden\/k2500-schneidsystem\/#breadcrumb\"},\"inLanguage\":\"en-US\",\"potentialAction\":[{\"@type\":\"ReadAction\",\"target\":[\"https:\/\/kineticcuttingsystems.eu\/de\/schneidemaschinen\/produktions-plasmaschneiden\/k2500-schneidsystem\/\"]}]},{\"@type\":\"ImageObject\",\"inLanguage\":\"en-US\",\"@id\":\"https:\/\/kineticcuttingsystems.eu\/de\/schneidemaschinen\/produktions-plasmaschneiden\/k2500-schneidsystem\/#primaryimage\",\"url\":\"https:\/\/kineticcuttingsystems.eu\/de\/wp-content\/uploads\/sites\/3\/2018\/06\/K2500-1.jpg\",\"contentUrl\":\"https:\/\/kineticcuttingsystems.eu\/de\/wp-content\/uploads\/sites\/3\/2018\/06\/K2500-1.jpg\",\"width\":1000,\"height\":667},{\"@type\":\"BreadcrumbList\",\"@id\":\"https:\/\/kineticcuttingsystems.eu\/de\/schneidemaschinen\/produktions-plasmaschneiden\/k2500-schneidsystem\/#breadcrumb\",\"itemListElement\":[{\"@type\":\"ListItem\",\"position\":1,\"name\":\"Home\",\"item\":\"https:\/\/kineticcuttingsystems.eu\/de\/\"},{\"@type\":\"ListItem\",\"position\":2,\"name\":\"Schneidmaschinen\",\"item\":\"https:\/\/kineticcuttingsystems.eu\/de\/schneidemaschinen\/\"},{\"@type\":\"ListItem\",\"position\":3,\"name\":\"Produktions-Plasmaschneiden\",\"item\":\"https:\/\/kineticcuttingsystems.eu\/de\/schneidemaschinen\/produktions-plasmaschneiden\/\"},{\"@type\":\"ListItem\",\"position\":4,\"name\":\"K2500\"}]},{\"@type\":\"WebSite\",\"@id\":\"https:\/\/kineticcuttingsystems.eu\/de\/#website\",\"url\":\"https:\/\/kineticcuttingsystems.eu\/de\/\",\"name\":\"Kinetic CNC-Metallschneidsysteme\",\"description\":\"\",\"potentialAction\":[{\"@type\":\"SearchAction\",\"target\":{\"@type\":\"EntryPoint\",\"urlTemplate\":\"https:\/\/kineticcuttingsystems.eu\/de\/?s={search_term_string}\"},\"query-input\":{\"@type\":\"PropertyValueSpecification\",\"valueRequired\":true,\"valueName\":\"search_term_string\"}}],\"inLanguage\":\"en-US\"}]}<\/script>\n<!-- \/ Yoast SEO plugin. -->","yoast_head_json":{"title":"K2500 - Kinetic CNC-Metallschneidsysteme","robots":{"index":"index","follow":"follow","max-snippet":"max-snippet:-1","max-image-preview":"max-image-preview:large","max-video-preview":"max-video-preview:-1"},"canonical":"https:\/\/kineticcuttingsystems.eu\/de\/schneidemaschinen\/produktions-plasmaschneiden\/k2500-schneidsystem\/","og_locale":"en_US","og_type":"article","og_title":"K2500 - Kinetic CNC-Metallschneidsysteme","og_description":"K2500-Schneidsystem Plasmaschneiden und autogenes BrennschneidenSchr\u00e4g- und Multi-Brenner-SchneidenVerst\u00e4rktes Bohren Die K2500 ist unsere Spitzen-Produktions-Schneidmaschine und bietet Plasmaschneiden, autogenes Brennschneiden, Schr\u00e4gschnitt und ...continue reading","og_url":"https:\/\/kineticcuttingsystems.eu\/de\/schneidemaschinen\/produktions-plasmaschneiden\/k2500-schneidsystem\/","og_site_name":"Kinetic CNC-Metallschneidsysteme","article_modified_time":"2025-11-13T15:21:35+00:00","og_image":[{"width":1000,"height":667,"url":"https:\/\/kineticcuttingsystems.eu\/de\/wp-content\/uploads\/sites\/3\/2018\/06\/K2500-1.jpg","type":"image\/jpeg"}],"twitter_card":"summary_large_image","twitter_misc":{"Est. reading time":"3 minutes"},"schema":{"@context":"https:\/\/schema.org","@graph":[{"@type":"WebPage","@id":"https:\/\/kineticcuttingsystems.eu\/de\/schneidemaschinen\/produktions-plasmaschneiden\/k2500-schneidsystem\/","url":"https:\/\/kineticcuttingsystems.eu\/de\/schneidemaschinen\/produktions-plasmaschneiden\/k2500-schneidsystem\/","name":"K2500 - Kinetic CNC-Metallschneidsysteme","isPartOf":{"@id":"https:\/\/kineticcuttingsystems.eu\/de\/#website"},"primaryImageOfPage":{"@id":"https:\/\/kineticcuttingsystems.eu\/de\/schneidemaschinen\/produktions-plasmaschneiden\/k2500-schneidsystem\/#primaryimage"},"image":{"@id":"https:\/\/kineticcuttingsystems.eu\/de\/schneidemaschinen\/produktions-plasmaschneiden\/k2500-schneidsystem\/#primaryimage"},"thumbnailUrl":"https:\/\/kineticcuttingsystems.eu\/de\/wp-content\/uploads\/sites\/3\/2018\/06\/K2500-1.jpg","datePublished":"2018-04-24T18:21:03+00:00","dateModified":"2025-11-13T15:21:35+00:00","breadcrumb":{"@id":"https:\/\/kineticcuttingsystems.eu\/de\/schneidemaschinen\/produktions-plasmaschneiden\/k2500-schneidsystem\/#breadcrumb"},"inLanguage":"en-US","potentialAction":[{"@type":"ReadAction","target":["https:\/\/kineticcuttingsystems.eu\/de\/schneidemaschinen\/produktions-plasmaschneiden\/k2500-schneidsystem\/"]}]},{"@type":"ImageObject","inLanguage":"en-US","@id":"https:\/\/kineticcuttingsystems.eu\/de\/schneidemaschinen\/produktions-plasmaschneiden\/k2500-schneidsystem\/#primaryimage","url":"https:\/\/kineticcuttingsystems.eu\/de\/wp-content\/uploads\/sites\/3\/2018\/06\/K2500-1.jpg","contentUrl":"https:\/\/kineticcuttingsystems.eu\/de\/wp-content\/uploads\/sites\/3\/2018\/06\/K2500-1.jpg","width":1000,"height":667},{"@type":"BreadcrumbList","@id":"https:\/\/kineticcuttingsystems.eu\/de\/schneidemaschinen\/produktions-plasmaschneiden\/k2500-schneidsystem\/#breadcrumb","itemListElement":[{"@type":"ListItem","position":1,"name":"Home","item":"https:\/\/kineticcuttingsystems.eu\/de\/"},{"@type":"ListItem","position":2,"name":"Schneidmaschinen","item":"https:\/\/kineticcuttingsystems.eu\/de\/schneidemaschinen\/"},{"@type":"ListItem","position":3,"name":"Produktions-Plasmaschneiden","item":"https:\/\/kineticcuttingsystems.eu\/de\/schneidemaschinen\/produktions-plasmaschneiden\/"},{"@type":"ListItem","position":4,"name":"K2500"}]},{"@type":"WebSite","@id":"https:\/\/kineticcuttingsystems.eu\/de\/#website","url":"https:\/\/kineticcuttingsystems.eu\/de\/","name":"Kinetic CNC-Metallschneidsysteme","description":"","potentialAction":[{"@type":"SearchAction","target":{"@type":"EntryPoint","urlTemplate":"https:\/\/kineticcuttingsystems.eu\/de\/?s={search_term_string}"},"query-input":{"@type":"PropertyValueSpecification","valueRequired":true,"valueName":"search_term_string"}}],"inLanguage":"en-US"}]}},"_links":{"self":[{"href":"https:\/\/kineticcuttingsystems.eu\/de\/wp-json\/wp\/v2\/pages\/221","targetHints":{"allow":["GET"]}}],"collection":[{"href":"https:\/\/kineticcuttingsystems.eu\/de\/wp-json\/wp\/v2\/pages"}],"about":[{"href":"https:\/\/kineticcuttingsystems.eu\/de\/wp-json\/wp\/v2\/types\/page"}],"author":[{"embeddable":true,"href":"https:\/\/kineticcuttingsystems.eu\/de\/wp-json\/wp\/v2\/users\/2"}],"replies":[{"embeddable":true,"href":"https:\/\/kineticcuttingsystems.eu\/de\/wp-json\/wp\/v2\/comments?post=221"}],"version-history":[{"count":3,"href":"https:\/\/kineticcuttingsystems.eu\/de\/wp-json\/wp\/v2\/pages\/221\/revisions"}],"predecessor-version":[{"id":4137,"href":"https:\/\/kineticcuttingsystems.eu\/de\/wp-json\/wp\/v2\/pages\/221\/revisions\/4137"}],"up":[{"embeddable":true,"href":"https:\/\/kineticcuttingsystems.eu\/de\/wp-json\/wp\/v2\/pages\/194"}],"wp:attachment":[{"href":"https:\/\/kineticcuttingsystems.eu\/de\/wp-json\/wp\/v2\/media?parent=221"}],"curies":[{"name":"wp","href":"https:\/\/api.w.org\/{rel}","templated":true}]}}