{"id":195,"date":"2018-04-18T19:01:36","date_gmt":"2018-04-18T19:01:36","guid":{"rendered":"https:\/\/kineticcuttingsystems.eu\/cutting-machines\/options-accessories\/"},"modified":"2025-11-13T15:04:22","modified_gmt":"2025-11-13T15:04:22","slug":"plasmaoptionen-und-zubehor","status":"publish","type":"page","link":"https:\/\/kineticcuttingsystems.eu\/de\/schneidemaschinen\/plasmaoptionen-und-zubehor\/","title":{"rendered":"Plasmaoptionen und Zubeh\u00f6r"},"content":{"rendered":"\n<h1 class=\"wp-block-heading\">SCHNEIDK\u00d6PFE, OPTIONEN UND ZUBEH\u00d6R<\/h1>\n\n\n\n<p>Maschinen von Kinetic k\u00f6nnen eine Vielfalt an Schneidk\u00f6pfen, Optionen und Zubeh\u00f6r aufnehmen. Das hilft Ihrer Werkstatt, das perfekte System f\u00fcr Ihre spezifische Anwendung zu erstellen. Von den neuesten Hypertherm-Plasma-Schneidk\u00f6pfen bis zu dreifach autogenem Schr\u00e4gschneiden und mehr, bieten wir eine Vielfalt an anpassbaren Optionen. Erkunden Sie die Links unten und kontaktieren Sie uns heute, um zu erfahren, wie wir Ihrem Unternehmen beim Aufbau eines Plasma-Schneid-, Fr\u00e4s- und Bohrsystems helfen k\u00f6nnen, das Effizienz erh\u00f6hen und zu erh\u00f6hter Rentabilit\u00e4t beitragen wird.<\/p>\n\n\n<div class=\"productcenter\"><div class=\"product\"><a href=\" \/de\/schneidemaschinen\/plasmaoptionen-und-zubehor\/hypertherm-plasmasysteme\/\"><div class=\"productinfo\"><h3>Hypertherm-Plasma-Systeme<\/h3><div class=\"productcol\"> <\/div><\/div><\/a><\/div><div class=\"product\"><a href=\" \/de\/schneidemaschinen\/plasmaoptionen-und-zubehor\/autogenschneidsysteme\/\"><div class=\"productinfo\"><h3>Systeme f\u00fcr autogenes Brennschneiden<\/h3><div class=\"productcol\"> <\/div><\/div><\/a><\/div><div class=\"product\"><a href=\" \/de\/schneidemaschinen\/plasmaoptionen-und-zubehor\/plasma-und-autogenfasenschneiden\/\"><div class=\"productinfo\"><h3>Plasma-Schr\u00e4gschneiden und autogenes Brenn-Schr\u00e4gschneiden<\/h3><div class=\"productcol\"> <\/div><\/div><\/a><\/div><div class=\"product\"><a href=\" \/de\/schneidemaschinen\/plasmaoptionen-und-zubehor\/frasen-bohren-gewindeschneiden-ausbohren-und-mehr\/\"><div class=\"productinfo\"><h3>Fr\u00e4sen, Bohren, Gewindeschneiden und Mehr<\/h3><div class=\"productcol\"> <\/div><\/div><\/a><\/div><div class=\"product\"><a href=\" \/de\/schneidemaschinen\/plasmaoptionen-und-zubehor\/automatisches-teileentnahmesystems\/\"><div class=\"productinfo\"><h3>Automatische Teileentnahme<\/h3><div class=\"productcol\"> <\/div><\/div><\/a><\/div><div class=\"product\"><a href=\" \/de\/schneidemaschinen\/plasmaoptionen-und-zubehor\/rohrschneideaufsatz\/\"><div class=\"productinfo\"><h3>Rohrschneiden<\/h3><div class=\"productcol\"> <\/div><\/div><\/a><\/div><div class=\"product\"><a href=\" \/de\/schneidemaschinen\/plasmaoptionen-und-zubehor\/dreifaches-autogenschneiden\/\"><div class=\"productinfo\"><h3>Dreifaches Autogenes Brenner-Schneiden<\/h3><div class=\"productcol\"> <\/div><\/div><\/a><\/div><div class=\"product\"><a href=\" \/de\/schneidemaschinen\/plasmaoptionen-und-zubehor\/6-stationen-bohren-und-gewindeschneiden\/\"><div class=\"productinfo\"><h3>6-Stationen-Bohren und Gewindeschneiden<\/h3><div class=\"productcol\"> <\/div><\/div><\/a><\/div><div class=\"product\"><a href=\" \/de\/schneidemaschinen\/plasmaoptionen-und-zubehor\/perkussionskennzeichnung\/\"><div class=\"productinfo\"><h3>Perkussionskennzeichnung<\/h3><div class=\"productcol\"> <\/div><\/div><\/a><\/div><div class=\"product\"><a href=\" \/de\/schneidemaschinen\/plasmaoptionen-und-zubehor\/ganseblumchenrad-pragung\/\"><div class=\"productinfo\"><h3>Typenradstanzen<\/h3><div class=\"productcol\"> <\/div><\/div><\/a><\/div><\/div>","protected":false},"excerpt":{"rendered":"<p>SCHNEIDK\u00d6PFE, OPTIONEN UND ZUBEH\u00d6R Maschinen von Kinetic k\u00f6nnen eine Vielfalt an Schneidk\u00f6pfen, Optionen und Zubeh\u00f6r aufnehmen. Das hilft Ihrer Werkstatt,<a class=\"moretag\" href=\"https:\/\/kineticcuttingsystems.eu\/de\/schneidemaschinen\/plasmaoptionen-und-zubehor\/\"> &#8230;continue reading<\/a><\/p>\n","protected":false},"author":2,"featured_media":649,"parent":16,"menu_order":13,"comment_status":"closed","ping_status":"closed","template":"","meta":{"_acf_changed":false,"inline_featured_image":false,"footnotes":""},"class_list":["post-195","page","type-page","status-publish","has-post-thumbnail","hentry"],"acf":[],"yoast_head":"<!-- This site is optimized with the Yoast SEO plugin v27.2 - https:\/\/yoast.com\/product\/yoast-seo-wordpress\/ -->\n<title>Plasmaoptionen und Zubeh\u00f6r - Kinetic CNC-Metallschneidsysteme<\/title>\n<meta name=\"robots\" content=\"index, follow, max-snippet:-1, max-image-preview:large, max-video-preview:-1\" \/>\n<link rel=\"canonical\" href=\"https:\/\/kineticcuttingsystems.eu\/de\/schneidemaschinen\/plasmaoptionen-und-zubehor\/\" \/>\n<meta property=\"og:locale\" content=\"en_US\" \/>\n<meta property=\"og:type\" content=\"article\" \/>\n<meta property=\"og:title\" content=\"Plasmaoptionen und Zubeh\u00f6r - Kinetic CNC-Metallschneidsysteme\" \/>\n<meta property=\"og:description\" content=\"SCHNEIDK\u00d6PFE, OPTIONEN UND ZUBEH\u00d6R Maschinen von Kinetic k\u00f6nnen eine Vielfalt an Schneidk\u00f6pfen, Optionen und Zubeh\u00f6r aufnehmen. Das hilft Ihrer Werkstatt, ...continue reading\" \/>\n<meta property=\"og:url\" content=\"https:\/\/kineticcuttingsystems.eu\/de\/schneidemaschinen\/plasmaoptionen-und-zubehor\/\" \/>\n<meta property=\"og:site_name\" content=\"Kinetic CNC-Metallschneidsysteme\" \/>\n<meta property=\"article:modified_time\" content=\"2025-11-13T15:04:22+00:00\" \/>\n<meta property=\"og:image\" content=\"https:\/\/kineticcuttingsystems.eu\/de\/wp-content\/uploads\/sites\/3\/2018\/07\/kinetic-global-feature-1.jpg\" \/>\n\t<meta property=\"og:image:width\" content=\"1600\" \/>\n\t<meta property=\"og:image:height\" content=\"400\" \/>\n\t<meta property=\"og:image:type\" content=\"image\/jpeg\" \/>\n<meta name=\"twitter:card\" content=\"summary_large_image\" \/>\n<meta name=\"twitter:label1\" content=\"Est. reading time\" \/>\n\t<meta name=\"twitter:data1\" content=\"1 minute\" \/>\n<script type=\"application\/ld+json\" class=\"yoast-schema-graph\">{\"@context\":\"https:\/\/schema.org\",\"@graph\":[{\"@type\":\"WebPage\",\"@id\":\"https:\/\/kineticcuttingsystems.eu\/de\/schneidemaschinen\/plasmaoptionen-und-zubehor\/\",\"url\":\"https:\/\/kineticcuttingsystems.eu\/de\/schneidemaschinen\/plasmaoptionen-und-zubehor\/\",\"name\":\"Plasmaoptionen und Zubeh\u00f6r - Kinetic CNC-Metallschneidsysteme\",\"isPartOf\":{\"@id\":\"https:\/\/kineticcuttingsystems.eu\/de\/#website\"},\"primaryImageOfPage\":{\"@id\":\"https:\/\/kineticcuttingsystems.eu\/de\/schneidemaschinen\/plasmaoptionen-und-zubehor\/#primaryimage\"},\"image\":{\"@id\":\"https:\/\/kineticcuttingsystems.eu\/de\/schneidemaschinen\/plasmaoptionen-und-zubehor\/#primaryimage\"},\"thumbnailUrl\":\"https:\/\/kineticcuttingsystems.eu\/de\/wp-content\/uploads\/sites\/3\/2018\/07\/kinetic-global-feature-1.jpg\",\"datePublished\":\"2018-04-18T19:01:36+00:00\",\"dateModified\":\"2025-11-13T15:04:22+00:00\",\"breadcrumb\":{\"@id\":\"https:\/\/kineticcuttingsystems.eu\/de\/schneidemaschinen\/plasmaoptionen-und-zubehor\/#breadcrumb\"},\"inLanguage\":\"en-US\",\"potentialAction\":[{\"@type\":\"ReadAction\",\"target\":[\"https:\/\/kineticcuttingsystems.eu\/de\/schneidemaschinen\/plasmaoptionen-und-zubehor\/\"]}]},{\"@type\":\"ImageObject\",\"inLanguage\":\"en-US\",\"@id\":\"https:\/\/kineticcuttingsystems.eu\/de\/schneidemaschinen\/plasmaoptionen-und-zubehor\/#primaryimage\",\"url\":\"https:\/\/kineticcuttingsystems.eu\/de\/wp-content\/uploads\/sites\/3\/2018\/07\/kinetic-global-feature-1.jpg\",\"contentUrl\":\"https:\/\/kineticcuttingsystems.eu\/de\/wp-content\/uploads\/sites\/3\/2018\/07\/kinetic-global-feature-1.jpg\",\"width\":1600,\"height\":400},{\"@type\":\"BreadcrumbList\",\"@id\":\"https:\/\/kineticcuttingsystems.eu\/de\/schneidemaschinen\/plasmaoptionen-und-zubehor\/#breadcrumb\",\"itemListElement\":[{\"@type\":\"ListItem\",\"position\":1,\"name\":\"Home\",\"item\":\"https:\/\/kineticcuttingsystems.eu\/de\/\"},{\"@type\":\"ListItem\",\"position\":2,\"name\":\"Schneidmaschinen\",\"item\":\"https:\/\/kineticcuttingsystems.eu\/de\/schneidemaschinen\/\"},{\"@type\":\"ListItem\",\"position\":3,\"name\":\"Plasmaoptionen und Zubeh\u00f6r\"}]},{\"@type\":\"WebSite\",\"@id\":\"https:\/\/kineticcuttingsystems.eu\/de\/#website\",\"url\":\"https:\/\/kineticcuttingsystems.eu\/de\/\",\"name\":\"Kinetic CNC-Metallschneidsysteme\",\"description\":\"\",\"potentialAction\":[{\"@type\":\"SearchAction\",\"target\":{\"@type\":\"EntryPoint\",\"urlTemplate\":\"https:\/\/kineticcuttingsystems.eu\/de\/?s={search_term_string}\"},\"query-input\":{\"@type\":\"PropertyValueSpecification\",\"valueRequired\":true,\"valueName\":\"search_term_string\"}}],\"inLanguage\":\"en-US\"}]}<\/script>\n<!-- \/ Yoast SEO plugin. -->","yoast_head_json":{"title":"Plasmaoptionen und Zubeh\u00f6r - Kinetic CNC-Metallschneidsysteme","robots":{"index":"index","follow":"follow","max-snippet":"max-snippet:-1","max-image-preview":"max-image-preview:large","max-video-preview":"max-video-preview:-1"},"canonical":"https:\/\/kineticcuttingsystems.eu\/de\/schneidemaschinen\/plasmaoptionen-und-zubehor\/","og_locale":"en_US","og_type":"article","og_title":"Plasmaoptionen und Zubeh\u00f6r - Kinetic CNC-Metallschneidsysteme","og_description":"SCHNEIDK\u00d6PFE, OPTIONEN UND ZUBEH\u00d6R Maschinen von Kinetic k\u00f6nnen eine Vielfalt an Schneidk\u00f6pfen, Optionen und Zubeh\u00f6r aufnehmen. Das hilft Ihrer Werkstatt, ...continue reading","og_url":"https:\/\/kineticcuttingsystems.eu\/de\/schneidemaschinen\/plasmaoptionen-und-zubehor\/","og_site_name":"Kinetic CNC-Metallschneidsysteme","article_modified_time":"2025-11-13T15:04:22+00:00","og_image":[{"width":1600,"height":400,"url":"https:\/\/kineticcuttingsystems.eu\/de\/wp-content\/uploads\/sites\/3\/2018\/07\/kinetic-global-feature-1.jpg","type":"image\/jpeg"}],"twitter_card":"summary_large_image","twitter_misc":{"Est. reading time":"1 minute"},"schema":{"@context":"https:\/\/schema.org","@graph":[{"@type":"WebPage","@id":"https:\/\/kineticcuttingsystems.eu\/de\/schneidemaschinen\/plasmaoptionen-und-zubehor\/","url":"https:\/\/kineticcuttingsystems.eu\/de\/schneidemaschinen\/plasmaoptionen-und-zubehor\/","name":"Plasmaoptionen und Zubeh\u00f6r - Kinetic CNC-Metallschneidsysteme","isPartOf":{"@id":"https:\/\/kineticcuttingsystems.eu\/de\/#website"},"primaryImageOfPage":{"@id":"https:\/\/kineticcuttingsystems.eu\/de\/schneidemaschinen\/plasmaoptionen-und-zubehor\/#primaryimage"},"image":{"@id":"https:\/\/kineticcuttingsystems.eu\/de\/schneidemaschinen\/plasmaoptionen-und-zubehor\/#primaryimage"},"thumbnailUrl":"https:\/\/kineticcuttingsystems.eu\/de\/wp-content\/uploads\/sites\/3\/2018\/07\/kinetic-global-feature-1.jpg","datePublished":"2018-04-18T19:01:36+00:00","dateModified":"2025-11-13T15:04:22+00:00","breadcrumb":{"@id":"https:\/\/kineticcuttingsystems.eu\/de\/schneidemaschinen\/plasmaoptionen-und-zubehor\/#breadcrumb"},"inLanguage":"en-US","potentialAction":[{"@type":"ReadAction","target":["https:\/\/kineticcuttingsystems.eu\/de\/schneidemaschinen\/plasmaoptionen-und-zubehor\/"]}]},{"@type":"ImageObject","inLanguage":"en-US","@id":"https:\/\/kineticcuttingsystems.eu\/de\/schneidemaschinen\/plasmaoptionen-und-zubehor\/#primaryimage","url":"https:\/\/kineticcuttingsystems.eu\/de\/wp-content\/uploads\/sites\/3\/2018\/07\/kinetic-global-feature-1.jpg","contentUrl":"https:\/\/kineticcuttingsystems.eu\/de\/wp-content\/uploads\/sites\/3\/2018\/07\/kinetic-global-feature-1.jpg","width":1600,"height":400},{"@type":"BreadcrumbList","@id":"https:\/\/kineticcuttingsystems.eu\/de\/schneidemaschinen\/plasmaoptionen-und-zubehor\/#breadcrumb","itemListElement":[{"@type":"ListItem","position":1,"name":"Home","item":"https:\/\/kineticcuttingsystems.eu\/de\/"},{"@type":"ListItem","position":2,"name":"Schneidmaschinen","item":"https:\/\/kineticcuttingsystems.eu\/de\/schneidemaschinen\/"},{"@type":"ListItem","position":3,"name":"Plasmaoptionen und Zubeh\u00f6r"}]},{"@type":"WebSite","@id":"https:\/\/kineticcuttingsystems.eu\/de\/#website","url":"https:\/\/kineticcuttingsystems.eu\/de\/","name":"Kinetic CNC-Metallschneidsysteme","description":"","potentialAction":[{"@type":"SearchAction","target":{"@type":"EntryPoint","urlTemplate":"https:\/\/kineticcuttingsystems.eu\/de\/?s={search_term_string}"},"query-input":{"@type":"PropertyValueSpecification","valueRequired":true,"valueName":"search_term_string"}}],"inLanguage":"en-US"}]}},"_links":{"self":[{"href":"https:\/\/kineticcuttingsystems.eu\/de\/wp-json\/wp\/v2\/pages\/195","targetHints":{"allow":["GET"]}}],"collection":[{"href":"https:\/\/kineticcuttingsystems.eu\/de\/wp-json\/wp\/v2\/pages"}],"about":[{"href":"https:\/\/kineticcuttingsystems.eu\/de\/wp-json\/wp\/v2\/types\/page"}],"author":[{"embeddable":true,"href":"https:\/\/kineticcuttingsystems.eu\/de\/wp-json\/wp\/v2\/users\/2"}],"replies":[{"embeddable":true,"href":"https:\/\/kineticcuttingsystems.eu\/de\/wp-json\/wp\/v2\/comments?post=195"}],"version-history":[{"count":9,"href":"https:\/\/kineticcuttingsystems.eu\/de\/wp-json\/wp\/v2\/pages\/195\/revisions"}],"predecessor-version":[{"id":4127,"href":"https:\/\/kineticcuttingsystems.eu\/de\/wp-json\/wp\/v2\/pages\/195\/revisions\/4127"}],"up":[{"embeddable":true,"href":"https:\/\/kineticcuttingsystems.eu\/de\/wp-json\/wp\/v2\/pages\/16"}],"wp:featuredmedia":[{"embeddable":true,"href":"https:\/\/kineticcuttingsystems.eu\/de\/wp-json\/wp\/v2\/media\/649"}],"wp:attachment":[{"href":"https:\/\/kineticcuttingsystems.eu\/de\/wp-json\/wp\/v2\/media?parent=195"}],"curies":[{"name":"wp","href":"https:\/\/api.w.org\/{rel}","templated":true}]}}