{"id":19,"date":"2018-03-21T02:34:27","date_gmt":"2018-03-21T02:34:27","guid":{"rendered":"https:\/\/kineticcuttingsystems.eu\/about\/"},"modified":"2025-11-13T15:58:41","modified_gmt":"2025-11-13T15:58:41","slug":"uber","status":"publish","type":"page","link":"https:\/\/kineticcuttingsystems.eu\/de\/uber\/","title":{"rendered":"\u00dcber"},"content":{"rendered":"\n<h1 class=\"wp-block-heading\">\u00dcber Kinetic<\/h1>\n\n\n\n<p>Kinetic ist ein anerkannter Marktf\u00fchrer im Segment der Metallzerspanungssysteme weltweit. Seit unserer Gr\u00fcndung 1993 in Neuseeland haben wir Dutzende von patentierten Innovationen entwickelt, mit denen die Plattenbearbeitung in Hinblick auf Geschwindigkeit, Pr\u00e4zision und Produktivit\u00e4t auf eine neues Niveau gebracht wird.<\/p>\n\n\n\n<p>Unsere Maschinen schneiden nicht lediglich Platten, sie helfen Unternehmen auch, ihre Produktivit\u00e4t zu maximieren. Durch die Kombination herk\u00f6mmlicher Plattenbearbeitungstechnologie mit vertikalen maschinellen Bearbeitungsfunktion wie Bohren, Fr\u00e4sen, Gewindeschneiden, Ausbohren und mehr helfen wir Plattenbearbeitungsbetrieben, mehrfache Einrichtungen, Transport von Umlaufbestand von Station zu Station zu beseitigen und letztendlich Zeit und Geld zu sparen.<\/p>\n\n\n\n<p>Dank der gut durchdachten Maschinenkonstruktion halten unsere Schneidsysteme den strengen Vorgaben der modernen Fertigung stand, sind leicht zu warten und minimieren die Stillstandzeiten. Das bedeutet, dass eine Kinetic-Maschine schneller, l\u00e4nger und effizienter l\u00e4uft als jede andere.<\/p>\n\n\n\n<figure class=\"wp-block-gallery has-nested-images columns-4 is-cropped wp-block-gallery-1 is-layout-flex wp-block-gallery-is-layout-flex\">\n<figure class=\"wp-block-image size-full\"><a href=\"https:\/\/kineticcuttingsystems.eu\/de\/wp-content\/uploads\/sites\/3\/2018\/05\/kinetic-software.jpg\"><img loading=\"lazy\" decoding=\"async\" width=\"1000\" height=\"667\" data-id=\"566\" src=\"https:\/\/kineticcuttingsystems.eu\/de\/wp-content\/uploads\/sites\/3\/2018\/05\/kinetic-software.jpg\" alt=\"\" class=\"wp-image-566\" srcset=\"https:\/\/kineticcuttingsystems.eu\/de\/wp-content\/uploads\/sites\/3\/2018\/05\/kinetic-software.jpg 1000w, https:\/\/kineticcuttingsystems.eu\/de\/wp-content\/uploads\/sites\/3\/2018\/05\/kinetic-software-300x200.jpg 300w, https:\/\/kineticcuttingsystems.eu\/de\/wp-content\/uploads\/sites\/3\/2018\/05\/kinetic-software-768x512.jpg 768w\" sizes=\"auto, (max-width: 1000px) 100vw, 1000px\" \/><\/a><\/figure>\n\n\n\n<figure class=\"wp-block-image size-full\"><a href=\"https:\/\/kineticcuttingsystems.eu\/de\/wp-content\/uploads\/sites\/3\/2018\/05\/kinetic-about-gallery-4.jpg\"><img loading=\"lazy\" decoding=\"async\" width=\"1000\" height=\"667\" data-id=\"533\" src=\"https:\/\/kineticcuttingsystems.eu\/de\/wp-content\/uploads\/sites\/3\/2018\/05\/kinetic-about-gallery-4.jpg\" alt=\"\" class=\"wp-image-533\" srcset=\"https:\/\/kineticcuttingsystems.eu\/de\/wp-content\/uploads\/sites\/3\/2018\/05\/kinetic-about-gallery-4.jpg 1000w, https:\/\/kineticcuttingsystems.eu\/de\/wp-content\/uploads\/sites\/3\/2018\/05\/kinetic-about-gallery-4-300x200.jpg 300w, https:\/\/kineticcuttingsystems.eu\/de\/wp-content\/uploads\/sites\/3\/2018\/05\/kinetic-about-gallery-4-768x512.jpg 768w\" sizes=\"auto, (max-width: 1000px) 100vw, 1000px\" \/><\/a><\/figure>\n\n\n\n<figure class=\"wp-block-image size-full\"><a href=\"https:\/\/kineticcuttingsystems.eu\/de\/wp-content\/uploads\/2018\/05\/kinetic-about-gallery-5.jpg\"><img loading=\"lazy\" decoding=\"async\" width=\"1000\" height=\"667\" data-id=\"534\" src=\"https:\/\/kineticcuttingsystems.eu\/de\/wp-content\/uploads\/2018\/05\/kinetic-about-gallery-5.jpg\" alt=\"\" class=\"wp-image-534\" srcset=\"https:\/\/kineticcuttingsystems.eu\/de\/wp-content\/uploads\/sites\/3\/2018\/05\/kinetic-about-gallery-5.jpg 1000w, https:\/\/kineticcuttingsystems.eu\/de\/wp-content\/uploads\/sites\/3\/2018\/05\/kinetic-about-gallery-5-300x200.jpg 300w, https:\/\/kineticcuttingsystems.eu\/de\/wp-content\/uploads\/sites\/3\/2018\/05\/kinetic-about-gallery-5-768x512.jpg 768w\" sizes=\"auto, (max-width: 1000px) 100vw, 1000px\" \/><\/a><\/figure>\n\n\n\n<figure class=\"wp-block-image size-full\"><a href=\"https:\/\/kineticcuttingsystems.eu\/de\/wp-content\/uploads\/sites\/3\/2018\/05\/kinetic-about-gallery-8.jpg\"><img loading=\"lazy\" decoding=\"async\" width=\"1000\" height=\"667\" data-id=\"537\" src=\"https:\/\/kineticcuttingsystems.eu\/de\/wp-content\/uploads\/sites\/3\/2018\/05\/kinetic-about-gallery-8.jpg\" alt=\"\" class=\"wp-image-537\" srcset=\"https:\/\/kineticcuttingsystems.eu\/de\/wp-content\/uploads\/sites\/3\/2018\/05\/kinetic-about-gallery-8.jpg 1000w, https:\/\/kineticcuttingsystems.eu\/de\/wp-content\/uploads\/sites\/3\/2018\/05\/kinetic-about-gallery-8-300x200.jpg 300w, https:\/\/kineticcuttingsystems.eu\/de\/wp-content\/uploads\/sites\/3\/2018\/05\/kinetic-about-gallery-8-768x512.jpg 768w\" sizes=\"auto, (max-width: 1000px) 100vw, 1000px\" \/><\/a><\/figure>\n\n\n\n<figure class=\"wp-block-image size-full\"><a href=\"https:\/\/kineticcuttingsystems.eu\/de\/wp-content\/uploads\/2018\/05\/kinetic-about-gallery-3.jpg\"><img loading=\"lazy\" decoding=\"async\" width=\"1000\" height=\"667\" data-id=\"532\" src=\"https:\/\/kineticcuttingsystems.eu\/de\/wp-content\/uploads\/2018\/05\/kinetic-about-gallery-3.jpg\" alt=\"\" class=\"wp-image-532\" srcset=\"https:\/\/kineticcuttingsystems.eu\/de\/wp-content\/uploads\/sites\/3\/2018\/05\/kinetic-about-gallery-3.jpg 1000w, https:\/\/kineticcuttingsystems.eu\/de\/wp-content\/uploads\/sites\/3\/2018\/05\/kinetic-about-gallery-3-300x200.jpg 300w, https:\/\/kineticcuttingsystems.eu\/de\/wp-content\/uploads\/sites\/3\/2018\/05\/kinetic-about-gallery-3-768x512.jpg 768w\" sizes=\"auto, (max-width: 1000px) 100vw, 1000px\" \/><\/a><\/figure>\n\n\n\n<figure class=\"wp-block-image size-full\"><a href=\"https:\/\/kineticcuttingsystems.eu\/de\/wp-content\/uploads\/sites\/3\/2018\/05\/kinetic-about-gallery-6.jpg\"><img loading=\"lazy\" decoding=\"async\" width=\"1000\" height=\"667\" data-id=\"535\" src=\"https:\/\/kineticcuttingsystems.eu\/de\/wp-content\/uploads\/sites\/3\/2018\/05\/kinetic-about-gallery-6.jpg\" alt=\"\" class=\"wp-image-535\" srcset=\"https:\/\/kineticcuttingsystems.eu\/de\/wp-content\/uploads\/sites\/3\/2018\/05\/kinetic-about-gallery-6.jpg 1000w, https:\/\/kineticcuttingsystems.eu\/de\/wp-content\/uploads\/sites\/3\/2018\/05\/kinetic-about-gallery-6-300x200.jpg 300w, https:\/\/kineticcuttingsystems.eu\/de\/wp-content\/uploads\/sites\/3\/2018\/05\/kinetic-about-gallery-6-768x512.jpg 768w\" sizes=\"auto, (max-width: 1000px) 100vw, 1000px\" \/><\/a><\/figure>\n\n\n\n<figure class=\"wp-block-image size-full\"><a href=\"https:\/\/kineticcuttingsystems.eu\/de\/wp-content\/uploads\/2018\/05\/kinetic-about-gallery-7.jpg\"><img loading=\"lazy\" decoding=\"async\" width=\"1000\" height=\"667\" data-id=\"536\" src=\"https:\/\/kineticcuttingsystems.eu\/de\/wp-content\/uploads\/2018\/05\/kinetic-about-gallery-7.jpg\" alt=\"\" class=\"wp-image-536\" srcset=\"https:\/\/kineticcuttingsystems.eu\/de\/wp-content\/uploads\/sites\/3\/2018\/05\/kinetic-about-gallery-7.jpg 1000w, https:\/\/kineticcuttingsystems.eu\/de\/wp-content\/uploads\/sites\/3\/2018\/05\/kinetic-about-gallery-7-300x200.jpg 300w, https:\/\/kineticcuttingsystems.eu\/de\/wp-content\/uploads\/sites\/3\/2018\/05\/kinetic-about-gallery-7-768x512.jpg 768w\" sizes=\"auto, (max-width: 1000px) 100vw, 1000px\" \/><\/a><\/figure>\n\n\n\n<figure class=\"wp-block-image size-full\"><a href=\"https:\/\/kineticcuttingsystems.eu\/de\/wp-content\/uploads\/sites\/3\/2018\/05\/kinetic-about-gallery-1.jpg\"><img loading=\"lazy\" decoding=\"async\" width=\"1000\" height=\"667\" data-id=\"530\" src=\"https:\/\/kineticcuttingsystems.eu\/de\/wp-content\/uploads\/sites\/3\/2018\/05\/kinetic-about-gallery-1.jpg\" alt=\"\" class=\"wp-image-530\" srcset=\"https:\/\/kineticcuttingsystems.eu\/de\/wp-content\/uploads\/sites\/3\/2018\/05\/kinetic-about-gallery-1.jpg 1000w, https:\/\/kineticcuttingsystems.eu\/de\/wp-content\/uploads\/sites\/3\/2018\/05\/kinetic-about-gallery-1-300x200.jpg 300w, https:\/\/kineticcuttingsystems.eu\/de\/wp-content\/uploads\/sites\/3\/2018\/05\/kinetic-about-gallery-1-768x512.jpg 768w\" sizes=\"auto, (max-width: 1000px) 100vw, 1000px\" \/><\/a><\/figure>\n<\/figure>\n\n\n\n<p>Heute bedienen wir die Nordhalbkugel von unserer Gesch\u00e4ftsstelle in den Vereinigten Staaten aus und die S\u00fcdhalbkugel von unseren Gesch\u00e4ftsstellen in Neuseeland aus. Damit sind wir in der Lage, Service rund um die Uhr bereitzustellen und mit dem h\u00f6chsten Ma\u00df an Reaktionsf\u00e4higkeit weltweit.<\/p>\n\n\n\n<p>Erkunden Sie die verschiedenen Maschinen, Software und Zubeh\u00f6r unten und kontaktieren Sie uns gerne noch heute, um mehr zu erfahren. Wir freuen uns darauf, Ihrem Unternehmen zu helfen, die Art von Wettbewerbsvorteil zu gewinnen, den nur Kinetic bereitstellen kann.<\/p>\n\n\n\n<div style=\"height:20px\" aria-hidden=\"true\" class=\"wp-block-spacer\"><\/div>\n\n\n<div class=\"productcenter\"><div class=\"product\"><a href=\" \/de\/schneidemaschinen\/kombinierte-plasma-laser-bohr-und-frassysteme\/\"><img decoding=\"async\" src=\" https:\/\/kineticcuttingsystems.eu\/de\/wp-content\/uploads\/sites\/3\/2025\/10\/K6000.thumb_.jpg\"\/><div class=\"productinfo\"><h3>Plasma-, Laser-, Bohr- und Fr\u00e4ssysteme<\/h3><div class=\"productcol\"> <\/div><\/div><\/a><\/div><div class=\"product\"><a href=\" \/de\/schneidemaschinen\/kombinierte-plasma-fras-und-bohrsysteme\/\"><img decoding=\"async\" src=\" https:\/\/kineticcuttingsystems.eu\/de\/wp-content\/uploads\/sites\/3\/2018\/04\/kinetic-k5000xmcsc.jpg\"\/><div class=\"productinfo\"><h3>Plasmaschneiden, Fr\u00e4sen und Bohren<\/h3><div class=\"productcol\"> <\/div><\/div><\/a><\/div><div class=\"product\"><a href=\" \/de\/schneidemaschinen\/produktions-plasmaschneiden\/\"><img decoding=\"async\" src=\" https:\/\/kineticcuttingsystems.eu\/de\/wp-content\/uploads\/sites\/3\/2018\/04\/kinetic-k2500sc.jpg\"\/><div class=\"productinfo\"><h3>Plasmaschneiden in der Produktion<\/h3><div class=\"productcol\"> <\/div><\/div><\/a><\/div><div class=\"product\"><a href=\" \/de\/schneidemaschinen\/grosformat-plattenlaser\/\"><img decoding=\"async\" src=\" https:\/\/kineticcuttingsystems.eu\/de\/wp-content\/uploads\/sites\/3\/2025\/01\/kinetic-cutting-machines-fsl.jpg\"\/><div class=\"productinfo\"><h3>Gro\u00dfformat-Plattenlaser<\/h3><div class=\"productcol\"> <\/div><\/div><\/a><\/div><div class=\"product\"><a href=\" \/de\/schneidemaschinen\/plasmaoptionen-und-zubehor\/\"><img decoding=\"async\" src=\" https:\/\/kineticcuttingsystems.eu\/de\/wp-content\/uploads\/sites\/3\/2018\/05\/kinetic-accessories-new.jpg\"\/><div class=\"productinfo\"><h3>Plasmaoptionen und Zubeh\u00f6r<\/h3><div class=\"productcol\"> <\/div><\/div><\/a><\/div><\/div>","protected":false},"excerpt":{"rendered":"<p>\u00dcber Kinetic Kinetic ist ein anerkannter Marktf\u00fchrer im Segment der Metallzerspanungssysteme weltweit. Seit unserer Gr\u00fcndung 1993 in Neuseeland haben wir<a class=\"moretag\" href=\"https:\/\/kineticcuttingsystems.eu\/de\/uber\/\"> &#8230;continue reading<\/a><\/p>\n","protected":false},"author":2,"featured_media":213,"parent":0,"menu_order":5,"comment_status":"closed","ping_status":"closed","template":"","meta":{"_acf_changed":false,"inline_featured_image":false,"footnotes":""},"class_list":["post-19","page","type-page","status-publish","has-post-thumbnail","hentry"],"acf":[],"yoast_head":"<!-- This site is optimized with the Yoast SEO plugin v27.2 - https:\/\/yoast.com\/product\/yoast-seo-wordpress\/ -->\n<title>\u00dcber - Kinetic CNC-Metallschneidsysteme<\/title>\n<meta name=\"robots\" content=\"index, follow, max-snippet:-1, max-image-preview:large, max-video-preview:-1\" \/>\n<link rel=\"canonical\" href=\"https:\/\/kineticcuttingsystems.eu\/de\/uber\/\" \/>\n<meta property=\"og:locale\" content=\"en_US\" \/>\n<meta property=\"og:type\" content=\"article\" \/>\n<meta property=\"og:title\" content=\"\u00dcber - Kinetic CNC-Metallschneidsysteme\" \/>\n<meta property=\"og:description\" content=\"\u00dcber Kinetic Kinetic ist ein anerkannter Marktf\u00fchrer im Segment der Metallzerspanungssysteme weltweit. Seit unserer Gr\u00fcndung 1993 in Neuseeland haben wir ...continue reading\" \/>\n<meta property=\"og:url\" content=\"https:\/\/kineticcuttingsystems.eu\/de\/uber\/\" \/>\n<meta property=\"og:site_name\" content=\"Kinetic CNC-Metallschneidsysteme\" \/>\n<meta property=\"article:modified_time\" content=\"2025-11-13T15:58:41+00:00\" \/>\n<meta property=\"og:image\" content=\"https:\/\/kineticcuttingsystems.eu\/de\/wp-content\/uploads\/sites\/3\/2018\/04\/kinetic-default-feature.jpg\" \/>\n\t<meta property=\"og:image:width\" content=\"1600\" \/>\n\t<meta property=\"og:image:height\" content=\"600\" \/>\n\t<meta property=\"og:image:type\" content=\"image\/jpeg\" \/>\n<meta name=\"twitter:card\" content=\"summary_large_image\" \/>\n<meta name=\"twitter:label1\" content=\"Est. reading time\" \/>\n\t<meta name=\"twitter:data1\" content=\"3 minutes\" \/>\n<script type=\"application\/ld+json\" class=\"yoast-schema-graph\">{\"@context\":\"https:\/\/schema.org\",\"@graph\":[{\"@type\":\"WebPage\",\"@id\":\"https:\/\/kineticcuttingsystems.eu\/de\/uber\/\",\"url\":\"https:\/\/kineticcuttingsystems.eu\/de\/uber\/\",\"name\":\"\u00dcber - Kinetic CNC-Metallschneidsysteme\",\"isPartOf\":{\"@id\":\"https:\/\/kineticcuttingsystems.eu\/de\/#website\"},\"primaryImageOfPage\":{\"@id\":\"https:\/\/kineticcuttingsystems.eu\/de\/uber\/#primaryimage\"},\"image\":{\"@id\":\"https:\/\/kineticcuttingsystems.eu\/de\/uber\/#primaryimage\"},\"thumbnailUrl\":\"https:\/\/kineticcuttingsystems.eu\/de\/wp-content\/uploads\/sites\/3\/2018\/04\/kinetic-default-feature.jpg\",\"datePublished\":\"2018-03-21T02:34:27+00:00\",\"dateModified\":\"2025-11-13T15:58:41+00:00\",\"breadcrumb\":{\"@id\":\"https:\/\/kineticcuttingsystems.eu\/de\/uber\/#breadcrumb\"},\"inLanguage\":\"en-US\",\"potentialAction\":[{\"@type\":\"ReadAction\",\"target\":[\"https:\/\/kineticcuttingsystems.eu\/de\/uber\/\"]}]},{\"@type\":\"ImageObject\",\"inLanguage\":\"en-US\",\"@id\":\"https:\/\/kineticcuttingsystems.eu\/de\/uber\/#primaryimage\",\"url\":\"https:\/\/kineticcuttingsystems.eu\/de\/wp-content\/uploads\/sites\/3\/2018\/04\/kinetic-default-feature.jpg\",\"contentUrl\":\"https:\/\/kineticcuttingsystems.eu\/de\/wp-content\/uploads\/sites\/3\/2018\/04\/kinetic-default-feature.jpg\",\"width\":1600,\"height\":600},{\"@type\":\"BreadcrumbList\",\"@id\":\"https:\/\/kineticcuttingsystems.eu\/de\/uber\/#breadcrumb\",\"itemListElement\":[{\"@type\":\"ListItem\",\"position\":1,\"name\":\"Home\",\"item\":\"https:\/\/kineticcuttingsystems.eu\/de\/\"},{\"@type\":\"ListItem\",\"position\":2,\"name\":\"\u00dcber\"}]},{\"@type\":\"WebSite\",\"@id\":\"https:\/\/kineticcuttingsystems.eu\/de\/#website\",\"url\":\"https:\/\/kineticcuttingsystems.eu\/de\/\",\"name\":\"Kinetic CNC-Metallschneidsysteme\",\"description\":\"\",\"potentialAction\":[{\"@type\":\"SearchAction\",\"target\":{\"@type\":\"EntryPoint\",\"urlTemplate\":\"https:\/\/kineticcuttingsystems.eu\/de\/?s={search_term_string}\"},\"query-input\":{\"@type\":\"PropertyValueSpecification\",\"valueRequired\":true,\"valueName\":\"search_term_string\"}}],\"inLanguage\":\"en-US\"}]}<\/script>\n<!-- \/ Yoast SEO plugin. -->","yoast_head_json":{"title":"\u00dcber - Kinetic CNC-Metallschneidsysteme","robots":{"index":"index","follow":"follow","max-snippet":"max-snippet:-1","max-image-preview":"max-image-preview:large","max-video-preview":"max-video-preview:-1"},"canonical":"https:\/\/kineticcuttingsystems.eu\/de\/uber\/","og_locale":"en_US","og_type":"article","og_title":"\u00dcber - Kinetic CNC-Metallschneidsysteme","og_description":"\u00dcber Kinetic Kinetic ist ein anerkannter Marktf\u00fchrer im Segment der Metallzerspanungssysteme weltweit. Seit unserer Gr\u00fcndung 1993 in Neuseeland haben wir ...continue reading","og_url":"https:\/\/kineticcuttingsystems.eu\/de\/uber\/","og_site_name":"Kinetic CNC-Metallschneidsysteme","article_modified_time":"2025-11-13T15:58:41+00:00","og_image":[{"width":1600,"height":600,"url":"https:\/\/kineticcuttingsystems.eu\/de\/wp-content\/uploads\/sites\/3\/2018\/04\/kinetic-default-feature.jpg","type":"image\/jpeg"}],"twitter_card":"summary_large_image","twitter_misc":{"Est. reading time":"3 minutes"},"schema":{"@context":"https:\/\/schema.org","@graph":[{"@type":"WebPage","@id":"https:\/\/kineticcuttingsystems.eu\/de\/uber\/","url":"https:\/\/kineticcuttingsystems.eu\/de\/uber\/","name":"\u00dcber - Kinetic CNC-Metallschneidsysteme","isPartOf":{"@id":"https:\/\/kineticcuttingsystems.eu\/de\/#website"},"primaryImageOfPage":{"@id":"https:\/\/kineticcuttingsystems.eu\/de\/uber\/#primaryimage"},"image":{"@id":"https:\/\/kineticcuttingsystems.eu\/de\/uber\/#primaryimage"},"thumbnailUrl":"https:\/\/kineticcuttingsystems.eu\/de\/wp-content\/uploads\/sites\/3\/2018\/04\/kinetic-default-feature.jpg","datePublished":"2018-03-21T02:34:27+00:00","dateModified":"2025-11-13T15:58:41+00:00","breadcrumb":{"@id":"https:\/\/kineticcuttingsystems.eu\/de\/uber\/#breadcrumb"},"inLanguage":"en-US","potentialAction":[{"@type":"ReadAction","target":["https:\/\/kineticcuttingsystems.eu\/de\/uber\/"]}]},{"@type":"ImageObject","inLanguage":"en-US","@id":"https:\/\/kineticcuttingsystems.eu\/de\/uber\/#primaryimage","url":"https:\/\/kineticcuttingsystems.eu\/de\/wp-content\/uploads\/sites\/3\/2018\/04\/kinetic-default-feature.jpg","contentUrl":"https:\/\/kineticcuttingsystems.eu\/de\/wp-content\/uploads\/sites\/3\/2018\/04\/kinetic-default-feature.jpg","width":1600,"height":600},{"@type":"BreadcrumbList","@id":"https:\/\/kineticcuttingsystems.eu\/de\/uber\/#breadcrumb","itemListElement":[{"@type":"ListItem","position":1,"name":"Home","item":"https:\/\/kineticcuttingsystems.eu\/de\/"},{"@type":"ListItem","position":2,"name":"\u00dcber"}]},{"@type":"WebSite","@id":"https:\/\/kineticcuttingsystems.eu\/de\/#website","url":"https:\/\/kineticcuttingsystems.eu\/de\/","name":"Kinetic CNC-Metallschneidsysteme","description":"","potentialAction":[{"@type":"SearchAction","target":{"@type":"EntryPoint","urlTemplate":"https:\/\/kineticcuttingsystems.eu\/de\/?s={search_term_string}"},"query-input":{"@type":"PropertyValueSpecification","valueRequired":true,"valueName":"search_term_string"}}],"inLanguage":"en-US"}]}},"_links":{"self":[{"href":"https:\/\/kineticcuttingsystems.eu\/de\/wp-json\/wp\/v2\/pages\/19","targetHints":{"allow":["GET"]}}],"collection":[{"href":"https:\/\/kineticcuttingsystems.eu\/de\/wp-json\/wp\/v2\/pages"}],"about":[{"href":"https:\/\/kineticcuttingsystems.eu\/de\/wp-json\/wp\/v2\/types\/page"}],"author":[{"embeddable":true,"href":"https:\/\/kineticcuttingsystems.eu\/de\/wp-json\/wp\/v2\/users\/2"}],"replies":[{"embeddable":true,"href":"https:\/\/kineticcuttingsystems.eu\/de\/wp-json\/wp\/v2\/comments?post=19"}],"version-history":[{"count":6,"href":"https:\/\/kineticcuttingsystems.eu\/de\/wp-json\/wp\/v2\/pages\/19\/revisions"}],"predecessor-version":[{"id":4147,"href":"https:\/\/kineticcuttingsystems.eu\/de\/wp-json\/wp\/v2\/pages\/19\/revisions\/4147"}],"wp:featuredmedia":[{"embeddable":true,"href":"https:\/\/kineticcuttingsystems.eu\/de\/wp-json\/wp\/v2\/media\/213"}],"wp:attachment":[{"href":"https:\/\/kineticcuttingsystems.eu\/de\/wp-json\/wp\/v2\/media?parent=19"}],"curies":[{"name":"wp","href":"https:\/\/api.w.org\/{rel}","templated":true}]}}