{"id":17,"date":"2018-03-21T02:34:27","date_gmt":"2018-03-21T02:34:27","guid":{"rendered":"https:\/\/kineticcuttingsystems.eu\/why-kinetic\/"},"modified":"2025-11-13T17:39:29","modified_gmt":"2025-11-13T17:39:29","slug":"warum-kinetic","status":"publish","type":"page","link":"https:\/\/kineticcuttingsystems.eu\/de\/warum-kinetic\/","title":{"rendered":"Warum Kinetic"},"content":{"rendered":"\n<h1 class=\"wp-block-heading\">Produktivit\u00e4t, Service und Wert<\/h1>\n\n\n\n<p>Kinetic ist mehr als nur ein Hersteller innovativer <a href=\"\/de\/schneidemaschinen\/\">Metallzerspanungsmaschinen<\/a>. Wir unterst\u00fctzen Plattenprozessoren jeder Gr\u00f6\u00dfe dabei, ihre Produktivit\u00e4t zu steigern, ihre Produktionsleistung zu erh\u00f6hen und ihre Anlageninvestition bestm\u00f6glich zu nutzen.<\/p>\n\n\n\n<p>Wir haben Plasmaschneiden und Laserschneiden von Grund auf neu konzipiert. Jetzt liegt deren Schwerpunkt auf Geschwindigkeit, Pr\u00e4zision und Haltbarkeit und wir unterst\u00fctzen unsere Maschinen mit branchenf\u00fchrendem Service und Support.<\/p>\n\n\n\n<p>Sind Sie am \u00dcberlegen, ob Sie Kinetic f\u00fcr Ihre n\u00e4chste Maschineninvestition w\u00e4hlen sollten? Lesen Sie weiter, um ein paar Gr\u00fcnde zu entdecken, warum unsere Maschinen ganz oben auf Ihrer Auswahlliste erscheinen sollten.<\/p>\n\n\n\n<figure class=\"wp-block-gallery has-nested-images columns-4 is-cropped wp-block-gallery-1 is-layout-flex wp-block-gallery-is-layout-flex\">\n<figure class=\"wp-block-image size-full\"><a href=\"https:\/\/kineticcuttingsystems.eu\/de\/wp-content\/uploads\/sites\/3\/2018\/05\/kinetic-why-1.jpg\"><img loading=\"lazy\" decoding=\"async\" width=\"1000\" height=\"667\" data-id=\"520\" src=\"https:\/\/kineticcuttingsystems.eu\/de\/wp-content\/uploads\/sites\/3\/2018\/05\/kinetic-why-1.jpg\" alt=\"\" class=\"wp-image-520\" srcset=\"https:\/\/kineticcuttingsystems.eu\/de\/wp-content\/uploads\/sites\/3\/2018\/05\/kinetic-why-1.jpg 1000w, https:\/\/kineticcuttingsystems.eu\/de\/wp-content\/uploads\/sites\/3\/2018\/05\/kinetic-why-1-300x200.jpg 300w, https:\/\/kineticcuttingsystems.eu\/de\/wp-content\/uploads\/sites\/3\/2018\/05\/kinetic-why-1-768x512.jpg 768w\" sizes=\"auto, (max-width: 1000px) 100vw, 1000px\" \/><\/a><\/figure>\n\n\n\n<figure class=\"wp-block-image size-full\"><a href=\"https:\/\/kineticcuttingsystems.eu\/de\/wp-content\/uploads\/2018\/05\/kinetic-why-2.jpg\"><img loading=\"lazy\" decoding=\"async\" width=\"1000\" height=\"667\" data-id=\"521\" src=\"https:\/\/kineticcuttingsystems.eu\/de\/wp-content\/uploads\/2018\/05\/kinetic-why-2.jpg\" alt=\"\" class=\"wp-image-521\" srcset=\"https:\/\/kineticcuttingsystems.eu\/de\/wp-content\/uploads\/sites\/3\/2018\/05\/kinetic-why-2.jpg 1000w, https:\/\/kineticcuttingsystems.eu\/de\/wp-content\/uploads\/sites\/3\/2018\/05\/kinetic-why-2-300x200.jpg 300w, https:\/\/kineticcuttingsystems.eu\/de\/wp-content\/uploads\/sites\/3\/2018\/05\/kinetic-why-2-768x512.jpg 768w\" sizes=\"auto, (max-width: 1000px) 100vw, 1000px\" \/><\/a><\/figure>\n\n\n\n<figure class=\"wp-block-image size-full\"><a href=\"https:\/\/kineticcuttingsystems.eu\/de\/wp-content\/uploads\/sites\/3\/2018\/05\/kinetic-why-3.5.jpg\"><img loading=\"lazy\" decoding=\"async\" width=\"1000\" height=\"667\" data-id=\"522\" src=\"https:\/\/kineticcuttingsystems.eu\/de\/wp-content\/uploads\/sites\/3\/2018\/05\/kinetic-why-3.5.jpg\" alt=\"\" class=\"wp-image-522\" srcset=\"https:\/\/kineticcuttingsystems.eu\/de\/wp-content\/uploads\/sites\/3\/2018\/05\/kinetic-why-3.5.jpg 1000w, https:\/\/kineticcuttingsystems.eu\/de\/wp-content\/uploads\/sites\/3\/2018\/05\/kinetic-why-3.5-300x200.jpg 300w, https:\/\/kineticcuttingsystems.eu\/de\/wp-content\/uploads\/sites\/3\/2018\/05\/kinetic-why-3.5-768x512.jpg 768w\" sizes=\"auto, (max-width: 1000px) 100vw, 1000px\" \/><\/a><\/figure>\n\n\n\n<figure class=\"wp-block-image size-full\"><a href=\"https:\/\/kineticcuttingsystems.eu\/de\/wp-content\/uploads\/sites\/3\/2018\/05\/kinetic-why-3.6.jpg\"><img loading=\"lazy\" decoding=\"async\" width=\"1000\" height=\"667\" data-id=\"523\" src=\"https:\/\/kineticcuttingsystems.eu\/de\/wp-content\/uploads\/sites\/3\/2018\/05\/kinetic-why-3.6.jpg\" alt=\"\" class=\"wp-image-523\" srcset=\"https:\/\/kineticcuttingsystems.eu\/de\/wp-content\/uploads\/sites\/3\/2018\/05\/kinetic-why-3.6.jpg 1000w, https:\/\/kineticcuttingsystems.eu\/de\/wp-content\/uploads\/sites\/3\/2018\/05\/kinetic-why-3.6-300x200.jpg 300w, https:\/\/kineticcuttingsystems.eu\/de\/wp-content\/uploads\/sites\/3\/2018\/05\/kinetic-why-3.6-768x512.jpg 768w\" sizes=\"auto, (max-width: 1000px) 100vw, 1000px\" \/><\/a><\/figure>\n\n\n\n<figure class=\"wp-block-image size-full\"><a href=\"https:\/\/kineticcuttingsystems.eu\/de\/wp-content\/uploads\/sites\/3\/2018\/05\/kinetic-why-3.jpg\"><img loading=\"lazy\" decoding=\"async\" width=\"1000\" height=\"667\" data-id=\"524\" src=\"https:\/\/kineticcuttingsystems.eu\/de\/wp-content\/uploads\/sites\/3\/2018\/05\/kinetic-why-3.jpg\" alt=\"\" class=\"wp-image-524\" srcset=\"https:\/\/kineticcuttingsystems.eu\/de\/wp-content\/uploads\/sites\/3\/2018\/05\/kinetic-why-3.jpg 1000w, https:\/\/kineticcuttingsystems.eu\/de\/wp-content\/uploads\/sites\/3\/2018\/05\/kinetic-why-3-300x200.jpg 300w, https:\/\/kineticcuttingsystems.eu\/de\/wp-content\/uploads\/sites\/3\/2018\/05\/kinetic-why-3-768x512.jpg 768w\" sizes=\"auto, (max-width: 1000px) 100vw, 1000px\" \/><\/a><\/figure>\n\n\n\n<figure class=\"wp-block-image size-full\"><a href=\"https:\/\/kineticcuttingsystems.eu\/de\/wp-content\/uploads\/2018\/05\/kinetic-why-4.jpg\"><img loading=\"lazy\" decoding=\"async\" width=\"1000\" height=\"667\" data-id=\"525\" src=\"https:\/\/kineticcuttingsystems.eu\/de\/wp-content\/uploads\/2018\/05\/kinetic-why-4.jpg\" alt=\"\" class=\"wp-image-525\" srcset=\"https:\/\/kineticcuttingsystems.eu\/de\/wp-content\/uploads\/sites\/3\/2018\/05\/kinetic-why-4.jpg 1000w, https:\/\/kineticcuttingsystems.eu\/de\/wp-content\/uploads\/sites\/3\/2018\/05\/kinetic-why-4-300x200.jpg 300w, https:\/\/kineticcuttingsystems.eu\/de\/wp-content\/uploads\/sites\/3\/2018\/05\/kinetic-why-4-768x512.jpg 768w\" sizes=\"auto, (max-width: 1000px) 100vw, 1000px\" \/><\/a><\/figure>\n\n\n\n<figure class=\"wp-block-image size-full\"><a href=\"https:\/\/kineticcuttingsystems.eu\/de\/wp-content\/uploads\/sites\/3\/2018\/05\/kinetic-why-5.jpg\"><img loading=\"lazy\" decoding=\"async\" width=\"1000\" height=\"667\" data-id=\"526\" src=\"https:\/\/kineticcuttingsystems.eu\/de\/wp-content\/uploads\/sites\/3\/2018\/05\/kinetic-why-5.jpg\" alt=\"\" class=\"wp-image-526\" srcset=\"https:\/\/kineticcuttingsystems.eu\/de\/wp-content\/uploads\/sites\/3\/2018\/05\/kinetic-why-5.jpg 1000w, https:\/\/kineticcuttingsystems.eu\/de\/wp-content\/uploads\/sites\/3\/2018\/05\/kinetic-why-5-300x200.jpg 300w, https:\/\/kineticcuttingsystems.eu\/de\/wp-content\/uploads\/sites\/3\/2018\/05\/kinetic-why-5-768x512.jpg 768w\" sizes=\"auto, (max-width: 1000px) 100vw, 1000px\" \/><\/a><\/figure>\n\n\n\n<figure class=\"wp-block-image size-full\"><a href=\"https:\/\/kineticcuttingsystems.eu\/de\/wp-content\/uploads\/2018\/05\/kinetic-tooling.jpg\"><img loading=\"lazy\" decoding=\"async\" width=\"1000\" height=\"667\" data-id=\"568\" src=\"https:\/\/kineticcuttingsystems.eu\/de\/wp-content\/uploads\/2018\/05\/kinetic-tooling.jpg\" alt=\"\" class=\"wp-image-568\" srcset=\"https:\/\/kineticcuttingsystems.eu\/de\/wp-content\/uploads\/sites\/3\/2018\/05\/kinetic-tooling.jpg 1000w, https:\/\/kineticcuttingsystems.eu\/de\/wp-content\/uploads\/sites\/3\/2018\/05\/kinetic-tooling-300x200.jpg 300w, https:\/\/kineticcuttingsystems.eu\/de\/wp-content\/uploads\/sites\/3\/2018\/05\/kinetic-tooling-768x512.jpg 768w\" sizes=\"auto, (max-width: 1000px) 100vw, 1000px\" \/><\/a><\/figure>\n<\/figure>\n\n\n\n<h3 class=\"wp-block-heading\">Maximale Produktivit\u00e4t<\/h3>\n\n\n\n<p>Unsere Maschinen wurden mit einem Ziel im Auge entwickelt: kleinen Auftragswerkst\u00e4tten sowie gro\u00dfen Originalherstellern gleicherma\u00dfen helfen, ihre Produktionsleistung zu maximieren. Unsere Schneid-, Bohr- und Fr\u00e4s-Kombimaschinen erh\u00f6hen die Produktionskapazit\u00e4t und sorgen f\u00fcr eine schnelle Anlagerendite \u2013 denn die Ger\u00e4teeinrichtung wird minimal, der Umlaufbestand reduziert und die Produktionszeit f\u00fcr Teile drastisch gesenkt. Dank einer Reihe von patentierten Designinnovationen haben unsere Kunden berichtet, dass Kinetic-Maschinen die Beabeitungszeit um bis zu 95&nbsp;% verringern.<\/p>\n\n\n\n<h3 class=\"wp-block-heading\">Geschwindigkeit und Pr\u00e4zision<\/h3>\n\n\n\n<p>Wenn Sie die herausragendste Geschwindigkeit und Pr\u00e4zision suchen, sind Sie hier f\u00fcndig geworden. Wir haben unsere Maschinen \u201eoverengineered\u201c, damit sie Hochpr\u00e4zisionsschneiden sowie Fr\u00e4sen und Bohren innerhalb sehr pr\u00e4ziser Toleranzwerte ausf\u00fchren. Das hei\u00dft, dass Teile unsere Maschinen schneller und pr\u00e4ziser verlassen, so dass weniger Schleifen und Anpassungszeiten w\u00e4hrend der anschlie\u00dfenden Prozesse oder Endmontage erforderlich sind. F\u00fcr auf einer Kinetic-Maschine produzierte Teile ist weniger Au\u00dfeneinsatz erforderlich, um die perfekte Passung und in der Folge schnellere Aufbauzeiten des Schneidprozesses zu erm\u00f6glichen.<\/p>\n\n\n\n<h3 class=\"wp-block-heading\">Minimale Stillstandzeiten<\/h3>\n\n\n\n<p>Jede Maschine ben\u00f6tigt letztendlich Wartungsservice und dank des smarten Designs minimieren unsere Maschinen die Stillstandzeiten f\u00fcr maximale Produktion. Mit modularen Tischleisten, die sich einfach austauschen lassen, einem Span- und Kr\u00e4tze-Extraktionssystem f\u00fcr schnelle Reinigung sowie standardisierten Komponenten, die innerhalb eines Tages weltweit versandt werden k\u00f6nnen, sind die Wartungszeiten bei Kinetic-Maschinen viel geringer \u2013 das hei\u00dft, die Produktionszeit und Produktionsleistung f\u00fcr Ihr Gesch\u00e4ft sind h\u00f6her.<\/p>\n\n\n\n<h3 class=\"wp-block-heading\">Lange Haltbarkeit<\/h3>\n\n\n\n<p>Was die Langzeitleistung betrifft, liegt Kinetic weit vor den Wettbewerbern. In unsere Maschinen sind viele Hochleistungskomponenten eingebaut, um eine lange Nutzungsdauer und maximale Anlagerendite zu gew\u00e4hrleisten. Alle Antriebssysteme, Lager und Linearf\u00fchrungen sind abgedeckt, um sie vor Ablagerungen zu sch\u00fctzen, die K\u00fchlmittel-durch-Spindel-Konstruktion maximiert die Nutzungsdauer der Werkzeugbest\u00fcckung und kritische Komponenten sind f\u00fcr den Schwereinsatz, drei Schichten pro Tag, 365 Tage im Jahr, konstruiert.<\/p>\n\n\n\n<h3 class=\"wp-block-heading\">Freundlicher, reaktionsschneller Kundensupport<\/h3>\n\n\n\n<p>Was die Auswahl einer Maschine anbelangt, so geht es dabei um mehr als nur Technologie. Unser Team steht Ihnen gerne von fr\u00fch bis sp\u00e4t zur Verf\u00fcgung, um Fragen zu beantworten, Probleme zu l\u00f6sen und Ihr Unternehmen zu unterst\u00fctzen. Wir sind davon \u00fcberzeugt, die pers\u00f6nliche Unterst\u00fctzung zu bieten, die Sie bei Gro\u00dfunternehmen nicht vorfinden werden. Wir beantworten das Telefon rund um die Uhr, antworten schnell auf E-Mails und stehen jederzeit mit Support f\u00fcr unsere Maschinen bereit, wenn Sie uns ben\u00f6tigen.<\/p>\n\n\n\n<p><a href=\"\/de\/kontakt\/\">Wenn Sie mehr \u00fcber Kinetic-Plasma- und Laser-Schneidsysteme erfahren m\u00f6chten, kontaktieren Sie uns gerne noch heute<\/a>. Wir freuen uns darauf, mit Ihnen \u00fcber Ihre Anforderungen zu sprechen und Ihrem Unternehmen zu helfen, den Kinetic-Vorteil zu gewinnen.<\/p>\n","protected":false},"excerpt":{"rendered":"<p>Produktivit\u00e4t, Service und Wert Kinetic ist mehr als nur ein Hersteller innovativer Metallzerspanungsmaschinen. Wir unterst\u00fctzen Plattenprozessoren jeder Gr\u00f6\u00dfe dabei, ihre<a class=\"moretag\" href=\"https:\/\/kineticcuttingsystems.eu\/de\/warum-kinetic\/\"> &#8230;continue reading<\/a><\/p>\n","protected":false},"author":2,"featured_media":0,"parent":0,"menu_order":3,"comment_status":"closed","ping_status":"closed","template":"","meta":{"_acf_changed":false,"inline_featured_image":false,"footnotes":""},"class_list":["post-17","page","type-page","status-publish","hentry"],"acf":[],"yoast_head":"<!-- This site is optimized with the Yoast SEO plugin v27.2 - https:\/\/yoast.com\/product\/yoast-seo-wordpress\/ -->\n<title>Warum Kinetic - CNC-Metallschneidsysteme<\/title>\n<meta name=\"robots\" content=\"index, follow, max-snippet:-1, max-image-preview:large, max-video-preview:-1\" \/>\n<link rel=\"canonical\" href=\"https:\/\/kineticcuttingsystems.eu\/de\/warum-kinetic\/\" \/>\n<meta property=\"og:locale\" content=\"en_US\" \/>\n<meta property=\"og:type\" content=\"article\" \/>\n<meta property=\"og:title\" content=\"Warum Kinetic - CNC-Metallschneidsysteme\" \/>\n<meta property=\"og:description\" content=\"Produktivit\u00e4t, Service und Wert Kinetic ist mehr als nur ein Hersteller innovativer Metallzerspanungsmaschinen. Wir unterst\u00fctzen Plattenprozessoren jeder Gr\u00f6\u00dfe dabei, ihre ...continue reading\" \/>\n<meta property=\"og:url\" content=\"https:\/\/kineticcuttingsystems.eu\/de\/warum-kinetic\/\" \/>\n<meta property=\"og:site_name\" content=\"Kinetic CNC-Metallschneidsysteme\" \/>\n<meta property=\"article:modified_time\" content=\"2025-11-13T17:39:29+00:00\" \/>\n<meta property=\"og:image\" content=\"https:\/\/kineticcuttingsystems.eu\/de\/wp-content\/uploads\/sites\/3\/2018\/05\/kinetic-why-1.jpg\" \/>\n\t<meta property=\"og:image:width\" content=\"1000\" \/>\n\t<meta property=\"og:image:height\" content=\"667\" \/>\n\t<meta property=\"og:image:type\" content=\"image\/jpeg\" \/>\n<meta name=\"twitter:card\" content=\"summary_large_image\" \/>\n<meta name=\"twitter:label1\" content=\"Est. reading time\" \/>\n\t<meta name=\"twitter:data1\" content=\"4 minutes\" \/>\n<script type=\"application\/ld+json\" class=\"yoast-schema-graph\">{\"@context\":\"https:\/\/schema.org\",\"@graph\":[{\"@type\":\"WebPage\",\"@id\":\"https:\/\/kineticcuttingsystems.eu\/de\/warum-kinetic\/\",\"url\":\"https:\/\/kineticcuttingsystems.eu\/de\/warum-kinetic\/\",\"name\":\"Warum Kinetic - CNC-Metallschneidsysteme\",\"isPartOf\":{\"@id\":\"https:\/\/kineticcuttingsystems.eu\/de\/#website\"},\"primaryImageOfPage\":{\"@id\":\"https:\/\/kineticcuttingsystems.eu\/de\/warum-kinetic\/#primaryimage\"},\"image\":{\"@id\":\"https:\/\/kineticcuttingsystems.eu\/de\/warum-kinetic\/#primaryimage\"},\"thumbnailUrl\":\"https:\/\/kineticcuttingsystems.eu\/de\/wp-content\/uploads\/sites\/3\/2018\/05\/kinetic-why-1.jpg\",\"datePublished\":\"2018-03-21T02:34:27+00:00\",\"dateModified\":\"2025-11-13T17:39:29+00:00\",\"breadcrumb\":{\"@id\":\"https:\/\/kineticcuttingsystems.eu\/de\/warum-kinetic\/#breadcrumb\"},\"inLanguage\":\"en-US\",\"potentialAction\":[{\"@type\":\"ReadAction\",\"target\":[\"https:\/\/kineticcuttingsystems.eu\/de\/warum-kinetic\/\"]}]},{\"@type\":\"ImageObject\",\"inLanguage\":\"en-US\",\"@id\":\"https:\/\/kineticcuttingsystems.eu\/de\/warum-kinetic\/#primaryimage\",\"url\":\"https:\/\/kineticcuttingsystems.eu\/de\/wp-content\/uploads\/sites\/3\/2018\/05\/kinetic-why-1.jpg\",\"contentUrl\":\"https:\/\/kineticcuttingsystems.eu\/de\/wp-content\/uploads\/sites\/3\/2018\/05\/kinetic-why-1.jpg\"},{\"@type\":\"BreadcrumbList\",\"@id\":\"https:\/\/kineticcuttingsystems.eu\/de\/warum-kinetic\/#breadcrumb\",\"itemListElement\":[{\"@type\":\"ListItem\",\"position\":1,\"name\":\"Home\",\"item\":\"https:\/\/kineticcuttingsystems.eu\/de\/\"},{\"@type\":\"ListItem\",\"position\":2,\"name\":\"Warum Kinetic\"}]},{\"@type\":\"WebSite\",\"@id\":\"https:\/\/kineticcuttingsystems.eu\/de\/#website\",\"url\":\"https:\/\/kineticcuttingsystems.eu\/de\/\",\"name\":\"Kinetic CNC-Metallschneidsysteme\",\"description\":\"\",\"potentialAction\":[{\"@type\":\"SearchAction\",\"target\":{\"@type\":\"EntryPoint\",\"urlTemplate\":\"https:\/\/kineticcuttingsystems.eu\/de\/?s={search_term_string}\"},\"query-input\":{\"@type\":\"PropertyValueSpecification\",\"valueRequired\":true,\"valueName\":\"search_term_string\"}}],\"inLanguage\":\"en-US\"}]}<\/script>\n<!-- \/ Yoast SEO plugin. -->","yoast_head_json":{"title":"Warum Kinetic - CNC-Metallschneidsysteme","robots":{"index":"index","follow":"follow","max-snippet":"max-snippet:-1","max-image-preview":"max-image-preview:large","max-video-preview":"max-video-preview:-1"},"canonical":"https:\/\/kineticcuttingsystems.eu\/de\/warum-kinetic\/","og_locale":"en_US","og_type":"article","og_title":"Warum Kinetic - CNC-Metallschneidsysteme","og_description":"Produktivit\u00e4t, Service und Wert Kinetic ist mehr als nur ein Hersteller innovativer Metallzerspanungsmaschinen. Wir unterst\u00fctzen Plattenprozessoren jeder Gr\u00f6\u00dfe dabei, ihre ...continue reading","og_url":"https:\/\/kineticcuttingsystems.eu\/de\/warum-kinetic\/","og_site_name":"Kinetic CNC-Metallschneidsysteme","article_modified_time":"2025-11-13T17:39:29+00:00","og_image":[{"width":1000,"height":667,"url":"https:\/\/kineticcuttingsystems.eu\/de\/wp-content\/uploads\/sites\/3\/2018\/05\/kinetic-why-1.jpg","type":"image\/jpeg"}],"twitter_card":"summary_large_image","twitter_misc":{"Est. reading time":"4 minutes"},"schema":{"@context":"https:\/\/schema.org","@graph":[{"@type":"WebPage","@id":"https:\/\/kineticcuttingsystems.eu\/de\/warum-kinetic\/","url":"https:\/\/kineticcuttingsystems.eu\/de\/warum-kinetic\/","name":"Warum Kinetic - CNC-Metallschneidsysteme","isPartOf":{"@id":"https:\/\/kineticcuttingsystems.eu\/de\/#website"},"primaryImageOfPage":{"@id":"https:\/\/kineticcuttingsystems.eu\/de\/warum-kinetic\/#primaryimage"},"image":{"@id":"https:\/\/kineticcuttingsystems.eu\/de\/warum-kinetic\/#primaryimage"},"thumbnailUrl":"https:\/\/kineticcuttingsystems.eu\/de\/wp-content\/uploads\/sites\/3\/2018\/05\/kinetic-why-1.jpg","datePublished":"2018-03-21T02:34:27+00:00","dateModified":"2025-11-13T17:39:29+00:00","breadcrumb":{"@id":"https:\/\/kineticcuttingsystems.eu\/de\/warum-kinetic\/#breadcrumb"},"inLanguage":"en-US","potentialAction":[{"@type":"ReadAction","target":["https:\/\/kineticcuttingsystems.eu\/de\/warum-kinetic\/"]}]},{"@type":"ImageObject","inLanguage":"en-US","@id":"https:\/\/kineticcuttingsystems.eu\/de\/warum-kinetic\/#primaryimage","url":"https:\/\/kineticcuttingsystems.eu\/de\/wp-content\/uploads\/sites\/3\/2018\/05\/kinetic-why-1.jpg","contentUrl":"https:\/\/kineticcuttingsystems.eu\/de\/wp-content\/uploads\/sites\/3\/2018\/05\/kinetic-why-1.jpg"},{"@type":"BreadcrumbList","@id":"https:\/\/kineticcuttingsystems.eu\/de\/warum-kinetic\/#breadcrumb","itemListElement":[{"@type":"ListItem","position":1,"name":"Home","item":"https:\/\/kineticcuttingsystems.eu\/de\/"},{"@type":"ListItem","position":2,"name":"Warum Kinetic"}]},{"@type":"WebSite","@id":"https:\/\/kineticcuttingsystems.eu\/de\/#website","url":"https:\/\/kineticcuttingsystems.eu\/de\/","name":"Kinetic CNC-Metallschneidsysteme","description":"","potentialAction":[{"@type":"SearchAction","target":{"@type":"EntryPoint","urlTemplate":"https:\/\/kineticcuttingsystems.eu\/de\/?s={search_term_string}"},"query-input":{"@type":"PropertyValueSpecification","valueRequired":true,"valueName":"search_term_string"}}],"inLanguage":"en-US"}]}},"_links":{"self":[{"href":"https:\/\/kineticcuttingsystems.eu\/de\/wp-json\/wp\/v2\/pages\/17","targetHints":{"allow":["GET"]}}],"collection":[{"href":"https:\/\/kineticcuttingsystems.eu\/de\/wp-json\/wp\/v2\/pages"}],"about":[{"href":"https:\/\/kineticcuttingsystems.eu\/de\/wp-json\/wp\/v2\/types\/page"}],"author":[{"embeddable":true,"href":"https:\/\/kineticcuttingsystems.eu\/de\/wp-json\/wp\/v2\/users\/2"}],"replies":[{"embeddable":true,"href":"https:\/\/kineticcuttingsystems.eu\/de\/wp-json\/wp\/v2\/comments?post=17"}],"version-history":[{"count":4,"href":"https:\/\/kineticcuttingsystems.eu\/de\/wp-json\/wp\/v2\/pages\/17\/revisions"}],"predecessor-version":[{"id":4170,"href":"https:\/\/kineticcuttingsystems.eu\/de\/wp-json\/wp\/v2\/pages\/17\/revisions\/4170"}],"wp:attachment":[{"href":"https:\/\/kineticcuttingsystems.eu\/de\/wp-json\/wp\/v2\/media?parent=17"}],"curies":[{"name":"wp","href":"https:\/\/api.w.org\/{rel}","templated":true}]}}